{"id":3959,"date":"2019-12-24T14:42:47","date_gmt":"2019-12-24T13:42:47","guid":{"rendered":"http:\/\/www.aep.it\/trabaja-con-nosotros\/"},"modified":"2020-01-09T16:16:14","modified_gmt":"2020-01-09T15:16:14","slug":"trabaja-con-nosotros","status":"publish","type":"page","link":"https:\/\/www.aep.it\/es\/trabaja-con-nosotros\/","title":{"rendered":"Trabaja con nosotros"},"content":{"rendered":"<p>[vc_row css=&#8221;.vc_custom_1578582146853{padding-top: 100px !important;padding-bottom: 100px !important;}&#8221;][vc_column][vc_column_text]Los transductores AEP son una compa\u00f1\u00eda exitosa presente en el mercado mundial por m\u00e1s de 40 a\u00f1os.<\/p>\n<p>Las actividades principales incluyen el dise\u00f1o, producci\u00f3n y venta de: sensores, instrumentaci\u00f3n electr\u00f3nica y software de aplicaci\u00f3n, en los m\u00e1s variados campos de aplicaci\u00f3n, desde industriales hasta metrol\u00f3gicos.<\/p>\n<p>Gracias a la presencia de personal proactivo, creativo y flexible, los transductores AEP brindan el m\u00e1s alto nivel de experiencia para obtener productos INNOVADORES que responden a las demandas actuales pero, sobre todo, a las nuevas necesidades dirigidas a un futuro en constante evoluci\u00f3n.<\/p>\n<p>Para el nuevo personal, se prev\u00e9 un plan de inserci\u00f3n y capacitaci\u00f3n luego del apoyo de un tutor.<br \/>\nEsto permite la adquisici\u00f3n de conocimientos inherentes a la organizaci\u00f3n, en los procesos de negocio del sector, ampliando as\u00ed las habilidades presentes en la empresa en funci\u00f3n de los desarrollos y t\u00e9cnicas del mercado.<\/p>\n<p>A quien buscamos:<\/p>\n<p>Siempre estamos interesados \u200b\u200ben ponernos en contacto principalmente con:<\/p>\n<ul>\n<li>Ingenieros electr\u00f3nicos (conocimiento de hardware, software e idioma INGL\u00c9S).<\/li>\n<li>Ingenieros Mec\u00e1nicos (CAD, FEM y conocimiento del idioma INGL\u00c9S).<\/li>\n<li>T\u00e9cnicos en electr\u00f3nica.<\/li>\n<li>T\u00e9cnicos comerciales.<\/li>\n<li>Gerentes de producci\u00f3n.<\/li>\n<li>Gerente de calidad.<\/li>\n<li>T\u00e9cnicos para fortalecer el Laboratorio ACCREDIA.<\/li>\n<\/ul>\n<p>A qui\u00e9n contactar:<\/p>\n<p>Si est\u00e1 interesado en proponer su solicitud, puede enviarnos su curriculum vitae a las siguientes direcciones:<\/p>\n<p>Correo electr\u00f3nico: l.antonella@aep.it<\/p>\n<p>Fax: 059 2929783<\/p>\n<p>ATENCI\u00d3N: el plan de estudios debe contener la autorizaci\u00f3n para procesar datos personales de conformidad con el Decreto Legislativo 196\/2003[\/vc_column_text][\/vc_column][\/vc_row]<\/p>\n","protected":false},"excerpt":{"rendered":"<p>[vc_row css=&#8221;.vc_custom_1578582146853{padding-top: 100px !important;padding-bottom: 100px !important;}&#8221;][vc_column][vc_column_text]Los transductores AEP son una compa\u00f1\u00eda exitosa presente en el mercado mundial por m\u00e1s de 40 a\u00f1os. Las actividades principales incluyen el dise\u00f1o, producci\u00f3n y venta de: sensores, instrumentaci\u00f3n electr\u00f3nica y software de aplicaci\u00f3n, en los m\u00e1s variados campos de aplicaci\u00f3n, desde industriales hasta metrol\u00f3gicos. Gracias a la presencia de [&hellip;]<\/p>\n","protected":false},"author":1,"featured_media":0,"parent":0,"menu_order":0,"comment_status":"closed","ping_status":"closed","template":"","meta":{"footnotes":""},"class_list":["post-3959","page","type-page","status-publish","hentry"],"yoast_head":"<!-- This site is optimized with the Yoast SEO plugin v27.2 - https:\/\/yoast.com\/product\/yoast-seo-wordpress\/ -->\n<title>Trabaja con nosotros | AEP transducers<\/title>\n<meta name=\"robots\" content=\"index, follow, max-snippet:-1, max-image-preview:large, max-video-preview:-1\" \/>\n<link rel=\"canonical\" href=\"https:\/\/www.aep.it\/es\/trabaja-con-nosotros\/\" \/>\n<meta property=\"og:locale\" content=\"es_ES\" \/>\n<meta property=\"og:type\" content=\"article\" \/>\n<meta property=\"og:title\" content=\"Trabaja con nosotros | AEP transducers\" \/>\n<meta property=\"og:description\" content=\"[vc_row css=&#8221;.vc_custom_1578582146853{padding-top: 100px !important;padding-bottom: 100px !important;}&#8221;][vc_column][vc_column_text]Los transductores AEP son una compa\u00f1\u00eda exitosa presente en el mercado mundial por m\u00e1s de 40 a\u00f1os. Las actividades principales incluyen el dise\u00f1o, producci\u00f3n y venta de: sensores, instrumentaci\u00f3n electr\u00f3nica y software de aplicaci\u00f3n, en los m\u00e1s variados campos de aplicaci\u00f3n, desde industriales hasta metrol\u00f3gicos. Gracias a la presencia de [&hellip;]\" \/>\n<meta property=\"og:url\" content=\"https:\/\/www.aep.it\/es\/trabaja-con-nosotros\/\" \/>\n<meta property=\"og:site_name\" content=\"AEP transducers\" \/>\n<meta property=\"article:publisher\" content=\"https:\/\/www.facebook.com\/AEP-transducers-212611005540305\" \/>\n<meta property=\"article:modified_time\" content=\"2020-01-09T15:16:14+00:00\" \/>\n<meta name=\"twitter:card\" content=\"summary_large_image\" \/>\n<meta name=\"twitter:label1\" content=\"Tiempo de lectura\" \/>\n\t<meta name=\"twitter:data1\" content=\"1 minuto\" \/>\n<script type=\"application\/ld+json\" class=\"yoast-schema-graph\">{\"@context\":\"https:\/\/schema.org\",\"@graph\":[{\"@type\":\"WebPage\",\"@id\":\"https:\/\/www.aep.it\/es\/trabaja-con-nosotros\/\",\"url\":\"https:\/\/www.aep.it\/es\/trabaja-con-nosotros\/\",\"name\":\"Trabaja con nosotros | AEP transducers\",\"isPartOf\":{\"@id\":\"https:\/\/www.aep.it\/es\/#website\"},\"datePublished\":\"2019-12-24T13:42:47+00:00\",\"dateModified\":\"2020-01-09T15:16:14+00:00\",\"breadcrumb\":{\"@id\":\"https:\/\/www.aep.it\/es\/trabaja-con-nosotros\/#breadcrumb\"},\"inLanguage\":\"es\",\"potentialAction\":[{\"@type\":\"ReadAction\",\"target\":[\"https:\/\/www.aep.it\/es\/trabaja-con-nosotros\/\"]}]},{\"@type\":\"BreadcrumbList\",\"@id\":\"https:\/\/www.aep.it\/es\/trabaja-con-nosotros\/#breadcrumb\",\"itemListElement\":[{\"@type\":\"ListItem\",\"position\":1,\"name\":\"Home\",\"item\":\"https:\/\/www.aep.it\/es\/\"},{\"@type\":\"ListItem\",\"position\":2,\"name\":\"Trabaja con nosotros\"}]},{\"@type\":\"WebSite\",\"@id\":\"https:\/\/www.aep.it\/es\/#website\",\"url\":\"https:\/\/www.aep.it\/es\/\",\"name\":\"AEP transducers\",\"description\":\"\",\"publisher\":{\"@id\":\"https:\/\/www.aep.it\/es\/#organization\"},\"potentialAction\":[{\"@type\":\"SearchAction\",\"target\":{\"@type\":\"EntryPoint\",\"urlTemplate\":\"https:\/\/www.aep.it\/es\/?s={search_term_string}\"},\"query-input\":{\"@type\":\"PropertyValueSpecification\",\"valueRequired\":true,\"valueName\":\"search_term_string\"}}],\"inLanguage\":\"es\"},{\"@type\":\"Organization\",\"@id\":\"https:\/\/www.aep.it\/es\/#organization\",\"name\":\"AEP Transducers\",\"url\":\"https:\/\/www.aep.it\/es\/\",\"logo\":{\"@type\":\"ImageObject\",\"inLanguage\":\"es\",\"@id\":\"https:\/\/www.aep.it\/es\/#\/schema\/logo\/image\/\",\"url\":\"https:\/\/www.aep.it\/wp-content\/uploads\/2020\/03\/logo-vettoriale-def.png\",\"contentUrl\":\"https:\/\/www.aep.it\/wp-content\/uploads\/2020\/03\/logo-vettoriale-def.png\",\"width\":2000,\"height\":284,\"caption\":\"AEP Transducers\"},\"image\":{\"@id\":\"https:\/\/www.aep.it\/es\/#\/schema\/logo\/image\/\"},\"sameAs\":[\"https:\/\/www.facebook.com\/AEP-transducers-212611005540305\"]}]}<\/script>\n<!-- \/ Yoast SEO plugin. -->","yoast_head_json":{"title":"Trabaja con nosotros | AEP transducers","robots":{"index":"index","follow":"follow","max-snippet":"max-snippet:-1","max-image-preview":"max-image-preview:large","max-video-preview":"max-video-preview:-1"},"canonical":"https:\/\/www.aep.it\/es\/trabaja-con-nosotros\/","og_locale":"es_ES","og_type":"article","og_title":"Trabaja con nosotros | AEP transducers","og_description":"[vc_row css=&#8221;.vc_custom_1578582146853{padding-top: 100px !important;padding-bottom: 100px !important;}&#8221;][vc_column][vc_column_text]Los transductores AEP son una compa\u00f1\u00eda exitosa presente en el mercado mundial por m\u00e1s de 40 a\u00f1os. Las actividades principales incluyen el dise\u00f1o, producci\u00f3n y venta de: sensores, instrumentaci\u00f3n electr\u00f3nica y software de aplicaci\u00f3n, en los m\u00e1s variados campos de aplicaci\u00f3n, desde industriales hasta metrol\u00f3gicos. Gracias a la presencia de [&hellip;]","og_url":"https:\/\/www.aep.it\/es\/trabaja-con-nosotros\/","og_site_name":"AEP transducers","article_publisher":"https:\/\/www.facebook.com\/AEP-transducers-212611005540305","article_modified_time":"2020-01-09T15:16:14+00:00","twitter_card":"summary_large_image","twitter_misc":{"Tiempo de lectura":"1 minuto"},"schema":{"@context":"https:\/\/schema.org","@graph":[{"@type":"WebPage","@id":"https:\/\/www.aep.it\/es\/trabaja-con-nosotros\/","url":"https:\/\/www.aep.it\/es\/trabaja-con-nosotros\/","name":"Trabaja con nosotros | AEP transducers","isPartOf":{"@id":"https:\/\/www.aep.it\/es\/#website"},"datePublished":"2019-12-24T13:42:47+00:00","dateModified":"2020-01-09T15:16:14+00:00","breadcrumb":{"@id":"https:\/\/www.aep.it\/es\/trabaja-con-nosotros\/#breadcrumb"},"inLanguage":"es","potentialAction":[{"@type":"ReadAction","target":["https:\/\/www.aep.it\/es\/trabaja-con-nosotros\/"]}]},{"@type":"BreadcrumbList","@id":"https:\/\/www.aep.it\/es\/trabaja-con-nosotros\/#breadcrumb","itemListElement":[{"@type":"ListItem","position":1,"name":"Home","item":"https:\/\/www.aep.it\/es\/"},{"@type":"ListItem","position":2,"name":"Trabaja con nosotros"}]},{"@type":"WebSite","@id":"https:\/\/www.aep.it\/es\/#website","url":"https:\/\/www.aep.it\/es\/","name":"AEP transducers","description":"","publisher":{"@id":"https:\/\/www.aep.it\/es\/#organization"},"potentialAction":[{"@type":"SearchAction","target":{"@type":"EntryPoint","urlTemplate":"https:\/\/www.aep.it\/es\/?s={search_term_string}"},"query-input":{"@type":"PropertyValueSpecification","valueRequired":true,"valueName":"search_term_string"}}],"inLanguage":"es"},{"@type":"Organization","@id":"https:\/\/www.aep.it\/es\/#organization","name":"AEP Transducers","url":"https:\/\/www.aep.it\/es\/","logo":{"@type":"ImageObject","inLanguage":"es","@id":"https:\/\/www.aep.it\/es\/#\/schema\/logo\/image\/","url":"https:\/\/www.aep.it\/wp-content\/uploads\/2020\/03\/logo-vettoriale-def.png","contentUrl":"https:\/\/www.aep.it\/wp-content\/uploads\/2020\/03\/logo-vettoriale-def.png","width":2000,"height":284,"caption":"AEP Transducers"},"image":{"@id":"https:\/\/www.aep.it\/es\/#\/schema\/logo\/image\/"},"sameAs":["https:\/\/www.facebook.com\/AEP-transducers-212611005540305"]}]}},"_links":{"self":[{"href":"https:\/\/www.aep.it\/es\/wp-json\/wp\/v2\/pages\/3959","targetHints":{"allow":["GET"]}}],"collection":[{"href":"https:\/\/www.aep.it\/es\/wp-json\/wp\/v2\/pages"}],"about":[{"href":"https:\/\/www.aep.it\/es\/wp-json\/wp\/v2\/types\/page"}],"author":[{"embeddable":true,"href":"https:\/\/www.aep.it\/es\/wp-json\/wp\/v2\/users\/1"}],"replies":[{"embeddable":true,"href":"https:\/\/www.aep.it\/es\/wp-json\/wp\/v2\/comments?post=3959"}],"version-history":[{"count":0,"href":"https:\/\/www.aep.it\/es\/wp-json\/wp\/v2\/pages\/3959\/revisions"}],"wp:attachment":[{"href":"https:\/\/www.aep.it\/es\/wp-json\/wp\/v2\/media?parent=3959"}],"curies":[{"name":"wp","href":"https:\/\/api.w.org\/{rel}","templated":true}]}}