{"id":4071,"date":"2020-01-09T16:48:56","date_gmt":"2020-01-09T15:48:56","guid":{"rendered":"http:\/\/www.aep.it\/condiciones\/"},"modified":"2020-01-09T16:49:34","modified_gmt":"2020-01-09T15:49:34","slug":"condiciones","status":"publish","type":"page","link":"https:\/\/www.aep.it\/es\/condiciones\/","title":{"rendered":"Condiciones"},"content":{"rendered":"<p>[vc_row css=&#8221;.vc_custom_1578583471205{padding-top: 100px !important;padding-bottom: 100px !important;}&#8221;][vc_column][vc_column_text]<\/p>\n<div>\n<p><strong>T\u00c9RMINOS GENERALES DE VENTA, INFORMACI\u00d3N Y NOTAS<\/strong><\/p>\n<ol>\n<li style=\"margin-bottom: 20px;\"><strong>PEDIDOS :<\/strong><br \/>\n1.1 El env\u00edo de un pedido por parte del Cliente implica el cumplimiento y la aceptaci\u00f3n de todas las Condiciones Generales de Venta que se detallan a continuaci\u00f3n.<\/li>\n<li style=\"margin-bottom: 20px;\"><strong>TIEMPO DE ENTREGA:<\/strong><br \/>\n2.1 El d\u00eda en que se env\u00edan los productos o se anuncian como listos para el env\u00edo se considera el d\u00eda de entrega. Se permiten env\u00edos parciales.<br \/>\n2.2 Es nuestro principio hacer todo lo posible para mantener los t\u00e9rminos de env\u00edo prometidos: sin embargo, esto no constituye un compromiso absoluto de nuestra parte con respecto a la fecha de entrega, y cualquier retraso no dar\u00e1 derecho al Cliente a cancelar o reducir el pedido o a cualquier acci\u00f3n o compensaci\u00f3n por da\u00f1os y perjuicios.<\/li>\n<li style=\"margin-bottom: 20px;\"><strong>ENV\u00cdO :<\/strong><br \/>\n3.1 Los productos siempre viajan a riesgo y riesgo del Cliente, incluso si se venden de f\u00e1brica y nuestra Compa\u00f1\u00eda no es responsable de los da\u00f1os ocurridos durante el transporte. Cualquier solicitud de cobertura de seguro se le cobra al cliente.<br \/>\n3.2 En caso de retiro del material por parte del Cliente o cualquier persona directamente de nuestro almac\u00e9n, se le exige que verifique las cantidades y los pesos, tal como se indica en los documentos de entrega (D.D.T. o la factura adjunta). No se aceptan quejas despu\u00e9s de 8 (ocho) d\u00edas a partir de la fecha de recepci\u00f3n de la mercanc\u00eda.<\/li>\n<li style=\"margin-bottom: 20px;\"><strong>GARANT\u00cdA :<\/strong><br \/>\n4.1 La garant\u00eda corre a partir de la fecha de compra. El per\u00edodo de garant\u00eda es de acuerdo con la ley. La garant\u00eda caduca en caso de: manipulaci\u00f3n de cualquier naturaleza; uso incorrecto o, en cualquier caso, no cumple con las especificaciones proporcionadas por AEP; ilegibilidad de la etiqueta con el n\u00famero de serie (o n\u00famero de lote) donde est\u00e9 presente; producto no identificable como proveniente de AEP. AEP no asume responsabilidad por da\u00f1os a cosas y \/ o personas posiblemente causadas por el producto si no se usa adecuadamente. No hay intervenciones y \/ o reparaciones en el sitio.<br \/>\n4.2 Nuestro compromiso de garantizar el correcto funcionamiento del equipo suministrado, prev\u00e9 la reparaci\u00f3n o el reemplazo gratuito, en el menor tiempo posible, de aquellas piezas que deber\u00edan fallar debido a defectos de construcci\u00f3n o defectos de material durante el per\u00edodo de garant\u00eda, con el impl\u00edcito inadmisibilidad de cualquier reclamo por da\u00f1os u otros gastos. Las reparaciones bajo garant\u00eda o no se realizan exclusivamente en nuestro laboratorio.<br \/>\n4.3 Todos los costos de transporte de regreso, relacionados con el material a reparar, siempre se cargan al Cliente.<\/li>\n<li style=\"margin-bottom: 20px;\"><strong>urisdicci\u00f3n :<\/strong><br \/>\n5.1 El Tribunal de M\u00f3dena es competente para cualquier controversia o disputa legal.<\/li>\n<li style=\"margin-bottom: 20px;\"><strong>Validez :<\/strong><br \/>\n6.1 La oferta es v\u00e1lida por 90 d\u00edas a partir de la fecha de emisi\u00f3n.<\/li>\n<li style=\"margin-bottom: 20px;\"><strong>PRIVACIDAD :<\/strong><br \/>\n7.1 De conformidad con la ley n. 196\/2003 sobre la protecci\u00f3n de la privacidad, le informamos que, en base a las relaciones comerciales establecidas, tenemos los datos personales y fiscales estrictamente necesarios para todas las obligaciones legales. En cumplimiento de la legislaci\u00f3n vigente, estos datos pueden divulgarse a: sujetos externos que realizan tareas espec\u00edficas en nombre de la empresa (contadores, bufetes de abogados &#8230;), instituciones de cr\u00e9dito para la gesti\u00f3n financiera de los contratos celebrados, Administraciones p\u00fablicas para cumplir con las obligaciones legislativas actual.<\/li>\n<\/ol>\n<\/div>\n<p>[\/vc_column_text][vc_column_text]<a href=\"http:\/\/www.aep.it\/wp-content\/uploads\/2020\/01\/conditions.pdf\">Condiciones<\/a>[\/vc_column_text][\/vc_column][\/vc_row]<\/p>\n","protected":false},"excerpt":{"rendered":"<p>[vc_row css=&#8221;.vc_custom_1578583471205{padding-top: 100px !important;padding-bottom: 100px !important;}&#8221;][vc_column][vc_column_text] T\u00c9RMINOS GENERALES DE VENTA, INFORMACI\u00d3N Y NOTAS PEDIDOS : 1.1 El env\u00edo de un pedido por parte del Cliente implica el cumplimiento y la aceptaci\u00f3n de todas las Condiciones Generales de Venta que se detallan a continuaci\u00f3n. TIEMPO DE ENTREGA: 2.1 El d\u00eda en que se env\u00edan los productos [&hellip;]<\/p>\n","protected":false},"author":1,"featured_media":0,"parent":0,"menu_order":0,"comment_status":"closed","ping_status":"closed","template":"","meta":{"footnotes":""},"class_list":["post-4071","page","type-page","status-publish","hentry"],"yoast_head":"<!-- This site is optimized with the Yoast SEO plugin v27.2 - https:\/\/yoast.com\/product\/yoast-seo-wordpress\/ -->\n<title>Condiciones | AEP transducers<\/title>\n<meta name=\"robots\" content=\"index, follow, max-snippet:-1, max-image-preview:large, max-video-preview:-1\" \/>\n<link rel=\"canonical\" href=\"https:\/\/www.aep.it\/es\/condiciones\/\" \/>\n<meta property=\"og:locale\" content=\"es_ES\" \/>\n<meta property=\"og:type\" content=\"article\" \/>\n<meta property=\"og:title\" content=\"Condiciones | AEP transducers\" \/>\n<meta property=\"og:description\" content=\"[vc_row css=&#8221;.vc_custom_1578583471205{padding-top: 100px !important;padding-bottom: 100px !important;}&#8221;][vc_column][vc_column_text] T\u00c9RMINOS GENERALES DE VENTA, INFORMACI\u00d3N Y NOTAS PEDIDOS : 1.1 El env\u00edo de un pedido por parte del Cliente implica el cumplimiento y la aceptaci\u00f3n de todas las Condiciones Generales de Venta que se detallan a continuaci\u00f3n. TIEMPO DE ENTREGA: 2.1 El d\u00eda en que se env\u00edan los productos [&hellip;]\" \/>\n<meta property=\"og:url\" content=\"https:\/\/www.aep.it\/es\/condiciones\/\" \/>\n<meta property=\"og:site_name\" content=\"AEP transducers\" \/>\n<meta property=\"article:publisher\" content=\"https:\/\/www.facebook.com\/AEP-transducers-212611005540305\" \/>\n<meta property=\"article:modified_time\" content=\"2020-01-09T15:49:34+00:00\" \/>\n<meta name=\"twitter:card\" content=\"summary_large_image\" \/>\n<meta name=\"twitter:label1\" content=\"Tiempo de lectura\" \/>\n\t<meta name=\"twitter:data1\" content=\"3 minutos\" \/>\n<script type=\"application\/ld+json\" class=\"yoast-schema-graph\">{\"@context\":\"https:\/\/schema.org\",\"@graph\":[{\"@type\":\"WebPage\",\"@id\":\"https:\/\/www.aep.it\/es\/condiciones\/\",\"url\":\"https:\/\/www.aep.it\/es\/condiciones\/\",\"name\":\"Condiciones | AEP transducers\",\"isPartOf\":{\"@id\":\"https:\/\/www.aep.it\/es\/#website\"},\"datePublished\":\"2020-01-09T15:48:56+00:00\",\"dateModified\":\"2020-01-09T15:49:34+00:00\",\"breadcrumb\":{\"@id\":\"https:\/\/www.aep.it\/es\/condiciones\/#breadcrumb\"},\"inLanguage\":\"es\",\"potentialAction\":[{\"@type\":\"ReadAction\",\"target\":[\"https:\/\/www.aep.it\/es\/condiciones\/\"]}]},{\"@type\":\"BreadcrumbList\",\"@id\":\"https:\/\/www.aep.it\/es\/condiciones\/#breadcrumb\",\"itemListElement\":[{\"@type\":\"ListItem\",\"position\":1,\"name\":\"Home\",\"item\":\"https:\/\/www.aep.it\/es\/\"},{\"@type\":\"ListItem\",\"position\":2,\"name\":\"Condiciones\"}]},{\"@type\":\"WebSite\",\"@id\":\"https:\/\/www.aep.it\/es\/#website\",\"url\":\"https:\/\/www.aep.it\/es\/\",\"name\":\"AEP transducers\",\"description\":\"\",\"publisher\":{\"@id\":\"https:\/\/www.aep.it\/es\/#organization\"},\"potentialAction\":[{\"@type\":\"SearchAction\",\"target\":{\"@type\":\"EntryPoint\",\"urlTemplate\":\"https:\/\/www.aep.it\/es\/?s={search_term_string}\"},\"query-input\":{\"@type\":\"PropertyValueSpecification\",\"valueRequired\":true,\"valueName\":\"search_term_string\"}}],\"inLanguage\":\"es\"},{\"@type\":\"Organization\",\"@id\":\"https:\/\/www.aep.it\/es\/#organization\",\"name\":\"AEP Transducers\",\"url\":\"https:\/\/www.aep.it\/es\/\",\"logo\":{\"@type\":\"ImageObject\",\"inLanguage\":\"es\",\"@id\":\"https:\/\/www.aep.it\/es\/#\/schema\/logo\/image\/\",\"url\":\"https:\/\/www.aep.it\/wp-content\/uploads\/2020\/03\/logo-vettoriale-def.png\",\"contentUrl\":\"https:\/\/www.aep.it\/wp-content\/uploads\/2020\/03\/logo-vettoriale-def.png\",\"width\":2000,\"height\":284,\"caption\":\"AEP Transducers\"},\"image\":{\"@id\":\"https:\/\/www.aep.it\/es\/#\/schema\/logo\/image\/\"},\"sameAs\":[\"https:\/\/www.facebook.com\/AEP-transducers-212611005540305\"]}]}<\/script>\n<!-- \/ Yoast SEO plugin. -->","yoast_head_json":{"title":"Condiciones | AEP transducers","robots":{"index":"index","follow":"follow","max-snippet":"max-snippet:-1","max-image-preview":"max-image-preview:large","max-video-preview":"max-video-preview:-1"},"canonical":"https:\/\/www.aep.it\/es\/condiciones\/","og_locale":"es_ES","og_type":"article","og_title":"Condiciones | AEP transducers","og_description":"[vc_row css=&#8221;.vc_custom_1578583471205{padding-top: 100px !important;padding-bottom: 100px !important;}&#8221;][vc_column][vc_column_text] T\u00c9RMINOS GENERALES DE VENTA, INFORMACI\u00d3N Y NOTAS PEDIDOS : 1.1 El env\u00edo de un pedido por parte del Cliente implica el cumplimiento y la aceptaci\u00f3n de todas las Condiciones Generales de Venta que se detallan a continuaci\u00f3n. TIEMPO DE ENTREGA: 2.1 El d\u00eda en que se env\u00edan los productos [&hellip;]","og_url":"https:\/\/www.aep.it\/es\/condiciones\/","og_site_name":"AEP transducers","article_publisher":"https:\/\/www.facebook.com\/AEP-transducers-212611005540305","article_modified_time":"2020-01-09T15:49:34+00:00","twitter_card":"summary_large_image","twitter_misc":{"Tiempo de lectura":"3 minutos"},"schema":{"@context":"https:\/\/schema.org","@graph":[{"@type":"WebPage","@id":"https:\/\/www.aep.it\/es\/condiciones\/","url":"https:\/\/www.aep.it\/es\/condiciones\/","name":"Condiciones | AEP transducers","isPartOf":{"@id":"https:\/\/www.aep.it\/es\/#website"},"datePublished":"2020-01-09T15:48:56+00:00","dateModified":"2020-01-09T15:49:34+00:00","breadcrumb":{"@id":"https:\/\/www.aep.it\/es\/condiciones\/#breadcrumb"},"inLanguage":"es","potentialAction":[{"@type":"ReadAction","target":["https:\/\/www.aep.it\/es\/condiciones\/"]}]},{"@type":"BreadcrumbList","@id":"https:\/\/www.aep.it\/es\/condiciones\/#breadcrumb","itemListElement":[{"@type":"ListItem","position":1,"name":"Home","item":"https:\/\/www.aep.it\/es\/"},{"@type":"ListItem","position":2,"name":"Condiciones"}]},{"@type":"WebSite","@id":"https:\/\/www.aep.it\/es\/#website","url":"https:\/\/www.aep.it\/es\/","name":"AEP transducers","description":"","publisher":{"@id":"https:\/\/www.aep.it\/es\/#organization"},"potentialAction":[{"@type":"SearchAction","target":{"@type":"EntryPoint","urlTemplate":"https:\/\/www.aep.it\/es\/?s={search_term_string}"},"query-input":{"@type":"PropertyValueSpecification","valueRequired":true,"valueName":"search_term_string"}}],"inLanguage":"es"},{"@type":"Organization","@id":"https:\/\/www.aep.it\/es\/#organization","name":"AEP Transducers","url":"https:\/\/www.aep.it\/es\/","logo":{"@type":"ImageObject","inLanguage":"es","@id":"https:\/\/www.aep.it\/es\/#\/schema\/logo\/image\/","url":"https:\/\/www.aep.it\/wp-content\/uploads\/2020\/03\/logo-vettoriale-def.png","contentUrl":"https:\/\/www.aep.it\/wp-content\/uploads\/2020\/03\/logo-vettoriale-def.png","width":2000,"height":284,"caption":"AEP Transducers"},"image":{"@id":"https:\/\/www.aep.it\/es\/#\/schema\/logo\/image\/"},"sameAs":["https:\/\/www.facebook.com\/AEP-transducers-212611005540305"]}]}},"_links":{"self":[{"href":"https:\/\/www.aep.it\/es\/wp-json\/wp\/v2\/pages\/4071","targetHints":{"allow":["GET"]}}],"collection":[{"href":"https:\/\/www.aep.it\/es\/wp-json\/wp\/v2\/pages"}],"about":[{"href":"https:\/\/www.aep.it\/es\/wp-json\/wp\/v2\/types\/page"}],"author":[{"embeddable":true,"href":"https:\/\/www.aep.it\/es\/wp-json\/wp\/v2\/users\/1"}],"replies":[{"embeddable":true,"href":"https:\/\/www.aep.it\/es\/wp-json\/wp\/v2\/comments?post=4071"}],"version-history":[{"count":0,"href":"https:\/\/www.aep.it\/es\/wp-json\/wp\/v2\/pages\/4071\/revisions"}],"wp:attachment":[{"href":"https:\/\/www.aep.it\/es\/wp-json\/wp\/v2\/media?parent=4071"}],"curies":[{"name":"wp","href":"https:\/\/api.w.org\/{rel}","templated":true}]}}