{"id":4139,"date":"2020-01-10T15:26:44","date_gmt":"2020-01-10T14:26:44","guid":{"rendered":"http:\/\/www.aep.it\/calidad-certificada\/"},"modified":"2025-09-22T14:58:45","modified_gmt":"2025-09-22T12:58:45","slug":"calidad-certificada","status":"publish","type":"page","link":"https:\/\/www.aep.it\/es\/calidad-certificada\/","title":{"rendered":"Calidad Certificada"},"content":{"rendered":"<p>[vc_row full_width=&#8221;stretch_row_content_no_spaces&#8221; disable_element=&#8221;yes&#8221; css=&#8221;.vc_custom_1583492660139{padding-top: 50px !important;padding-bottom: 50px !important;background-color: #ffd918 !important;}&#8221;][vc_column][vc_row_inner equal_height=&#8221;yes&#8221; content_placement=&#8221;middle&#8221; el_class=&#8221;container-1200&#8243;][vc_column_inner width=&#8221;1\/3&#8243; css=&#8221;.vc_custom_1575457297028{border-right-width: 1px !important;border-right-color: #000000 !important;border-right-style: solid !important;}&#8221;][vc_column_text]<\/p>\n<h3 class=\"margbt44\">CALIDAD<\/h3>\n<p>[\/vc_column_text][\/vc_column_inner][vc_column_inner width=&#8221;2\/3&#8243;][vc_column_text css=&#8221;.vc_custom_1580922095170{padding-left: 15px !important;}&#8221;]Desde principios de los 90, la compa\u00f1\u00eda ha sentido la necesidad de cumplir con las regulaciones internacionales y operar bajo un r\u00e9gimen de Calidad; Este factor de impulso empuj\u00f3 la direcci\u00f3n a:<\/p>\n<p>\u2013 Acreditar su laboratorio en 1996 como centro SIT n \u00b0 93.<\/p>\n<p>\u2013 Desde 2010 contin\u00faa su actividad como laboratorio de calibraci\u00f3n acreditado por ACCREDIA (LAT N \u00b0 093).<\/p>\n<p>\u2013 En 2000 certificamos el Sistema de Calidad de la empresa seg\u00fan EN ISO 9001.<\/p>\n<p>\u2013 En 2006, certifique el sistema de calidad del proceso de producci\u00f3n ATEX para uso en \u00e1reas peligrosas.[\/vc_column_text][\/vc_column_inner][\/vc_row_inner][\/vc_column][\/vc_row][vc_row full_width=&#8221;stretch_row_content_no_spaces&#8221; css=&#8221;.vc_custom_1585842750113{padding-top: 50px !important;padding-bottom: 50px !important;}&#8221;][vc_column][vc_row_inner equal_height=&#8221;yes&#8221; content_placement=&#8221;middle&#8221; el_class=&#8221;container-1600&#8243;][vc_column_inner el_class=&#8221;box-giallo-con-effetto&#8221; width=&#8221;1\/2&#8243; css=&#8221;.vc_custom_1585842978686{padding-right: 15px !important;padding-left: 15px !important;}&#8221;][vc_column_text]<\/p>\n<h3 class=\"margbt44\" style=\"text-align: center;\"><\/h3>\n<p>[\/vc_column_text][vc_column_text el_class=&#8221;text-justify&#8221;]<\/p>\n<div class=\"font-size-bigger\">\n<p>Desde principios de los 90, la compa\u00f1\u00eda ha sentido la necesidad de cumplir con las regulaciones internacionales y operar bajo un r\u00e9gimen de Calidad; Este factor de impulso empuj\u00f3 la direcci\u00f3n a:<\/p>\n<p>\u2013 Acreditar su laboratorio en 1996 como centro SIT n \u00b0 93.<\/p>\n<p>\u2013 Desde 2010 contin\u00faa su actividad como laboratorio de calibraci\u00f3n acreditado por ACCREDIA (00120).<\/p>\n<p>\u2013 En 2000 certificamos el Sistema de Calidad de la empresa seg\u00fan EN ISO 9001.<\/p>\n<p>\u2013 En 2006, certifique el sistema de calidad del proceso de producci\u00f3n ATEX para uso en \u00e1reas peligrosas.<\/p>\n<\/div>\n<p>[\/vc_column_text][\/vc_column_inner][vc_column_inner width=&#8221;1\/2&#8243; css=&#8221;.vc_custom_1585813316916{padding-right: 15px !important;padding-left: 15px !important;}&#8221;][vc_single_image image=&#8221;8534&#8243; img_size=&#8221;full&#8221; alignment=&#8221;center&#8221; style=&#8221;vc_box_shadow&#8221; css_animation=&#8221;slideInRight&#8221; el_class=&#8221;max-600px&#8221;][\/vc_column_inner][\/vc_row_inner][\/vc_column][\/vc_row][vc_row equal_height=&#8221;yes&#8221; content_placement=&#8221;middle&#8221; css=&#8221;.vc_custom_1578664916750{padding-top: 100px !important;padding-bottom: 100px !important;}&#8221;][vc_column width=&#8221;1\/3&#8243; css=&#8221;.vc_custom_1575390490097{border-right-width: 1px !important;border-right-color: #000000 !important;border-right-style: solid !important;}&#8221;][vc_single_image image=&#8221;1950&#8243; img_size=&#8221;full&#8221; alignment=&#8221;center&#8221;][vc_column_text]<\/p>\n<h4 class=\"margbt44\" style=\"text-align: center;\"><a href=\"https:\/\/www.aep.it\/wp-content\/uploads\/2024\/03\/ISO_9001_r4.pdf\" target=\"_blank\" rel=\"noopener noreferrer\">CERTIFICADO<\/a><\/h4>\n<p>[\/vc_column_text][\/vc_column][vc_column width=&#8221;2\/3&#8243;][vc_column_text css=&#8221;.vc_custom_1578664224633{padding-left: 25px !important;}&#8221;]El\u00a0<strong>Sistema de Calidad de la Empresa<\/strong>\u00a0es certificado desde el 6 de noviembre 2000 por parte del\u00a0organismo de certificaci\u00f3n\u00a0Dasa-R\u00e4gister S.p.A\u00a0seg\u00fan el esquema\u00a0normativo\u00a0\u00a0<strong>EN ISO 9001<\/strong>; las\u00a0\u00e1reas interesadas son el proyecto, \u00a0la producci\u00f3n, la\u00a0venta y el soporte t\u00e9cnico.<\/p>\n<p>La certificaci\u00f3n se refiere a todos los productos\u00a0aqu\u00ed enumerados:<\/p>\n<ul>\n<li>C\u00e9lulas de carga.<\/li>\n<li>Transductores de fuerza.<\/li>\n<li>Dinam\u00f3metros.<\/li>\n<li>Transductores de par.<\/li>\n<li>Transductores y transmisor de\u00a0presi\u00f3n.<\/li>\n<li>Man\u00f3metros digitales.<\/li>\n<li>Transductores de desplazamiento.<\/li>\n<li>Instrumentaci\u00f3n\u00a0electr\u00f3nica a\u00a0cat\u00e1logo.<\/li>\n<li>Custom.<\/li>\n<\/ul>\n<p>[\/vc_column_text][\/vc_column][\/vc_row][vc_row full_width=&#8221;stretch_row_content_no_spaces&#8221; css=&#8221;.vc_custom_1579881147315{padding-top: 50px !important;padding-bottom: 50px !important;background-color: rgba(255,255,255,0.68) !important;*background-color: rgb(255,255,255) !important;}&#8221;][vc_column][vc_row_inner equal_height=&#8221;yes&#8221; content_placement=&#8221;middle&#8221; el_class=&#8221;container-1200&#8243;][vc_column_inner width=&#8221;1\/3&#8243; css=&#8221;.vc_custom_1578664910505{border-right-width: 1px !important;border-right-color: #000000 !important;border-right-style: solid !important;}&#8221;][vc_single_image image=&#8221;9739&#8243; img_size=&#8221;full&#8221; alignment=&#8221;center&#8221; css=&#8221;.vc_custom_1758545872723{padding-right: 15px !important;padding-left: 15px !important;}&#8221;][vc_column_text]<\/p>\n<h4 class=\"margbt44\" style=\"text-align: center;\"><a href=\"https:\/\/www.aep.it\/wp-content\/uploads\/2025\/09\/00120LATrev020ALL_DT.pdf\" target=\"_blank\" rel=\"noopener noreferrer\">CERTIFICADO<\/a><\/h4>\n<p>[\/vc_column_text][vc_column_text]<\/p>\n<h4 class=\"margbt44\" style=\"text-align: center;\"><a href=\"https:\/\/www.aep.it\/wp-content\/uploads\/2025\/09\/2028-093_CERT_DT-IT.pdf\" target=\"_blank\" rel=\"noopener noreferrer\">TABLA DE ACREDITACI\u00d3N<\/a><\/h4>\n<p>[\/vc_column_text][\/vc_column_inner][vc_column_inner width=&#8221;2\/3&#8243;][vc_column_text css=&#8221;.vc_custom_1758545919990{padding-left: 25px !important;}&#8221;]El\u00a0<strong>Sistema de Calidad de la Empresa<\/strong>\u00a0es accreditado desde el 10 de\u00a0noviembre\u00a0\u00a01996 por el\u00a0SIT Servizio di Taratura in Italia\u00a0seg\u00fan el esquema\u00a0normativo\u00a0\u00a0<strong>UNI CEI EN ISO\/IEC 17025<\/strong>\u00a0(2005) y a los\u00a0requisitos del\u00a0SIT.<br \/>\nDesde 2010 sigue la propia actividad como Laboratorio de\u00a0calibraci\u00f3n acreditado por\u00a0<strong>ACCREDIA<\/strong> (00120).<\/p>\n<p>La acreditaci\u00f3n se refiere a:<\/p>\n<ul>\n<li>Fuerza.<\/li>\n<li>Presi\u00f3n.<\/li>\n<li>Par de torsi\u00f3n.<\/li>\n<\/ul>\n<p>[\/vc_column_text][\/vc_column_inner][\/vc_row_inner][\/vc_column][\/vc_row][vc_row equal_height=&#8221;yes&#8221; content_placement=&#8221;middle&#8221; css=&#8221;.vc_custom_1578664916750{padding-top: 100px !important;padding-bottom: 100px !important;}&#8221;][vc_column width=&#8221;1\/3&#8243; css=&#8221;.vc_custom_1575390490097{border-right-width: 1px !important;border-right-color: #000000 !important;border-right-style: solid !important;}&#8221;][vc_single_image image=&#8221;1953&#8243; img_size=&#8221;full&#8221; alignment=&#8221;center&#8221;][vc_column_text]<\/p>\n<h4 style=\"text-align: center;\"><a href=\"https:\/\/www.aep.it\/wp-content\/uploads\/2024\/03\/Cert_ATEX_R1.pdf\">CERTIFICADO<\/a><\/h4>\n<p>[\/vc_column_text][\/vc_column][vc_column width=&#8221;2\/3&#8243;][vc_column_text css=&#8221;.vc_custom_1578666158290{padding-left: 25px !important;}&#8221;]El\u00a0<strong>Sistema de Calidad de la Empresa<\/strong>\u00a0es certificado desde el 15 de septiembre\u00a02006 por parte del\u00a0organismo notificado\u00a0T\u00dcV NORD\u00a0seg\u00fan el esquema\u00a0normativo\u00a0\u00a0<strong>CEI\u00a0UNI EN ISO\/IEC 80079-34<\/strong>\u00a0(2011),\u00a0espec\u00edfico para los\u00a0<strong>Sistemas de Calidad de la Empresa\u00a0<\/strong>que producen productos certificados\u00a0<strong>ATEX<\/strong>.<\/p>\n<p>Esta\u00a0certificaci\u00f3n se acerca a la del producto conseguida para las\u00a0siguientes familias:<\/p>\n<ul>\n<li>C\u00e9lulas de carga.<\/li>\n<li>Transductores de fuerza.<\/li>\n<\/ul>\n<p>Especificadas en detalle en el certificado.[\/vc_column_text][\/vc_column][\/vc_row][vc_row equal_height=&#8221;yes&#8221; content_placement=&#8221;middle&#8221; css=&#8221;.vc_custom_1578664916750{padding-top: 100px !important;padding-bottom: 100px !important;}&#8221;][vc_column width=&#8221;1\/3&#8243; css=&#8221;.vc_custom_1575390490097{border-right-width: 1px !important;border-right-color: #000000 !important;border-right-style: solid !important;}&#8221;][vc_single_image image=&#8221;8885&#8243; img_size=&#8221;full&#8221; alignment=&#8221;center&#8221;][vc_column_text]<\/p>\n<h4 style=\"text-align: center;\"><a href=\"https:\/\/www.aep.it\/wp-content\/uploads\/2020\/07\/Certificate-EAC.pdf\">CERTIFICADO<\/a><\/h4>\n<p>[\/vc_column_text][\/vc_column][vc_column width=&#8221;2\/3&#8243;][vc_column_text css=&#8221;.vc_custom_1596039298790{padding-left: 25px !important;}&#8221;]<img decoding=\"async\" class=\"alignnone size-medium wp-image-8142\" src=\"https:\/\/www.aep.it\/wp-content\/uploads\/2020\/03\/new-03-300x72.png\" alt=\"\" width=\"300\" height=\"72\" srcset=\"https:\/\/www.aep.it\/wp-content\/uploads\/2020\/03\/new-03-300x72.png 300w, https:\/\/www.aep.it\/wp-content\/uploads\/2020\/03\/new-03.png 500w\" sizes=\"(max-width: 300px) 100vw, 300px\" \/><br \/>\nLa marca de conformidad de la <strong>EAC<\/strong> permite que los productos se exporten a los cinco pa\u00edses de la Uni\u00f3n Econ\u00f3mica Euroasi\u00e1tica (UEE), que son los siguientes<\/p>\n<p>Rusia<br \/>\nBielorrusia<br \/>\nKazajst\u00e1n<br \/>\nArmenia<br \/>\nKirguist\u00e1n<\/p>\n<p>La marca <strong>EAC<\/strong>, cuando est\u00e1 presente junto al c\u00f3digo del producto, certifica que los productos han sido sometidos a los requisitos de las Directivas TR CU aplicables.[\/vc_column_text][\/vc_column][\/vc_row][vc_row equal_height=&#8221;yes&#8221; content_placement=&#8221;middle&#8221; css=&#8221;.vc_custom_1578664916750{padding-top: 100px !important;padding-bottom: 100px !important;}&#8221;][vc_column width=&#8221;1\/3&#8243; css=&#8221;.vc_custom_1575390490097{border-right-width: 1px !important;border-right-color: #000000 !important;border-right-style: solid !important;}&#8221;][vc_single_image image=&#8221;9295&#8243; img_size=&#8221;medium&#8221; alignment=&#8221;center&#8221;][vc_column_text]<\/p>\n<h4 style=\"text-align: center;\"><a href=\"https:\/\/www.aep.it\/wp-content\/uploads\/2021\/04\/Certificato-MOCA.pdf\">CERTIFICADO<\/a><\/h4>\n<p>[\/vc_column_text][\/vc_column][vc_column width=&#8221;2\/3&#8243;][vc_column_text css=&#8221;.vc_custom_1618589377824{padding-left: 25px !important;}&#8221;]<img decoding=\"async\" class=\"alignnone size-medium wp-image-8142\" src=\"https:\/\/www.aep.it\/wp-content\/uploads\/2020\/03\/new-03-300x72.png\" alt=\"\" width=\"300\" height=\"72\" srcset=\"https:\/\/www.aep.it\/wp-content\/uploads\/2020\/03\/new-03-300x72.png 300w, https:\/\/www.aep.it\/wp-content\/uploads\/2020\/03\/new-03.png 500w\" sizes=\"(max-width: 300px) 100vw, 300px\" \/><\/p>\n<p><strong>MOCA<\/strong> son las siglas de &#8220;materiales y objetos en contacto con alimentos&#8221;.<\/p>\n<p>El logotipo demuestra que el material del que est\u00e1 compuesto el producto no libera sustancias nocivas, por lo que puede entrar en contacto con alimentos destinados al consumo humano.<\/p>\n<p>Las pruebas realizadas en el Laboratorio garantizan el cumplimiento de las siguientes normas:<\/p>\n<ul>\n<li>Reglamento (CE) n\u00ba 1935\/2004 del Parlamento Europeo y del Consejo, de 27 de octubre de 2004, sobre los materiales y objetos destinados a entrar en contacto con productos alimenticios;<\/li>\n<li>Decreto ministerial de 21 de marzo de 1973 relativo a la reglamentaci\u00f3n higi\u00e9nica de los envases, recipientes y utensilios destinados a entrar en contacto con productos alimenticios o sustancias de uso personal;<\/li>\n<li>Reglamento (CE) n\u00ba 2023\/2006 de la Comisi\u00f3n, de 22 de diciembre de 2006, sobre buenas pr\u00e1cticas de fabricaci\u00f3n de materiales y objetos destinados a entrar en contacto con productos alimenticios.<\/li>\n<\/ul>\n<p>[\/vc_column_text][\/vc_column][\/vc_row]<\/p>\n","protected":false},"excerpt":{"rendered":"<p>[vc_row full_width=&#8221;stretch_row_content_no_spaces&#8221; disable_element=&#8221;yes&#8221; css=&#8221;.vc_custom_1583492660139{padding-top: 50px !important;padding-bottom: 50px !important;background-color: #ffd918 !important;}&#8221;][vc_column][vc_row_inner equal_height=&#8221;yes&#8221; content_placement=&#8221;middle&#8221; el_class=&#8221;container-1200&#8243;][vc_column_inner width=&#8221;1\/3&#8243; css=&#8221;.vc_custom_1575457297028{border-right-width: 1px !important;border-right-color: #000000 !important;border-right-style: solid !important;}&#8221;][vc_column_text] CALIDAD [\/vc_column_text][\/vc_column_inner][vc_column_inner width=&#8221;2\/3&#8243;][vc_column_text css=&#8221;.vc_custom_1580922095170{padding-left: 15px !important;}&#8221;]Desde principios de los 90, la compa\u00f1\u00eda ha sentido la necesidad de cumplir con las regulaciones internacionales y operar bajo un r\u00e9gimen de Calidad; Este factor de impulso empuj\u00f3 [&hellip;]<\/p>\n","protected":false},"author":1,"featured_media":0,"parent":0,"menu_order":0,"comment_status":"closed","ping_status":"closed","template":"","meta":{"footnotes":""},"class_list":["post-4139","page","type-page","status-publish","hentry"],"yoast_head":"<!-- This site is optimized with the Yoast SEO plugin v27.2 - https:\/\/yoast.com\/product\/yoast-seo-wordpress\/ -->\n<title>Calidad Certificada | AEP transducers<\/title>\n<meta name=\"robots\" content=\"index, follow, max-snippet:-1, max-image-preview:large, max-video-preview:-1\" \/>\n<link rel=\"canonical\" href=\"https:\/\/www.aep.it\/es\/calidad-certificada\/\" \/>\n<meta property=\"og:locale\" content=\"es_ES\" \/>\n<meta property=\"og:type\" content=\"article\" \/>\n<meta property=\"og:title\" content=\"Calidad Certificada | AEP transducers\" \/>\n<meta property=\"og:description\" content=\"[vc_row full_width=&#8221;stretch_row_content_no_spaces&#8221; disable_element=&#8221;yes&#8221; css=&#8221;.vc_custom_1583492660139{padding-top: 50px !important;padding-bottom: 50px !important;background-color: #ffd918 !important;}&#8221;][vc_column][vc_row_inner equal_height=&#8221;yes&#8221; content_placement=&#8221;middle&#8221; el_class=&#8221;container-1200&#8243;][vc_column_inner width=&#8221;1\/3&#8243; css=&#8221;.vc_custom_1575457297028{border-right-width: 1px !important;border-right-color: #000000 !important;border-right-style: solid !important;}&#8221;][vc_column_text] CALIDAD [\/vc_column_text][\/vc_column_inner][vc_column_inner width=&#8221;2\/3&#8243;][vc_column_text css=&#8221;.vc_custom_1580922095170{padding-left: 15px !important;}&#8221;]Desde principios de los 90, la compa\u00f1\u00eda ha sentido la necesidad de cumplir con las regulaciones internacionales y operar bajo un r\u00e9gimen de Calidad; Este factor de impulso empuj\u00f3 [&hellip;]\" \/>\n<meta property=\"og:url\" content=\"https:\/\/www.aep.it\/es\/calidad-certificada\/\" \/>\n<meta property=\"og:site_name\" content=\"AEP transducers\" \/>\n<meta property=\"article:publisher\" content=\"https:\/\/www.facebook.com\/AEP-transducers-212611005540305\" \/>\n<meta property=\"article:modified_time\" content=\"2025-09-22T12:58:45+00:00\" \/>\n<meta property=\"og:image\" content=\"https:\/\/www.aep.it\/wp-content\/uploads\/2020\/03\/new-03-300x72.png\" \/>\n<meta name=\"twitter:card\" content=\"summary_large_image\" \/>\n<meta name=\"twitter:label1\" content=\"Tiempo de lectura\" \/>\n\t<meta name=\"twitter:data1\" content=\"5 minutos\" \/>\n<script type=\"application\/ld+json\" class=\"yoast-schema-graph\">{\"@context\":\"https:\/\/schema.org\",\"@graph\":[{\"@type\":\"WebPage\",\"@id\":\"https:\/\/www.aep.it\/es\/calidad-certificada\/\",\"url\":\"https:\/\/www.aep.it\/es\/calidad-certificada\/\",\"name\":\"Calidad Certificada | AEP transducers\",\"isPartOf\":{\"@id\":\"https:\/\/www.aep.it\/es\/#website\"},\"primaryImageOfPage\":{\"@id\":\"https:\/\/www.aep.it\/es\/calidad-certificada\/#primaryimage\"},\"image\":{\"@id\":\"https:\/\/www.aep.it\/es\/calidad-certificada\/#primaryimage\"},\"thumbnailUrl\":\"https:\/\/www.aep.it\/wp-content\/uploads\/2020\/03\/new-03-300x72.png\",\"datePublished\":\"2020-01-10T14:26:44+00:00\",\"dateModified\":\"2025-09-22T12:58:45+00:00\",\"breadcrumb\":{\"@id\":\"https:\/\/www.aep.it\/es\/calidad-certificada\/#breadcrumb\"},\"inLanguage\":\"es\",\"potentialAction\":[{\"@type\":\"ReadAction\",\"target\":[\"https:\/\/www.aep.it\/es\/calidad-certificada\/\"]}]},{\"@type\":\"ImageObject\",\"inLanguage\":\"es\",\"@id\":\"https:\/\/www.aep.it\/es\/calidad-certificada\/#primaryimage\",\"url\":\"https:\/\/www.aep.it\/wp-content\/uploads\/2020\/03\/new-03-300x72.png\",\"contentUrl\":\"https:\/\/www.aep.it\/wp-content\/uploads\/2020\/03\/new-03-300x72.png\"},{\"@type\":\"BreadcrumbList\",\"@id\":\"https:\/\/www.aep.it\/es\/calidad-certificada\/#breadcrumb\",\"itemListElement\":[{\"@type\":\"ListItem\",\"position\":1,\"name\":\"Home\",\"item\":\"https:\/\/www.aep.it\/es\/\"},{\"@type\":\"ListItem\",\"position\":2,\"name\":\"Calidad Certificada\"}]},{\"@type\":\"WebSite\",\"@id\":\"https:\/\/www.aep.it\/es\/#website\",\"url\":\"https:\/\/www.aep.it\/es\/\",\"name\":\"AEP transducers\",\"description\":\"\",\"publisher\":{\"@id\":\"https:\/\/www.aep.it\/es\/#organization\"},\"potentialAction\":[{\"@type\":\"SearchAction\",\"target\":{\"@type\":\"EntryPoint\",\"urlTemplate\":\"https:\/\/www.aep.it\/es\/?s={search_term_string}\"},\"query-input\":{\"@type\":\"PropertyValueSpecification\",\"valueRequired\":true,\"valueName\":\"search_term_string\"}}],\"inLanguage\":\"es\"},{\"@type\":\"Organization\",\"@id\":\"https:\/\/www.aep.it\/es\/#organization\",\"name\":\"AEP Transducers\",\"url\":\"https:\/\/www.aep.it\/es\/\",\"logo\":{\"@type\":\"ImageObject\",\"inLanguage\":\"es\",\"@id\":\"https:\/\/www.aep.it\/es\/#\/schema\/logo\/image\/\",\"url\":\"https:\/\/www.aep.it\/wp-content\/uploads\/2020\/03\/logo-vettoriale-def.png\",\"contentUrl\":\"https:\/\/www.aep.it\/wp-content\/uploads\/2020\/03\/logo-vettoriale-def.png\",\"width\":2000,\"height\":284,\"caption\":\"AEP Transducers\"},\"image\":{\"@id\":\"https:\/\/www.aep.it\/es\/#\/schema\/logo\/image\/\"},\"sameAs\":[\"https:\/\/www.facebook.com\/AEP-transducers-212611005540305\"]}]}<\/script>\n<!-- \/ Yoast SEO plugin. -->","yoast_head_json":{"title":"Calidad Certificada | AEP transducers","robots":{"index":"index","follow":"follow","max-snippet":"max-snippet:-1","max-image-preview":"max-image-preview:large","max-video-preview":"max-video-preview:-1"},"canonical":"https:\/\/www.aep.it\/es\/calidad-certificada\/","og_locale":"es_ES","og_type":"article","og_title":"Calidad Certificada | AEP transducers","og_description":"[vc_row full_width=&#8221;stretch_row_content_no_spaces&#8221; disable_element=&#8221;yes&#8221; css=&#8221;.vc_custom_1583492660139{padding-top: 50px !important;padding-bottom: 50px !important;background-color: #ffd918 !important;}&#8221;][vc_column][vc_row_inner equal_height=&#8221;yes&#8221; content_placement=&#8221;middle&#8221; el_class=&#8221;container-1200&#8243;][vc_column_inner width=&#8221;1\/3&#8243; css=&#8221;.vc_custom_1575457297028{border-right-width: 1px !important;border-right-color: #000000 !important;border-right-style: solid !important;}&#8221;][vc_column_text] CALIDAD [\/vc_column_text][\/vc_column_inner][vc_column_inner width=&#8221;2\/3&#8243;][vc_column_text css=&#8221;.vc_custom_1580922095170{padding-left: 15px !important;}&#8221;]Desde principios de los 90, la compa\u00f1\u00eda ha sentido la necesidad de cumplir con las regulaciones internacionales y operar bajo un r\u00e9gimen de Calidad; Este factor de impulso empuj\u00f3 [&hellip;]","og_url":"https:\/\/www.aep.it\/es\/calidad-certificada\/","og_site_name":"AEP transducers","article_publisher":"https:\/\/www.facebook.com\/AEP-transducers-212611005540305","article_modified_time":"2025-09-22T12:58:45+00:00","og_image":[{"url":"https:\/\/www.aep.it\/wp-content\/uploads\/2020\/03\/new-03-300x72.png","type":"","width":"","height":""}],"twitter_card":"summary_large_image","twitter_misc":{"Tiempo de lectura":"5 minutos"},"schema":{"@context":"https:\/\/schema.org","@graph":[{"@type":"WebPage","@id":"https:\/\/www.aep.it\/es\/calidad-certificada\/","url":"https:\/\/www.aep.it\/es\/calidad-certificada\/","name":"Calidad Certificada | AEP transducers","isPartOf":{"@id":"https:\/\/www.aep.it\/es\/#website"},"primaryImageOfPage":{"@id":"https:\/\/www.aep.it\/es\/calidad-certificada\/#primaryimage"},"image":{"@id":"https:\/\/www.aep.it\/es\/calidad-certificada\/#primaryimage"},"thumbnailUrl":"https:\/\/www.aep.it\/wp-content\/uploads\/2020\/03\/new-03-300x72.png","datePublished":"2020-01-10T14:26:44+00:00","dateModified":"2025-09-22T12:58:45+00:00","breadcrumb":{"@id":"https:\/\/www.aep.it\/es\/calidad-certificada\/#breadcrumb"},"inLanguage":"es","potentialAction":[{"@type":"ReadAction","target":["https:\/\/www.aep.it\/es\/calidad-certificada\/"]}]},{"@type":"ImageObject","inLanguage":"es","@id":"https:\/\/www.aep.it\/es\/calidad-certificada\/#primaryimage","url":"https:\/\/www.aep.it\/wp-content\/uploads\/2020\/03\/new-03-300x72.png","contentUrl":"https:\/\/www.aep.it\/wp-content\/uploads\/2020\/03\/new-03-300x72.png"},{"@type":"BreadcrumbList","@id":"https:\/\/www.aep.it\/es\/calidad-certificada\/#breadcrumb","itemListElement":[{"@type":"ListItem","position":1,"name":"Home","item":"https:\/\/www.aep.it\/es\/"},{"@type":"ListItem","position":2,"name":"Calidad Certificada"}]},{"@type":"WebSite","@id":"https:\/\/www.aep.it\/es\/#website","url":"https:\/\/www.aep.it\/es\/","name":"AEP transducers","description":"","publisher":{"@id":"https:\/\/www.aep.it\/es\/#organization"},"potentialAction":[{"@type":"SearchAction","target":{"@type":"EntryPoint","urlTemplate":"https:\/\/www.aep.it\/es\/?s={search_term_string}"},"query-input":{"@type":"PropertyValueSpecification","valueRequired":true,"valueName":"search_term_string"}}],"inLanguage":"es"},{"@type":"Organization","@id":"https:\/\/www.aep.it\/es\/#organization","name":"AEP Transducers","url":"https:\/\/www.aep.it\/es\/","logo":{"@type":"ImageObject","inLanguage":"es","@id":"https:\/\/www.aep.it\/es\/#\/schema\/logo\/image\/","url":"https:\/\/www.aep.it\/wp-content\/uploads\/2020\/03\/logo-vettoriale-def.png","contentUrl":"https:\/\/www.aep.it\/wp-content\/uploads\/2020\/03\/logo-vettoriale-def.png","width":2000,"height":284,"caption":"AEP Transducers"},"image":{"@id":"https:\/\/www.aep.it\/es\/#\/schema\/logo\/image\/"},"sameAs":["https:\/\/www.facebook.com\/AEP-transducers-212611005540305"]}]}},"_links":{"self":[{"href":"https:\/\/www.aep.it\/es\/wp-json\/wp\/v2\/pages\/4139","targetHints":{"allow":["GET"]}}],"collection":[{"href":"https:\/\/www.aep.it\/es\/wp-json\/wp\/v2\/pages"}],"about":[{"href":"https:\/\/www.aep.it\/es\/wp-json\/wp\/v2\/types\/page"}],"author":[{"embeddable":true,"href":"https:\/\/www.aep.it\/es\/wp-json\/wp\/v2\/users\/1"}],"replies":[{"embeddable":true,"href":"https:\/\/www.aep.it\/es\/wp-json\/wp\/v2\/comments?post=4139"}],"version-history":[{"count":6,"href":"https:\/\/www.aep.it\/es\/wp-json\/wp\/v2\/pages\/4139\/revisions"}],"predecessor-version":[{"id":9752,"href":"https:\/\/www.aep.it\/es\/wp-json\/wp\/v2\/pages\/4139\/revisions\/9752"}],"wp:attachment":[{"href":"https:\/\/www.aep.it\/es\/wp-json\/wp\/v2\/media?parent=4139"}],"curies":[{"name":"wp","href":"https:\/\/api.w.org\/{rel}","templated":true}]}}