{"id":8530,"date":"2020-04-16T17:48:32","date_gmt":"2020-04-16T15:48:32","guid":{"rendered":"http:\/\/www.aep.it\/privacy-policy\/"},"modified":"2020-04-16T17:48:32","modified_gmt":"2020-04-16T15:48:32","slug":"privacy-policy","status":"publish","type":"page","link":"https:\/\/www.aep.it\/es\/privacy-policy\/","title":{"rendered":"Privacy Policy"},"content":{"rendered":"<p>[vc_row css=&#8221;.vc_custom_1587051211273{padding-top: 50px !important;padding-bottom: 50px !important;}&#8221;][vc_column][vc_column_text]<\/p>\n<h3>Ver el documento de privacidad completo<\/h3>\n<div>Durante su funcionamiento normal, los sistemas de TI y los procedimientos de software utilizados para operar el sitio adquieren algunos datos (la denominada navegaci\u00f3n) cuya transmisi\u00f3n est\u00e1 impl\u00edcita en el uso de protocolos de comunicaci\u00f3n de Internet.<br \/>\nEsta es informaci\u00f3n que, aunque no puede asociarse con certeza con los sujetos identificados, por su propia naturaleza podr\u00eda permitir la identificaci\u00f3n de los usuarios.<br \/>\nEsta categor\u00eda de datos incluye las direcciones IP o nombres de dominio de las computadoras utilizadas por los usuarios que se conectan al sitio, con los registrantes relativos, las direcciones en notaci\u00f3n URI (Identificador Uniforme de Recursos) de los recursos solicitados, el momento de la solicitud, el m\u00e9todo utilizado para enviar la solicitud al servidor, el tama\u00f1o del archivo obtenido en respuesta, el c\u00f3digo num\u00e9rico que indica el estado de la respuesta dada por el servidor (por ejemplo, \u00e9xito, error, etc.) y otros par\u00e1metros relacionados con el sistema operativo y el entorno computadora de usuario.<br \/>\nLas cookies se pueden usar en el sitio, tanto de sesi\u00f3n (que no se almacenan en la computadora del usuario y desaparecen cuando se cierra el navegador) como persistentes, para la transmisi\u00f3n de informaci\u00f3n personal, o en cualquier caso de sistemas para rastrear el usuarios.<\/div>\n<p>[\/vc_column_text][vc_column_text]<\/p>\n<h4>INFORMACI\u00d3N PARA CLIENTES \/ PROVEEDORES SOBRE LA PROTECCI\u00d3N DE DATOS PERSONALES SEG\u00daN EL ART. D.LGS.30 \/ 06\/2003, N.196 <\/h4>\n<div>En cumplimiento de las disposiciones de conformidad con el Art\u00edculo 13 del Decreto Legislativo del 30 de junio de 2003, AEP transducers Srl con sede en M\u00f3dena, Via Bottego, 33 \/ A, en su calidad de propietario, informa a los clientes y proveedores sobre cu\u00e1les son los prop\u00f3sitos y m\u00e9todos de procesamiento de los datos personales recopilados, su alcance de comunicaci\u00f3n y difusi\u00f3n, as\u00ed como su naturaleza y su provisi\u00f3n.<br \/>\nLos datos objeto del tratamiento, recopilados por clientes y proveedores, se procesan y utilizan, directamente para cumplir con los prop\u00f3sitos instrumentales para el cumplimiento de la actividad comercial, tales como: gesti\u00f3n de clientes \/ proveedores, almacenamiento, facturaci\u00f3n, procesamiento, en pleno cumplimiento del principio de correcci\u00f3n y de las disposiciones legales.<br \/>\nEl procesamiento de datos se realiza a trav\u00e9s de procedimientos de TI o soporte en papel por sujetos internos espec\u00edficamente designados.<br \/>\nLos datos se almacenan en archivos en papel y electr\u00f3nicos y se aseguran las medidas m\u00ednimas de seguridad previstas por el legislador.<br \/>\nLos datos personales, contables y fiscales no se divulgar\u00e1n, vender\u00e1n ni intercambiar\u00e1n con terceros, a excepci\u00f3n de cualquier comunicaci\u00f3n a terceros para el desempe\u00f1o de actividades funcionales para la empresa, tales como administraci\u00f3n, contabilidad e impuestos.<br \/>\nEn este caso, el uso por parte de terceros se realizar\u00e1 de conformidad con el principio de correcci\u00f3n y las disposiciones legales.<br \/>\nEl cliente \/ proveedor puede hacer valer sus derechos tal como se expresan en los art\u00edculos. 7,8,9 y 10 del Decreto Legislativo N.196 \/ 2003, contactando al controlador de datos.<br \/>\nEn particular, el cliente \/ proveedor tiene derecho a obtener o no la confirmaci\u00f3n de la existencia de sus datos personales y ponerlos a disposici\u00f3n de forma inteligible, actualizaci\u00f3n, rectificaci\u00f3n o integraci\u00f3n de datos, cancelaci\u00f3n o bloqueo de datos procesados \u200b\u200ben violaci\u00f3n de la ley.<br \/>\nLas solicitudes deben enviarse a la siguiente direcci\u00f3n: AEP transducers Srl Via Bottego, 33 \/ A 41126 Cognento Modena.<br \/>\nDe conformidad con el art\u00edculo 24 del Decreto Legislativo n. \u00b0 196\/2003, el consentimiento para el procesamiento de los datos antes mencionados no es necesario ya que se recopilan para cumplir una obligaci\u00f3n legal o para la ejecuci\u00f3n de las obligaciones derivadas del contrato.<\/div>\n<p>[\/vc_column_text][vc_column_text]<a href=\"http:\/\/www.aep.it\/wp-content\/uploads\/2020\/04\/privacy.pdf\">Ver el documento de privacidad completo<\/a>[\/vc_column_text][\/vc_column][\/vc_row]<\/p>\n","protected":false},"excerpt":{"rendered":"<p>[vc_row css=&#8221;.vc_custom_1587051211273{padding-top: 50px !important;padding-bottom: 50px !important;}&#8221;][vc_column][vc_column_text] Ver el documento de privacidad completo Durante su funcionamiento normal, los sistemas de TI y los procedimientos de software utilizados para operar el sitio adquieren algunos datos (la denominada navegaci\u00f3n) cuya transmisi\u00f3n est\u00e1 impl\u00edcita en el uso de protocolos de comunicaci\u00f3n de Internet. Esta es informaci\u00f3n que, aunque no [&hellip;]<\/p>\n","protected":false},"author":1,"featured_media":0,"parent":0,"menu_order":0,"comment_status":"closed","ping_status":"closed","template":"","meta":{"footnotes":""},"class_list":["post-8530","page","type-page","status-publish","hentry"],"yoast_head":"<!-- This site is optimized with the Yoast SEO plugin v27.2 - https:\/\/yoast.com\/product\/yoast-seo-wordpress\/ -->\n<title>Privacy Policy | AEP transducers<\/title>\n<meta name=\"robots\" content=\"index, follow, max-snippet:-1, max-image-preview:large, max-video-preview:-1\" \/>\n<link rel=\"canonical\" href=\"https:\/\/www.aep.it\/es\/privacy-policy\/\" \/>\n<meta property=\"og:locale\" content=\"es_ES\" \/>\n<meta property=\"og:type\" content=\"article\" \/>\n<meta property=\"og:title\" content=\"Privacy Policy | AEP transducers\" \/>\n<meta property=\"og:description\" content=\"[vc_row css=&#8221;.vc_custom_1587051211273{padding-top: 50px !important;padding-bottom: 50px !important;}&#8221;][vc_column][vc_column_text] Ver el documento de privacidad completo Durante su funcionamiento normal, los sistemas de TI y los procedimientos de software utilizados para operar el sitio adquieren algunos datos (la denominada navegaci\u00f3n) cuya transmisi\u00f3n est\u00e1 impl\u00edcita en el uso de protocolos de comunicaci\u00f3n de Internet. Esta es informaci\u00f3n que, aunque no [&hellip;]\" \/>\n<meta property=\"og:url\" content=\"https:\/\/www.aep.it\/es\/privacy-policy\/\" \/>\n<meta property=\"og:site_name\" content=\"AEP transducers\" \/>\n<meta property=\"article:publisher\" content=\"https:\/\/www.facebook.com\/AEP-transducers-212611005540305\" \/>\n<meta name=\"twitter:card\" content=\"summary_large_image\" \/>\n<meta name=\"twitter:label1\" content=\"Tiempo de lectura\" \/>\n\t<meta name=\"twitter:data1\" content=\"3 minutos\" \/>\n<script type=\"application\/ld+json\" class=\"yoast-schema-graph\">{\"@context\":\"https:\/\/schema.org\",\"@graph\":[{\"@type\":\"WebPage\",\"@id\":\"https:\/\/www.aep.it\/es\/privacy-policy\/\",\"url\":\"https:\/\/www.aep.it\/es\/privacy-policy\/\",\"name\":\"Privacy Policy | AEP transducers\",\"isPartOf\":{\"@id\":\"https:\/\/www.aep.it\/es\/#website\"},\"datePublished\":\"2020-04-16T15:48:32+00:00\",\"breadcrumb\":{\"@id\":\"https:\/\/www.aep.it\/es\/privacy-policy\/#breadcrumb\"},\"inLanguage\":\"es\",\"potentialAction\":[{\"@type\":\"ReadAction\",\"target\":[\"https:\/\/www.aep.it\/es\/privacy-policy\/\"]}]},{\"@type\":\"BreadcrumbList\",\"@id\":\"https:\/\/www.aep.it\/es\/privacy-policy\/#breadcrumb\",\"itemListElement\":[{\"@type\":\"ListItem\",\"position\":1,\"name\":\"Home\",\"item\":\"https:\/\/www.aep.it\/es\/\"},{\"@type\":\"ListItem\",\"position\":2,\"name\":\"Privacy Policy\"}]},{\"@type\":\"WebSite\",\"@id\":\"https:\/\/www.aep.it\/es\/#website\",\"url\":\"https:\/\/www.aep.it\/es\/\",\"name\":\"AEP transducers\",\"description\":\"\",\"publisher\":{\"@id\":\"https:\/\/www.aep.it\/es\/#organization\"},\"potentialAction\":[{\"@type\":\"SearchAction\",\"target\":{\"@type\":\"EntryPoint\",\"urlTemplate\":\"https:\/\/www.aep.it\/es\/?s={search_term_string}\"},\"query-input\":{\"@type\":\"PropertyValueSpecification\",\"valueRequired\":true,\"valueName\":\"search_term_string\"}}],\"inLanguage\":\"es\"},{\"@type\":\"Organization\",\"@id\":\"https:\/\/www.aep.it\/es\/#organization\",\"name\":\"AEP Transducers\",\"url\":\"https:\/\/www.aep.it\/es\/\",\"logo\":{\"@type\":\"ImageObject\",\"inLanguage\":\"es\",\"@id\":\"https:\/\/www.aep.it\/es\/#\/schema\/logo\/image\/\",\"url\":\"https:\/\/www.aep.it\/wp-content\/uploads\/2020\/03\/logo-vettoriale-def.png\",\"contentUrl\":\"https:\/\/www.aep.it\/wp-content\/uploads\/2020\/03\/logo-vettoriale-def.png\",\"width\":2000,\"height\":284,\"caption\":\"AEP Transducers\"},\"image\":{\"@id\":\"https:\/\/www.aep.it\/es\/#\/schema\/logo\/image\/\"},\"sameAs\":[\"https:\/\/www.facebook.com\/AEP-transducers-212611005540305\"]}]}<\/script>\n<!-- \/ Yoast SEO plugin. -->","yoast_head_json":{"title":"Privacy Policy | AEP transducers","robots":{"index":"index","follow":"follow","max-snippet":"max-snippet:-1","max-image-preview":"max-image-preview:large","max-video-preview":"max-video-preview:-1"},"canonical":"https:\/\/www.aep.it\/es\/privacy-policy\/","og_locale":"es_ES","og_type":"article","og_title":"Privacy Policy | AEP transducers","og_description":"[vc_row css=&#8221;.vc_custom_1587051211273{padding-top: 50px !important;padding-bottom: 50px !important;}&#8221;][vc_column][vc_column_text] Ver el documento de privacidad completo Durante su funcionamiento normal, los sistemas de TI y los procedimientos de software utilizados para operar el sitio adquieren algunos datos (la denominada navegaci\u00f3n) cuya transmisi\u00f3n est\u00e1 impl\u00edcita en el uso de protocolos de comunicaci\u00f3n de Internet. Esta es informaci\u00f3n que, aunque no [&hellip;]","og_url":"https:\/\/www.aep.it\/es\/privacy-policy\/","og_site_name":"AEP transducers","article_publisher":"https:\/\/www.facebook.com\/AEP-transducers-212611005540305","twitter_card":"summary_large_image","twitter_misc":{"Tiempo de lectura":"3 minutos"},"schema":{"@context":"https:\/\/schema.org","@graph":[{"@type":"WebPage","@id":"https:\/\/www.aep.it\/es\/privacy-policy\/","url":"https:\/\/www.aep.it\/es\/privacy-policy\/","name":"Privacy Policy | AEP transducers","isPartOf":{"@id":"https:\/\/www.aep.it\/es\/#website"},"datePublished":"2020-04-16T15:48:32+00:00","breadcrumb":{"@id":"https:\/\/www.aep.it\/es\/privacy-policy\/#breadcrumb"},"inLanguage":"es","potentialAction":[{"@type":"ReadAction","target":["https:\/\/www.aep.it\/es\/privacy-policy\/"]}]},{"@type":"BreadcrumbList","@id":"https:\/\/www.aep.it\/es\/privacy-policy\/#breadcrumb","itemListElement":[{"@type":"ListItem","position":1,"name":"Home","item":"https:\/\/www.aep.it\/es\/"},{"@type":"ListItem","position":2,"name":"Privacy Policy"}]},{"@type":"WebSite","@id":"https:\/\/www.aep.it\/es\/#website","url":"https:\/\/www.aep.it\/es\/","name":"AEP transducers","description":"","publisher":{"@id":"https:\/\/www.aep.it\/es\/#organization"},"potentialAction":[{"@type":"SearchAction","target":{"@type":"EntryPoint","urlTemplate":"https:\/\/www.aep.it\/es\/?s={search_term_string}"},"query-input":{"@type":"PropertyValueSpecification","valueRequired":true,"valueName":"search_term_string"}}],"inLanguage":"es"},{"@type":"Organization","@id":"https:\/\/www.aep.it\/es\/#organization","name":"AEP Transducers","url":"https:\/\/www.aep.it\/es\/","logo":{"@type":"ImageObject","inLanguage":"es","@id":"https:\/\/www.aep.it\/es\/#\/schema\/logo\/image\/","url":"https:\/\/www.aep.it\/wp-content\/uploads\/2020\/03\/logo-vettoriale-def.png","contentUrl":"https:\/\/www.aep.it\/wp-content\/uploads\/2020\/03\/logo-vettoriale-def.png","width":2000,"height":284,"caption":"AEP Transducers"},"image":{"@id":"https:\/\/www.aep.it\/es\/#\/schema\/logo\/image\/"},"sameAs":["https:\/\/www.facebook.com\/AEP-transducers-212611005540305"]}]}},"_links":{"self":[{"href":"https:\/\/www.aep.it\/es\/wp-json\/wp\/v2\/pages\/8530","targetHints":{"allow":["GET"]}}],"collection":[{"href":"https:\/\/www.aep.it\/es\/wp-json\/wp\/v2\/pages"}],"about":[{"href":"https:\/\/www.aep.it\/es\/wp-json\/wp\/v2\/types\/page"}],"author":[{"embeddable":true,"href":"https:\/\/www.aep.it\/es\/wp-json\/wp\/v2\/users\/1"}],"replies":[{"embeddable":true,"href":"https:\/\/www.aep.it\/es\/wp-json\/wp\/v2\/comments?post=8530"}],"version-history":[{"count":0,"href":"https:\/\/www.aep.it\/es\/wp-json\/wp\/v2\/pages\/8530\/revisions"}],"wp:attachment":[{"href":"https:\/\/www.aep.it\/es\/wp-json\/wp\/v2\/media?parent=8530"}],"curies":[{"name":"wp","href":"https:\/\/api.w.org\/{rel}","templated":true}]}}