{"id":9491,"date":"2022-02-22T12:12:33","date_gmt":"2022-02-22T11:12:33","guid":{"rendered":"https:\/\/www.aep.it\/descargo-de-responsabilidad\/"},"modified":"2022-02-22T12:12:33","modified_gmt":"2022-02-22T11:12:33","slug":"descargo-de-responsabilidad","status":"publish","type":"page","link":"https:\/\/www.aep.it\/es\/descargo-de-responsabilidad\/","title":{"rendered":"Descargo de responsabilidad"},"content":{"rendered":"\n<!-- Legal document generated by Complianz | GDPR\/CCPA Cookie Consent https:\/\/wordpress.org\/plugins\/complianz-gdpr -->\n<div id=\"cmplz-document\" class=\"cmplz-document disclaimer\"><p>AEP transducers Srl se compromete a mantener esta web actualizada y precisa. Si, a pesar de todo, encontrara algo incorrecto o desactualizado, le agradecer\u00edamos que nos lo hiciera saber. Por favor, indique en qu\u00e9 parte de la web ha le\u00eddo la informaci\u00f3n. La revisaremos lo antes posible. Por favor, env\u00ede su duda por correo electr\u00f3nico a: <span class=\"cmplz-obfuscate\">ti&#046;p&#x65;a&#064;p&#x65;&#x61;<\/span>.<\/p><p>No nos responsabilizamos de las p\u00e9rdidas derivadas de inexactitudes o datos incompletos, ni de las p\u00e9rdidas resultantes de problemas causados o inherentes a la difusi\u00f3n de la informaci\u00f3n a trav\u00e9s de Internet, como interrupciones o fallos. Al utilizar formularios web, nos esforzamos por limitar al m\u00ednimo el n\u00famero de campos obligatorios. Por cualquier p\u00e9rdida sufrida como resultado del uso de datos, consejos o ideas proporcionadas por AEP transducers Srl o en su nombre a trav\u00e9s de esta web, AEP transducers Srl no acepta ninguna responsabilidad.<\/p><p>Todos los derechos de propiedad intelectual sobre el contenido de esta web est\u00e1n en manos de AEP transducers Srl o de terceros que han colocado el contenido por s\u00ed mismos o de quienes AEP transducers Srl ha obtenido una licencia de uso.<\/p><p>La copia, difusi\u00f3n y cualquier otro uso de estos materiales no est\u00e1 permitido sin el permiso escrito de AEP transducers Srl, excepto y s\u00f3lo en la medida en que se estipule lo contrario en los reglamentos de la ley obligatoria (como el derecho de cita), a menos que el contenido espec\u00edfico dicte lo contrario.<\/p><p>Si tiene alguna pregunta o problema con la accesibilidad de la web, no dude en ponerse en contacto con nosotros.<\/p><\/div>\n","protected":false},"excerpt":{"rendered":"AEP transducers Srl se compromete a mantener esta web actualizada y precisa. Si, a pesar de todo, encontrara algo incorrecto o desactualizado, le agradecer\u00edamos que nos lo hiciera saber. Por favor, indique en qu\u00e9 parte de la web ha le\u00eddo la informaci\u00f3n. La revisaremos lo antes posible. Por favor, env\u00ede su duda por correo electr\u00f3nico [...]","protected":false},"author":1,"featured_media":0,"parent":0,"menu_order":0,"comment_status":"closed","ping_status":"closed","template":"","meta":{"footnotes":""},"class_list":["post-9491","page","type-page","status-publish","hentry"],"yoast_head":"<!-- This site is optimized with the Yoast SEO plugin v27.5 - https:\/\/yoast.com\/product\/yoast-seo-wordpress\/ -->\n<title>Descargo de responsabilidad | AEP transducers<\/title>\n<meta name=\"robots\" content=\"index, follow, max-snippet:-1, max-image-preview:large, max-video-preview:-1\" \/>\n<link rel=\"canonical\" href=\"https:\/\/www.aep.it\/es\/descargo-de-responsabilidad\/\" \/>\n<meta property=\"og:locale\" content=\"es_ES\" \/>\n<meta property=\"og:type\" content=\"article\" \/>\n<meta property=\"og:title\" content=\"Descargo de responsabilidad | AEP transducers\" \/>\n<meta property=\"og:url\" content=\"https:\/\/www.aep.it\/es\/descargo-de-responsabilidad\/\" \/>\n<meta property=\"og:site_name\" content=\"AEP transducers\" \/>\n<meta property=\"article:publisher\" content=\"https:\/\/www.facebook.com\/AEP-transducers-212611005540305\" \/>\n<meta name=\"twitter:card\" content=\"summary_large_image\" \/>\n<script type=\"application\/ld+json\" class=\"yoast-schema-graph\">{\"@context\":\"https:\\\/\\\/schema.org\",\"@graph\":[{\"@type\":\"WebPage\",\"@id\":\"https:\\\/\\\/www.aep.it\\\/es\\\/descargo-de-responsabilidad\\\/\",\"url\":\"https:\\\/\\\/www.aep.it\\\/es\\\/descargo-de-responsabilidad\\\/\",\"name\":\"Descargo de responsabilidad | AEP transducers\",\"isPartOf\":{\"@id\":\"https:\\\/\\\/www.aep.it\\\/es\\\/#website\"},\"datePublished\":\"2022-02-22T11:12:33+00:00\",\"breadcrumb\":{\"@id\":\"https:\\\/\\\/www.aep.it\\\/es\\\/descargo-de-responsabilidad\\\/#breadcrumb\"},\"inLanguage\":\"es\",\"potentialAction\":[{\"@type\":\"ReadAction\",\"target\":[\"https:\\\/\\\/www.aep.it\\\/es\\\/descargo-de-responsabilidad\\\/\"]}]},{\"@type\":\"BreadcrumbList\",\"@id\":\"https:\\\/\\\/www.aep.it\\\/es\\\/descargo-de-responsabilidad\\\/#breadcrumb\",\"itemListElement\":[{\"@type\":\"ListItem\",\"position\":1,\"name\":\"Home\",\"item\":\"https:\\\/\\\/www.aep.it\\\/es\\\/\"},{\"@type\":\"ListItem\",\"position\":2,\"name\":\"Descargo de responsabilidad\"}]},{\"@type\":\"WebSite\",\"@id\":\"https:\\\/\\\/www.aep.it\\\/es\\\/#website\",\"url\":\"https:\\\/\\\/www.aep.it\\\/es\\\/\",\"name\":\"AEP transducers\",\"description\":\"\",\"publisher\":{\"@id\":\"https:\\\/\\\/www.aep.it\\\/es\\\/#organization\"},\"potentialAction\":[{\"@type\":\"SearchAction\",\"target\":{\"@type\":\"EntryPoint\",\"urlTemplate\":\"https:\\\/\\\/www.aep.it\\\/es\\\/?s={search_term_string}\"},\"query-input\":{\"@type\":\"PropertyValueSpecification\",\"valueRequired\":true,\"valueName\":\"search_term_string\"}}],\"inLanguage\":\"es\"},{\"@type\":\"Organization\",\"@id\":\"https:\\\/\\\/www.aep.it\\\/es\\\/#organization\",\"name\":\"AEP Transducers\",\"url\":\"https:\\\/\\\/www.aep.it\\\/es\\\/\",\"logo\":{\"@type\":\"ImageObject\",\"inLanguage\":\"es\",\"@id\":\"https:\\\/\\\/www.aep.it\\\/es\\\/#\\\/schema\\\/logo\\\/image\\\/\",\"url\":\"https:\\\/\\\/www.aep.it\\\/wp-content\\\/uploads\\\/2020\\\/03\\\/logo-vettoriale-def.png\",\"contentUrl\":\"https:\\\/\\\/www.aep.it\\\/wp-content\\\/uploads\\\/2020\\\/03\\\/logo-vettoriale-def.png\",\"width\":2000,\"height\":284,\"caption\":\"AEP Transducers\"},\"image\":{\"@id\":\"https:\\\/\\\/www.aep.it\\\/es\\\/#\\\/schema\\\/logo\\\/image\\\/\"},\"sameAs\":[\"https:\\\/\\\/www.facebook.com\\\/AEP-transducers-212611005540305\"]}]}<\/script>\n<!-- \/ Yoast SEO plugin. -->","yoast_head_json":{"title":"Descargo de responsabilidad | AEP transducers","robots":{"index":"index","follow":"follow","max-snippet":"max-snippet:-1","max-image-preview":"max-image-preview:large","max-video-preview":"max-video-preview:-1"},"canonical":"https:\/\/www.aep.it\/es\/descargo-de-responsabilidad\/","og_locale":"es_ES","og_type":"article","og_title":"Descargo de responsabilidad | AEP transducers","og_url":"https:\/\/www.aep.it\/es\/descargo-de-responsabilidad\/","og_site_name":"AEP transducers","article_publisher":"https:\/\/www.facebook.com\/AEP-transducers-212611005540305","twitter_card":"summary_large_image","schema":{"@context":"https:\/\/schema.org","@graph":[{"@type":"WebPage","@id":"https:\/\/www.aep.it\/es\/descargo-de-responsabilidad\/","url":"https:\/\/www.aep.it\/es\/descargo-de-responsabilidad\/","name":"Descargo de responsabilidad | AEP transducers","isPartOf":{"@id":"https:\/\/www.aep.it\/es\/#website"},"datePublished":"2022-02-22T11:12:33+00:00","breadcrumb":{"@id":"https:\/\/www.aep.it\/es\/descargo-de-responsabilidad\/#breadcrumb"},"inLanguage":"es","potentialAction":[{"@type":"ReadAction","target":["https:\/\/www.aep.it\/es\/descargo-de-responsabilidad\/"]}]},{"@type":"BreadcrumbList","@id":"https:\/\/www.aep.it\/es\/descargo-de-responsabilidad\/#breadcrumb","itemListElement":[{"@type":"ListItem","position":1,"name":"Home","item":"https:\/\/www.aep.it\/es\/"},{"@type":"ListItem","position":2,"name":"Descargo de responsabilidad"}]},{"@type":"WebSite","@id":"https:\/\/www.aep.it\/es\/#website","url":"https:\/\/www.aep.it\/es\/","name":"AEP transducers","description":"","publisher":{"@id":"https:\/\/www.aep.it\/es\/#organization"},"potentialAction":[{"@type":"SearchAction","target":{"@type":"EntryPoint","urlTemplate":"https:\/\/www.aep.it\/es\/?s={search_term_string}"},"query-input":{"@type":"PropertyValueSpecification","valueRequired":true,"valueName":"search_term_string"}}],"inLanguage":"es"},{"@type":"Organization","@id":"https:\/\/www.aep.it\/es\/#organization","name":"AEP Transducers","url":"https:\/\/www.aep.it\/es\/","logo":{"@type":"ImageObject","inLanguage":"es","@id":"https:\/\/www.aep.it\/es\/#\/schema\/logo\/image\/","url":"https:\/\/www.aep.it\/wp-content\/uploads\/2020\/03\/logo-vettoriale-def.png","contentUrl":"https:\/\/www.aep.it\/wp-content\/uploads\/2020\/03\/logo-vettoriale-def.png","width":2000,"height":284,"caption":"AEP Transducers"},"image":{"@id":"https:\/\/www.aep.it\/es\/#\/schema\/logo\/image\/"},"sameAs":["https:\/\/www.facebook.com\/AEP-transducers-212611005540305"]}]}},"_links":{"self":[{"href":"https:\/\/www.aep.it\/es\/wp-json\/wp\/v2\/pages\/9491","targetHints":{"allow":["GET"]}}],"collection":[{"href":"https:\/\/www.aep.it\/es\/wp-json\/wp\/v2\/pages"}],"about":[{"href":"https:\/\/www.aep.it\/es\/wp-json\/wp\/v2\/types\/page"}],"author":[{"embeddable":true,"href":"https:\/\/www.aep.it\/es\/wp-json\/wp\/v2\/users\/1"}],"replies":[{"embeddable":true,"href":"https:\/\/www.aep.it\/es\/wp-json\/wp\/v2\/comments?post=9491"}],"version-history":[{"count":0,"href":"https:\/\/www.aep.it\/es\/wp-json\/wp\/v2\/pages\/9491\/revisions"}],"wp:attachment":[{"href":"https:\/\/www.aep.it\/es\/wp-json\/wp\/v2\/media?parent=9491"}],"curies":[{"name":"wp","href":"https:\/\/api.w.org\/{rel}","templated":true}]}}