{"id":2560,"date":"2019-12-13T14:44:37","date_gmt":"2019-12-13T13:44:37","guid":{"rendered":"http:\/\/www.aep.it\/prodotto\/sin%20categor\u00eda\/star-f\/"},"modified":"2025-10-31T15:38:34","modified_gmt":"2025-10-31T14:38:34","slug":"star-f","status":"publish","type":"product","link":"https:\/\/www.aep.it\/es\/producto\/transductores-de-fuerza\/star-f\/","title":{"rendered":"STAR-F"},"content":{"rendered":"<p>[vc_row][vc_column][vc_column_text]<\/p>\n<p>Caja de metal Pantalla gr\u00e1fica retroiluminada Bater\u00eda interna recargable con una autonom\u00eda de 24 horas Divisiones \u00b150.000 Protecci\u00f3n IP40 Funciones: CERO ,FILTRO,PICO,SISTEMA DE APAGAMIENTO,LINEALIZACI\u00d3N DE LOS\u00a0SENSORES, DATA LOGGER Salida USB <span lang=\"ES\">Completo de maleta y fuente de alimentaci\u00f3n con cable USB<\/span> OPCIONES La versi\u00f3n WIRELESS permite comunicar con PC,TABLET o PLC en tiempo real. Software Quick Analyzer Light registra las pruebas y los test en tiempo real en el PC y descarga el data logger<\/p>\n<p>[\/vc_column_text][vc_separator][vc_column_text]<\/p>\n<p><strong>ACCESSORIOS<\/strong><\/p>\n<p>[\/vc_column_text][vc_row_inner][vc_column_inner width=&#8221;1\/2&#8243;][vc_single_image image=&#8221;2546&#8243; img_size=&#8221;full&#8221;][\/vc_column_inner][vc_column_inner width=&#8221;1\/2&#8243;][vc_column_text]<\/p>\n<p>Equipo de accesorios para efectuar pruebas en\u00a0compresi\u00f3n y tracci\u00f3n sobre los materiales<\/p>\n<p>[\/vc_column_text][\/vc_column_inner][\/vc_row_inner][vc_row_inner][vc_column_inner width=&#8221;1\/2&#8243;][vc_single_image image=&#8221;2549&#8243; img_size=&#8221;full&#8221; onclick=&#8221;link_image&#8221;][\/vc_column_inner][vc_column_inner width=&#8221;1\/2&#8243;][vc_column_text]<\/p>\n<p>Malete para el transporte <span lang=\"ES\">Fuente de alimentaci\u00f3n con cable USB<\/span><\/p>\n<p>[\/vc_column_text][\/vc_column_inner][\/vc_row_inner][vc_row_inner][vc_column_inner width=&#8221;1\/2&#8243;][vc_single_image image=&#8221;2552&#8243; img_size=&#8221;full&#8221; onclick=&#8221;link_image&#8221;][\/vc_column_inner][vc_column_inner width=&#8221;1\/2&#8243;][vc_column_text]<\/p>\n<p>Quick Analyzer Light: Software de aplicaci\u00f3n que sirve para monitorizar, analizar y registrar\u00a0el desarrollo en el tiempo de las pruebas sobre los sensores. Lctura y gesti\u00f3n de los datos descargados por el data logger del STAR.<\/p>\n<p>[\/vc_column_text][\/vc_column_inner][\/vc_row_inner][\/vc_column][\/vc_row]<\/p>\n","protected":false},"excerpt":{"rendered":"<p>Indicador de mano profesional ergon\u00f3mico extremadamente vers\u00e1til y f\u00e1cil de usar para mediciones de FUERZA, PESO, PRESI\u00d3N, DEPRESI\u00d3N (vac\u00edo), PAR y DESPLAZAMIENTO.<\/p>\n<p>En el interior es posible integrar un sensor de FUERZA de 10N a 5kN o un sensor de PRESI\u00d3N (relativa, absoluta o diferencial m\u00e1x.5bar) mientras que desde la entrada externa es posible conectar sensores de galgas extensom\u00e9tricas con salida en mV \/ V como: c\u00e9lulas de carga , transductores de fuerza, presi\u00f3n, par y desplazamiento.<\/p>\n<p>Reconocimiento autom\u00e1tico de 7 sensores externos.<\/p>\n<p><img decoding=\"async\" class=\"alignnone size-full wp-image-8975\" src=\"https:\/\/www.aep.it\/wp-content\/uploads\/2019\/12\/label-eac-2.jpg\" alt=\"\" width=\"150\" height=\"70\" \/><\/p>\n","protected":false},"featured_media":7778,"template":"","meta":[],"product_brand":[],"product_cat":[94],"product_tag":[],"class_list":{"0":"post-2560","1":"product","2":"type-product","3":"status-publish","4":"has-post-thumbnail","6":"product_cat-transductores-de-fuerza","8":"first","9":"instock","10":"shipping-taxable","11":"product-type-simple","12":"berocket_lgv_grid","13":"berocket_lgv_list_grid"},"yoast_head":"<!-- This site is optimized with the Yoast SEO plugin v27.2 - https:\/\/yoast.com\/product\/yoast-seo-wordpress\/ -->\n<title>STAR-F | AEP transducers<\/title>\n<meta name=\"robots\" content=\"index, follow, max-snippet:-1, max-image-preview:large, max-video-preview:-1\" \/>\n<link rel=\"canonical\" href=\"https:\/\/www.aep.it\/es\/producto\/transductores-de-fuerza\/star-f\/\" \/>\n<meta property=\"og:locale\" content=\"es_ES\" \/>\n<meta property=\"og:type\" content=\"article\" \/>\n<meta property=\"og:title\" content=\"STAR-F | AEP transducers\" \/>\n<meta property=\"og:description\" content=\"Indicador de mano profesional ergon\u00f3mico extremadamente vers\u00e1til y f\u00e1cil de usar para mediciones de FUERZA, PESO, PRESI\u00d3N, DEPRESI\u00d3N (vac\u00edo), PAR y DESPLAZAMIENTO.  En el interior es posible integrar un sensor de FUERZA de 10N a 5kN o un sensor de PRESI\u00d3N (relativa, absoluta o diferencial m\u00e1x.5bar) mientras que desde la entrada externa es posible conectar sensores de galgas extensom\u00e9tricas con salida en mV \/ V como: c\u00e9lulas de carga , transductores de fuerza, presi\u00f3n, par y desplazamiento.  Reconocimiento autom\u00e1tico de 7 sensores externos.\" \/>\n<meta property=\"og:url\" content=\"https:\/\/www.aep.it\/es\/producto\/transductores-de-fuerza\/star-f\/\" \/>\n<meta property=\"og:site_name\" content=\"AEP transducers\" \/>\n<meta property=\"article:publisher\" content=\"https:\/\/www.facebook.com\/AEP-transducers-212611005540305\" \/>\n<meta property=\"article:modified_time\" content=\"2025-10-31T14:38:34+00:00\" \/>\n<meta property=\"og:image\" content=\"https:\/\/www.aep.it\/wp-content\/uploads\/2019\/12\/STAR-F.jpg\" \/>\n\t<meta property=\"og:image:width\" content=\"600\" \/>\n\t<meta property=\"og:image:height\" content=\"600\" \/>\n\t<meta property=\"og:image:type\" content=\"image\/jpeg\" \/>\n<meta name=\"twitter:card\" content=\"summary_large_image\" \/>\n<meta name=\"twitter:label1\" content=\"Tiempo de lectura\" \/>\n\t<meta name=\"twitter:data1\" content=\"1 minuto\" \/>\n<script type=\"application\/ld+json\" class=\"yoast-schema-graph\">{\"@context\":\"https:\/\/schema.org\",\"@graph\":[{\"@type\":\"WebPage\",\"@id\":\"https:\/\/www.aep.it\/es\/producto\/transductores-de-fuerza\/star-f\/\",\"url\":\"https:\/\/www.aep.it\/es\/producto\/transductores-de-fuerza\/star-f\/\",\"name\":\"STAR-F | AEP transducers\",\"isPartOf\":{\"@id\":\"https:\/\/www.aep.it\/es\/#website\"},\"primaryImageOfPage\":{\"@id\":\"https:\/\/www.aep.it\/es\/producto\/transductores-de-fuerza\/star-f\/#primaryimage\"},\"image\":{\"@id\":\"https:\/\/www.aep.it\/es\/producto\/transductores-de-fuerza\/star-f\/#primaryimage\"},\"thumbnailUrl\":\"https:\/\/www.aep.it\/wp-content\/uploads\/2019\/12\/STAR-F.jpg\",\"datePublished\":\"2019-12-13T13:44:37+00:00\",\"dateModified\":\"2025-10-31T14:38:34+00:00\",\"breadcrumb\":{\"@id\":\"https:\/\/www.aep.it\/es\/producto\/transductores-de-fuerza\/star-f\/#breadcrumb\"},\"inLanguage\":\"es\",\"potentialAction\":[{\"@type\":\"ReadAction\",\"target\":[\"https:\/\/www.aep.it\/es\/producto\/transductores-de-fuerza\/star-f\/\"]}]},{\"@type\":\"ImageObject\",\"inLanguage\":\"es\",\"@id\":\"https:\/\/www.aep.it\/es\/producto\/transductores-de-fuerza\/star-f\/#primaryimage\",\"url\":\"https:\/\/www.aep.it\/wp-content\/uploads\/2019\/12\/STAR-F.jpg\",\"contentUrl\":\"https:\/\/www.aep.it\/wp-content\/uploads\/2019\/12\/STAR-F.jpg\",\"width\":600,\"height\":600},{\"@type\":\"BreadcrumbList\",\"@id\":\"https:\/\/www.aep.it\/es\/producto\/transductores-de-fuerza\/star-f\/#breadcrumb\",\"itemListElement\":[{\"@type\":\"ListItem\",\"position\":1,\"name\":\"Home\",\"item\":\"https:\/\/www.aep.it\/es\/\"},{\"@type\":\"ListItem\",\"position\":2,\"name\":\"Productos\",\"item\":\"https:\/\/www.aep.it\/es\/shop\/\"},{\"@type\":\"ListItem\",\"position\":3,\"name\":\"STAR-F\"}]},{\"@type\":\"WebSite\",\"@id\":\"https:\/\/www.aep.it\/es\/#website\",\"url\":\"https:\/\/www.aep.it\/es\/\",\"name\":\"AEP transducers\",\"description\":\"\",\"publisher\":{\"@id\":\"https:\/\/www.aep.it\/es\/#organization\"},\"potentialAction\":[{\"@type\":\"SearchAction\",\"target\":{\"@type\":\"EntryPoint\",\"urlTemplate\":\"https:\/\/www.aep.it\/es\/?s={search_term_string}\"},\"query-input\":{\"@type\":\"PropertyValueSpecification\",\"valueRequired\":true,\"valueName\":\"search_term_string\"}}],\"inLanguage\":\"es\"},{\"@type\":\"Organization\",\"@id\":\"https:\/\/www.aep.it\/es\/#organization\",\"name\":\"AEP Transducers\",\"url\":\"https:\/\/www.aep.it\/es\/\",\"logo\":{\"@type\":\"ImageObject\",\"inLanguage\":\"es\",\"@id\":\"https:\/\/www.aep.it\/es\/#\/schema\/logo\/image\/\",\"url\":\"https:\/\/www.aep.it\/wp-content\/uploads\/2020\/03\/logo-vettoriale-def.png\",\"contentUrl\":\"https:\/\/www.aep.it\/wp-content\/uploads\/2020\/03\/logo-vettoriale-def.png\",\"width\":2000,\"height\":284,\"caption\":\"AEP Transducers\"},\"image\":{\"@id\":\"https:\/\/www.aep.it\/es\/#\/schema\/logo\/image\/\"},\"sameAs\":[\"https:\/\/www.facebook.com\/AEP-transducers-212611005540305\"]}]}<\/script>\n<!-- \/ Yoast SEO plugin. -->","yoast_head_json":{"title":"STAR-F | AEP transducers","robots":{"index":"index","follow":"follow","max-snippet":"max-snippet:-1","max-image-preview":"max-image-preview:large","max-video-preview":"max-video-preview:-1"},"canonical":"https:\/\/www.aep.it\/es\/producto\/transductores-de-fuerza\/star-f\/","og_locale":"es_ES","og_type":"article","og_title":"STAR-F | AEP transducers","og_description":"Indicador de mano profesional ergon\u00f3mico extremadamente vers\u00e1til y f\u00e1cil de usar para mediciones de FUERZA, PESO, PRESI\u00d3N, DEPRESI\u00d3N (vac\u00edo), PAR y DESPLAZAMIENTO.  En el interior es posible integrar un sensor de FUERZA de 10N a 5kN o un sensor de PRESI\u00d3N (relativa, absoluta o diferencial m\u00e1x.5bar) mientras que desde la entrada externa es posible conectar sensores de galgas extensom\u00e9tricas con salida en mV \/ V como: c\u00e9lulas de carga , transductores de fuerza, presi\u00f3n, par y desplazamiento.  Reconocimiento autom\u00e1tico de 7 sensores externos.","og_url":"https:\/\/www.aep.it\/es\/producto\/transductores-de-fuerza\/star-f\/","og_site_name":"AEP transducers","article_publisher":"https:\/\/www.facebook.com\/AEP-transducers-212611005540305","article_modified_time":"2025-10-31T14:38:34+00:00","og_image":[{"width":600,"height":600,"url":"https:\/\/www.aep.it\/wp-content\/uploads\/2019\/12\/STAR-F.jpg","type":"image\/jpeg"}],"twitter_card":"summary_large_image","twitter_misc":{"Tiempo de lectura":"1 minuto"},"schema":{"@context":"https:\/\/schema.org","@graph":[{"@type":"WebPage","@id":"https:\/\/www.aep.it\/es\/producto\/transductores-de-fuerza\/star-f\/","url":"https:\/\/www.aep.it\/es\/producto\/transductores-de-fuerza\/star-f\/","name":"STAR-F | AEP transducers","isPartOf":{"@id":"https:\/\/www.aep.it\/es\/#website"},"primaryImageOfPage":{"@id":"https:\/\/www.aep.it\/es\/producto\/transductores-de-fuerza\/star-f\/#primaryimage"},"image":{"@id":"https:\/\/www.aep.it\/es\/producto\/transductores-de-fuerza\/star-f\/#primaryimage"},"thumbnailUrl":"https:\/\/www.aep.it\/wp-content\/uploads\/2019\/12\/STAR-F.jpg","datePublished":"2019-12-13T13:44:37+00:00","dateModified":"2025-10-31T14:38:34+00:00","breadcrumb":{"@id":"https:\/\/www.aep.it\/es\/producto\/transductores-de-fuerza\/star-f\/#breadcrumb"},"inLanguage":"es","potentialAction":[{"@type":"ReadAction","target":["https:\/\/www.aep.it\/es\/producto\/transductores-de-fuerza\/star-f\/"]}]},{"@type":"ImageObject","inLanguage":"es","@id":"https:\/\/www.aep.it\/es\/producto\/transductores-de-fuerza\/star-f\/#primaryimage","url":"https:\/\/www.aep.it\/wp-content\/uploads\/2019\/12\/STAR-F.jpg","contentUrl":"https:\/\/www.aep.it\/wp-content\/uploads\/2019\/12\/STAR-F.jpg","width":600,"height":600},{"@type":"BreadcrumbList","@id":"https:\/\/www.aep.it\/es\/producto\/transductores-de-fuerza\/star-f\/#breadcrumb","itemListElement":[{"@type":"ListItem","position":1,"name":"Home","item":"https:\/\/www.aep.it\/es\/"},{"@type":"ListItem","position":2,"name":"Productos","item":"https:\/\/www.aep.it\/es\/shop\/"},{"@type":"ListItem","position":3,"name":"STAR-F"}]},{"@type":"WebSite","@id":"https:\/\/www.aep.it\/es\/#website","url":"https:\/\/www.aep.it\/es\/","name":"AEP transducers","description":"","publisher":{"@id":"https:\/\/www.aep.it\/es\/#organization"},"potentialAction":[{"@type":"SearchAction","target":{"@type":"EntryPoint","urlTemplate":"https:\/\/www.aep.it\/es\/?s={search_term_string}"},"query-input":{"@type":"PropertyValueSpecification","valueRequired":true,"valueName":"search_term_string"}}],"inLanguage":"es"},{"@type":"Organization","@id":"https:\/\/www.aep.it\/es\/#organization","name":"AEP Transducers","url":"https:\/\/www.aep.it\/es\/","logo":{"@type":"ImageObject","inLanguage":"es","@id":"https:\/\/www.aep.it\/es\/#\/schema\/logo\/image\/","url":"https:\/\/www.aep.it\/wp-content\/uploads\/2020\/03\/logo-vettoriale-def.png","contentUrl":"https:\/\/www.aep.it\/wp-content\/uploads\/2020\/03\/logo-vettoriale-def.png","width":2000,"height":284,"caption":"AEP Transducers"},"image":{"@id":"https:\/\/www.aep.it\/es\/#\/schema\/logo\/image\/"},"sameAs":["https:\/\/www.facebook.com\/AEP-transducers-212611005540305"]}]}},"_links":{"self":[{"href":"https:\/\/www.aep.it\/es\/wp-json\/wp\/v2\/product\/2560","targetHints":{"allow":["GET"]}}],"collection":[{"href":"https:\/\/www.aep.it\/es\/wp-json\/wp\/v2\/product"}],"about":[{"href":"https:\/\/www.aep.it\/es\/wp-json\/wp\/v2\/types\/product"}],"wp:featuredmedia":[{"embeddable":true,"href":"https:\/\/www.aep.it\/es\/wp-json\/wp\/v2\/media\/7778"}],"wp:attachment":[{"href":"https:\/\/www.aep.it\/es\/wp-json\/wp\/v2\/media?parent=2560"}],"wp:term":[{"taxonomy":"product_brand","embeddable":true,"href":"https:\/\/www.aep.it\/es\/wp-json\/wp\/v2\/product_brand?post=2560"},{"taxonomy":"product_cat","embeddable":true,"href":"https:\/\/www.aep.it\/es\/wp-json\/wp\/v2\/product_cat?post=2560"},{"taxonomy":"product_tag","embeddable":true,"href":"https:\/\/www.aep.it\/es\/wp-json\/wp\/v2\/product_tag?post=2560"}],"curies":[{"name":"wp","href":"https:\/\/api.w.org\/{rel}","templated":true}]}}