{"id":2595,"date":"2019-12-13T16:12:31","date_gmt":"2019-12-13T15:12:31","guid":{"rendered":"http:\/\/www.aep.it\/prodotto\/sin%20categor\u00eda\/clflex\/"},"modified":"2022-01-14T17:16:39","modified_gmt":"2022-01-14T16:16:39","slug":"clflex","status":"publish","type":"product","link":"https:\/\/www.aep.it\/es\/producto\/transductores-de-fuerza\/clflex\/","title":{"rendered":"CLFLEX"},"content":{"rendered":"<p>[vc_row][vc_column][vc_column_text]Transductor de fuerza en forma de columna.<br \/>\nElevada resistencia mec\u00e1nica.<br \/>\nRealizada por entero en acero inoxidable.<br \/>\nCompletamente saldada con el LASER.<br \/>\nProtecci\u00f3n IP65.<br \/>\nEstabilidad a largo plazo.[\/vc_column_text][vc_separator][vc_column_text]<strong>ACCESSORIOS<\/strong>[\/vc_column_text][vc_row_inner][vc_column_inner width=&#8221;1\/2&#8243;][vc_single_image image=&#8221;1997&#8243; img_size=&#8221;full&#8221; onclick=&#8221;link_image&#8221;][\/vc_column_inner][vc_column_inner width=&#8221;1\/2&#8243;][vc_column_text]<strong>Informe de Calibrci\u00f3n<\/strong><\/p>\n<p><strong>Certificado ACCREDIA<\/strong><\/p>\n<p><strong>Informe de Calibraci\u00f3n <\/strong>realizado en conformidad con las referencias normativas: UNI EN 12390-4 y DIN 51302-2.[\/vc_column_text][\/vc_column_inner][\/vc_row_inner][\/vc_column][\/vc_row]<\/p>\n","protected":false},"excerpt":{"rendered":"<p>Transductor compuesto por un <strong>FLESSIOMETRO<\/strong> y por un trasductor de FUERZA utilizados para la calibraci\u00f3n, la comprobaci\u00f3n de la alineaci\u00f3n autom\u00e1tica de las articulaciones y el control del centraje de la fuerza en las m\u00e1quinas de ensayo a compressi\u00f3n sobre el hormigon endurecido.<\/p>\n<p>Realizado seg\u00fan las normas: <strong>UNI EN 12390-4<\/strong> y <strong>DIN 51302-2<\/strong><\/p>\n<p>Carga nominal <strong>3 MN<\/strong><br \/>\nClases (ISO 376) 1<br \/>\nLinealidad e histeresis 0.05%<br \/>\nSalida nominal 2mV\/V<\/p>\n<p><img decoding=\"async\" class=\"alignnone size-full wp-image-8975\" src=\"https:\/\/www.aep.it\/wp-content\/uploads\/2019\/12\/label-eac-2.jpg\" alt=\"\" width=\"150\" height=\"70\" \/><\/p>\n","protected":false},"featured_media":2587,"template":"","meta":[],"product_brand":[],"product_cat":[94],"product_tag":[],"class_list":{"0":"post-2595","1":"product","2":"type-product","3":"status-publish","4":"has-post-thumbnail","6":"product_cat-transductores-de-fuerza","8":"first","9":"instock","10":"shipping-taxable","11":"product-type-simple","12":"berocket_lgv_grid","13":"berocket_lgv_list_grid"},"yoast_head":"<!-- This site is optimized with the Yoast SEO plugin v27.2 - https:\/\/yoast.com\/product\/yoast-seo-wordpress\/ -->\n<title>CLFLEX | AEP transducers<\/title>\n<meta name=\"robots\" content=\"index, follow, max-snippet:-1, max-image-preview:large, max-video-preview:-1\" \/>\n<link rel=\"canonical\" href=\"https:\/\/www.aep.it\/es\/producto\/transductores-de-fuerza\/clflex\/\" \/>\n<meta property=\"og:locale\" content=\"es_ES\" \/>\n<meta property=\"og:type\" content=\"article\" \/>\n<meta property=\"og:title\" content=\"CLFLEX | AEP transducers\" \/>\n<meta property=\"og:description\" content=\"Transductor compuesto por un FLESSIOMETRO y por un trasductor de FUERZA utilizados para la calibraci\u00f3n, la comprobaci\u00f3n de la alineaci\u00f3n autom\u00e1tica de las articulaciones y el control del centraje de la fuerza en las m\u00e1quinas de ensayo a compressi\u00f3n sobre el hormigon endurecido.  Realizado seg\u00fan las normas: UNI EN 12390-4 y DIN 51302-2  Carga nominal 3 MN Clases (ISO 376) 1 Linealidad e histeresis 0.05% Salida nominal 2mV\/V\" \/>\n<meta property=\"og:url\" content=\"https:\/\/www.aep.it\/es\/producto\/transductores-de-fuerza\/clflex\/\" \/>\n<meta property=\"og:site_name\" content=\"AEP transducers\" \/>\n<meta property=\"article:publisher\" content=\"https:\/\/www.facebook.com\/AEP-transducers-212611005540305\" \/>\n<meta property=\"article:modified_time\" content=\"2022-01-14T16:16:39+00:00\" \/>\n<meta property=\"og:image\" content=\"https:\/\/www.aep.it\/wp-content\/uploads\/2019\/12\/ape-transducers-clflex.jpg\" \/>\n\t<meta property=\"og:image:width\" content=\"600\" \/>\n\t<meta property=\"og:image:height\" content=\"600\" \/>\n\t<meta property=\"og:image:type\" content=\"image\/jpeg\" \/>\n<meta name=\"twitter:card\" content=\"summary_large_image\" \/>\n<meta name=\"twitter:label1\" content=\"Tiempo de lectura\" \/>\n\t<meta name=\"twitter:data1\" content=\"1 minuto\" \/>\n<script type=\"application\/ld+json\" class=\"yoast-schema-graph\">{\"@context\":\"https:\/\/schema.org\",\"@graph\":[{\"@type\":\"WebPage\",\"@id\":\"https:\/\/www.aep.it\/es\/producto\/transductores-de-fuerza\/clflex\/\",\"url\":\"https:\/\/www.aep.it\/es\/producto\/transductores-de-fuerza\/clflex\/\",\"name\":\"CLFLEX | AEP transducers\",\"isPartOf\":{\"@id\":\"https:\/\/www.aep.it\/es\/#website\"},\"primaryImageOfPage\":{\"@id\":\"https:\/\/www.aep.it\/es\/producto\/transductores-de-fuerza\/clflex\/#primaryimage\"},\"image\":{\"@id\":\"https:\/\/www.aep.it\/es\/producto\/transductores-de-fuerza\/clflex\/#primaryimage\"},\"thumbnailUrl\":\"https:\/\/www.aep.it\/wp-content\/uploads\/2019\/12\/ape-transducers-clflex.jpg\",\"datePublished\":\"2019-12-13T15:12:31+00:00\",\"dateModified\":\"2022-01-14T16:16:39+00:00\",\"breadcrumb\":{\"@id\":\"https:\/\/www.aep.it\/es\/producto\/transductores-de-fuerza\/clflex\/#breadcrumb\"},\"inLanguage\":\"es\",\"potentialAction\":[{\"@type\":\"ReadAction\",\"target\":[\"https:\/\/www.aep.it\/es\/producto\/transductores-de-fuerza\/clflex\/\"]}]},{\"@type\":\"ImageObject\",\"inLanguage\":\"es\",\"@id\":\"https:\/\/www.aep.it\/es\/producto\/transductores-de-fuerza\/clflex\/#primaryimage\",\"url\":\"https:\/\/www.aep.it\/wp-content\/uploads\/2019\/12\/ape-transducers-clflex.jpg\",\"contentUrl\":\"https:\/\/www.aep.it\/wp-content\/uploads\/2019\/12\/ape-transducers-clflex.jpg\",\"width\":600,\"height\":600},{\"@type\":\"BreadcrumbList\",\"@id\":\"https:\/\/www.aep.it\/es\/producto\/transductores-de-fuerza\/clflex\/#breadcrumb\",\"itemListElement\":[{\"@type\":\"ListItem\",\"position\":1,\"name\":\"Home\",\"item\":\"https:\/\/www.aep.it\/es\/\"},{\"@type\":\"ListItem\",\"position\":2,\"name\":\"Productos\",\"item\":\"https:\/\/www.aep.it\/es\/shop\/\"},{\"@type\":\"ListItem\",\"position\":3,\"name\":\"CLFLEX\"}]},{\"@type\":\"WebSite\",\"@id\":\"https:\/\/www.aep.it\/es\/#website\",\"url\":\"https:\/\/www.aep.it\/es\/\",\"name\":\"AEP transducers\",\"description\":\"\",\"publisher\":{\"@id\":\"https:\/\/www.aep.it\/es\/#organization\"},\"potentialAction\":[{\"@type\":\"SearchAction\",\"target\":{\"@type\":\"EntryPoint\",\"urlTemplate\":\"https:\/\/www.aep.it\/es\/?s={search_term_string}\"},\"query-input\":{\"@type\":\"PropertyValueSpecification\",\"valueRequired\":true,\"valueName\":\"search_term_string\"}}],\"inLanguage\":\"es\"},{\"@type\":\"Organization\",\"@id\":\"https:\/\/www.aep.it\/es\/#organization\",\"name\":\"AEP Transducers\",\"url\":\"https:\/\/www.aep.it\/es\/\",\"logo\":{\"@type\":\"ImageObject\",\"inLanguage\":\"es\",\"@id\":\"https:\/\/www.aep.it\/es\/#\/schema\/logo\/image\/\",\"url\":\"https:\/\/www.aep.it\/wp-content\/uploads\/2020\/03\/logo-vettoriale-def.png\",\"contentUrl\":\"https:\/\/www.aep.it\/wp-content\/uploads\/2020\/03\/logo-vettoriale-def.png\",\"width\":2000,\"height\":284,\"caption\":\"AEP Transducers\"},\"image\":{\"@id\":\"https:\/\/www.aep.it\/es\/#\/schema\/logo\/image\/\"},\"sameAs\":[\"https:\/\/www.facebook.com\/AEP-transducers-212611005540305\"]}]}<\/script>\n<!-- \/ Yoast SEO plugin. -->","yoast_head_json":{"title":"CLFLEX | AEP transducers","robots":{"index":"index","follow":"follow","max-snippet":"max-snippet:-1","max-image-preview":"max-image-preview:large","max-video-preview":"max-video-preview:-1"},"canonical":"https:\/\/www.aep.it\/es\/producto\/transductores-de-fuerza\/clflex\/","og_locale":"es_ES","og_type":"article","og_title":"CLFLEX | AEP transducers","og_description":"Transductor compuesto por un FLESSIOMETRO y por un trasductor de FUERZA utilizados para la calibraci\u00f3n, la comprobaci\u00f3n de la alineaci\u00f3n autom\u00e1tica de las articulaciones y el control del centraje de la fuerza en las m\u00e1quinas de ensayo a compressi\u00f3n sobre el hormigon endurecido.  Realizado seg\u00fan las normas: UNI EN 12390-4 y DIN 51302-2  Carga nominal 3 MN Clases (ISO 376) 1 Linealidad e histeresis 0.05% Salida nominal 2mV\/V","og_url":"https:\/\/www.aep.it\/es\/producto\/transductores-de-fuerza\/clflex\/","og_site_name":"AEP transducers","article_publisher":"https:\/\/www.facebook.com\/AEP-transducers-212611005540305","article_modified_time":"2022-01-14T16:16:39+00:00","og_image":[{"width":600,"height":600,"url":"https:\/\/www.aep.it\/wp-content\/uploads\/2019\/12\/ape-transducers-clflex.jpg","type":"image\/jpeg"}],"twitter_card":"summary_large_image","twitter_misc":{"Tiempo de lectura":"1 minuto"},"schema":{"@context":"https:\/\/schema.org","@graph":[{"@type":"WebPage","@id":"https:\/\/www.aep.it\/es\/producto\/transductores-de-fuerza\/clflex\/","url":"https:\/\/www.aep.it\/es\/producto\/transductores-de-fuerza\/clflex\/","name":"CLFLEX | AEP transducers","isPartOf":{"@id":"https:\/\/www.aep.it\/es\/#website"},"primaryImageOfPage":{"@id":"https:\/\/www.aep.it\/es\/producto\/transductores-de-fuerza\/clflex\/#primaryimage"},"image":{"@id":"https:\/\/www.aep.it\/es\/producto\/transductores-de-fuerza\/clflex\/#primaryimage"},"thumbnailUrl":"https:\/\/www.aep.it\/wp-content\/uploads\/2019\/12\/ape-transducers-clflex.jpg","datePublished":"2019-12-13T15:12:31+00:00","dateModified":"2022-01-14T16:16:39+00:00","breadcrumb":{"@id":"https:\/\/www.aep.it\/es\/producto\/transductores-de-fuerza\/clflex\/#breadcrumb"},"inLanguage":"es","potentialAction":[{"@type":"ReadAction","target":["https:\/\/www.aep.it\/es\/producto\/transductores-de-fuerza\/clflex\/"]}]},{"@type":"ImageObject","inLanguage":"es","@id":"https:\/\/www.aep.it\/es\/producto\/transductores-de-fuerza\/clflex\/#primaryimage","url":"https:\/\/www.aep.it\/wp-content\/uploads\/2019\/12\/ape-transducers-clflex.jpg","contentUrl":"https:\/\/www.aep.it\/wp-content\/uploads\/2019\/12\/ape-transducers-clflex.jpg","width":600,"height":600},{"@type":"BreadcrumbList","@id":"https:\/\/www.aep.it\/es\/producto\/transductores-de-fuerza\/clflex\/#breadcrumb","itemListElement":[{"@type":"ListItem","position":1,"name":"Home","item":"https:\/\/www.aep.it\/es\/"},{"@type":"ListItem","position":2,"name":"Productos","item":"https:\/\/www.aep.it\/es\/shop\/"},{"@type":"ListItem","position":3,"name":"CLFLEX"}]},{"@type":"WebSite","@id":"https:\/\/www.aep.it\/es\/#website","url":"https:\/\/www.aep.it\/es\/","name":"AEP transducers","description":"","publisher":{"@id":"https:\/\/www.aep.it\/es\/#organization"},"potentialAction":[{"@type":"SearchAction","target":{"@type":"EntryPoint","urlTemplate":"https:\/\/www.aep.it\/es\/?s={search_term_string}"},"query-input":{"@type":"PropertyValueSpecification","valueRequired":true,"valueName":"search_term_string"}}],"inLanguage":"es"},{"@type":"Organization","@id":"https:\/\/www.aep.it\/es\/#organization","name":"AEP Transducers","url":"https:\/\/www.aep.it\/es\/","logo":{"@type":"ImageObject","inLanguage":"es","@id":"https:\/\/www.aep.it\/es\/#\/schema\/logo\/image\/","url":"https:\/\/www.aep.it\/wp-content\/uploads\/2020\/03\/logo-vettoriale-def.png","contentUrl":"https:\/\/www.aep.it\/wp-content\/uploads\/2020\/03\/logo-vettoriale-def.png","width":2000,"height":284,"caption":"AEP Transducers"},"image":{"@id":"https:\/\/www.aep.it\/es\/#\/schema\/logo\/image\/"},"sameAs":["https:\/\/www.facebook.com\/AEP-transducers-212611005540305"]}]}},"_links":{"self":[{"href":"https:\/\/www.aep.it\/es\/wp-json\/wp\/v2\/product\/2595","targetHints":{"allow":["GET"]}}],"collection":[{"href":"https:\/\/www.aep.it\/es\/wp-json\/wp\/v2\/product"}],"about":[{"href":"https:\/\/www.aep.it\/es\/wp-json\/wp\/v2\/types\/product"}],"wp:featuredmedia":[{"embeddable":true,"href":"https:\/\/www.aep.it\/es\/wp-json\/wp\/v2\/media\/2587"}],"wp:attachment":[{"href":"https:\/\/www.aep.it\/es\/wp-json\/wp\/v2\/media?parent=2595"}],"wp:term":[{"taxonomy":"product_brand","embeddable":true,"href":"https:\/\/www.aep.it\/es\/wp-json\/wp\/v2\/product_brand?post=2595"},{"taxonomy":"product_cat","embeddable":true,"href":"https:\/\/www.aep.it\/es\/wp-json\/wp\/v2\/product_cat?post=2595"},{"taxonomy":"product_tag","embeddable":true,"href":"https:\/\/www.aep.it\/es\/wp-json\/wp\/v2\/product_tag?post=2595"}],"curies":[{"name":"wp","href":"https:\/\/api.w.org\/{rel}","templated":true}]}}