{"id":2761,"date":"2019-12-18T12:19:58","date_gmt":"2019-12-18T11:19:58","guid":{"rendered":"http:\/\/www.aep.it\/prodotto\/sin%20categor\u00eda\/dcv-tc4\/"},"modified":"2025-10-31T16:21:26","modified_gmt":"2025-10-31T15:21:26","slug":"dcv-tc4","status":"publish","type":"product","link":"https:\/\/www.aep.it\/es\/producto\/transductores-de-fuerza\/dcv-tc4\/","title":{"rendered":"DCV-TC4"},"content":{"rendered":"<p>[vc_row][vc_column][vc_column_text]Transductor de fuerza adecuado para m\u00e1quinas de ensayo de materiales y bancos de ensayo.<br \/>\nElevada resistencia mec\u00e1nica.<br \/>\nRealizada por entero en acero inoxidable.<br \/>\nCompletamente saldada con el LASER.<br \/>\nProtecci\u00f3n IP40.<br \/>\nEstabilidad a largo plazo.[\/vc_column_text][vc_separator][vc_column_text]<\/p>\n<p><strong>ACCESSORIOS<\/strong><\/p>\n<p>[\/vc_column_text][vc_row_inner content_placement=&#8221;middle&#8221;][vc_column_inner width=&#8221;1\/2&#8243;][vc_single_image image=&#8221;1997&#8243; img_size=&#8221;full&#8221; onclick=&#8221;link_image&#8221;][\/vc_column_inner][vc_column_inner width=&#8221;1\/2&#8243;][vc_column_text]Informe de calibraci\u00f3n\u00a0COMPRESI\u00d3N<\/p>\n<p><span lang=\"ES\">Informe de calibraci\u00f3n TRACCI\u00d3N<\/span><\/p>\n<p>Certificado ACCREDIA compresi\u00f3n<\/p>\n<p>Certificado ACCREDIA tracci\u00f3n<\/p>\n<p>Certificado ACCREDIA bidireccional[\/vc_column_text][\/vc_column_inner][\/vc_row_inner][vc_row_inner content_placement=&#8221;middle&#8221;][vc_column_inner width=&#8221;1\/2&#8243;][vc_single_image image=&#8221;2711&#8243; img_size=&#8221;full&#8221; onclick=&#8221;link_image&#8221;][\/vc_column_inner][vc_column_inner width=&#8221;1\/2&#8243;][vc_column_text]Para aplicaciones de <strong>COMPRESI\u00d3N<\/strong>:<br \/>\nCabezal de carga (TIC)<br \/>\nCabeza de carga esf\u00e9rica (TC)<br \/>\nPlaca base (PB)<\/p>\n<p>Para aplicaciones de <strong>TRACCI\u00d3N<\/strong>:<br \/>\nn. 2 tirantes (ACCEM)<br \/>\nPlaca base (PB)[\/vc_column_text][\/vc_column_inner][\/vc_row_inner][vc_row_inner content_placement=&#8221;middle&#8221;][vc_column_inner width=&#8221;1\/2&#8243;][vc_single_image image=&#8221;2714&#8243; img_size=&#8221;full&#8221; onclick=&#8221;link_image&#8221;][\/vc_column_inner][vc_column_inner width=&#8221;1\/2&#8243;][vc_column_text]<\/p>\n<p><span lang=\"ES\">Transductor de fuerza ensamblado a la base<\/span><\/p>\n<p>[\/vc_column_text][\/vc_column_inner][\/vc_row_inner][\/vc_column][\/vc_row]<\/p>\n","protected":false},"excerpt":{"rendered":"<p>Transductor de fuerza de <strong>COMPRESI\u00d3N<\/strong> y <strong>TRACCI\u00d3N<\/strong> para la medida de cargas est\u00e1ticas y din\u00e1micas<br \/>\nCarga nominal de <strong>10kN<\/strong> a <strong>1MN<\/strong><br \/>\nLinealidad e histeresis 0.05%<\/p>\n<p><strong>INDICADOR DIGITAL INTEGRADO<br \/>\n<\/strong>Regulaci\u00f3n de CERO<\/p>\n<p><img decoding=\"async\" class=\"alignnone size-full wp-image-8975\" src=\"https:\/\/www.aep.it\/wp-content\/uploads\/2019\/12\/label-eac-2.jpg\" alt=\"\" width=\"150\" height=\"70\" \/><\/p>\n","protected":false},"featured_media":8021,"template":"","meta":[],"product_brand":[],"product_cat":[94],"product_tag":[],"class_list":{"0":"post-2761","1":"product","2":"type-product","3":"status-publish","4":"has-post-thumbnail","6":"product_cat-transductores-de-fuerza","8":"first","9":"instock","10":"shipping-taxable","11":"product-type-simple","12":"berocket_lgv_grid","13":"berocket_lgv_list_grid"},"yoast_head":"<!-- This site is optimized with the Yoast SEO plugin v27.2 - https:\/\/yoast.com\/product\/yoast-seo-wordpress\/ -->\n<title>DCV-TC4 | AEP transducers<\/title>\n<meta name=\"robots\" content=\"index, follow, max-snippet:-1, max-image-preview:large, max-video-preview:-1\" \/>\n<link rel=\"canonical\" href=\"https:\/\/www.aep.it\/es\/producto\/transductores-de-fuerza\/dcv-tc4\/\" \/>\n<meta property=\"og:locale\" content=\"es_ES\" \/>\n<meta property=\"og:type\" content=\"article\" \/>\n<meta property=\"og:title\" content=\"DCV-TC4 | AEP transducers\" \/>\n<meta property=\"og:description\" content=\"Transductor de fuerza de COMPRESI\u00d3N y TRACCI\u00d3N para la medida de cargas est\u00e1ticas y din\u00e1micas Carga nominal de 10kN a 1MN Linealidad e histeresis 0.05%  INDICADOR DIGITAL INTEGRADO Regulaci\u00f3n de CERO\" \/>\n<meta property=\"og:url\" content=\"https:\/\/www.aep.it\/es\/producto\/transductores-de-fuerza\/dcv-tc4\/\" \/>\n<meta property=\"og:site_name\" content=\"AEP transducers\" \/>\n<meta property=\"article:publisher\" content=\"https:\/\/www.facebook.com\/AEP-transducers-212611005540305\" \/>\n<meta property=\"article:modified_time\" content=\"2025-10-31T15:21:26+00:00\" \/>\n<meta property=\"og:image\" content=\"https:\/\/www.aep.it\/wp-content\/uploads\/2020\/03\/DCVTC4-1.jpg\" \/>\n\t<meta property=\"og:image:width\" content=\"600\" \/>\n\t<meta property=\"og:image:height\" content=\"600\" \/>\n\t<meta property=\"og:image:type\" content=\"image\/jpeg\" \/>\n<meta name=\"twitter:card\" content=\"summary_large_image\" \/>\n<meta name=\"twitter:label1\" content=\"Tiempo de lectura\" \/>\n\t<meta name=\"twitter:data1\" content=\"1 minuto\" \/>\n<script type=\"application\/ld+json\" class=\"yoast-schema-graph\">{\"@context\":\"https:\/\/schema.org\",\"@graph\":[{\"@type\":\"WebPage\",\"@id\":\"https:\/\/www.aep.it\/es\/producto\/transductores-de-fuerza\/dcv-tc4\/\",\"url\":\"https:\/\/www.aep.it\/es\/producto\/transductores-de-fuerza\/dcv-tc4\/\",\"name\":\"DCV-TC4 | AEP transducers\",\"isPartOf\":{\"@id\":\"https:\/\/www.aep.it\/es\/#website\"},\"primaryImageOfPage\":{\"@id\":\"https:\/\/www.aep.it\/es\/producto\/transductores-de-fuerza\/dcv-tc4\/#primaryimage\"},\"image\":{\"@id\":\"https:\/\/www.aep.it\/es\/producto\/transductores-de-fuerza\/dcv-tc4\/#primaryimage\"},\"thumbnailUrl\":\"https:\/\/www.aep.it\/wp-content\/uploads\/2020\/03\/DCVTC4-1.jpg\",\"datePublished\":\"2019-12-18T11:19:58+00:00\",\"dateModified\":\"2025-10-31T15:21:26+00:00\",\"breadcrumb\":{\"@id\":\"https:\/\/www.aep.it\/es\/producto\/transductores-de-fuerza\/dcv-tc4\/#breadcrumb\"},\"inLanguage\":\"es\",\"potentialAction\":[{\"@type\":\"ReadAction\",\"target\":[\"https:\/\/www.aep.it\/es\/producto\/transductores-de-fuerza\/dcv-tc4\/\"]}]},{\"@type\":\"ImageObject\",\"inLanguage\":\"es\",\"@id\":\"https:\/\/www.aep.it\/es\/producto\/transductores-de-fuerza\/dcv-tc4\/#primaryimage\",\"url\":\"https:\/\/www.aep.it\/wp-content\/uploads\/2020\/03\/DCVTC4-1.jpg\",\"contentUrl\":\"https:\/\/www.aep.it\/wp-content\/uploads\/2020\/03\/DCVTC4-1.jpg\",\"width\":600,\"height\":600},{\"@type\":\"BreadcrumbList\",\"@id\":\"https:\/\/www.aep.it\/es\/producto\/transductores-de-fuerza\/dcv-tc4\/#breadcrumb\",\"itemListElement\":[{\"@type\":\"ListItem\",\"position\":1,\"name\":\"Home\",\"item\":\"https:\/\/www.aep.it\/es\/\"},{\"@type\":\"ListItem\",\"position\":2,\"name\":\"Productos\",\"item\":\"https:\/\/www.aep.it\/es\/shop\/\"},{\"@type\":\"ListItem\",\"position\":3,\"name\":\"DCV-TC4\"}]},{\"@type\":\"WebSite\",\"@id\":\"https:\/\/www.aep.it\/es\/#website\",\"url\":\"https:\/\/www.aep.it\/es\/\",\"name\":\"AEP transducers\",\"description\":\"\",\"publisher\":{\"@id\":\"https:\/\/www.aep.it\/es\/#organization\"},\"potentialAction\":[{\"@type\":\"SearchAction\",\"target\":{\"@type\":\"EntryPoint\",\"urlTemplate\":\"https:\/\/www.aep.it\/es\/?s={search_term_string}\"},\"query-input\":{\"@type\":\"PropertyValueSpecification\",\"valueRequired\":true,\"valueName\":\"search_term_string\"}}],\"inLanguage\":\"es\"},{\"@type\":\"Organization\",\"@id\":\"https:\/\/www.aep.it\/es\/#organization\",\"name\":\"AEP Transducers\",\"url\":\"https:\/\/www.aep.it\/es\/\",\"logo\":{\"@type\":\"ImageObject\",\"inLanguage\":\"es\",\"@id\":\"https:\/\/www.aep.it\/es\/#\/schema\/logo\/image\/\",\"url\":\"https:\/\/www.aep.it\/wp-content\/uploads\/2020\/03\/logo-vettoriale-def.png\",\"contentUrl\":\"https:\/\/www.aep.it\/wp-content\/uploads\/2020\/03\/logo-vettoriale-def.png\",\"width\":2000,\"height\":284,\"caption\":\"AEP Transducers\"},\"image\":{\"@id\":\"https:\/\/www.aep.it\/es\/#\/schema\/logo\/image\/\"},\"sameAs\":[\"https:\/\/www.facebook.com\/AEP-transducers-212611005540305\"]}]}<\/script>\n<!-- \/ Yoast SEO plugin. -->","yoast_head_json":{"title":"DCV-TC4 | AEP transducers","robots":{"index":"index","follow":"follow","max-snippet":"max-snippet:-1","max-image-preview":"max-image-preview:large","max-video-preview":"max-video-preview:-1"},"canonical":"https:\/\/www.aep.it\/es\/producto\/transductores-de-fuerza\/dcv-tc4\/","og_locale":"es_ES","og_type":"article","og_title":"DCV-TC4 | AEP transducers","og_description":"Transductor de fuerza de COMPRESI\u00d3N y TRACCI\u00d3N para la medida de cargas est\u00e1ticas y din\u00e1micas Carga nominal de 10kN a 1MN Linealidad e histeresis 0.05%  INDICADOR DIGITAL INTEGRADO Regulaci\u00f3n de CERO","og_url":"https:\/\/www.aep.it\/es\/producto\/transductores-de-fuerza\/dcv-tc4\/","og_site_name":"AEP transducers","article_publisher":"https:\/\/www.facebook.com\/AEP-transducers-212611005540305","article_modified_time":"2025-10-31T15:21:26+00:00","og_image":[{"width":600,"height":600,"url":"https:\/\/www.aep.it\/wp-content\/uploads\/2020\/03\/DCVTC4-1.jpg","type":"image\/jpeg"}],"twitter_card":"summary_large_image","twitter_misc":{"Tiempo de lectura":"1 minuto"},"schema":{"@context":"https:\/\/schema.org","@graph":[{"@type":"WebPage","@id":"https:\/\/www.aep.it\/es\/producto\/transductores-de-fuerza\/dcv-tc4\/","url":"https:\/\/www.aep.it\/es\/producto\/transductores-de-fuerza\/dcv-tc4\/","name":"DCV-TC4 | AEP transducers","isPartOf":{"@id":"https:\/\/www.aep.it\/es\/#website"},"primaryImageOfPage":{"@id":"https:\/\/www.aep.it\/es\/producto\/transductores-de-fuerza\/dcv-tc4\/#primaryimage"},"image":{"@id":"https:\/\/www.aep.it\/es\/producto\/transductores-de-fuerza\/dcv-tc4\/#primaryimage"},"thumbnailUrl":"https:\/\/www.aep.it\/wp-content\/uploads\/2020\/03\/DCVTC4-1.jpg","datePublished":"2019-12-18T11:19:58+00:00","dateModified":"2025-10-31T15:21:26+00:00","breadcrumb":{"@id":"https:\/\/www.aep.it\/es\/producto\/transductores-de-fuerza\/dcv-tc4\/#breadcrumb"},"inLanguage":"es","potentialAction":[{"@type":"ReadAction","target":["https:\/\/www.aep.it\/es\/producto\/transductores-de-fuerza\/dcv-tc4\/"]}]},{"@type":"ImageObject","inLanguage":"es","@id":"https:\/\/www.aep.it\/es\/producto\/transductores-de-fuerza\/dcv-tc4\/#primaryimage","url":"https:\/\/www.aep.it\/wp-content\/uploads\/2020\/03\/DCVTC4-1.jpg","contentUrl":"https:\/\/www.aep.it\/wp-content\/uploads\/2020\/03\/DCVTC4-1.jpg","width":600,"height":600},{"@type":"BreadcrumbList","@id":"https:\/\/www.aep.it\/es\/producto\/transductores-de-fuerza\/dcv-tc4\/#breadcrumb","itemListElement":[{"@type":"ListItem","position":1,"name":"Home","item":"https:\/\/www.aep.it\/es\/"},{"@type":"ListItem","position":2,"name":"Productos","item":"https:\/\/www.aep.it\/es\/shop\/"},{"@type":"ListItem","position":3,"name":"DCV-TC4"}]},{"@type":"WebSite","@id":"https:\/\/www.aep.it\/es\/#website","url":"https:\/\/www.aep.it\/es\/","name":"AEP transducers","description":"","publisher":{"@id":"https:\/\/www.aep.it\/es\/#organization"},"potentialAction":[{"@type":"SearchAction","target":{"@type":"EntryPoint","urlTemplate":"https:\/\/www.aep.it\/es\/?s={search_term_string}"},"query-input":{"@type":"PropertyValueSpecification","valueRequired":true,"valueName":"search_term_string"}}],"inLanguage":"es"},{"@type":"Organization","@id":"https:\/\/www.aep.it\/es\/#organization","name":"AEP Transducers","url":"https:\/\/www.aep.it\/es\/","logo":{"@type":"ImageObject","inLanguage":"es","@id":"https:\/\/www.aep.it\/es\/#\/schema\/logo\/image\/","url":"https:\/\/www.aep.it\/wp-content\/uploads\/2020\/03\/logo-vettoriale-def.png","contentUrl":"https:\/\/www.aep.it\/wp-content\/uploads\/2020\/03\/logo-vettoriale-def.png","width":2000,"height":284,"caption":"AEP Transducers"},"image":{"@id":"https:\/\/www.aep.it\/es\/#\/schema\/logo\/image\/"},"sameAs":["https:\/\/www.facebook.com\/AEP-transducers-212611005540305"]}]}},"_links":{"self":[{"href":"https:\/\/www.aep.it\/es\/wp-json\/wp\/v2\/product\/2761","targetHints":{"allow":["GET"]}}],"collection":[{"href":"https:\/\/www.aep.it\/es\/wp-json\/wp\/v2\/product"}],"about":[{"href":"https:\/\/www.aep.it\/es\/wp-json\/wp\/v2\/types\/product"}],"wp:featuredmedia":[{"embeddable":true,"href":"https:\/\/www.aep.it\/es\/wp-json\/wp\/v2\/media\/8021"}],"wp:attachment":[{"href":"https:\/\/www.aep.it\/es\/wp-json\/wp\/v2\/media?parent=2761"}],"wp:term":[{"taxonomy":"product_brand","embeddable":true,"href":"https:\/\/www.aep.it\/es\/wp-json\/wp\/v2\/product_brand?post=2761"},{"taxonomy":"product_cat","embeddable":true,"href":"https:\/\/www.aep.it\/es\/wp-json\/wp\/v2\/product_cat?post=2761"},{"taxonomy":"product_tag","embeddable":true,"href":"https:\/\/www.aep.it\/es\/wp-json\/wp\/v2\/product_tag?post=2761"}],"curies":[{"name":"wp","href":"https:\/\/api.w.org\/{rel}","templated":true}]}}