{"id":2974,"date":"2019-12-18T19:26:04","date_gmt":"2019-12-18T18:26:04","guid":{"rendered":"http:\/\/www.aep.it\/prodotto\/sin%20categor\u00eda\/dtr2\/"},"modified":"2020-09-25T16:33:36","modified_gmt":"2020-09-25T14:33:36","slug":"dtr2","status":"publish","type":"product","link":"https:\/\/www.aep.it\/es\/producto\/instrumentacion-electronica\/dtr2\/","title":{"rendered":"DTR2"},"content":{"rendered":"<p>[vc_row][vc_column][vc_column_text]El indicador es asistido por una programaci\u00f3n que permite seleccionar el filtro digital en funci\u00f3n\u00a0de la medida que cumplir<br \/>\nEn el display hay una indicaci\u00f3n anal\u00f3gica a barra, activa tambi\u00e9n al interior de la prgramaci\u00f3n<\/p>\n<p><strong>Caracter\u00edsticas principales:<\/strong><\/p>\n<ul>\n<li>AUTONOM\u00cdA 80 HORAS SIN CARGOS<\/li>\n<li>CARGA DE LA BATER\u00cdA A TRAV\u00c9S DEL PUERTO USB<\/li>\n<li>AJUSTABLE DISPLAY LCD CON LUZ DE FONDO<\/li>\n<li>CONVERSI\u00d3N EN 9 UNITA &#8216;DE MEDIDA<\/li>\n<li>RESOLUCI\u00d3N PROGRAMABLE<\/li>\n<li>PROGRAMABLE FILTRO DIGITAL<\/li>\n<li>FUNCI\u00d3N DE CERO<\/li>\n<li>FUNCI\u00d3N DE PICO (EN SENTIDO HORARIO Y ANTIHORARIO)<\/li>\n<li>PRIMERA FUNCI\u00d3N PICO<\/li>\n<li>FUNCI\u00d3N DE DE RESET AUTOM\u00c1TICO DE PICO<\/li>\n<li>FUNCI\u00d3N DE AUTO POWER OFF<\/li>\n<li>PUERTO DE COMUNICACI\u00d3N\u00a0<strong>USB<\/strong><\/li>\n<li>FUNCI\u00d3N DE MEN\u00da DE BLOQUEO<\/li>\n<li>FUNCI\u00d3N DE DATALOGGER (opcional)<\/li>\n<li>FUNCI\u00d3N DE CALENDARIO (opcional)<\/li>\n<li>PUERTO DE COMUNICACI\u00d3N RS232 (opcional)<\/li>\n<li>CALIBRACI\u00d3N DIGITAL para el campo positivo y negativo,\u00a0<span id=\"result_box\" lang=\"es\">para eliminar\u00a0la diferencia en el\u00a0valor del par\u00a0que debe trabajar\u00a0tanto en\u00a0sentido\u00a0<strong>horario<\/strong>\u00a0y\u00a0<strong>antihorario<\/strong><\/span><\/li>\n<\/ul>\n<p>[\/vc_column_text][vc_separator][vc_column_text]<strong>ACCESSORIOS<\/strong>[\/vc_column_text][vc_row_inner content_placement=&#8221;middle&#8221;][vc_column_inner width=&#8221;1\/2&#8243;][vc_single_image image=&#8221;2966&#8243; img_size=&#8221;full&#8221; onclick=&#8221;link_image&#8221;][\/vc_column_inner][vc_column_inner width=&#8221;1\/2&#8243;][vc_column_text]<\/p>\n<p align=\"justify\"><strong>WinTEST1<\/strong>:Software de aplicaci\u00f3n para la an\u00e1lisis , la administraci\u00f3n y la regulaci\u00f3n de pruebas y test<\/p>\n<p><span lang=\"ES\">(con el desplazamiento de las medidas en Excel)<\/span>[\/vc_column_text][\/vc_column_inner][\/vc_row_inner][vc_row_inner content_placement=&#8221;middle&#8221;][vc_column_inner width=&#8221;1\/2&#8243;][vc_single_image image=&#8221;2969&#8243; img_size=&#8221;full&#8221; onclick=&#8221;link_image&#8221;][\/vc_column_inner][vc_column_inner width=&#8221;1\/2&#8243;][vc_column_text]Cable de serie RS232[\/vc_column_text][\/vc_column_inner][\/vc_row_inner][\/vc_column][\/vc_row]<\/p>\n","protected":false},"excerpt":{"rendered":"<p>NUEVA PERFORMANCE Indicador digital de mano a microprocesador de nueva concepci\u00f3n, completamente aut\u00f3nomo, con\u00a0una entrada para los trasductores de par extens\u00f3metros (medida de PAR) Ideal para ser utilizado en los sistemas m\u00e1s modernos de medida est\u00e1ticas y din\u00e1micas. La precisi\u00f3n del \u00b10,02% permite su empleo tambi\u00e9n al interior de los sistemas de calidad, como\u00a0el patr\u00f3n de primera o segunda l\u00ednea peri\u00f3dicamente calibrado en los centros ACCREDIA.<\/p>\n<p><img decoding=\"async\" class=\"alignnone size-full wp-image-8975\" src=\"https:\/\/www.aep.it\/wp-content\/uploads\/2019\/12\/label-eac-2.jpg\" alt=\"\" width=\"150\" height=\"70\" \/><\/p>\n","protected":false},"featured_media":2963,"template":"","meta":[],"product_brand":[],"product_cat":[90,92],"product_tag":[],"class_list":{"0":"post-2974","1":"product","2":"type-product","3":"status-publish","4":"has-post-thumbnail","6":"product_cat-instrumentacion-electronica","7":"product_cat-transductores-de-par","9":"first","10":"instock","11":"shipping-taxable","12":"product-type-simple","13":"berocket_lgv_grid","14":"berocket_lgv_list_grid"},"yoast_head":"<!-- This site is optimized with the Yoast SEO plugin v27.2 - https:\/\/yoast.com\/product\/yoast-seo-wordpress\/ -->\n<title>DTR2 | AEP transducers<\/title>\n<meta name=\"robots\" content=\"index, follow, max-snippet:-1, max-image-preview:large, max-video-preview:-1\" \/>\n<link rel=\"canonical\" href=\"https:\/\/www.aep.it\/es\/producto\/instrumentacion-electronica\/dtr2\/\" \/>\n<meta property=\"og:locale\" content=\"es_ES\" \/>\n<meta property=\"og:type\" content=\"article\" \/>\n<meta property=\"og:title\" content=\"DTR2 | AEP transducers\" \/>\n<meta property=\"og:description\" content=\"NUEVA PERFORMANCE Indicador digital de mano a microprocesador de nueva concepci\u00f3n, completamente aut\u00f3nomo, con\u00a0una entrada para los trasductores de par extens\u00f3metros (medida de PAR) Ideal para ser utilizado en los sistemas m\u00e1s modernos de medida est\u00e1ticas y din\u00e1micas. La precisi\u00f3n del \u00b10,02% permite su empleo tambi\u00e9n al interior de los sistemas de calidad, como\u00a0el patr\u00f3n de primera o segunda l\u00ednea peri\u00f3dicamente calibrado en los centros ACCREDIA.\" \/>\n<meta property=\"og:url\" content=\"https:\/\/www.aep.it\/es\/producto\/instrumentacion-electronica\/dtr2\/\" \/>\n<meta property=\"og:site_name\" content=\"AEP transducers\" \/>\n<meta property=\"article:publisher\" content=\"https:\/\/www.facebook.com\/AEP-transducers-212611005540305\" \/>\n<meta property=\"article:modified_time\" content=\"2020-09-25T14:33:36+00:00\" \/>\n<meta property=\"og:image\" content=\"https:\/\/www.aep.it\/wp-content\/uploads\/2019\/12\/aep-transducers-dtr2.jpg\" \/>\n\t<meta property=\"og:image:width\" content=\"600\" \/>\n\t<meta property=\"og:image:height\" content=\"600\" \/>\n\t<meta property=\"og:image:type\" content=\"image\/jpeg\" \/>\n<meta name=\"twitter:card\" content=\"summary_large_image\" \/>\n<meta name=\"twitter:label1\" content=\"Tiempo de lectura\" \/>\n\t<meta name=\"twitter:data1\" content=\"1 minuto\" \/>\n<script type=\"application\/ld+json\" class=\"yoast-schema-graph\">{\"@context\":\"https:\/\/schema.org\",\"@graph\":[{\"@type\":\"WebPage\",\"@id\":\"https:\/\/www.aep.it\/es\/producto\/instrumentacion-electronica\/dtr2\/\",\"url\":\"https:\/\/www.aep.it\/es\/producto\/instrumentacion-electronica\/dtr2\/\",\"name\":\"DTR2 | AEP transducers\",\"isPartOf\":{\"@id\":\"https:\/\/www.aep.it\/es\/#website\"},\"primaryImageOfPage\":{\"@id\":\"https:\/\/www.aep.it\/es\/producto\/instrumentacion-electronica\/dtr2\/#primaryimage\"},\"image\":{\"@id\":\"https:\/\/www.aep.it\/es\/producto\/instrumentacion-electronica\/dtr2\/#primaryimage\"},\"thumbnailUrl\":\"https:\/\/www.aep.it\/wp-content\/uploads\/2019\/12\/aep-transducers-dtr2.jpg\",\"datePublished\":\"2019-12-18T18:26:04+00:00\",\"dateModified\":\"2020-09-25T14:33:36+00:00\",\"breadcrumb\":{\"@id\":\"https:\/\/www.aep.it\/es\/producto\/instrumentacion-electronica\/dtr2\/#breadcrumb\"},\"inLanguage\":\"es\",\"potentialAction\":[{\"@type\":\"ReadAction\",\"target\":[\"https:\/\/www.aep.it\/es\/producto\/instrumentacion-electronica\/dtr2\/\"]}]},{\"@type\":\"ImageObject\",\"inLanguage\":\"es\",\"@id\":\"https:\/\/www.aep.it\/es\/producto\/instrumentacion-electronica\/dtr2\/#primaryimage\",\"url\":\"https:\/\/www.aep.it\/wp-content\/uploads\/2019\/12\/aep-transducers-dtr2.jpg\",\"contentUrl\":\"https:\/\/www.aep.it\/wp-content\/uploads\/2019\/12\/aep-transducers-dtr2.jpg\",\"width\":600,\"height\":600},{\"@type\":\"BreadcrumbList\",\"@id\":\"https:\/\/www.aep.it\/es\/producto\/instrumentacion-electronica\/dtr2\/#breadcrumb\",\"itemListElement\":[{\"@type\":\"ListItem\",\"position\":1,\"name\":\"Home\",\"item\":\"https:\/\/www.aep.it\/es\/\"},{\"@type\":\"ListItem\",\"position\":2,\"name\":\"Productos\",\"item\":\"https:\/\/www.aep.it\/es\/shop\/\"},{\"@type\":\"ListItem\",\"position\":3,\"name\":\"DTR2\"}]},{\"@type\":\"WebSite\",\"@id\":\"https:\/\/www.aep.it\/es\/#website\",\"url\":\"https:\/\/www.aep.it\/es\/\",\"name\":\"AEP transducers\",\"description\":\"\",\"publisher\":{\"@id\":\"https:\/\/www.aep.it\/es\/#organization\"},\"potentialAction\":[{\"@type\":\"SearchAction\",\"target\":{\"@type\":\"EntryPoint\",\"urlTemplate\":\"https:\/\/www.aep.it\/es\/?s={search_term_string}\"},\"query-input\":{\"@type\":\"PropertyValueSpecification\",\"valueRequired\":true,\"valueName\":\"search_term_string\"}}],\"inLanguage\":\"es\"},{\"@type\":\"Organization\",\"@id\":\"https:\/\/www.aep.it\/es\/#organization\",\"name\":\"AEP Transducers\",\"url\":\"https:\/\/www.aep.it\/es\/\",\"logo\":{\"@type\":\"ImageObject\",\"inLanguage\":\"es\",\"@id\":\"https:\/\/www.aep.it\/es\/#\/schema\/logo\/image\/\",\"url\":\"https:\/\/www.aep.it\/wp-content\/uploads\/2020\/03\/logo-vettoriale-def.png\",\"contentUrl\":\"https:\/\/www.aep.it\/wp-content\/uploads\/2020\/03\/logo-vettoriale-def.png\",\"width\":2000,\"height\":284,\"caption\":\"AEP Transducers\"},\"image\":{\"@id\":\"https:\/\/www.aep.it\/es\/#\/schema\/logo\/image\/\"},\"sameAs\":[\"https:\/\/www.facebook.com\/AEP-transducers-212611005540305\"]}]}<\/script>\n<!-- \/ Yoast SEO plugin. -->","yoast_head_json":{"title":"DTR2 | AEP transducers","robots":{"index":"index","follow":"follow","max-snippet":"max-snippet:-1","max-image-preview":"max-image-preview:large","max-video-preview":"max-video-preview:-1"},"canonical":"https:\/\/www.aep.it\/es\/producto\/instrumentacion-electronica\/dtr2\/","og_locale":"es_ES","og_type":"article","og_title":"DTR2 | AEP transducers","og_description":"NUEVA PERFORMANCE Indicador digital de mano a microprocesador de nueva concepci\u00f3n, completamente aut\u00f3nomo, con\u00a0una entrada para los trasductores de par extens\u00f3metros (medida de PAR) Ideal para ser utilizado en los sistemas m\u00e1s modernos de medida est\u00e1ticas y din\u00e1micas. La precisi\u00f3n del \u00b10,02% permite su empleo tambi\u00e9n al interior de los sistemas de calidad, como\u00a0el patr\u00f3n de primera o segunda l\u00ednea peri\u00f3dicamente calibrado en los centros ACCREDIA.","og_url":"https:\/\/www.aep.it\/es\/producto\/instrumentacion-electronica\/dtr2\/","og_site_name":"AEP transducers","article_publisher":"https:\/\/www.facebook.com\/AEP-transducers-212611005540305","article_modified_time":"2020-09-25T14:33:36+00:00","og_image":[{"width":600,"height":600,"url":"https:\/\/www.aep.it\/wp-content\/uploads\/2019\/12\/aep-transducers-dtr2.jpg","type":"image\/jpeg"}],"twitter_card":"summary_large_image","twitter_misc":{"Tiempo de lectura":"1 minuto"},"schema":{"@context":"https:\/\/schema.org","@graph":[{"@type":"WebPage","@id":"https:\/\/www.aep.it\/es\/producto\/instrumentacion-electronica\/dtr2\/","url":"https:\/\/www.aep.it\/es\/producto\/instrumentacion-electronica\/dtr2\/","name":"DTR2 | AEP transducers","isPartOf":{"@id":"https:\/\/www.aep.it\/es\/#website"},"primaryImageOfPage":{"@id":"https:\/\/www.aep.it\/es\/producto\/instrumentacion-electronica\/dtr2\/#primaryimage"},"image":{"@id":"https:\/\/www.aep.it\/es\/producto\/instrumentacion-electronica\/dtr2\/#primaryimage"},"thumbnailUrl":"https:\/\/www.aep.it\/wp-content\/uploads\/2019\/12\/aep-transducers-dtr2.jpg","datePublished":"2019-12-18T18:26:04+00:00","dateModified":"2020-09-25T14:33:36+00:00","breadcrumb":{"@id":"https:\/\/www.aep.it\/es\/producto\/instrumentacion-electronica\/dtr2\/#breadcrumb"},"inLanguage":"es","potentialAction":[{"@type":"ReadAction","target":["https:\/\/www.aep.it\/es\/producto\/instrumentacion-electronica\/dtr2\/"]}]},{"@type":"ImageObject","inLanguage":"es","@id":"https:\/\/www.aep.it\/es\/producto\/instrumentacion-electronica\/dtr2\/#primaryimage","url":"https:\/\/www.aep.it\/wp-content\/uploads\/2019\/12\/aep-transducers-dtr2.jpg","contentUrl":"https:\/\/www.aep.it\/wp-content\/uploads\/2019\/12\/aep-transducers-dtr2.jpg","width":600,"height":600},{"@type":"BreadcrumbList","@id":"https:\/\/www.aep.it\/es\/producto\/instrumentacion-electronica\/dtr2\/#breadcrumb","itemListElement":[{"@type":"ListItem","position":1,"name":"Home","item":"https:\/\/www.aep.it\/es\/"},{"@type":"ListItem","position":2,"name":"Productos","item":"https:\/\/www.aep.it\/es\/shop\/"},{"@type":"ListItem","position":3,"name":"DTR2"}]},{"@type":"WebSite","@id":"https:\/\/www.aep.it\/es\/#website","url":"https:\/\/www.aep.it\/es\/","name":"AEP transducers","description":"","publisher":{"@id":"https:\/\/www.aep.it\/es\/#organization"},"potentialAction":[{"@type":"SearchAction","target":{"@type":"EntryPoint","urlTemplate":"https:\/\/www.aep.it\/es\/?s={search_term_string}"},"query-input":{"@type":"PropertyValueSpecification","valueRequired":true,"valueName":"search_term_string"}}],"inLanguage":"es"},{"@type":"Organization","@id":"https:\/\/www.aep.it\/es\/#organization","name":"AEP Transducers","url":"https:\/\/www.aep.it\/es\/","logo":{"@type":"ImageObject","inLanguage":"es","@id":"https:\/\/www.aep.it\/es\/#\/schema\/logo\/image\/","url":"https:\/\/www.aep.it\/wp-content\/uploads\/2020\/03\/logo-vettoriale-def.png","contentUrl":"https:\/\/www.aep.it\/wp-content\/uploads\/2020\/03\/logo-vettoriale-def.png","width":2000,"height":284,"caption":"AEP Transducers"},"image":{"@id":"https:\/\/www.aep.it\/es\/#\/schema\/logo\/image\/"},"sameAs":["https:\/\/www.facebook.com\/AEP-transducers-212611005540305"]}]}},"_links":{"self":[{"href":"https:\/\/www.aep.it\/es\/wp-json\/wp\/v2\/product\/2974","targetHints":{"allow":["GET"]}}],"collection":[{"href":"https:\/\/www.aep.it\/es\/wp-json\/wp\/v2\/product"}],"about":[{"href":"https:\/\/www.aep.it\/es\/wp-json\/wp\/v2\/types\/product"}],"wp:featuredmedia":[{"embeddable":true,"href":"https:\/\/www.aep.it\/es\/wp-json\/wp\/v2\/media\/2963"}],"wp:attachment":[{"href":"https:\/\/www.aep.it\/es\/wp-json\/wp\/v2\/media?parent=2974"}],"wp:term":[{"taxonomy":"product_brand","embeddable":true,"href":"https:\/\/www.aep.it\/es\/wp-json\/wp\/v2\/product_brand?post=2974"},{"taxonomy":"product_cat","embeddable":true,"href":"https:\/\/www.aep.it\/es\/wp-json\/wp\/v2\/product_cat?post=2974"},{"taxonomy":"product_tag","embeddable":true,"href":"https:\/\/www.aep.it\/es\/wp-json\/wp\/v2\/product_tag?post=2974"}],"curies":[{"name":"wp","href":"https:\/\/api.w.org\/{rel}","templated":true}]}}