{"id":2992,"date":"2019-12-18T19:33:46","date_gmt":"2019-12-18T18:33:46","guid":{"rendered":"http:\/\/www.aep.it\/prodotto\/sin%20categor\u00eda\/star-t\/"},"modified":"2025-11-03T09:27:27","modified_gmt":"2025-11-03T08:27:27","slug":"star-t","status":"publish","type":"product","link":"https:\/\/www.aep.it\/es\/producto\/transductores-de-par\/star-t\/","title":{"rendered":"STAR-T"},"content":{"rendered":"<p>[vc_row][vc_column][vc_column_text]Contenedor de tecnopol\u00edmero reforzado con fibra de vidrio con COVER protectora de silicona<br \/>\nPantalla gr\u00e1fica retroiluminada<br \/>\nBater\u00eda interna recargable con una autonom\u00eda de 24 horas<br \/>\nDivisiones \u00b150.000<br \/>\nProtecci\u00f3n IP40<br \/>\nFunciones: CERO, FILTRO, PICO, SISTEMA DE APAGAMIENTO,LINEALIZACI\u00d3N DE LOS\u00a0SENSORES, DATA LOGGER<br \/>\nSalida USB<br \/>\nCompleto de maleta y fuente de alimentaci\u00f3n con cable USB<\/p>\n<p>OPCIONES<br \/>\nLa versi\u00f3n WIRELESS permite comunicar con PC, TABLET o PLC\u00a0 en tiempo real<br \/>\n<span lang=\"ES\">Software Quick Analyzer Light registra las pruebas y los test en tiempo real en el PC y descarga\u00a0<\/span>el data logger[\/vc_column_text][vc_separator][vc_column_text]<strong>ACCESSORIOS<\/strong>[\/vc_column_text][vc_row_inner content_placement=&#8221;middle&#8221;][vc_column_inner width=&#8221;1\/2&#8243;][vc_single_image image=&#8221;2981&#8243; img_size=&#8221;full&#8221; onclick=&#8221;link_image&#8221;][\/vc_column_inner][vc_column_inner width=&#8221;1\/2&#8243;][vc_column_text]Maleta para el transporte<\/p>\n<p><span lang=\"ES\">Fuente de alimentaci\u00f3n con cable USB<\/span>[\/vc_column_text][\/vc_column_inner][\/vc_row_inner][vc_row_inner content_placement=&#8221;middle&#8221;][vc_column_inner width=&#8221;1\/2&#8243;][vc_single_image image=&#8221;2984&#8243; img_size=&#8221;full&#8221; onclick=&#8221;link_image&#8221;][\/vc_column_inner][vc_column_inner width=&#8221;1\/2&#8243;][vc_column_text]<\/p>\n<p align=\"justify\"><span lang=\"ES\"><strong>Quick Analyzer Light<\/strong>:Software de aplicaci\u00f3n para monitorizar ,analizar y registrar el desarrollo<\/span>\u00a0en el tiempo de pruebas y test sobre un \u00fanico sensor.<\/p>\n<p>Lectura y gesti\u00f3n de los datos descargados del data logger del STAR.[\/vc_column_text][\/vc_column_inner][\/vc_row_inner][\/vc_column][\/vc_row]<\/p>\n","protected":false},"excerpt":{"rendered":"<p>INDICADOR de mano profesional ergon\u00f3mico extremadamente vers\u00e1til y simple que utilizar para medir la FUERZA, el PESO, la PRESI\u00d3N, la DEPRESI\u00d3N(vac\u00edo), PAR y DESPLAZAMIENTO. Al interior es posible integrar un sensor de FUERZA (m\u00e1x.5kN)o un sensor de PRESI\u00d3N (relativo,absoluto o diferencial m\u00e1x.5bar); mientras que a la entrada externa es posible conectar algunos\u00a0sensores extensiom\u00e9tricos con salida en mV\/Vcomo: c\u00e9lulas de carga, trasductores de fuerza, de presi\u00f3n, de par y de desplazamiento. Reconocimiento autom\u00e1tico de 7 sensores externos.<\/p>\n<p><img decoding=\"async\" class=\"alignnone size-full wp-image-8975\" src=\"https:\/\/www.aep.it\/wp-content\/uploads\/2019\/12\/label-eac-2.jpg\" alt=\"\" width=\"150\" height=\"70\" \/><\/p>\n","protected":false},"featured_media":7997,"template":"","meta":[],"product_brand":[],"product_cat":[92],"product_tag":[],"class_list":{"0":"post-2992","1":"product","2":"type-product","3":"status-publish","4":"has-post-thumbnail","6":"product_cat-transductores-de-par","8":"first","9":"instock","10":"shipping-taxable","11":"product-type-simple","12":"berocket_lgv_grid","13":"berocket_lgv_list_grid"},"yoast_head":"<!-- This site is optimized with the Yoast SEO plugin v27.2 - https:\/\/yoast.com\/product\/yoast-seo-wordpress\/ -->\n<title>STAR-T | AEP transducers<\/title>\n<meta name=\"robots\" content=\"index, follow, max-snippet:-1, max-image-preview:large, max-video-preview:-1\" \/>\n<link rel=\"canonical\" href=\"https:\/\/www.aep.it\/es\/producto\/transductores-de-par\/star-t\/\" \/>\n<meta property=\"og:locale\" content=\"es_ES\" \/>\n<meta property=\"og:type\" content=\"article\" \/>\n<meta property=\"og:title\" content=\"STAR-T | AEP transducers\" \/>\n<meta property=\"og:description\" content=\"INDICADOR de mano profesional ergon\u00f3mico extremadamente vers\u00e1til y simple que utilizar para medir la FUERZA, el PESO, la PRESI\u00d3N, la DEPRESI\u00d3N(vac\u00edo), PAR y DESPLAZAMIENTO. Al interior es posible integrar un sensor de FUERZA (m\u00e1x.5kN)o un sensor de PRESI\u00d3N (relativo,absoluto o diferencial m\u00e1x.5bar); mientras que a la entrada externa es posible conectar algunos\u00a0sensores extensiom\u00e9tricos con salida en mV\/Vcomo: c\u00e9lulas de carga, trasductores de fuerza, de presi\u00f3n, de par y de desplazamiento. Reconocimiento autom\u00e1tico de 7 sensores externos.\" \/>\n<meta property=\"og:url\" content=\"https:\/\/www.aep.it\/es\/producto\/transductores-de-par\/star-t\/\" \/>\n<meta property=\"og:site_name\" content=\"AEP transducers\" \/>\n<meta property=\"article:publisher\" content=\"https:\/\/www.facebook.com\/AEP-transducers-212611005540305\" \/>\n<meta property=\"article:modified_time\" content=\"2025-11-03T08:27:27+00:00\" \/>\n<meta property=\"og:image\" content=\"https:\/\/www.aep.it\/wp-content\/uploads\/2019\/12\/STAR-Nm.jpg\" \/>\n\t<meta property=\"og:image:width\" content=\"600\" \/>\n\t<meta property=\"og:image:height\" content=\"600\" \/>\n\t<meta property=\"og:image:type\" content=\"image\/jpeg\" \/>\n<meta name=\"twitter:card\" content=\"summary_large_image\" \/>\n<meta name=\"twitter:label1\" content=\"Tiempo de lectura\" \/>\n\t<meta name=\"twitter:data1\" content=\"1 minuto\" \/>\n<script type=\"application\/ld+json\" class=\"yoast-schema-graph\">{\"@context\":\"https:\/\/schema.org\",\"@graph\":[{\"@type\":\"WebPage\",\"@id\":\"https:\/\/www.aep.it\/es\/producto\/transductores-de-par\/star-t\/\",\"url\":\"https:\/\/www.aep.it\/es\/producto\/transductores-de-par\/star-t\/\",\"name\":\"STAR-T | AEP transducers\",\"isPartOf\":{\"@id\":\"https:\/\/www.aep.it\/es\/#website\"},\"primaryImageOfPage\":{\"@id\":\"https:\/\/www.aep.it\/es\/producto\/transductores-de-par\/star-t\/#primaryimage\"},\"image\":{\"@id\":\"https:\/\/www.aep.it\/es\/producto\/transductores-de-par\/star-t\/#primaryimage\"},\"thumbnailUrl\":\"https:\/\/www.aep.it\/wp-content\/uploads\/2019\/12\/STAR-Nm.jpg\",\"datePublished\":\"2019-12-18T18:33:46+00:00\",\"dateModified\":\"2025-11-03T08:27:27+00:00\",\"breadcrumb\":{\"@id\":\"https:\/\/www.aep.it\/es\/producto\/transductores-de-par\/star-t\/#breadcrumb\"},\"inLanguage\":\"es\",\"potentialAction\":[{\"@type\":\"ReadAction\",\"target\":[\"https:\/\/www.aep.it\/es\/producto\/transductores-de-par\/star-t\/\"]}]},{\"@type\":\"ImageObject\",\"inLanguage\":\"es\",\"@id\":\"https:\/\/www.aep.it\/es\/producto\/transductores-de-par\/star-t\/#primaryimage\",\"url\":\"https:\/\/www.aep.it\/wp-content\/uploads\/2019\/12\/STAR-Nm.jpg\",\"contentUrl\":\"https:\/\/www.aep.it\/wp-content\/uploads\/2019\/12\/STAR-Nm.jpg\",\"width\":600,\"height\":600},{\"@type\":\"BreadcrumbList\",\"@id\":\"https:\/\/www.aep.it\/es\/producto\/transductores-de-par\/star-t\/#breadcrumb\",\"itemListElement\":[{\"@type\":\"ListItem\",\"position\":1,\"name\":\"Home\",\"item\":\"https:\/\/www.aep.it\/es\/\"},{\"@type\":\"ListItem\",\"position\":2,\"name\":\"Productos\",\"item\":\"https:\/\/www.aep.it\/es\/shop\/\"},{\"@type\":\"ListItem\",\"position\":3,\"name\":\"STAR-T\"}]},{\"@type\":\"WebSite\",\"@id\":\"https:\/\/www.aep.it\/es\/#website\",\"url\":\"https:\/\/www.aep.it\/es\/\",\"name\":\"AEP transducers\",\"description\":\"\",\"publisher\":{\"@id\":\"https:\/\/www.aep.it\/es\/#organization\"},\"potentialAction\":[{\"@type\":\"SearchAction\",\"target\":{\"@type\":\"EntryPoint\",\"urlTemplate\":\"https:\/\/www.aep.it\/es\/?s={search_term_string}\"},\"query-input\":{\"@type\":\"PropertyValueSpecification\",\"valueRequired\":true,\"valueName\":\"search_term_string\"}}],\"inLanguage\":\"es\"},{\"@type\":\"Organization\",\"@id\":\"https:\/\/www.aep.it\/es\/#organization\",\"name\":\"AEP Transducers\",\"url\":\"https:\/\/www.aep.it\/es\/\",\"logo\":{\"@type\":\"ImageObject\",\"inLanguage\":\"es\",\"@id\":\"https:\/\/www.aep.it\/es\/#\/schema\/logo\/image\/\",\"url\":\"https:\/\/www.aep.it\/wp-content\/uploads\/2020\/03\/logo-vettoriale-def.png\",\"contentUrl\":\"https:\/\/www.aep.it\/wp-content\/uploads\/2020\/03\/logo-vettoriale-def.png\",\"width\":2000,\"height\":284,\"caption\":\"AEP Transducers\"},\"image\":{\"@id\":\"https:\/\/www.aep.it\/es\/#\/schema\/logo\/image\/\"},\"sameAs\":[\"https:\/\/www.facebook.com\/AEP-transducers-212611005540305\"]}]}<\/script>\n<!-- \/ Yoast SEO plugin. -->","yoast_head_json":{"title":"STAR-T | AEP transducers","robots":{"index":"index","follow":"follow","max-snippet":"max-snippet:-1","max-image-preview":"max-image-preview:large","max-video-preview":"max-video-preview:-1"},"canonical":"https:\/\/www.aep.it\/es\/producto\/transductores-de-par\/star-t\/","og_locale":"es_ES","og_type":"article","og_title":"STAR-T | AEP transducers","og_description":"INDICADOR de mano profesional ergon\u00f3mico extremadamente vers\u00e1til y simple que utilizar para medir la FUERZA, el PESO, la PRESI\u00d3N, la DEPRESI\u00d3N(vac\u00edo), PAR y DESPLAZAMIENTO. Al interior es posible integrar un sensor de FUERZA (m\u00e1x.5kN)o un sensor de PRESI\u00d3N (relativo,absoluto o diferencial m\u00e1x.5bar); mientras que a la entrada externa es posible conectar algunos\u00a0sensores extensiom\u00e9tricos con salida en mV\/Vcomo: c\u00e9lulas de carga, trasductores de fuerza, de presi\u00f3n, de par y de desplazamiento. Reconocimiento autom\u00e1tico de 7 sensores externos.","og_url":"https:\/\/www.aep.it\/es\/producto\/transductores-de-par\/star-t\/","og_site_name":"AEP transducers","article_publisher":"https:\/\/www.facebook.com\/AEP-transducers-212611005540305","article_modified_time":"2025-11-03T08:27:27+00:00","og_image":[{"width":600,"height":600,"url":"https:\/\/www.aep.it\/wp-content\/uploads\/2019\/12\/STAR-Nm.jpg","type":"image\/jpeg"}],"twitter_card":"summary_large_image","twitter_misc":{"Tiempo de lectura":"1 minuto"},"schema":{"@context":"https:\/\/schema.org","@graph":[{"@type":"WebPage","@id":"https:\/\/www.aep.it\/es\/producto\/transductores-de-par\/star-t\/","url":"https:\/\/www.aep.it\/es\/producto\/transductores-de-par\/star-t\/","name":"STAR-T | AEP transducers","isPartOf":{"@id":"https:\/\/www.aep.it\/es\/#website"},"primaryImageOfPage":{"@id":"https:\/\/www.aep.it\/es\/producto\/transductores-de-par\/star-t\/#primaryimage"},"image":{"@id":"https:\/\/www.aep.it\/es\/producto\/transductores-de-par\/star-t\/#primaryimage"},"thumbnailUrl":"https:\/\/www.aep.it\/wp-content\/uploads\/2019\/12\/STAR-Nm.jpg","datePublished":"2019-12-18T18:33:46+00:00","dateModified":"2025-11-03T08:27:27+00:00","breadcrumb":{"@id":"https:\/\/www.aep.it\/es\/producto\/transductores-de-par\/star-t\/#breadcrumb"},"inLanguage":"es","potentialAction":[{"@type":"ReadAction","target":["https:\/\/www.aep.it\/es\/producto\/transductores-de-par\/star-t\/"]}]},{"@type":"ImageObject","inLanguage":"es","@id":"https:\/\/www.aep.it\/es\/producto\/transductores-de-par\/star-t\/#primaryimage","url":"https:\/\/www.aep.it\/wp-content\/uploads\/2019\/12\/STAR-Nm.jpg","contentUrl":"https:\/\/www.aep.it\/wp-content\/uploads\/2019\/12\/STAR-Nm.jpg","width":600,"height":600},{"@type":"BreadcrumbList","@id":"https:\/\/www.aep.it\/es\/producto\/transductores-de-par\/star-t\/#breadcrumb","itemListElement":[{"@type":"ListItem","position":1,"name":"Home","item":"https:\/\/www.aep.it\/es\/"},{"@type":"ListItem","position":2,"name":"Productos","item":"https:\/\/www.aep.it\/es\/shop\/"},{"@type":"ListItem","position":3,"name":"STAR-T"}]},{"@type":"WebSite","@id":"https:\/\/www.aep.it\/es\/#website","url":"https:\/\/www.aep.it\/es\/","name":"AEP transducers","description":"","publisher":{"@id":"https:\/\/www.aep.it\/es\/#organization"},"potentialAction":[{"@type":"SearchAction","target":{"@type":"EntryPoint","urlTemplate":"https:\/\/www.aep.it\/es\/?s={search_term_string}"},"query-input":{"@type":"PropertyValueSpecification","valueRequired":true,"valueName":"search_term_string"}}],"inLanguage":"es"},{"@type":"Organization","@id":"https:\/\/www.aep.it\/es\/#organization","name":"AEP Transducers","url":"https:\/\/www.aep.it\/es\/","logo":{"@type":"ImageObject","inLanguage":"es","@id":"https:\/\/www.aep.it\/es\/#\/schema\/logo\/image\/","url":"https:\/\/www.aep.it\/wp-content\/uploads\/2020\/03\/logo-vettoriale-def.png","contentUrl":"https:\/\/www.aep.it\/wp-content\/uploads\/2020\/03\/logo-vettoriale-def.png","width":2000,"height":284,"caption":"AEP Transducers"},"image":{"@id":"https:\/\/www.aep.it\/es\/#\/schema\/logo\/image\/"},"sameAs":["https:\/\/www.facebook.com\/AEP-transducers-212611005540305"]}]}},"_links":{"self":[{"href":"https:\/\/www.aep.it\/es\/wp-json\/wp\/v2\/product\/2992","targetHints":{"allow":["GET"]}}],"collection":[{"href":"https:\/\/www.aep.it\/es\/wp-json\/wp\/v2\/product"}],"about":[{"href":"https:\/\/www.aep.it\/es\/wp-json\/wp\/v2\/types\/product"}],"wp:featuredmedia":[{"embeddable":true,"href":"https:\/\/www.aep.it\/es\/wp-json\/wp\/v2\/media\/7997"}],"wp:attachment":[{"href":"https:\/\/www.aep.it\/es\/wp-json\/wp\/v2\/media?parent=2992"}],"wp:term":[{"taxonomy":"product_brand","embeddable":true,"href":"https:\/\/www.aep.it\/es\/wp-json\/wp\/v2\/product_brand?post=2992"},{"taxonomy":"product_cat","embeddable":true,"href":"https:\/\/www.aep.it\/es\/wp-json\/wp\/v2\/product_cat?post=2992"},{"taxonomy":"product_tag","embeddable":true,"href":"https:\/\/www.aep.it\/es\/wp-json\/wp\/v2\/product_tag?post=2992"}],"curies":[{"name":"wp","href":"https:\/\/api.w.org\/{rel}","templated":true}]}}