{"id":3202,"date":"2019-12-19T16:21:43","date_gmt":"2019-12-19T15:21:43","guid":{"rendered":"http:\/\/www.aep.it\/prodotto\/sin%20categor\u00eda\/dmm2\/"},"modified":"2020-10-01T17:43:08","modified_gmt":"2020-10-01T15:43:08","slug":"dmm2","status":"publish","type":"product","link":"https:\/\/www.aep.it\/es\/producto\/manometros-digitales\/dmm2\/","title":{"rendered":"DMM2"},"content":{"rendered":"<p>[vc_row][vc_column][vc_column_text]<\/p>\n<p>La versi\u00f3n\u00a0<strong>BASE\u00a0<\/strong>se alimenta directamente desde el puerto USB a trav\u00e9s de la fuente de alimentaci\u00f3n suministrada que permite controlar el proceso y transmitir mediciones a la PC a trav\u00e9s de software de aplicaci\u00f3n como WinTEST2 (OPCIONES). Versi\u00f3n\u00a0<strong>FULL<\/strong>\u00a0con alimentaci\u00f3n externa a 12 V CC o 24 V CC que incluye salida USB, 2 PUNTOS DE AJUSTE con salida de rel\u00e9 para controlar los niveles de presi\u00f3n o temperaturas y varios comandos digitales Contenedor de metal Conexi\u00f3n de proceso 1\/2 &#8220;Gas macho La parte sensible en contacto con la presi\u00f3n est\u00e1 hecha enteramente de acero inoxidable resistente a la corrosi\u00f3n PH 17-4 Protecci\u00f3n IP40 Resoluci\u00f3n, filtro digital y unidades de medida programables Funciones de cero y pico (presi\u00f3n positiva y de vac\u00edo) Alimentaci\u00f3n externa (opcional) Completo con fuente de alimentaci\u00f3n y cable USB Salida serie RS232C y RS485 Modbas (opci\u00f3n) Salida anal\u00f3gica de 4-20 mA o 10 voltios (opci\u00f3n) Contenedor empotrado (opci\u00f3n)<\/p>\n<p>[\/vc_column_text][vc_separator][vc_column_text]<\/p>\n<p><strong>ACCESSORIOS<\/strong><\/p>\n<p>[\/vc_column_text][vc_row_inner content_placement=&#8221;middle&#8221;][vc_column_inner][vc_column_text]<\/p>\n<p>CUBIERTA DE SILICONA A prueba de golpes Cable RS232C Informe de calibraci\u00f3n Certificado ACCREDIA CASO para el transporte<\/p>\n<p>[\/vc_column_text][vc_separator][\/vc_column_inner][\/vc_row_inner][vc_row_inner content_placement=&#8221;middle&#8221;][vc_column_inner][vc_column_text]<\/p>\n<p>software <strong>WinTEST2 Quick analyzer <\/strong><strong>Quick analyzer Light\u00a0<\/strong> Software de aplicaci\u00f3n que interact\u00faa directamente con el man\u00f3metro y apoya al operador en las diversas funciones de prueba, an\u00e1lisis, monitoreo de tiempo, almacenamiento de datos, administraci\u00f3n de DATA LOGGER, transferencia de mediciones en Microsoft Excel, etc.<\/p>\n<p>[\/vc_column_text][vc_separator][\/vc_column_inner][\/vc_row_inner][vc_row_inner content_placement=&#8221;middle&#8221;][vc_column_inner][vc_column_text]<\/p>\n<p><strong>GPM <\/strong>Generadores manuales de presi\u00f3n utilizados para comparar las mediciones entre el man\u00f3metro de muestra y el instrumento que se est\u00e1 calibrando. Ideal para calibraciones y confirmaciones metrol\u00f3gicas de man\u00f3metros, como man\u00f3metros, transductores y transmisores de presi\u00f3n e interruptores de presi\u00f3n.<\/p>\n<p>[\/vc_column_text][\/vc_column_inner][\/vc_row_inner][\/vc_column][\/vc_row]<\/p>\n","protected":false},"excerpt":{"rendered":"<p>Presiones RELATIVAS de 100 mbar a\u00a0<strong>3000 bar <\/strong>Presiones ABSOLUTAS de 1 bar a 10 bar Presiones DIFERENCIALES de 1 bar a 3000 bar Medida VAC\u00cdA relativa -1 bar Medida de\u00a0TEMPERATURE\u00a0\u00a0de 0 a 70 \u00b0 C Linealidad e Hist\u00e9resis 0.15% versi\u00f3n EST\u00c1NDAR Linealidad e Hist\u00e9resis 0.05% de alta precisi\u00f3n Versi\u00f3n DMM2\u00a0<strong>BASE<\/strong> Versi\u00f3n DMM2\u00a0<strong>FULL<\/strong> Alta resistencia mec\u00e1nica Adecuado para aplicaciones est\u00e1ticas y din\u00e1micas <img decoding=\"async\" class=\"alignnone size-medium wp-image-3183\" src=\"http:\/\/www.aep.it\/wp-content\/uploads\/2019\/12\/2-Set-Point-300x100.jpg\" alt=\"\" width=\"300\" height=\"100\" srcset=\"https:\/\/www.aep.it\/wp-content\/uploads\/2019\/12\/2-Set-Point-300x100.jpg 300w, https:\/\/www.aep.it\/wp-content\/uploads\/2019\/12\/2-Set-Point.jpg 354w\" sizes=\"(max-width: 300px) 100vw, 300px\" \/> <img decoding=\"async\" class=\"alignnone size-medium wp-image-2921\" src=\"http:\/\/www.aep.it\/wp-content\/uploads\/2019\/12\/USB-300x100.jpg\" alt=\"\" width=\"300\" height=\"100\" srcset=\"https:\/\/www.aep.it\/wp-content\/uploads\/2019\/12\/USB-300x100.jpg 300w, https:\/\/www.aep.it\/wp-content\/uploads\/2019\/12\/USB.jpg 354w\" sizes=\"(max-width: 300px) 100vw, 300px\" \/><\/p>\n<p><img decoding=\"async\" class=\"alignnone size-full wp-image-8975\" src=\"https:\/\/www.aep.it\/wp-content\/uploads\/2019\/12\/label-eac-2.jpg\" alt=\"\" width=\"150\" height=\"70\" \/><\/p>\n","protected":false},"featured_media":7445,"template":"","meta":[],"product_brand":[],"product_cat":[88],"product_tag":[],"class_list":{"0":"post-3202","1":"product","2":"type-product","3":"status-publish","4":"has-post-thumbnail","6":"product_cat-manometros-digitales","8":"first","9":"instock","10":"shipping-taxable","11":"product-type-simple","12":"berocket_lgv_grid","13":"berocket_lgv_list_grid"},"yoast_head":"<!-- This site is optimized with the Yoast SEO plugin v27.2 - https:\/\/yoast.com\/product\/yoast-seo-wordpress\/ -->\n<title>DMM2 | AEP transducers<\/title>\n<meta name=\"robots\" content=\"index, follow, max-snippet:-1, max-image-preview:large, max-video-preview:-1\" \/>\n<link rel=\"canonical\" href=\"https:\/\/www.aep.it\/es\/producto\/manometros-digitales\/dmm2\/\" \/>\n<meta property=\"og:locale\" content=\"es_ES\" \/>\n<meta property=\"og:type\" content=\"article\" \/>\n<meta property=\"og:title\" content=\"DMM2 | AEP transducers\" \/>\n<meta property=\"og:description\" content=\"Presiones RELATIVAS de 100 mbar a\u00a03000 bar Presiones ABSOLUTAS de 1 bar a 10 bar Presiones DIFERENCIALES de 1 bar a 3000 bar Medida VAC\u00cdA relativa -1 bar Medida de\u00a0TEMPERATURE\u00a0\u00a0de 0 a 70 \u00b0 C Linealidad e Hist\u00e9resis 0.15% versi\u00f3n EST\u00c1NDAR Linealidad e Hist\u00e9resis 0.05% de alta precisi\u00f3n Versi\u00f3n DMM2\u00a0BASE Versi\u00f3n DMM2\u00a0FULL Alta resistencia mec\u00e1nica Adecuado para aplicaciones est\u00e1ticas y din\u00e1micas\" \/>\n<meta property=\"og:url\" content=\"https:\/\/www.aep.it\/es\/producto\/manometros-digitales\/dmm2\/\" \/>\n<meta property=\"og:site_name\" content=\"AEP transducers\" \/>\n<meta property=\"article:publisher\" content=\"https:\/\/www.facebook.com\/AEP-transducers-212611005540305\" \/>\n<meta property=\"article:modified_time\" content=\"2020-10-01T15:43:08+00:00\" \/>\n<meta property=\"og:image\" content=\"https:\/\/www.aep.it\/wp-content\/uploads\/2020\/03\/DMM2.jpg\" \/>\n\t<meta property=\"og:image:width\" content=\"600\" \/>\n\t<meta property=\"og:image:height\" content=\"600\" \/>\n\t<meta property=\"og:image:type\" content=\"image\/jpeg\" \/>\n<meta name=\"twitter:card\" content=\"summary_large_image\" \/>\n<meta name=\"twitter:label1\" content=\"Tiempo de lectura\" \/>\n\t<meta name=\"twitter:data1\" content=\"2 minutos\" \/>\n<script type=\"application\/ld+json\" class=\"yoast-schema-graph\">{\"@context\":\"https:\/\/schema.org\",\"@graph\":[{\"@type\":\"WebPage\",\"@id\":\"https:\/\/www.aep.it\/es\/producto\/manometros-digitales\/dmm2\/\",\"url\":\"https:\/\/www.aep.it\/es\/producto\/manometros-digitales\/dmm2\/\",\"name\":\"DMM2 | AEP transducers\",\"isPartOf\":{\"@id\":\"https:\/\/www.aep.it\/es\/#website\"},\"primaryImageOfPage\":{\"@id\":\"https:\/\/www.aep.it\/es\/producto\/manometros-digitales\/dmm2\/#primaryimage\"},\"image\":{\"@id\":\"https:\/\/www.aep.it\/es\/producto\/manometros-digitales\/dmm2\/#primaryimage\"},\"thumbnailUrl\":\"https:\/\/www.aep.it\/wp-content\/uploads\/2020\/03\/DMM2.jpg\",\"datePublished\":\"2019-12-19T15:21:43+00:00\",\"dateModified\":\"2020-10-01T15:43:08+00:00\",\"breadcrumb\":{\"@id\":\"https:\/\/www.aep.it\/es\/producto\/manometros-digitales\/dmm2\/#breadcrumb\"},\"inLanguage\":\"es\",\"potentialAction\":[{\"@type\":\"ReadAction\",\"target\":[\"https:\/\/www.aep.it\/es\/producto\/manometros-digitales\/dmm2\/\"]}]},{\"@type\":\"ImageObject\",\"inLanguage\":\"es\",\"@id\":\"https:\/\/www.aep.it\/es\/producto\/manometros-digitales\/dmm2\/#primaryimage\",\"url\":\"https:\/\/www.aep.it\/wp-content\/uploads\/2020\/03\/DMM2.jpg\",\"contentUrl\":\"https:\/\/www.aep.it\/wp-content\/uploads\/2020\/03\/DMM2.jpg\",\"width\":600,\"height\":600},{\"@type\":\"BreadcrumbList\",\"@id\":\"https:\/\/www.aep.it\/es\/producto\/manometros-digitales\/dmm2\/#breadcrumb\",\"itemListElement\":[{\"@type\":\"ListItem\",\"position\":1,\"name\":\"Home\",\"item\":\"https:\/\/www.aep.it\/es\/\"},{\"@type\":\"ListItem\",\"position\":2,\"name\":\"Productos\",\"item\":\"https:\/\/www.aep.it\/es\/shop\/\"},{\"@type\":\"ListItem\",\"position\":3,\"name\":\"DMM2\"}]},{\"@type\":\"WebSite\",\"@id\":\"https:\/\/www.aep.it\/es\/#website\",\"url\":\"https:\/\/www.aep.it\/es\/\",\"name\":\"AEP transducers\",\"description\":\"\",\"publisher\":{\"@id\":\"https:\/\/www.aep.it\/es\/#organization\"},\"potentialAction\":[{\"@type\":\"SearchAction\",\"target\":{\"@type\":\"EntryPoint\",\"urlTemplate\":\"https:\/\/www.aep.it\/es\/?s={search_term_string}\"},\"query-input\":{\"@type\":\"PropertyValueSpecification\",\"valueRequired\":true,\"valueName\":\"search_term_string\"}}],\"inLanguage\":\"es\"},{\"@type\":\"Organization\",\"@id\":\"https:\/\/www.aep.it\/es\/#organization\",\"name\":\"AEP Transducers\",\"url\":\"https:\/\/www.aep.it\/es\/\",\"logo\":{\"@type\":\"ImageObject\",\"inLanguage\":\"es\",\"@id\":\"https:\/\/www.aep.it\/es\/#\/schema\/logo\/image\/\",\"url\":\"https:\/\/www.aep.it\/wp-content\/uploads\/2020\/03\/logo-vettoriale-def.png\",\"contentUrl\":\"https:\/\/www.aep.it\/wp-content\/uploads\/2020\/03\/logo-vettoriale-def.png\",\"width\":2000,\"height\":284,\"caption\":\"AEP Transducers\"},\"image\":{\"@id\":\"https:\/\/www.aep.it\/es\/#\/schema\/logo\/image\/\"},\"sameAs\":[\"https:\/\/www.facebook.com\/AEP-transducers-212611005540305\"]}]}<\/script>\n<!-- \/ Yoast SEO plugin. -->","yoast_head_json":{"title":"DMM2 | AEP transducers","robots":{"index":"index","follow":"follow","max-snippet":"max-snippet:-1","max-image-preview":"max-image-preview:large","max-video-preview":"max-video-preview:-1"},"canonical":"https:\/\/www.aep.it\/es\/producto\/manometros-digitales\/dmm2\/","og_locale":"es_ES","og_type":"article","og_title":"DMM2 | AEP transducers","og_description":"Presiones RELATIVAS de 100 mbar a\u00a03000 bar Presiones ABSOLUTAS de 1 bar a 10 bar Presiones DIFERENCIALES de 1 bar a 3000 bar Medida VAC\u00cdA relativa -1 bar Medida de\u00a0TEMPERATURE\u00a0\u00a0de 0 a 70 \u00b0 C Linealidad e Hist\u00e9resis 0.15% versi\u00f3n EST\u00c1NDAR Linealidad e Hist\u00e9resis 0.05% de alta precisi\u00f3n Versi\u00f3n DMM2\u00a0BASE Versi\u00f3n DMM2\u00a0FULL Alta resistencia mec\u00e1nica Adecuado para aplicaciones est\u00e1ticas y din\u00e1micas","og_url":"https:\/\/www.aep.it\/es\/producto\/manometros-digitales\/dmm2\/","og_site_name":"AEP transducers","article_publisher":"https:\/\/www.facebook.com\/AEP-transducers-212611005540305","article_modified_time":"2020-10-01T15:43:08+00:00","og_image":[{"width":600,"height":600,"url":"https:\/\/www.aep.it\/wp-content\/uploads\/2020\/03\/DMM2.jpg","type":"image\/jpeg"}],"twitter_card":"summary_large_image","twitter_misc":{"Tiempo de lectura":"2 minutos"},"schema":{"@context":"https:\/\/schema.org","@graph":[{"@type":"WebPage","@id":"https:\/\/www.aep.it\/es\/producto\/manometros-digitales\/dmm2\/","url":"https:\/\/www.aep.it\/es\/producto\/manometros-digitales\/dmm2\/","name":"DMM2 | AEP transducers","isPartOf":{"@id":"https:\/\/www.aep.it\/es\/#website"},"primaryImageOfPage":{"@id":"https:\/\/www.aep.it\/es\/producto\/manometros-digitales\/dmm2\/#primaryimage"},"image":{"@id":"https:\/\/www.aep.it\/es\/producto\/manometros-digitales\/dmm2\/#primaryimage"},"thumbnailUrl":"https:\/\/www.aep.it\/wp-content\/uploads\/2020\/03\/DMM2.jpg","datePublished":"2019-12-19T15:21:43+00:00","dateModified":"2020-10-01T15:43:08+00:00","breadcrumb":{"@id":"https:\/\/www.aep.it\/es\/producto\/manometros-digitales\/dmm2\/#breadcrumb"},"inLanguage":"es","potentialAction":[{"@type":"ReadAction","target":["https:\/\/www.aep.it\/es\/producto\/manometros-digitales\/dmm2\/"]}]},{"@type":"ImageObject","inLanguage":"es","@id":"https:\/\/www.aep.it\/es\/producto\/manometros-digitales\/dmm2\/#primaryimage","url":"https:\/\/www.aep.it\/wp-content\/uploads\/2020\/03\/DMM2.jpg","contentUrl":"https:\/\/www.aep.it\/wp-content\/uploads\/2020\/03\/DMM2.jpg","width":600,"height":600},{"@type":"BreadcrumbList","@id":"https:\/\/www.aep.it\/es\/producto\/manometros-digitales\/dmm2\/#breadcrumb","itemListElement":[{"@type":"ListItem","position":1,"name":"Home","item":"https:\/\/www.aep.it\/es\/"},{"@type":"ListItem","position":2,"name":"Productos","item":"https:\/\/www.aep.it\/es\/shop\/"},{"@type":"ListItem","position":3,"name":"DMM2"}]},{"@type":"WebSite","@id":"https:\/\/www.aep.it\/es\/#website","url":"https:\/\/www.aep.it\/es\/","name":"AEP transducers","description":"","publisher":{"@id":"https:\/\/www.aep.it\/es\/#organization"},"potentialAction":[{"@type":"SearchAction","target":{"@type":"EntryPoint","urlTemplate":"https:\/\/www.aep.it\/es\/?s={search_term_string}"},"query-input":{"@type":"PropertyValueSpecification","valueRequired":true,"valueName":"search_term_string"}}],"inLanguage":"es"},{"@type":"Organization","@id":"https:\/\/www.aep.it\/es\/#organization","name":"AEP Transducers","url":"https:\/\/www.aep.it\/es\/","logo":{"@type":"ImageObject","inLanguage":"es","@id":"https:\/\/www.aep.it\/es\/#\/schema\/logo\/image\/","url":"https:\/\/www.aep.it\/wp-content\/uploads\/2020\/03\/logo-vettoriale-def.png","contentUrl":"https:\/\/www.aep.it\/wp-content\/uploads\/2020\/03\/logo-vettoriale-def.png","width":2000,"height":284,"caption":"AEP Transducers"},"image":{"@id":"https:\/\/www.aep.it\/es\/#\/schema\/logo\/image\/"},"sameAs":["https:\/\/www.facebook.com\/AEP-transducers-212611005540305"]}]}},"_links":{"self":[{"href":"https:\/\/www.aep.it\/es\/wp-json\/wp\/v2\/product\/3202","targetHints":{"allow":["GET"]}}],"collection":[{"href":"https:\/\/www.aep.it\/es\/wp-json\/wp\/v2\/product"}],"about":[{"href":"https:\/\/www.aep.it\/es\/wp-json\/wp\/v2\/types\/product"}],"wp:featuredmedia":[{"embeddable":true,"href":"https:\/\/www.aep.it\/es\/wp-json\/wp\/v2\/media\/7445"}],"wp:attachment":[{"href":"https:\/\/www.aep.it\/es\/wp-json\/wp\/v2\/media?parent=3202"}],"wp:term":[{"taxonomy":"product_brand","embeddable":true,"href":"https:\/\/www.aep.it\/es\/wp-json\/wp\/v2\/product_brand?post=3202"},{"taxonomy":"product_cat","embeddable":true,"href":"https:\/\/www.aep.it\/es\/wp-json\/wp\/v2\/product_cat?post=3202"},{"taxonomy":"product_tag","embeddable":true,"href":"https:\/\/www.aep.it\/es\/wp-json\/wp\/v2\/product_tag?post=3202"}],"curies":[{"name":"wp","href":"https:\/\/api.w.org\/{rel}","templated":true}]}}