{"id":3214,"date":"2019-12-19T16:28:03","date_gmt":"2019-12-19T15:28:03","guid":{"rendered":"http:\/\/www.aep.it\/prodotto\/sin%20categor\u00eda\/star-p\/"},"modified":"2025-11-03T10:47:36","modified_gmt":"2025-11-03T09:47:36","slug":"star-p","status":"publish","type":"product","link":"https:\/\/www.aep.it\/es\/producto\/manometros-digitales\/star-p\/","title":{"rendered":"STAR-P"},"content":{"rendered":"<p>[vc_row][vc_column][vc_column_text]Contenedor\u00a0de tecnopol\u00edmero reforzado con fibra de vidrio con COVER de silicona<br \/>\nPantalla gr\u00e1fica retroiluminada de alta resoluci\u00f3n<br \/>\nBater\u00edas internas con autonom\u00eda de 24 horas<br \/>\nProtecci\u00f3n: IP40<br \/>\nFunciones: CERO, FILTRO, PICO, APAGADO AUTOM\u00c1TICO y DATALOGGER<br \/>\nSalida USB<br \/>\nCompleto con fuente de alimentaci\u00f3n y cable USB<\/p>\n<p>[\/vc_column_text][vc_separator][vc_column_text]<strong>ACCESSORIOS<\/strong>[\/vc_column_text][vc_row_inner content_placement=&#8221;middle&#8221;][vc_column_inner][vc_column_text]Informe de calibraci\u00f3n<br \/>\nCertificado ACCREDIA<br \/>\nCASO para el transporte[\/vc_column_text][vc_separator][\/vc_column_inner][\/vc_row_inner][vc_row_inner content_placement=&#8221;middle&#8221;][vc_column_inner][vc_column_text]software<br \/>\n<strong>Quick analyzer Light<br \/>\n<\/strong>Software de aplicaci\u00f3n que interact\u00faa directamente con el man\u00f3metro y apoya al operador en las diversas funciones de prueba, an\u00e1lisis, monitoreo de tiempo, almacenamiento de datos, administraci\u00f3n de DATA LOGGER, transferencia de mediciones en Microsoft Excel, etc.[\/vc_column_text][\/vc_column_inner][\/vc_row_inner][\/vc_column][\/vc_row]<\/p>\n","protected":false},"excerpt":{"rendered":"<p>Indicador port\u00e1til ergon\u00f3mico extremadamente vers\u00e1til y f\u00e1cil de usar para mediciones de FUERZA, PESO, PRESI\u00d3N, DEPRESI\u00d3N (vac\u00edo), PARES Y MOVIMIENTO. SENSOR INTERNO Ataque: 1\/8&#8221;GAS Hembra Presiones RELATIVAS de 100 mbar a 5 bar Presiones ABSOLUTAS de 500 mbar a 5 bar Presiones DIFERENCIALES de 100 mbar a 5 bar Aplicaciones en GAS y AIRE (NO l\u00edquidos) Tiene 7 SENSORES EXTERNOS con presiones ABSOLUTAS de 5 bar a 3000 bar <strong>DATA LOGGER<\/strong>\u00a0programable para registrar el progreso de PRESI\u00d3N a lo largo del tiempo Reemplaza las grabadoras de papel Precisi\u00f3n\u00a00.10% versi\u00f3n EST\u00c1NDAR Precisi\u00f3n\u00a00.05% de alta precisi\u00f3n CUBIERTA DE SILICONA A prueba de golpes <img decoding=\"async\" class=\"alignnone size-medium wp-image-2921\" src=\"http:\/\/www.aep.it\/wp-content\/uploads\/2019\/12\/USB-300x100.jpg\" alt=\"\" width=\"300\" height=\"100\" srcset=\"https:\/\/www.aep.it\/wp-content\/uploads\/2019\/12\/USB-300x100.jpg 300w, https:\/\/www.aep.it\/wp-content\/uploads\/2019\/12\/USB.jpg 354w\" sizes=\"(max-width: 300px) 100vw, 300px\" \/><\/p>\n<p><img decoding=\"async\" class=\"alignnone size-full wp-image-8975\" src=\"https:\/\/www.aep.it\/wp-content\/uploads\/2019\/12\/label-eac-2.jpg\" alt=\"\" width=\"150\" height=\"70\" \/><\/p>\n","protected":false},"featured_media":7187,"template":"","meta":[],"product_brand":[],"product_cat":[88],"product_tag":[],"class_list":{"0":"post-3214","1":"product","2":"type-product","3":"status-publish","4":"has-post-thumbnail","6":"product_cat-manometros-digitales","8":"first","9":"instock","10":"shipping-taxable","11":"product-type-simple","12":"berocket_lgv_grid","13":"berocket_lgv_list_grid"},"yoast_head":"<!-- This site is optimized with the Yoast SEO plugin v27.2 - https:\/\/yoast.com\/product\/yoast-seo-wordpress\/ -->\n<title>STAR-P | AEP transducers<\/title>\n<meta name=\"robots\" content=\"index, follow, max-snippet:-1, max-image-preview:large, max-video-preview:-1\" \/>\n<link rel=\"canonical\" href=\"https:\/\/www.aep.it\/es\/producto\/manometros-digitales\/star-p\/\" \/>\n<meta property=\"og:locale\" content=\"es_ES\" \/>\n<meta property=\"og:type\" content=\"article\" \/>\n<meta property=\"og:title\" content=\"STAR-P | AEP transducers\" \/>\n<meta property=\"og:description\" content=\"Indicador port\u00e1til ergon\u00f3mico extremadamente vers\u00e1til y f\u00e1cil de usar para mediciones de FUERZA, PESO, PRESI\u00d3N, DEPRESI\u00d3N (vac\u00edo), PARES Y MOVIMIENTO. SENSOR INTERNO Ataque: 1\/8&#039;&#039;GAS Hembra Presiones RELATIVAS de 100 mbar a 5 bar Presiones ABSOLUTAS de 500 mbar a 5 bar Presiones DIFERENCIALES de 100 mbar a 5 bar Aplicaciones en GAS y AIRE (NO l\u00edquidos) Tiene 7 SENSORES EXTERNOS con presiones ABSOLUTAS de 5 bar a 3000 bar DATA LOGGER\u00a0programable para registrar el progreso de PRESI\u00d3N a lo largo del tiempo Reemplaza las grabadoras de papel Precisi\u00f3n\u00a00.10% versi\u00f3n EST\u00c1NDAR Precisi\u00f3n\u00a00.05% de alta precisi\u00f3n CUBIERTA DE SILICONA A prueba de golpes\" \/>\n<meta property=\"og:url\" content=\"https:\/\/www.aep.it\/es\/producto\/manometros-digitales\/star-p\/\" \/>\n<meta property=\"og:site_name\" content=\"AEP transducers\" \/>\n<meta property=\"article:publisher\" content=\"https:\/\/www.facebook.com\/AEP-transducers-212611005540305\" \/>\n<meta property=\"article:modified_time\" content=\"2025-11-03T09:47:36+00:00\" \/>\n<meta property=\"og:image\" content=\"https:\/\/www.aep.it\/wp-content\/uploads\/2020\/03\/STAR-P.jpg\" \/>\n\t<meta property=\"og:image:width\" content=\"600\" \/>\n\t<meta property=\"og:image:height\" content=\"600\" \/>\n\t<meta property=\"og:image:type\" content=\"image\/jpeg\" \/>\n<meta name=\"twitter:card\" content=\"summary_large_image\" \/>\n<meta name=\"twitter:label1\" content=\"Tiempo de lectura\" \/>\n\t<meta name=\"twitter:data1\" content=\"1 minuto\" \/>\n<script type=\"application\/ld+json\" class=\"yoast-schema-graph\">{\"@context\":\"https:\/\/schema.org\",\"@graph\":[{\"@type\":\"WebPage\",\"@id\":\"https:\/\/www.aep.it\/es\/producto\/manometros-digitales\/star-p\/\",\"url\":\"https:\/\/www.aep.it\/es\/producto\/manometros-digitales\/star-p\/\",\"name\":\"STAR-P | AEP transducers\",\"isPartOf\":{\"@id\":\"https:\/\/www.aep.it\/es\/#website\"},\"primaryImageOfPage\":{\"@id\":\"https:\/\/www.aep.it\/es\/producto\/manometros-digitales\/star-p\/#primaryimage\"},\"image\":{\"@id\":\"https:\/\/www.aep.it\/es\/producto\/manometros-digitales\/star-p\/#primaryimage\"},\"thumbnailUrl\":\"https:\/\/www.aep.it\/wp-content\/uploads\/2020\/03\/STAR-P.jpg\",\"datePublished\":\"2019-12-19T15:28:03+00:00\",\"dateModified\":\"2025-11-03T09:47:36+00:00\",\"breadcrumb\":{\"@id\":\"https:\/\/www.aep.it\/es\/producto\/manometros-digitales\/star-p\/#breadcrumb\"},\"inLanguage\":\"es\",\"potentialAction\":[{\"@type\":\"ReadAction\",\"target\":[\"https:\/\/www.aep.it\/es\/producto\/manometros-digitales\/star-p\/\"]}]},{\"@type\":\"ImageObject\",\"inLanguage\":\"es\",\"@id\":\"https:\/\/www.aep.it\/es\/producto\/manometros-digitales\/star-p\/#primaryimage\",\"url\":\"https:\/\/www.aep.it\/wp-content\/uploads\/2020\/03\/STAR-P.jpg\",\"contentUrl\":\"https:\/\/www.aep.it\/wp-content\/uploads\/2020\/03\/STAR-P.jpg\",\"width\":600,\"height\":600},{\"@type\":\"BreadcrumbList\",\"@id\":\"https:\/\/www.aep.it\/es\/producto\/manometros-digitales\/star-p\/#breadcrumb\",\"itemListElement\":[{\"@type\":\"ListItem\",\"position\":1,\"name\":\"Home\",\"item\":\"https:\/\/www.aep.it\/es\/\"},{\"@type\":\"ListItem\",\"position\":2,\"name\":\"Productos\",\"item\":\"https:\/\/www.aep.it\/es\/shop\/\"},{\"@type\":\"ListItem\",\"position\":3,\"name\":\"STAR-P\"}]},{\"@type\":\"WebSite\",\"@id\":\"https:\/\/www.aep.it\/es\/#website\",\"url\":\"https:\/\/www.aep.it\/es\/\",\"name\":\"AEP transducers\",\"description\":\"\",\"publisher\":{\"@id\":\"https:\/\/www.aep.it\/es\/#organization\"},\"potentialAction\":[{\"@type\":\"SearchAction\",\"target\":{\"@type\":\"EntryPoint\",\"urlTemplate\":\"https:\/\/www.aep.it\/es\/?s={search_term_string}\"},\"query-input\":{\"@type\":\"PropertyValueSpecification\",\"valueRequired\":true,\"valueName\":\"search_term_string\"}}],\"inLanguage\":\"es\"},{\"@type\":\"Organization\",\"@id\":\"https:\/\/www.aep.it\/es\/#organization\",\"name\":\"AEP Transducers\",\"url\":\"https:\/\/www.aep.it\/es\/\",\"logo\":{\"@type\":\"ImageObject\",\"inLanguage\":\"es\",\"@id\":\"https:\/\/www.aep.it\/es\/#\/schema\/logo\/image\/\",\"url\":\"https:\/\/www.aep.it\/wp-content\/uploads\/2020\/03\/logo-vettoriale-def.png\",\"contentUrl\":\"https:\/\/www.aep.it\/wp-content\/uploads\/2020\/03\/logo-vettoriale-def.png\",\"width\":2000,\"height\":284,\"caption\":\"AEP Transducers\"},\"image\":{\"@id\":\"https:\/\/www.aep.it\/es\/#\/schema\/logo\/image\/\"},\"sameAs\":[\"https:\/\/www.facebook.com\/AEP-transducers-212611005540305\"]}]}<\/script>\n<!-- \/ Yoast SEO plugin. -->","yoast_head_json":{"title":"STAR-P | AEP transducers","robots":{"index":"index","follow":"follow","max-snippet":"max-snippet:-1","max-image-preview":"max-image-preview:large","max-video-preview":"max-video-preview:-1"},"canonical":"https:\/\/www.aep.it\/es\/producto\/manometros-digitales\/star-p\/","og_locale":"es_ES","og_type":"article","og_title":"STAR-P | AEP transducers","og_description":"Indicador port\u00e1til ergon\u00f3mico extremadamente vers\u00e1til y f\u00e1cil de usar para mediciones de FUERZA, PESO, PRESI\u00d3N, DEPRESI\u00d3N (vac\u00edo), PARES Y MOVIMIENTO. SENSOR INTERNO Ataque: 1\/8''GAS Hembra Presiones RELATIVAS de 100 mbar a 5 bar Presiones ABSOLUTAS de 500 mbar a 5 bar Presiones DIFERENCIALES de 100 mbar a 5 bar Aplicaciones en GAS y AIRE (NO l\u00edquidos) Tiene 7 SENSORES EXTERNOS con presiones ABSOLUTAS de 5 bar a 3000 bar DATA LOGGER\u00a0programable para registrar el progreso de PRESI\u00d3N a lo largo del tiempo Reemplaza las grabadoras de papel Precisi\u00f3n\u00a00.10% versi\u00f3n EST\u00c1NDAR Precisi\u00f3n\u00a00.05% de alta precisi\u00f3n CUBIERTA DE SILICONA A prueba de golpes","og_url":"https:\/\/www.aep.it\/es\/producto\/manometros-digitales\/star-p\/","og_site_name":"AEP transducers","article_publisher":"https:\/\/www.facebook.com\/AEP-transducers-212611005540305","article_modified_time":"2025-11-03T09:47:36+00:00","og_image":[{"width":600,"height":600,"url":"https:\/\/www.aep.it\/wp-content\/uploads\/2020\/03\/STAR-P.jpg","type":"image\/jpeg"}],"twitter_card":"summary_large_image","twitter_misc":{"Tiempo de lectura":"1 minuto"},"schema":{"@context":"https:\/\/schema.org","@graph":[{"@type":"WebPage","@id":"https:\/\/www.aep.it\/es\/producto\/manometros-digitales\/star-p\/","url":"https:\/\/www.aep.it\/es\/producto\/manometros-digitales\/star-p\/","name":"STAR-P | AEP transducers","isPartOf":{"@id":"https:\/\/www.aep.it\/es\/#website"},"primaryImageOfPage":{"@id":"https:\/\/www.aep.it\/es\/producto\/manometros-digitales\/star-p\/#primaryimage"},"image":{"@id":"https:\/\/www.aep.it\/es\/producto\/manometros-digitales\/star-p\/#primaryimage"},"thumbnailUrl":"https:\/\/www.aep.it\/wp-content\/uploads\/2020\/03\/STAR-P.jpg","datePublished":"2019-12-19T15:28:03+00:00","dateModified":"2025-11-03T09:47:36+00:00","breadcrumb":{"@id":"https:\/\/www.aep.it\/es\/producto\/manometros-digitales\/star-p\/#breadcrumb"},"inLanguage":"es","potentialAction":[{"@type":"ReadAction","target":["https:\/\/www.aep.it\/es\/producto\/manometros-digitales\/star-p\/"]}]},{"@type":"ImageObject","inLanguage":"es","@id":"https:\/\/www.aep.it\/es\/producto\/manometros-digitales\/star-p\/#primaryimage","url":"https:\/\/www.aep.it\/wp-content\/uploads\/2020\/03\/STAR-P.jpg","contentUrl":"https:\/\/www.aep.it\/wp-content\/uploads\/2020\/03\/STAR-P.jpg","width":600,"height":600},{"@type":"BreadcrumbList","@id":"https:\/\/www.aep.it\/es\/producto\/manometros-digitales\/star-p\/#breadcrumb","itemListElement":[{"@type":"ListItem","position":1,"name":"Home","item":"https:\/\/www.aep.it\/es\/"},{"@type":"ListItem","position":2,"name":"Productos","item":"https:\/\/www.aep.it\/es\/shop\/"},{"@type":"ListItem","position":3,"name":"STAR-P"}]},{"@type":"WebSite","@id":"https:\/\/www.aep.it\/es\/#website","url":"https:\/\/www.aep.it\/es\/","name":"AEP transducers","description":"","publisher":{"@id":"https:\/\/www.aep.it\/es\/#organization"},"potentialAction":[{"@type":"SearchAction","target":{"@type":"EntryPoint","urlTemplate":"https:\/\/www.aep.it\/es\/?s={search_term_string}"},"query-input":{"@type":"PropertyValueSpecification","valueRequired":true,"valueName":"search_term_string"}}],"inLanguage":"es"},{"@type":"Organization","@id":"https:\/\/www.aep.it\/es\/#organization","name":"AEP Transducers","url":"https:\/\/www.aep.it\/es\/","logo":{"@type":"ImageObject","inLanguage":"es","@id":"https:\/\/www.aep.it\/es\/#\/schema\/logo\/image\/","url":"https:\/\/www.aep.it\/wp-content\/uploads\/2020\/03\/logo-vettoriale-def.png","contentUrl":"https:\/\/www.aep.it\/wp-content\/uploads\/2020\/03\/logo-vettoriale-def.png","width":2000,"height":284,"caption":"AEP Transducers"},"image":{"@id":"https:\/\/www.aep.it\/es\/#\/schema\/logo\/image\/"},"sameAs":["https:\/\/www.facebook.com\/AEP-transducers-212611005540305"]}]}},"_links":{"self":[{"href":"https:\/\/www.aep.it\/es\/wp-json\/wp\/v2\/product\/3214","targetHints":{"allow":["GET"]}}],"collection":[{"href":"https:\/\/www.aep.it\/es\/wp-json\/wp\/v2\/product"}],"about":[{"href":"https:\/\/www.aep.it\/es\/wp-json\/wp\/v2\/types\/product"}],"wp:featuredmedia":[{"embeddable":true,"href":"https:\/\/www.aep.it\/es\/wp-json\/wp\/v2\/media\/7187"}],"wp:attachment":[{"href":"https:\/\/www.aep.it\/es\/wp-json\/wp\/v2\/media?parent=3214"}],"wp:term":[{"taxonomy":"product_brand","embeddable":true,"href":"https:\/\/www.aep.it\/es\/wp-json\/wp\/v2\/product_brand?post=3214"},{"taxonomy":"product_cat","embeddable":true,"href":"https:\/\/www.aep.it\/es\/wp-json\/wp\/v2\/product_cat?post=3214"},{"taxonomy":"product_tag","embeddable":true,"href":"https:\/\/www.aep.it\/es\/wp-json\/wp\/v2\/product_tag?post=3214"}],"curies":[{"name":"wp","href":"https:\/\/api.w.org\/{rel}","templated":true}]}}