{"id":3238,"date":"2019-12-19T16:42:39","date_gmt":"2019-12-19T15:42:39","guid":{"rendered":"http:\/\/www.aep.it\/prodotto\/sin%20categor\u00eda\/jet\/"},"modified":"2020-10-02T08:52:57","modified_gmt":"2020-10-02T06:52:57","slug":"jet","status":"publish","type":"product","link":"https:\/\/www.aep.it\/es\/producto\/manometros-digitales\/jet\/","title":{"rendered":"JET"},"content":{"rendered":"<p>[vc_row][vc_column][vc_column_text]Contenedor de metal<br \/>\nSensor de acero inoxidable<br \/>\nConexi\u00f3n de proceso 1\/2 &#8220;Gas macho<br \/>\nLa parte sensible en contacto con la presi\u00f3n est\u00e1 hecha enteramente de acero inoxidable resistente a la corrosi\u00f3n PH 17-4<br \/>\nProtecci\u00f3n IP40<br \/>\nBater\u00eda recargable con 3 meses de autonom\u00eda<br \/>\nResoluci\u00f3n, filtro digital y unidades de medida programables<br \/>\nFunciones de cero y pico (presi\u00f3n positiva y de vac\u00edo)<br \/>\nIndicaci\u00f3n anal\u00f3gica de la presi\u00f3n siempre activa (gr\u00e1fico de barras)<br \/>\nCompleto con fuente de alimentaci\u00f3n y cable USB<br \/>\nControl de contacto para prueba de interruptor de presi\u00f3n (opcional)<br \/>\nDistancia m\u00e1xima de transmisi\u00f3n WIRELESS 100 m en \u00e1rea libre (opci\u00f3n)[\/vc_column_text][vc_separator][vc_column_text]<strong>ACCESSORIOS<\/strong>[\/vc_column_text][vc_row_inner content_placement=&#8221;middle&#8221;][vc_column_inner][vc_column_text]<\/p>\n<p>Informe de calibraci\u00f3n Certificado ACCREDIA CASO para el transporte Software <strong>Quick Analyzer Light <\/strong>Software de aplicaci\u00f3n que interact\u00faa directamente con el man\u00f3metro y apoya al operador en las diversas funciones de prueba, an\u00e1lisis, monitoreo de tiempo, almacenamiento de datos, administraci\u00f3n de DATA LOGGER, transferencia de mediciones en Microsoft Excel, etc.<\/p>\n<p>[\/vc_column_text][vc_separator][\/vc_column_inner][\/vc_row_inner][vc_row_inner content_placement=&#8221;middle&#8221;][vc_column_inner][vc_single_image image=&#8221;3218&#8243; img_size=&#8221;full&#8221; onclick=&#8221;link_image&#8221;][vc_column_text]<strong>MP2plus:<\/strong>\u00a0indicador digital de panel con receptor WIRELESS para ver de forma remota la presi\u00f3n transmitida por 1, 2, 3 o 4 medidores de presi\u00f3n WiJET.[\/vc_column_text][vc_separator][\/vc_column_inner][\/vc_row_inner][vc_row_inner content_placement=&#8221;middle&#8221;][vc_column_inner][vc_single_image image=&#8221;3221&#8243; img_size=&#8221;full&#8221; onclick=&#8221;link_image&#8221;][vc_column_text]<strong>WinWIMOD:\u00a0<\/strong>Software que permite conectar al PC al m\u00e1ximo 32 man\u00f3metros WiJET[\/vc_column_text][vc_separator][\/vc_column_inner][\/vc_row_inner][vc_row_inner content_placement=&#8221;middle&#8221;][vc_column_inner][vc_single_image image=&#8221;3224&#8243; img_size=&#8221;full&#8221; onclick=&#8221;link_image&#8221;][vc_column_text]<strong>WiSTAR:<\/strong>\u00a0indicador digital\u00a0de mano con receptor wireless\u00a0\u00a0para visualizar a distancia la presi\u00f3n transmitida de 1 a 4 \u00a0man\u00f3metros WiJET[\/vc_column_text][vc_separator][\/vc_column_inner][\/vc_row_inner][vc_row_inner content_placement=&#8221;middle&#8221;][vc_column_inner][vc_single_image image=&#8221;3227&#8243; img_size=&#8221;full&#8221; onclick=&#8221;link_image&#8221;][vc_column_text]<strong>Ricevitore RS232\u00a0<\/strong>que permite conectar el man\u00f3metro WiJEt directamente al PC[\/vc_column_text][\/vc_column_inner][\/vc_row_inner][\/vc_column][\/vc_row]<\/p>\n","protected":false},"excerpt":{"rendered":"<p>Presiones RELATIVAS de 100 mbar a\u00a0<strong>3000 bar <\/strong>Presiones ABSOLUTAS de 1 bar a 10 bar Medida VAC\u00cdA relativa -1 bar Medida de TEMPERATURA de 0 a 50 \u00b0 C Linealidad e Hist\u00e9resis 0.20% versi\u00f3n EST\u00c1NDAR Linealidad e Hist\u00e9resis 0.10% de alta precisi\u00f3n Display retroiluminado <strong>DATA LOGGE<\/strong>R programable para registrar el progreso de PRESI\u00d3N y TEMPERATURA a lo largo del tiempo Reemplaza las grabadoras de papel<\/p>\n<p><img decoding=\"async\" class=\"alignnone size-full wp-image-3231\" src=\"http:\/\/www.aep.it\/wp-content\/uploads\/2019\/12\/usb-3.jpg\" alt=\"\" width=\"165\" height=\"148\" \/><\/p>\n<p>Versi\u00f3n con transmisi\u00f3n WIRELESS Distancia m\u00e1xima 100 m en \u00e1rea libre<\/p>\n<p><img decoding=\"async\" class=\"alignnone size-full wp-image-8975\" src=\"https:\/\/www.aep.it\/wp-content\/uploads\/2019\/12\/label-eac-2.jpg\" alt=\"\" width=\"150\" height=\"70\" \/><\/p>\n","protected":false},"featured_media":7460,"template":"","meta":[],"product_brand":[],"product_cat":[88],"product_tag":[],"class_list":{"0":"post-3238","1":"product","2":"type-product","3":"status-publish","4":"has-post-thumbnail","6":"product_cat-manometros-digitales","8":"first","9":"instock","10":"shipping-taxable","11":"product-type-simple","12":"berocket_lgv_grid","13":"berocket_lgv_list_grid"},"yoast_head":"<!-- This site is optimized with the Yoast SEO plugin v27.2 - https:\/\/yoast.com\/product\/yoast-seo-wordpress\/ -->\n<title>JET | AEP transducers<\/title>\n<meta name=\"robots\" content=\"index, follow, max-snippet:-1, max-image-preview:large, max-video-preview:-1\" \/>\n<link rel=\"canonical\" href=\"https:\/\/www.aep.it\/es\/producto\/manometros-digitales\/jet\/\" \/>\n<meta property=\"og:locale\" content=\"es_ES\" \/>\n<meta property=\"og:type\" content=\"article\" \/>\n<meta property=\"og:title\" content=\"JET | AEP transducers\" \/>\n<meta property=\"og:description\" content=\"Presiones RELATIVAS de 100 mbar a\u00a03000 bar Presiones ABSOLUTAS de 1 bar a 10 bar Medida VAC\u00cdA relativa -1 bar Medida de TEMPERATURA de 0 a 50 \u00b0 C Linealidad e Hist\u00e9resis 0.20% versi\u00f3n EST\u00c1NDAR Linealidad e Hist\u00e9resis 0.10% de alta precisi\u00f3n Display retroiluminado DATA LOGGER programable para registrar el progreso de PRESI\u00d3N y TEMPERATURA a lo largo del tiempo Reemplaza las grabadoras de papel  Versi\u00f3n con transmisi\u00f3n WIRELESS Distancia m\u00e1xima 100 m en \u00e1rea libre\" \/>\n<meta property=\"og:url\" content=\"https:\/\/www.aep.it\/es\/producto\/manometros-digitales\/jet\/\" \/>\n<meta property=\"og:site_name\" content=\"AEP transducers\" \/>\n<meta property=\"article:publisher\" content=\"https:\/\/www.facebook.com\/AEP-transducers-212611005540305\" \/>\n<meta property=\"article:modified_time\" content=\"2020-10-02T06:52:57+00:00\" \/>\n<meta property=\"og:image\" content=\"https:\/\/www.aep.it\/wp-content\/uploads\/2020\/03\/JET-COVER.jpg\" \/>\n\t<meta property=\"og:image:width\" content=\"600\" \/>\n\t<meta property=\"og:image:height\" content=\"600\" \/>\n\t<meta property=\"og:image:type\" content=\"image\/jpeg\" \/>\n<meta name=\"twitter:card\" content=\"summary_large_image\" \/>\n<meta name=\"twitter:label1\" content=\"Tiempo de lectura\" \/>\n\t<meta name=\"twitter:data1\" content=\"2 minutos\" \/>\n<script type=\"application\/ld+json\" class=\"yoast-schema-graph\">{\"@context\":\"https:\/\/schema.org\",\"@graph\":[{\"@type\":\"WebPage\",\"@id\":\"https:\/\/www.aep.it\/es\/producto\/manometros-digitales\/jet\/\",\"url\":\"https:\/\/www.aep.it\/es\/producto\/manometros-digitales\/jet\/\",\"name\":\"JET | AEP transducers\",\"isPartOf\":{\"@id\":\"https:\/\/www.aep.it\/es\/#website\"},\"primaryImageOfPage\":{\"@id\":\"https:\/\/www.aep.it\/es\/producto\/manometros-digitales\/jet\/#primaryimage\"},\"image\":{\"@id\":\"https:\/\/www.aep.it\/es\/producto\/manometros-digitales\/jet\/#primaryimage\"},\"thumbnailUrl\":\"https:\/\/www.aep.it\/wp-content\/uploads\/2020\/03\/JET-COVER.jpg\",\"datePublished\":\"2019-12-19T15:42:39+00:00\",\"dateModified\":\"2020-10-02T06:52:57+00:00\",\"breadcrumb\":{\"@id\":\"https:\/\/www.aep.it\/es\/producto\/manometros-digitales\/jet\/#breadcrumb\"},\"inLanguage\":\"es\",\"potentialAction\":[{\"@type\":\"ReadAction\",\"target\":[\"https:\/\/www.aep.it\/es\/producto\/manometros-digitales\/jet\/\"]}]},{\"@type\":\"ImageObject\",\"inLanguage\":\"es\",\"@id\":\"https:\/\/www.aep.it\/es\/producto\/manometros-digitales\/jet\/#primaryimage\",\"url\":\"https:\/\/www.aep.it\/wp-content\/uploads\/2020\/03\/JET-COVER.jpg\",\"contentUrl\":\"https:\/\/www.aep.it\/wp-content\/uploads\/2020\/03\/JET-COVER.jpg\",\"width\":600,\"height\":600},{\"@type\":\"BreadcrumbList\",\"@id\":\"https:\/\/www.aep.it\/es\/producto\/manometros-digitales\/jet\/#breadcrumb\",\"itemListElement\":[{\"@type\":\"ListItem\",\"position\":1,\"name\":\"Home\",\"item\":\"https:\/\/www.aep.it\/es\/\"},{\"@type\":\"ListItem\",\"position\":2,\"name\":\"Productos\",\"item\":\"https:\/\/www.aep.it\/es\/shop\/\"},{\"@type\":\"ListItem\",\"position\":3,\"name\":\"JET\"}]},{\"@type\":\"WebSite\",\"@id\":\"https:\/\/www.aep.it\/es\/#website\",\"url\":\"https:\/\/www.aep.it\/es\/\",\"name\":\"AEP transducers\",\"description\":\"\",\"publisher\":{\"@id\":\"https:\/\/www.aep.it\/es\/#organization\"},\"potentialAction\":[{\"@type\":\"SearchAction\",\"target\":{\"@type\":\"EntryPoint\",\"urlTemplate\":\"https:\/\/www.aep.it\/es\/?s={search_term_string}\"},\"query-input\":{\"@type\":\"PropertyValueSpecification\",\"valueRequired\":true,\"valueName\":\"search_term_string\"}}],\"inLanguage\":\"es\"},{\"@type\":\"Organization\",\"@id\":\"https:\/\/www.aep.it\/es\/#organization\",\"name\":\"AEP Transducers\",\"url\":\"https:\/\/www.aep.it\/es\/\",\"logo\":{\"@type\":\"ImageObject\",\"inLanguage\":\"es\",\"@id\":\"https:\/\/www.aep.it\/es\/#\/schema\/logo\/image\/\",\"url\":\"https:\/\/www.aep.it\/wp-content\/uploads\/2020\/03\/logo-vettoriale-def.png\",\"contentUrl\":\"https:\/\/www.aep.it\/wp-content\/uploads\/2020\/03\/logo-vettoriale-def.png\",\"width\":2000,\"height\":284,\"caption\":\"AEP Transducers\"},\"image\":{\"@id\":\"https:\/\/www.aep.it\/es\/#\/schema\/logo\/image\/\"},\"sameAs\":[\"https:\/\/www.facebook.com\/AEP-transducers-212611005540305\"]}]}<\/script>\n<!-- \/ Yoast SEO plugin. -->","yoast_head_json":{"title":"JET | AEP transducers","robots":{"index":"index","follow":"follow","max-snippet":"max-snippet:-1","max-image-preview":"max-image-preview:large","max-video-preview":"max-video-preview:-1"},"canonical":"https:\/\/www.aep.it\/es\/producto\/manometros-digitales\/jet\/","og_locale":"es_ES","og_type":"article","og_title":"JET | AEP transducers","og_description":"Presiones RELATIVAS de 100 mbar a\u00a03000 bar Presiones ABSOLUTAS de 1 bar a 10 bar Medida VAC\u00cdA relativa -1 bar Medida de TEMPERATURA de 0 a 50 \u00b0 C Linealidad e Hist\u00e9resis 0.20% versi\u00f3n EST\u00c1NDAR Linealidad e Hist\u00e9resis 0.10% de alta precisi\u00f3n Display retroiluminado DATA LOGGER programable para registrar el progreso de PRESI\u00d3N y TEMPERATURA a lo largo del tiempo Reemplaza las grabadoras de papel  Versi\u00f3n con transmisi\u00f3n WIRELESS Distancia m\u00e1xima 100 m en \u00e1rea libre","og_url":"https:\/\/www.aep.it\/es\/producto\/manometros-digitales\/jet\/","og_site_name":"AEP transducers","article_publisher":"https:\/\/www.facebook.com\/AEP-transducers-212611005540305","article_modified_time":"2020-10-02T06:52:57+00:00","og_image":[{"width":600,"height":600,"url":"https:\/\/www.aep.it\/wp-content\/uploads\/2020\/03\/JET-COVER.jpg","type":"image\/jpeg"}],"twitter_card":"summary_large_image","twitter_misc":{"Tiempo de lectura":"2 minutos"},"schema":{"@context":"https:\/\/schema.org","@graph":[{"@type":"WebPage","@id":"https:\/\/www.aep.it\/es\/producto\/manometros-digitales\/jet\/","url":"https:\/\/www.aep.it\/es\/producto\/manometros-digitales\/jet\/","name":"JET | AEP transducers","isPartOf":{"@id":"https:\/\/www.aep.it\/es\/#website"},"primaryImageOfPage":{"@id":"https:\/\/www.aep.it\/es\/producto\/manometros-digitales\/jet\/#primaryimage"},"image":{"@id":"https:\/\/www.aep.it\/es\/producto\/manometros-digitales\/jet\/#primaryimage"},"thumbnailUrl":"https:\/\/www.aep.it\/wp-content\/uploads\/2020\/03\/JET-COVER.jpg","datePublished":"2019-12-19T15:42:39+00:00","dateModified":"2020-10-02T06:52:57+00:00","breadcrumb":{"@id":"https:\/\/www.aep.it\/es\/producto\/manometros-digitales\/jet\/#breadcrumb"},"inLanguage":"es","potentialAction":[{"@type":"ReadAction","target":["https:\/\/www.aep.it\/es\/producto\/manometros-digitales\/jet\/"]}]},{"@type":"ImageObject","inLanguage":"es","@id":"https:\/\/www.aep.it\/es\/producto\/manometros-digitales\/jet\/#primaryimage","url":"https:\/\/www.aep.it\/wp-content\/uploads\/2020\/03\/JET-COVER.jpg","contentUrl":"https:\/\/www.aep.it\/wp-content\/uploads\/2020\/03\/JET-COVER.jpg","width":600,"height":600},{"@type":"BreadcrumbList","@id":"https:\/\/www.aep.it\/es\/producto\/manometros-digitales\/jet\/#breadcrumb","itemListElement":[{"@type":"ListItem","position":1,"name":"Home","item":"https:\/\/www.aep.it\/es\/"},{"@type":"ListItem","position":2,"name":"Productos","item":"https:\/\/www.aep.it\/es\/shop\/"},{"@type":"ListItem","position":3,"name":"JET"}]},{"@type":"WebSite","@id":"https:\/\/www.aep.it\/es\/#website","url":"https:\/\/www.aep.it\/es\/","name":"AEP transducers","description":"","publisher":{"@id":"https:\/\/www.aep.it\/es\/#organization"},"potentialAction":[{"@type":"SearchAction","target":{"@type":"EntryPoint","urlTemplate":"https:\/\/www.aep.it\/es\/?s={search_term_string}"},"query-input":{"@type":"PropertyValueSpecification","valueRequired":true,"valueName":"search_term_string"}}],"inLanguage":"es"},{"@type":"Organization","@id":"https:\/\/www.aep.it\/es\/#organization","name":"AEP Transducers","url":"https:\/\/www.aep.it\/es\/","logo":{"@type":"ImageObject","inLanguage":"es","@id":"https:\/\/www.aep.it\/es\/#\/schema\/logo\/image\/","url":"https:\/\/www.aep.it\/wp-content\/uploads\/2020\/03\/logo-vettoriale-def.png","contentUrl":"https:\/\/www.aep.it\/wp-content\/uploads\/2020\/03\/logo-vettoriale-def.png","width":2000,"height":284,"caption":"AEP Transducers"},"image":{"@id":"https:\/\/www.aep.it\/es\/#\/schema\/logo\/image\/"},"sameAs":["https:\/\/www.facebook.com\/AEP-transducers-212611005540305"]}]}},"_links":{"self":[{"href":"https:\/\/www.aep.it\/es\/wp-json\/wp\/v2\/product\/3238","targetHints":{"allow":["GET"]}}],"collection":[{"href":"https:\/\/www.aep.it\/es\/wp-json\/wp\/v2\/product"}],"about":[{"href":"https:\/\/www.aep.it\/es\/wp-json\/wp\/v2\/types\/product"}],"wp:featuredmedia":[{"embeddable":true,"href":"https:\/\/www.aep.it\/es\/wp-json\/wp\/v2\/media\/7460"}],"wp:attachment":[{"href":"https:\/\/www.aep.it\/es\/wp-json\/wp\/v2\/media?parent=3238"}],"wp:term":[{"taxonomy":"product_brand","embeddable":true,"href":"https:\/\/www.aep.it\/es\/wp-json\/wp\/v2\/product_brand?post=3238"},{"taxonomy":"product_cat","embeddable":true,"href":"https:\/\/www.aep.it\/es\/wp-json\/wp\/v2\/product_cat?post=3238"},{"taxonomy":"product_tag","embeddable":true,"href":"https:\/\/www.aep.it\/es\/wp-json\/wp\/v2\/product_tag?post=3238"}],"curies":[{"name":"wp","href":"https:\/\/api.w.org\/{rel}","templated":true}]}}