{"id":3307,"date":"2019-12-19T17:36:11","date_gmt":"2019-12-19T16:36:11","guid":{"rendered":"http:\/\/www.aep.it\/prodotto\/sin%20categor\u00eda\/dfp\/"},"modified":"2020-10-02T10:30:04","modified_gmt":"2020-10-02T08:30:04","slug":"dfp","status":"publish","type":"product","link":"https:\/\/www.aep.it\/es\/producto\/manometros-digitales\/dfp\/","title":{"rendered":"DFP"},"content":{"rendered":"<p>[vc_row][vc_column][vc_column_text]Contenedor de metal<br \/>\nSensor de acero inoxidable<br \/>\nConexi\u00f3n de proceso 1\/2 &#8220;Gas macho<br \/>\nLa parte sensible en contacto con la presi\u00f3n est\u00e1 hecha enteramente de acero inoxidable resistente a la corrosi\u00f3n PH 17-4<br \/>\nProtecci\u00f3n IP65<br \/>\nBater\u00edas internas no recargables con 1 a\u00f1o de autonom\u00eda<br \/>\nResoluci\u00f3n, filtro digital y unidades de medida programables<br \/>\nFunciones de cero y pico (presi\u00f3n positiva y de vac\u00edo)<br \/>\nIndicaci\u00f3n anal\u00f3gica de la presi\u00f3n siempre activa (gr\u00e1fico de barras)<br \/>\nConversi\u00f3n en unidades de medida: bar, kg, t, daN, kN<br \/>\nAlimentaci\u00f3n externa (opci\u00f3n)<br \/>\nSalida serie RS232C (opci\u00f3n)<br \/>\nContenedor empotrado (opci\u00f3n)[\/vc_column_text][vc_separator][vc_column_text]<strong>ACCESSORIOS<\/strong>[\/vc_column_text][vc_row_inner content_placement=&#8221;middle&#8221;][vc_column_inner][vc_column_text]CUBIERTA DE SILICONA A prueba de golpes<br \/>\nAlimentaci\u00f3n externa<br \/>\nCable RS232C<br \/>\nAdaptador RS232C-USB<br \/>\nInforme de calibraci\u00f3n<br \/>\nCertificado ACCREDIA<br \/>\nCASO para el transporte[\/vc_column_text][vc_separator][\/vc_column_inner][\/vc_row_inner][vc_row_inner content_placement=&#8221;middle&#8221;][vc_column_inner][vc_column_text]Software<br \/>\n<strong>WinTEST1<br \/>\nQuick analyzer<br \/>\n<\/strong><strong>Quick analyzer Light\u00a0<\/strong><br \/>\nSoftware de aplicaci\u00f3n que interact\u00faa directamente con el man\u00f3metro y apoya al operador en las diversas funciones de prueba, an\u00e1lisis, monitoreo de tiempo, almacenamiento de datos, administraci\u00f3n de DATA LOGGER, transferencia de mediciones en Microsoft Excel, etc.[\/vc_column_text][\/vc_column_inner][\/vc_row_inner][\/vc_column][\/vc_row]<\/p>\n","protected":false},"excerpt":{"rendered":"<p>Presiones RELATIVAS de 10 bar a\u00a0<strong>3000 bar<\/strong> Medida VAC\u00cdA relativa -1 bar Medida de TEMPERATURA de 0 a 50 \u00b0 C Medida de la temperatura del fluido Linealidad e Hist\u00e9resis 0.10% <strong>POSIBILIDAD DE VISUALIZAR LA PRESION Y LA FUERZA DE EMPUJE DE UN CILINDRO<\/strong><\/p>\n<p><img decoding=\"async\" class=\"alignnone size-full wp-image-8975\" src=\"https:\/\/www.aep.it\/wp-content\/uploads\/2019\/12\/label-eac-2.jpg\" alt=\"\" width=\"150\" height=\"70\" \/><\/p>\n","protected":false},"featured_media":7427,"template":"","meta":[],"product_brand":[],"product_cat":[88],"product_tag":[],"class_list":{"0":"post-3307","1":"product","2":"type-product","3":"status-publish","4":"has-post-thumbnail","6":"product_cat-manometros-digitales","8":"first","9":"instock","10":"shipping-taxable","11":"product-type-simple","12":"berocket_lgv_grid","13":"berocket_lgv_list_grid"},"yoast_head":"<!-- This site is optimized with the Yoast SEO plugin v27.2 - https:\/\/yoast.com\/product\/yoast-seo-wordpress\/ -->\n<title>DFP | AEP transducers<\/title>\n<meta name=\"robots\" content=\"index, follow, max-snippet:-1, max-image-preview:large, max-video-preview:-1\" \/>\n<link rel=\"canonical\" href=\"https:\/\/www.aep.it\/es\/producto\/manometros-digitales\/dfp\/\" \/>\n<meta property=\"og:locale\" content=\"es_ES\" \/>\n<meta property=\"og:type\" content=\"article\" \/>\n<meta property=\"og:title\" content=\"DFP | AEP transducers\" \/>\n<meta property=\"og:description\" content=\"Presiones RELATIVAS de 10 bar a\u00a03000 bar Medida VAC\u00cdA relativa -1 bar Medida de TEMPERATURA de 0 a 50 \u00b0 C Medida de la temperatura del fluido Linealidad e Hist\u00e9resis 0.10% POSIBILIDAD DE VISUALIZAR LA PRESION Y LA FUERZA DE EMPUJE DE UN CILINDRO\" \/>\n<meta property=\"og:url\" content=\"https:\/\/www.aep.it\/es\/producto\/manometros-digitales\/dfp\/\" \/>\n<meta property=\"og:site_name\" content=\"AEP transducers\" \/>\n<meta property=\"article:publisher\" content=\"https:\/\/www.facebook.com\/AEP-transducers-212611005540305\" \/>\n<meta property=\"article:modified_time\" content=\"2020-10-02T08:30:04+00:00\" \/>\n<meta property=\"og:image\" content=\"https:\/\/www.aep.it\/wp-content\/uploads\/2020\/03\/DFP.jpg\" \/>\n\t<meta property=\"og:image:width\" content=\"600\" \/>\n\t<meta property=\"og:image:height\" content=\"600\" \/>\n\t<meta property=\"og:image:type\" content=\"image\/jpeg\" \/>\n<meta name=\"twitter:card\" content=\"summary_large_image\" \/>\n<meta name=\"twitter:label1\" content=\"Tiempo de lectura\" \/>\n\t<meta name=\"twitter:data1\" content=\"1 minuto\" \/>\n<script type=\"application\/ld+json\" class=\"yoast-schema-graph\">{\"@context\":\"https:\/\/schema.org\",\"@graph\":[{\"@type\":\"WebPage\",\"@id\":\"https:\/\/www.aep.it\/es\/producto\/manometros-digitales\/dfp\/\",\"url\":\"https:\/\/www.aep.it\/es\/producto\/manometros-digitales\/dfp\/\",\"name\":\"DFP | AEP transducers\",\"isPartOf\":{\"@id\":\"https:\/\/www.aep.it\/es\/#website\"},\"primaryImageOfPage\":{\"@id\":\"https:\/\/www.aep.it\/es\/producto\/manometros-digitales\/dfp\/#primaryimage\"},\"image\":{\"@id\":\"https:\/\/www.aep.it\/es\/producto\/manometros-digitales\/dfp\/#primaryimage\"},\"thumbnailUrl\":\"https:\/\/www.aep.it\/wp-content\/uploads\/2020\/03\/DFP.jpg\",\"datePublished\":\"2019-12-19T16:36:11+00:00\",\"dateModified\":\"2020-10-02T08:30:04+00:00\",\"breadcrumb\":{\"@id\":\"https:\/\/www.aep.it\/es\/producto\/manometros-digitales\/dfp\/#breadcrumb\"},\"inLanguage\":\"es\",\"potentialAction\":[{\"@type\":\"ReadAction\",\"target\":[\"https:\/\/www.aep.it\/es\/producto\/manometros-digitales\/dfp\/\"]}]},{\"@type\":\"ImageObject\",\"inLanguage\":\"es\",\"@id\":\"https:\/\/www.aep.it\/es\/producto\/manometros-digitales\/dfp\/#primaryimage\",\"url\":\"https:\/\/www.aep.it\/wp-content\/uploads\/2020\/03\/DFP.jpg\",\"contentUrl\":\"https:\/\/www.aep.it\/wp-content\/uploads\/2020\/03\/DFP.jpg\",\"width\":600,\"height\":600},{\"@type\":\"BreadcrumbList\",\"@id\":\"https:\/\/www.aep.it\/es\/producto\/manometros-digitales\/dfp\/#breadcrumb\",\"itemListElement\":[{\"@type\":\"ListItem\",\"position\":1,\"name\":\"Home\",\"item\":\"https:\/\/www.aep.it\/es\/\"},{\"@type\":\"ListItem\",\"position\":2,\"name\":\"Productos\",\"item\":\"https:\/\/www.aep.it\/es\/shop\/\"},{\"@type\":\"ListItem\",\"position\":3,\"name\":\"DFP\"}]},{\"@type\":\"WebSite\",\"@id\":\"https:\/\/www.aep.it\/es\/#website\",\"url\":\"https:\/\/www.aep.it\/es\/\",\"name\":\"AEP transducers\",\"description\":\"\",\"publisher\":{\"@id\":\"https:\/\/www.aep.it\/es\/#organization\"},\"potentialAction\":[{\"@type\":\"SearchAction\",\"target\":{\"@type\":\"EntryPoint\",\"urlTemplate\":\"https:\/\/www.aep.it\/es\/?s={search_term_string}\"},\"query-input\":{\"@type\":\"PropertyValueSpecification\",\"valueRequired\":true,\"valueName\":\"search_term_string\"}}],\"inLanguage\":\"es\"},{\"@type\":\"Organization\",\"@id\":\"https:\/\/www.aep.it\/es\/#organization\",\"name\":\"AEP Transducers\",\"url\":\"https:\/\/www.aep.it\/es\/\",\"logo\":{\"@type\":\"ImageObject\",\"inLanguage\":\"es\",\"@id\":\"https:\/\/www.aep.it\/es\/#\/schema\/logo\/image\/\",\"url\":\"https:\/\/www.aep.it\/wp-content\/uploads\/2020\/03\/logo-vettoriale-def.png\",\"contentUrl\":\"https:\/\/www.aep.it\/wp-content\/uploads\/2020\/03\/logo-vettoriale-def.png\",\"width\":2000,\"height\":284,\"caption\":\"AEP Transducers\"},\"image\":{\"@id\":\"https:\/\/www.aep.it\/es\/#\/schema\/logo\/image\/\"},\"sameAs\":[\"https:\/\/www.facebook.com\/AEP-transducers-212611005540305\"]}]}<\/script>\n<!-- \/ Yoast SEO plugin. -->","yoast_head_json":{"title":"DFP | AEP transducers","robots":{"index":"index","follow":"follow","max-snippet":"max-snippet:-1","max-image-preview":"max-image-preview:large","max-video-preview":"max-video-preview:-1"},"canonical":"https:\/\/www.aep.it\/es\/producto\/manometros-digitales\/dfp\/","og_locale":"es_ES","og_type":"article","og_title":"DFP | AEP transducers","og_description":"Presiones RELATIVAS de 10 bar a\u00a03000 bar Medida VAC\u00cdA relativa -1 bar Medida de TEMPERATURA de 0 a 50 \u00b0 C Medida de la temperatura del fluido Linealidad e Hist\u00e9resis 0.10% POSIBILIDAD DE VISUALIZAR LA PRESION Y LA FUERZA DE EMPUJE DE UN CILINDRO","og_url":"https:\/\/www.aep.it\/es\/producto\/manometros-digitales\/dfp\/","og_site_name":"AEP transducers","article_publisher":"https:\/\/www.facebook.com\/AEP-transducers-212611005540305","article_modified_time":"2020-10-02T08:30:04+00:00","og_image":[{"width":600,"height":600,"url":"https:\/\/www.aep.it\/wp-content\/uploads\/2020\/03\/DFP.jpg","type":"image\/jpeg"}],"twitter_card":"summary_large_image","twitter_misc":{"Tiempo de lectura":"1 minuto"},"schema":{"@context":"https:\/\/schema.org","@graph":[{"@type":"WebPage","@id":"https:\/\/www.aep.it\/es\/producto\/manometros-digitales\/dfp\/","url":"https:\/\/www.aep.it\/es\/producto\/manometros-digitales\/dfp\/","name":"DFP | AEP transducers","isPartOf":{"@id":"https:\/\/www.aep.it\/es\/#website"},"primaryImageOfPage":{"@id":"https:\/\/www.aep.it\/es\/producto\/manometros-digitales\/dfp\/#primaryimage"},"image":{"@id":"https:\/\/www.aep.it\/es\/producto\/manometros-digitales\/dfp\/#primaryimage"},"thumbnailUrl":"https:\/\/www.aep.it\/wp-content\/uploads\/2020\/03\/DFP.jpg","datePublished":"2019-12-19T16:36:11+00:00","dateModified":"2020-10-02T08:30:04+00:00","breadcrumb":{"@id":"https:\/\/www.aep.it\/es\/producto\/manometros-digitales\/dfp\/#breadcrumb"},"inLanguage":"es","potentialAction":[{"@type":"ReadAction","target":["https:\/\/www.aep.it\/es\/producto\/manometros-digitales\/dfp\/"]}]},{"@type":"ImageObject","inLanguage":"es","@id":"https:\/\/www.aep.it\/es\/producto\/manometros-digitales\/dfp\/#primaryimage","url":"https:\/\/www.aep.it\/wp-content\/uploads\/2020\/03\/DFP.jpg","contentUrl":"https:\/\/www.aep.it\/wp-content\/uploads\/2020\/03\/DFP.jpg","width":600,"height":600},{"@type":"BreadcrumbList","@id":"https:\/\/www.aep.it\/es\/producto\/manometros-digitales\/dfp\/#breadcrumb","itemListElement":[{"@type":"ListItem","position":1,"name":"Home","item":"https:\/\/www.aep.it\/es\/"},{"@type":"ListItem","position":2,"name":"Productos","item":"https:\/\/www.aep.it\/es\/shop\/"},{"@type":"ListItem","position":3,"name":"DFP"}]},{"@type":"WebSite","@id":"https:\/\/www.aep.it\/es\/#website","url":"https:\/\/www.aep.it\/es\/","name":"AEP transducers","description":"","publisher":{"@id":"https:\/\/www.aep.it\/es\/#organization"},"potentialAction":[{"@type":"SearchAction","target":{"@type":"EntryPoint","urlTemplate":"https:\/\/www.aep.it\/es\/?s={search_term_string}"},"query-input":{"@type":"PropertyValueSpecification","valueRequired":true,"valueName":"search_term_string"}}],"inLanguage":"es"},{"@type":"Organization","@id":"https:\/\/www.aep.it\/es\/#organization","name":"AEP Transducers","url":"https:\/\/www.aep.it\/es\/","logo":{"@type":"ImageObject","inLanguage":"es","@id":"https:\/\/www.aep.it\/es\/#\/schema\/logo\/image\/","url":"https:\/\/www.aep.it\/wp-content\/uploads\/2020\/03\/logo-vettoriale-def.png","contentUrl":"https:\/\/www.aep.it\/wp-content\/uploads\/2020\/03\/logo-vettoriale-def.png","width":2000,"height":284,"caption":"AEP Transducers"},"image":{"@id":"https:\/\/www.aep.it\/es\/#\/schema\/logo\/image\/"},"sameAs":["https:\/\/www.facebook.com\/AEP-transducers-212611005540305"]}]}},"_links":{"self":[{"href":"https:\/\/www.aep.it\/es\/wp-json\/wp\/v2\/product\/3307","targetHints":{"allow":["GET"]}}],"collection":[{"href":"https:\/\/www.aep.it\/es\/wp-json\/wp\/v2\/product"}],"about":[{"href":"https:\/\/www.aep.it\/es\/wp-json\/wp\/v2\/types\/product"}],"wp:featuredmedia":[{"embeddable":true,"href":"https:\/\/www.aep.it\/es\/wp-json\/wp\/v2\/media\/7427"}],"wp:attachment":[{"href":"https:\/\/www.aep.it\/es\/wp-json\/wp\/v2\/media?parent=3307"}],"wp:term":[{"taxonomy":"product_brand","embeddable":true,"href":"https:\/\/www.aep.it\/es\/wp-json\/wp\/v2\/product_brand?post=3307"},{"taxonomy":"product_cat","embeddable":true,"href":"https:\/\/www.aep.it\/es\/wp-json\/wp\/v2\/product_cat?post=3307"},{"taxonomy":"product_tag","embeddable":true,"href":"https:\/\/www.aep.it\/es\/wp-json\/wp\/v2\/product_tag?post=3307"}],"curies":[{"name":"wp","href":"https:\/\/api.w.org\/{rel}","templated":true}]}}