{"id":3433,"date":"2019-12-19T18:46:47","date_gmt":"2019-12-19T17:46:47","guid":{"rendered":"http:\/\/www.aep.it\/prodotto\/sin%20categor\u00eda\/dynamicstar\/"},"modified":"2025-11-03T15:12:50","modified_gmt":"2025-11-03T14:12:50","slug":"dynamicstar","status":"publish","type":"product","link":"https:\/\/www.aep.it\/es\/producto\/instrumentacion-electronica\/dynamicstar\/","title":{"rendered":"DYNAMICSTAR"},"content":{"rendered":"<p>[vc_row][vc_column][vc_column_text]<\/p>\n<p>Contenedor de metal Display\u00a0gr\u00e1fico retroiluminado Bater\u00eda interna recargable con una autonom\u00eda de 8 horas Protecci\u00f3n: IP40 Funciones: CERO, FILTRO, PICO, \u00a0APAGADO AUTOM\u00c1TICO, DATA LOGGER Salida USB Completo de maleta y alimentador con cable USB OPCIONES Software WinSTAR que \u00a0permite registrar pruebas y test en tiempo real en el PC y descargar el Data Logger.<\/p>\n<p>[\/vc_column_text][\/vc_column][\/vc_row][vc_row][vc_column width=&#8221;1\/3&#8243;][vc_single_image image=&#8221;3413&#8243; img_size=&#8221;full&#8221; alignment=&#8221;center&#8221; onclick=&#8221;link_image&#8221;][\/vc_column][vc_column width=&#8221;1\/3&#8243;][vc_single_image image=&#8221;3416&#8243; img_size=&#8221;full&#8221; alignment=&#8221;center&#8221; onclick=&#8221;link_image&#8221;][\/vc_column][vc_column width=&#8221;1\/3&#8243;][vc_single_image image=&#8221;3419&#8243; img_size=&#8221;full&#8221; alignment=&#8221;center&#8221; onclick=&#8221;link_image&#8221;][\/vc_column][\/vc_row][vc_row][vc_column][vc_separator][vc_column_text]<\/p>\n<p><strong>ACCESSORIOS<\/strong><\/p>\n<p>[\/vc_column_text][vc_row_inner content_placement=&#8221;middle&#8221;][vc_column_inner width=&#8221;1\/2&#8243;][vc_single_image image=&#8221;3383&#8243; img_size=&#8221;full&#8221; onclick=&#8221;link_image&#8221;][\/vc_column_inner][vc_column_inner width=&#8221;1\/2&#8243;][vc_column_text]<\/p>\n<p>Maleta para el transporte Alimentador con cable USB<\/p>\n<p>[\/vc_column_text][\/vc_column_inner][\/vc_row_inner][vc_row_inner content_placement=&#8221;middle&#8221;][vc_column_inner width=&#8221;1\/2&#8243;][vc_single_image image=&#8221;7677&#8243; img_size=&#8221;full&#8221; onclick=&#8221;link_image&#8221;][\/vc_column_inner][vc_column_inner width=&#8221;1\/2&#8243;][vc_column_text]<\/p>\n<p><b>Dynamicstar forza + Encoder<\/b><\/p>\n<p>[\/vc_column_text][\/vc_column_inner][\/vc_row_inner][vc_row_inner content_placement=&#8221;middle&#8221;][vc_column_inner width=&#8221;1\/2&#8243;][vc_images_carousel images=&#8221;7686,7683&#8243; img_size=&#8221;full&#8221;][\/vc_column_inner][vc_column_inner width=&#8221;1\/2&#8243;][vc_column_text]<\/p>\n<p><b>Esempi Applicativi<\/b><\/p>\n<p>[\/vc_column_text][\/vc_column_inner][\/vc_row_inner][vc_row_inner content_placement=&#8221;middle&#8221;][vc_column_inner width=&#8221;1\/2&#8243;][vc_single_image image=&#8221;3398&#8243; img_size=&#8221;full&#8221; onclick=&#8221;link_image&#8221;][\/vc_column_inner][vc_column_inner width=&#8221;1\/2&#8243;][vc_column_text]<\/p>\n<p><strong>WinSATAR<\/strong>: Software de aplicaci\u00f3n para monitorizar, analizar y registrar el desarrollo en tiempo real de pruebas y test sobre un s\u00f3lo\u00a0sensor. Lectura y gesti\u00f3n de los datos descargados por el Data Logger.<\/p>\n<p>[\/vc_column_text][\/vc_column_inner][\/vc_row_inner][\/vc_column][\/vc_row]<\/p>\n","protected":false},"excerpt":{"rendered":"<p><img decoding=\"async\" class=\"alignnone wp-image-3423 size-full\" src=\"http:\/\/www.aep.it\/wp-content\/uploads\/2019\/12\/DynamicSTAR.jpg\" alt=\"\" width=\"827\" height=\"188\" srcset=\"https:\/\/www.aep.it\/wp-content\/uploads\/2019\/12\/DynamicSTAR.jpg 827w, https:\/\/www.aep.it\/wp-content\/uploads\/2019\/12\/DynamicSTAR-600x136.jpg 600w, https:\/\/www.aep.it\/wp-content\/uploads\/2019\/12\/DynamicSTAR-300x68.jpg 300w, https:\/\/www.aep.it\/wp-content\/uploads\/2019\/12\/DynamicSTAR-768x175.jpg 768w\" sizes=\"(max-width: 827px) 100vw, 827px\" \/> Indicador de mano profesional\u00a0ergon\u00f3mico extremadamente vers\u00e1til y f\u00e1cil de usar para las medidas de FUERZA, PESO,\u00a0PRESI\u00d3N, PAR, \u00c1GULO, VELOCIDAD, y POTENCIA. Particularmente adecuado tanto para aplicaciones\u00a0<strong>EST\u00c1TICAS\u00a0<\/strong>donde trabaja con una alta resoluci\u00f3n (200.000 \u00b1 divisiones en 2 mV \/ V) para aplicaciones\u00a0<strong>DIN\u00c1MICAS\u00a0<\/strong>gracias a una velocidad de adquisici\u00f3n programable hasta\u00a0<strong>19,2 kHz<\/strong> Registrador de datos interna que permite grabar la evidencia interna, incluso a la m\u00e1xima velocidad de adquisici\u00f3n y luego transferirlos a un PC con el software de an\u00e1lisis de Winstar para imprimir, archivo, etc &#8230; Entrada principal (CH1) con reconocimiento autom\u00e1tico de 7 sensores externos. Las versiones con un segundo entrada (CH2) para\u00a0<strong>ENCODER<\/strong>\u00a0adecuado para las medidas de\u00a0\u00c1GULO, VELOCIDAD y POTENCIA.<\/p>\n<p><img decoding=\"async\" class=\"alignnone size-full wp-image-8975\" src=\"https:\/\/www.aep.it\/wp-content\/uploads\/2019\/12\/label-eac-2.jpg\" alt=\"\" width=\"150\" height=\"70\" \/><\/p>\n","protected":false},"featured_media":7253,"template":"","meta":[],"product_brand":[],"product_cat":[90],"product_tag":[],"class_list":{"0":"post-3433","1":"product","2":"type-product","3":"status-publish","4":"has-post-thumbnail","6":"product_cat-instrumentacion-electronica","8":"first","9":"instock","10":"shipping-taxable","11":"product-type-simple","12":"berocket_lgv_grid","13":"berocket_lgv_list_grid"},"yoast_head":"<!-- This site is optimized with the Yoast SEO plugin v27.2 - https:\/\/yoast.com\/product\/yoast-seo-wordpress\/ -->\n<title>DYNAMICSTAR | AEP transducers<\/title>\n<meta name=\"robots\" content=\"index, follow, max-snippet:-1, max-image-preview:large, max-video-preview:-1\" \/>\n<link rel=\"canonical\" href=\"https:\/\/www.aep.it\/es\/producto\/instrumentacion-electronica\/dynamicstar\/\" \/>\n<meta property=\"og:locale\" content=\"es_ES\" \/>\n<meta property=\"og:type\" content=\"article\" \/>\n<meta property=\"og:title\" content=\"DYNAMICSTAR | AEP transducers\" \/>\n<meta property=\"og:description\" content=\"Indicador de mano profesional\u00a0ergon\u00f3mico extremadamente vers\u00e1til y f\u00e1cil de usar para las medidas de FUERZA, PESO,\u00a0PRESI\u00d3N, PAR, \u00c1GULO, VELOCIDAD, y POTENCIA. Particularmente adecuado tanto para aplicaciones\u00a0EST\u00c1TICAS\u00a0donde trabaja con una alta resoluci\u00f3n (200.000 \u00b1 divisiones en 2 mV \/ V) para aplicaciones\u00a0DIN\u00c1MICAS\u00a0gracias a una velocidad de adquisici\u00f3n programable hasta\u00a019,2 kHz Registrador de datos interna que permite grabar la evidencia interna, incluso a la m\u00e1xima velocidad de adquisici\u00f3n y luego transferirlos a un PC con el software de an\u00e1lisis de Winstar para imprimir, archivo, etc ... Entrada principal (CH1) con reconocimiento autom\u00e1tico de 7 sensores externos. Las versiones con un segundo entrada (CH2) para\u00a0ENCODER\u00a0adecuado para las medidas de\u00a0\u00c1GULO, VELOCIDAD y POTENCIA.\" \/>\n<meta property=\"og:url\" content=\"https:\/\/www.aep.it\/es\/producto\/instrumentacion-electronica\/dynamicstar\/\" \/>\n<meta property=\"og:site_name\" content=\"AEP transducers\" \/>\n<meta property=\"article:publisher\" content=\"https:\/\/www.facebook.com\/AEP-transducers-212611005540305\" \/>\n<meta property=\"article:modified_time\" content=\"2025-11-03T14:12:50+00:00\" \/>\n<meta property=\"og:image\" content=\"https:\/\/www.aep.it\/wp-content\/uploads\/2020\/03\/DynamicSTAR.jpg\" \/>\n\t<meta property=\"og:image:width\" content=\"600\" \/>\n\t<meta property=\"og:image:height\" content=\"600\" \/>\n\t<meta property=\"og:image:type\" content=\"image\/jpeg\" \/>\n<meta name=\"twitter:card\" content=\"summary_large_image\" \/>\n<meta name=\"twitter:label1\" content=\"Tiempo de lectura\" \/>\n\t<meta name=\"twitter:data1\" content=\"2 minutos\" \/>\n<script type=\"application\/ld+json\" class=\"yoast-schema-graph\">{\"@context\":\"https:\/\/schema.org\",\"@graph\":[{\"@type\":\"WebPage\",\"@id\":\"https:\/\/www.aep.it\/es\/producto\/instrumentacion-electronica\/dynamicstar\/\",\"url\":\"https:\/\/www.aep.it\/es\/producto\/instrumentacion-electronica\/dynamicstar\/\",\"name\":\"DYNAMICSTAR | AEP transducers\",\"isPartOf\":{\"@id\":\"https:\/\/www.aep.it\/es\/#website\"},\"primaryImageOfPage\":{\"@id\":\"https:\/\/www.aep.it\/es\/producto\/instrumentacion-electronica\/dynamicstar\/#primaryimage\"},\"image\":{\"@id\":\"https:\/\/www.aep.it\/es\/producto\/instrumentacion-electronica\/dynamicstar\/#primaryimage\"},\"thumbnailUrl\":\"https:\/\/www.aep.it\/wp-content\/uploads\/2020\/03\/DynamicSTAR.jpg\",\"datePublished\":\"2019-12-19T17:46:47+00:00\",\"dateModified\":\"2025-11-03T14:12:50+00:00\",\"breadcrumb\":{\"@id\":\"https:\/\/www.aep.it\/es\/producto\/instrumentacion-electronica\/dynamicstar\/#breadcrumb\"},\"inLanguage\":\"es\",\"potentialAction\":[{\"@type\":\"ReadAction\",\"target\":[\"https:\/\/www.aep.it\/es\/producto\/instrumentacion-electronica\/dynamicstar\/\"]}]},{\"@type\":\"ImageObject\",\"inLanguage\":\"es\",\"@id\":\"https:\/\/www.aep.it\/es\/producto\/instrumentacion-electronica\/dynamicstar\/#primaryimage\",\"url\":\"https:\/\/www.aep.it\/wp-content\/uploads\/2020\/03\/DynamicSTAR.jpg\",\"contentUrl\":\"https:\/\/www.aep.it\/wp-content\/uploads\/2020\/03\/DynamicSTAR.jpg\",\"width\":600,\"height\":600},{\"@type\":\"BreadcrumbList\",\"@id\":\"https:\/\/www.aep.it\/es\/producto\/instrumentacion-electronica\/dynamicstar\/#breadcrumb\",\"itemListElement\":[{\"@type\":\"ListItem\",\"position\":1,\"name\":\"Home\",\"item\":\"https:\/\/www.aep.it\/es\/\"},{\"@type\":\"ListItem\",\"position\":2,\"name\":\"Productos\",\"item\":\"https:\/\/www.aep.it\/es\/shop\/\"},{\"@type\":\"ListItem\",\"position\":3,\"name\":\"DYNAMICSTAR\"}]},{\"@type\":\"WebSite\",\"@id\":\"https:\/\/www.aep.it\/es\/#website\",\"url\":\"https:\/\/www.aep.it\/es\/\",\"name\":\"AEP transducers\",\"description\":\"\",\"publisher\":{\"@id\":\"https:\/\/www.aep.it\/es\/#organization\"},\"potentialAction\":[{\"@type\":\"SearchAction\",\"target\":{\"@type\":\"EntryPoint\",\"urlTemplate\":\"https:\/\/www.aep.it\/es\/?s={search_term_string}\"},\"query-input\":{\"@type\":\"PropertyValueSpecification\",\"valueRequired\":true,\"valueName\":\"search_term_string\"}}],\"inLanguage\":\"es\"},{\"@type\":\"Organization\",\"@id\":\"https:\/\/www.aep.it\/es\/#organization\",\"name\":\"AEP Transducers\",\"url\":\"https:\/\/www.aep.it\/es\/\",\"logo\":{\"@type\":\"ImageObject\",\"inLanguage\":\"es\",\"@id\":\"https:\/\/www.aep.it\/es\/#\/schema\/logo\/image\/\",\"url\":\"https:\/\/www.aep.it\/wp-content\/uploads\/2020\/03\/logo-vettoriale-def.png\",\"contentUrl\":\"https:\/\/www.aep.it\/wp-content\/uploads\/2020\/03\/logo-vettoriale-def.png\",\"width\":2000,\"height\":284,\"caption\":\"AEP Transducers\"},\"image\":{\"@id\":\"https:\/\/www.aep.it\/es\/#\/schema\/logo\/image\/\"},\"sameAs\":[\"https:\/\/www.facebook.com\/AEP-transducers-212611005540305\"]}]}<\/script>\n<!-- \/ Yoast SEO plugin. -->","yoast_head_json":{"title":"DYNAMICSTAR | AEP transducers","robots":{"index":"index","follow":"follow","max-snippet":"max-snippet:-1","max-image-preview":"max-image-preview:large","max-video-preview":"max-video-preview:-1"},"canonical":"https:\/\/www.aep.it\/es\/producto\/instrumentacion-electronica\/dynamicstar\/","og_locale":"es_ES","og_type":"article","og_title":"DYNAMICSTAR | AEP transducers","og_description":"Indicador de mano profesional\u00a0ergon\u00f3mico extremadamente vers\u00e1til y f\u00e1cil de usar para las medidas de FUERZA, PESO,\u00a0PRESI\u00d3N, PAR, \u00c1GULO, VELOCIDAD, y POTENCIA. Particularmente adecuado tanto para aplicaciones\u00a0EST\u00c1TICAS\u00a0donde trabaja con una alta resoluci\u00f3n (200.000 \u00b1 divisiones en 2 mV \/ V) para aplicaciones\u00a0DIN\u00c1MICAS\u00a0gracias a una velocidad de adquisici\u00f3n programable hasta\u00a019,2 kHz Registrador de datos interna que permite grabar la evidencia interna, incluso a la m\u00e1xima velocidad de adquisici\u00f3n y luego transferirlos a un PC con el software de an\u00e1lisis de Winstar para imprimir, archivo, etc ... Entrada principal (CH1) con reconocimiento autom\u00e1tico de 7 sensores externos. Las versiones con un segundo entrada (CH2) para\u00a0ENCODER\u00a0adecuado para las medidas de\u00a0\u00c1GULO, VELOCIDAD y POTENCIA.","og_url":"https:\/\/www.aep.it\/es\/producto\/instrumentacion-electronica\/dynamicstar\/","og_site_name":"AEP transducers","article_publisher":"https:\/\/www.facebook.com\/AEP-transducers-212611005540305","article_modified_time":"2025-11-03T14:12:50+00:00","og_image":[{"width":600,"height":600,"url":"https:\/\/www.aep.it\/wp-content\/uploads\/2020\/03\/DynamicSTAR.jpg","type":"image\/jpeg"}],"twitter_card":"summary_large_image","twitter_misc":{"Tiempo de lectura":"2 minutos"},"schema":{"@context":"https:\/\/schema.org","@graph":[{"@type":"WebPage","@id":"https:\/\/www.aep.it\/es\/producto\/instrumentacion-electronica\/dynamicstar\/","url":"https:\/\/www.aep.it\/es\/producto\/instrumentacion-electronica\/dynamicstar\/","name":"DYNAMICSTAR | AEP transducers","isPartOf":{"@id":"https:\/\/www.aep.it\/es\/#website"},"primaryImageOfPage":{"@id":"https:\/\/www.aep.it\/es\/producto\/instrumentacion-electronica\/dynamicstar\/#primaryimage"},"image":{"@id":"https:\/\/www.aep.it\/es\/producto\/instrumentacion-electronica\/dynamicstar\/#primaryimage"},"thumbnailUrl":"https:\/\/www.aep.it\/wp-content\/uploads\/2020\/03\/DynamicSTAR.jpg","datePublished":"2019-12-19T17:46:47+00:00","dateModified":"2025-11-03T14:12:50+00:00","breadcrumb":{"@id":"https:\/\/www.aep.it\/es\/producto\/instrumentacion-electronica\/dynamicstar\/#breadcrumb"},"inLanguage":"es","potentialAction":[{"@type":"ReadAction","target":["https:\/\/www.aep.it\/es\/producto\/instrumentacion-electronica\/dynamicstar\/"]}]},{"@type":"ImageObject","inLanguage":"es","@id":"https:\/\/www.aep.it\/es\/producto\/instrumentacion-electronica\/dynamicstar\/#primaryimage","url":"https:\/\/www.aep.it\/wp-content\/uploads\/2020\/03\/DynamicSTAR.jpg","contentUrl":"https:\/\/www.aep.it\/wp-content\/uploads\/2020\/03\/DynamicSTAR.jpg","width":600,"height":600},{"@type":"BreadcrumbList","@id":"https:\/\/www.aep.it\/es\/producto\/instrumentacion-electronica\/dynamicstar\/#breadcrumb","itemListElement":[{"@type":"ListItem","position":1,"name":"Home","item":"https:\/\/www.aep.it\/es\/"},{"@type":"ListItem","position":2,"name":"Productos","item":"https:\/\/www.aep.it\/es\/shop\/"},{"@type":"ListItem","position":3,"name":"DYNAMICSTAR"}]},{"@type":"WebSite","@id":"https:\/\/www.aep.it\/es\/#website","url":"https:\/\/www.aep.it\/es\/","name":"AEP transducers","description":"","publisher":{"@id":"https:\/\/www.aep.it\/es\/#organization"},"potentialAction":[{"@type":"SearchAction","target":{"@type":"EntryPoint","urlTemplate":"https:\/\/www.aep.it\/es\/?s={search_term_string}"},"query-input":{"@type":"PropertyValueSpecification","valueRequired":true,"valueName":"search_term_string"}}],"inLanguage":"es"},{"@type":"Organization","@id":"https:\/\/www.aep.it\/es\/#organization","name":"AEP Transducers","url":"https:\/\/www.aep.it\/es\/","logo":{"@type":"ImageObject","inLanguage":"es","@id":"https:\/\/www.aep.it\/es\/#\/schema\/logo\/image\/","url":"https:\/\/www.aep.it\/wp-content\/uploads\/2020\/03\/logo-vettoriale-def.png","contentUrl":"https:\/\/www.aep.it\/wp-content\/uploads\/2020\/03\/logo-vettoriale-def.png","width":2000,"height":284,"caption":"AEP Transducers"},"image":{"@id":"https:\/\/www.aep.it\/es\/#\/schema\/logo\/image\/"},"sameAs":["https:\/\/www.facebook.com\/AEP-transducers-212611005540305"]}]}},"_links":{"self":[{"href":"https:\/\/www.aep.it\/es\/wp-json\/wp\/v2\/product\/3433","targetHints":{"allow":["GET"]}}],"collection":[{"href":"https:\/\/www.aep.it\/es\/wp-json\/wp\/v2\/product"}],"about":[{"href":"https:\/\/www.aep.it\/es\/wp-json\/wp\/v2\/types\/product"}],"wp:featuredmedia":[{"embeddable":true,"href":"https:\/\/www.aep.it\/es\/wp-json\/wp\/v2\/media\/7253"}],"wp:attachment":[{"href":"https:\/\/www.aep.it\/es\/wp-json\/wp\/v2\/media?parent=3433"}],"wp:term":[{"taxonomy":"product_brand","embeddable":true,"href":"https:\/\/www.aep.it\/es\/wp-json\/wp\/v2\/product_brand?post=3433"},{"taxonomy":"product_cat","embeddable":true,"href":"https:\/\/www.aep.it\/es\/wp-json\/wp\/v2\/product_cat?post=3433"},{"taxonomy":"product_tag","embeddable":true,"href":"https:\/\/www.aep.it\/es\/wp-json\/wp\/v2\/product_tag?post=3433"}],"curies":[{"name":"wp","href":"https:\/\/api.w.org\/{rel}","templated":true}]}}