{"id":3491,"date":"2019-12-20T09:14:54","date_gmt":"2019-12-20T08:14:54","guid":{"rendered":"http:\/\/www.aep.it\/prodotto\/sin%20categor\u00eda\/mp2plus\/"},"modified":"2025-11-03T15:48:34","modified_gmt":"2025-11-03T14:48:34","slug":"mp2plus","status":"publish","type":"product","link":"https:\/\/www.aep.it\/es\/producto\/instrumentacion-electronica\/mp2plus\/","title":{"rendered":"MP2PLUS"},"content":{"rendered":"<p>[vc_row][vc_column][vc_column_text]Contenedor DIN43700.<br \/>\nLa frequencia de muestreo puede ser instalada por 2.5 muestreos al segundo hasta 4800 (4,8Hz) satisfaciendo las exigncias de aplicaci\u00f3n en las cuales es pedida una\u00a0considerable velocidad de respuesta.<br \/>\nEl instrumento presenta 4 entradas digitales\u00a0a 24Vdc, 4 SET POINT programables con salidas a\u00a0rel\u00e8 y con contacto de intercambio para realizar simples\u00a0automatizaciones y una puerta USB,\u00a0\u00fatil para conectarse a un PC o TABLET.<\/p>\n<p>Otras caracter\u00edsticas y funciones:<\/p>\n<p>Display gr\u00e1fico retroiluminado de grandes dimensiones y alta\u00a0resoluci\u00f3n.<br \/>\nConversi\u00f3n en las unidades de medida\u00a0espec\u00edficas para cada\u00a0grandeza (peso, fuerza, presi\u00f3n ecc&#8230;).<br \/>\nInterfaz usuario seleccionable en ITALIANO o en\u00a0INGL\u00c9S.<br \/>\nFunci\u00f3n de\u00a0CERO, HOLD, PICO, FILTRO programable.<br \/>\nFunci\u00f3n\u00a0<strong>CUENTAPIEZAS<\/strong>\u00a0que le permite determinar el n\u00famero de piezas en la balanza.<br \/>\nFunci\u00f3n de\u00a0\u00a0DESCARGA PARA MEDIR la cantidad de productos descargados por ejemplo por un tanque.<br \/>\nFunci\u00f3n\u00a0TOTAL efectua\u00a0la suma de los canales CH1 y CH2.<br \/>\nFunci\u00f3n de CERO\u00a0AUTOM\u00c1TICO\u00a0para anular\u00a0autom\u00e1ticamente la medida \u00a0si es inferior a un umbral programado.<br \/>\nFunci\u00f3n\u00a0BLOQUE TECLAS para protejer la configuraci\u00f3n del instrumento por parte de personas no autorizadas.<br \/>\nFunci\u00f3n\u00a0CALENDARIO\u00a0(Opci\u00f3n) con fecha y hora.<br \/>\nFunci\u00f3n de\u00a0REPETIDOR que permite configurar el instrumento para\u00a0visualizar las medidas \u00a0del canal serial\u00a0\u00a0RS232 que vienen de otro \u00a0MP2Plus.<\/p>\n<p>IMPRESORA a 24 columnas (opci\u00f3n) conectada a la puerta serial a\u00a0trav\u00e9s de la cual es posible imprimir los puntos de medida con relativa fecha y horas y los datos de la Empresa que ha efectuado el rilievo.<\/p>\n<p>Salida serie USB<\/p>\n<p>En OPCI\u00d3N el instrumento puede ser equipado de:<\/p>\n<p>Un ulterior canal de entrada\u00a0(CH2) con sistema de\u00a0sincronizaci\u00f3n que permite adquirir en el mismo tiempo la medida de ambos canales\u00a0(CH1 e CH2).<br \/>\nUna o dos Salidas Anal\u00f3gicas programables en\u00a0tensi\u00f3n\u00a0(\u00b110V, 0\/5V, 0\/10V, \u00b15V) o en corriente\u00a0(4-20mA, 0-20mA, 0-24mA)que pueden ser\u00a0asociadas al canal\u00a0CH1 o CH2 o al TOTAL\u00a0(CH1+CH2).<br \/>\nUna salida digital\u00a0RS232 para conectar directamente el instrumento a un PC, PLC, IMPRESORA o a un REPETIDOR.<br \/>\nUna salida digital\u00a0RS485 con protocolo\u00a0Modbas\u00a0normalmente utilizada para conectar\u00a0m\u00e1s de un instrumento en red al PLC.<br \/>\nTransmisor WIRELESS que permite transferir a distancia\u00a0\u00a0(100m) las medidas mediante radio a otros dispositivos.<br \/>\nUn poderoso DATALOGGER, con una\u00a0memoria interna no vol\u00e1til, permite\u00a0explotar la velocidad m\u00e1xima de adquisici\u00f3n,\u00a0sincronizar los registros con un calendario y RELOJ interno y\u00a0posiblemente exportar los datos en un archivo sobre\u00a0l\u00e1piz\u00a0USB en formato csv que pueden ser transferidos a\u00a0Microsoft Excel.<br \/>\n[\/vc_column_text][vc_separator][vc_column_text]<strong>ACCESSORIOS<\/strong>[\/vc_column_text][vc_row_inner content_placement=&#8221;middle&#8221;][vc_column_inner width=&#8221;1\/2&#8243;][vc_single_image image=&#8221;3480&#8243; img_size=&#8221;full&#8221; onclick=&#8221;link_image&#8221;][\/vc_column_inner][vc_column_inner width=&#8221;1\/2&#8243;][vc_column_text]<br \/>\n<strong>MPsupervisor<\/strong><\/p>\n<p>Programa que permite una inmediata conexi\u00f3n mediante la puerta USB con MP2Plus, la visualizaci\u00f3n de los gr\u00e1ficos, la exportaci\u00f3n en Microsoft Excel y la modificaci\u00f3n con extrema sencillez de todos los principales par\u00e1metros del instrumento.<br \/>\nEl programa permite descargar los Data Logger efectuados utilizando la memoria interna y los sobre Pen Drive y visualizar las respectivas curvas de adquisici\u00f3n.[\/vc_column_text][\/vc_column_inner][\/vc_row_inner][vc_row_inner content_placement=&#8221;middle&#8221;][vc_column_inner width=&#8221;1\/2&#8243;][vc_single_image image=&#8221;3462&#8243; img_size=&#8221;full&#8221; onclick=&#8221;link_image&#8221;][\/vc_column_inner][vc_column_inner width=&#8221;1\/2&#8243;][vc_column_text]<strong>Cable serie RS232<\/strong><\/p>\n<p><strong>USB<\/strong>[\/vc_column_text][\/vc_column_inner][\/vc_row_inner][vc_row_inner content_placement=&#8221;middle&#8221;][vc_column_inner width=&#8221;1\/2&#8243;][vc_single_image image=&#8221;7717&#8243; img_size=&#8221;full&#8221; onclick=&#8221;link_image&#8221;][\/vc_column_inner][vc_column_inner width=&#8221;1\/2&#8243;][vc_column_text]<b>MP2PLUS Pareja<\/b>[\/vc_column_text][\/vc_column_inner][\/vc_row_inner][vc_row_inner content_placement=&#8221;middle&#8221;][vc_column_inner width=&#8221;1\/2&#8243;][vc_single_image image=&#8221;7705&#8243; img_size=&#8221;full&#8221; onclick=&#8221;link_image&#8221;][\/vc_column_inner][vc_column_inner width=&#8221;1\/2&#8243;][vc_column_text]<b>MP2PLUS bus de campo<\/b>[\/vc_column_text][\/vc_column_inner][\/vc_row_inner][vc_row_inner content_placement=&#8221;middle&#8221;][vc_column_inner width=&#8221;1\/2&#8243;][vc_images_carousel images=&#8221;7711,7714&#8243; img_size=&#8221;full&#8221;][\/vc_column_inner][vc_column_inner width=&#8221;1\/2&#8243;][vc_column_text]<b>MP2PLUS con 1 y 2 tanques<\/b>[\/vc_column_text][\/vc_column_inner][\/vc_row_inner][\/vc_column][\/vc_row]<\/p>\n","protected":false},"excerpt":{"rendered":"<p>NUEVA PERFORMANCE &#8220;LA EVOLUCI\u00d3N DE LA ESPECIE&#8221;\u00a0despu\u00e9s de m\u00e1s de 30 a\u00f1os de servicio en las diferentes versiones ha llegado el nuevo\u00a0MP2Plus. Indicador digital de panel de usos m\u00faltiples con una entrada id\u00f3nea\u00a0para recibir las se\u00f1ales \u00a0de los sensores\u00a0extens\u00f3metros a puente completo o de los transductores con salida amplificada en\u00a0tensi\u00f3n o en corriente. Adecuado para aplicaciones\u00a0est\u00e1ticas y din\u00e1micas en ambientes industriales donde es necesario hacer medidas de\u00a0<strong>PESO, FUERZA, PRESI\u00d3N<\/strong><strong>, PAR, DESPLAZAMIENTE, TEMPERATURA, \u00c1NGULO\u00a0<\/strong>y<strong>\u00a0VELOCIDAD<\/strong>. Para ADAPTARSE A CADA APLICACI\u00d3N el instrumento puede ser\u00a0configurado y personalizado de modo que las funciones de mayor\u00a0inter\u00e9s(como PICO, HOLD, IMPRENTA, TX DATA, DATALOG, DESCARGA) se presenten directamente en las teclas F1, F2, F3 y F4. El\u00a0canal de entrada\u00a0(CH1 y CH2) se presenta en\u00a0<strong>7<\/strong>\u00a0diferentes\u00a0configuraciones.<\/p>\n<ul>\n<li>\u00b12mV\/V,\u00a0\u00b13mV\/V<\/li>\n<li>4-20mA, 0-20mA<\/li>\n<li>\u00b110V,\u00a0\u00b15V<\/li>\n<li>PT100<\/li>\n<li>ENCODER<\/li>\n<li>POTENZIOMETRO<\/li>\n<li><strong>LVDT<\/strong><\/li>\n<\/ul>\n<p>En opci\u00f3n sistema\u00a0<span id=\"result_box\" lang=\"es\">de comunicaci\u00f3n\u00a0<strong>BUS\u00a0DE CAMPO<\/strong>\u00a0entre\u00a0<\/span><strong>DeviceNet<\/strong>,<strong>\u00a0CANopen<\/strong>,<strong>\u00a0EtherNet\/IP, PROFIBUS<\/strong>,<strong>\u00a0PROFINET<\/strong>\u00a0normalmente utilizada para conectar\u00a0m\u00e1s de un instrumento en red al PLC. NUEVA\u00a0Funci\u00f3n\u00a0<strong>CUENTAPIEZAS<\/strong><\/p>\n<p><img decoding=\"async\" class=\"alignnone size-full wp-image-8975\" src=\"https:\/\/www.aep.it\/wp-content\/uploads\/2019\/12\/label-eac-2.jpg\" alt=\"\" width=\"150\" height=\"70\" \/><\/p>\n","protected":false},"featured_media":3483,"template":"","meta":[],"product_brand":[],"product_cat":[90],"product_tag":[],"class_list":{"0":"post-3491","1":"product","2":"type-product","3":"status-publish","4":"has-post-thumbnail","6":"product_cat-instrumentacion-electronica","8":"first","9":"instock","10":"shipping-taxable","11":"product-type-simple","12":"berocket_lgv_grid","13":"berocket_lgv_list_grid"},"yoast_head":"<!-- This site is optimized with the Yoast SEO plugin v27.2 - https:\/\/yoast.com\/product\/yoast-seo-wordpress\/ -->\n<title>MP2PLUS | AEP transducers<\/title>\n<meta name=\"robots\" content=\"index, follow, max-snippet:-1, max-image-preview:large, max-video-preview:-1\" \/>\n<link rel=\"canonical\" href=\"https:\/\/www.aep.it\/es\/producto\/instrumentacion-electronica\/mp2plus\/\" \/>\n<meta property=\"og:locale\" content=\"es_ES\" \/>\n<meta property=\"og:type\" content=\"article\" \/>\n<meta property=\"og:title\" content=\"MP2PLUS | AEP transducers\" \/>\n<meta property=\"og:description\" content=\"NUEVA PERFORMANCE &quot;LA EVOLUCI\u00d3N DE LA ESPECIE&quot;\u00a0despu\u00e9s de m\u00e1s de 30 a\u00f1os de servicio en las diferentes versiones ha llegado el nuevo\u00a0MP2Plus. Indicador digital de panel de usos m\u00faltiples con una entrada id\u00f3nea\u00a0para recibir las se\u00f1ales \u00a0de los sensores\u00a0extens\u00f3metros a puente completo o de los transductores con salida amplificada en\u00a0tensi\u00f3n o en corriente. Adecuado para aplicaciones\u00a0est\u00e1ticas y din\u00e1micas en ambientes industriales donde es necesario hacer medidas de\u00a0PESO, FUERZA, PRESI\u00d3N, PAR, DESPLAZAMIENTE, TEMPERATURA, \u00c1NGULO\u00a0y\u00a0VELOCIDAD. Para ADAPTARSE A CADA APLICACI\u00d3N el instrumento puede ser\u00a0configurado y personalizado de modo que las funciones de mayor\u00a0inter\u00e9s(como PICO, HOLD, IMPRENTA, TX DATA, DATALOG, DESCARGA) se presenten directamente en las teclas F1, F2, F3 y F4. El\u00a0canal de entrada\u00a0(CH1 y CH2) se presenta en\u00a07\u00a0diferentes\u00a0configuraciones.   \u00b12mV\/V,\u00a0\u00b13mV\/V  4-20mA, 0-20mA  \u00b110V,\u00a0\u00b15V  PT100  ENCODER  POTENZIOMETRO  LVDT  En opci\u00f3n sistema\u00a0de comunicaci\u00f3n\u00a0BUS\u00a0DE CAMPO\u00a0entre\u00a0DeviceNet,\u00a0CANopen,\u00a0EtherNet\/IP, PROFIBUS,\u00a0PROFINET\u00a0normalmente utilizada para conectar\u00a0m\u00e1s de un instrumento en red al PLC. NUEVA\u00a0Funci\u00f3n\u00a0CUENTAPIEZAS\" \/>\n<meta property=\"og:url\" content=\"https:\/\/www.aep.it\/es\/producto\/instrumentacion-electronica\/mp2plus\/\" \/>\n<meta property=\"og:site_name\" content=\"AEP transducers\" \/>\n<meta property=\"article:publisher\" content=\"https:\/\/www.facebook.com\/AEP-transducers-212611005540305\" \/>\n<meta property=\"article:modified_time\" content=\"2025-11-03T14:48:34+00:00\" \/>\n<meta property=\"og:image\" content=\"https:\/\/www.aep.it\/wp-content\/uploads\/2019\/12\/aep-transducers-mp2plus.jpg\" \/>\n\t<meta property=\"og:image:width\" content=\"600\" \/>\n\t<meta property=\"og:image:height\" content=\"600\" \/>\n\t<meta property=\"og:image:type\" content=\"image\/jpeg\" \/>\n<meta name=\"twitter:card\" content=\"summary_large_image\" \/>\n<meta name=\"twitter:label1\" content=\"Tiempo de lectura\" \/>\n\t<meta name=\"twitter:data1\" content=\"4 minutos\" \/>\n<script type=\"application\/ld+json\" class=\"yoast-schema-graph\">{\"@context\":\"https:\/\/schema.org\",\"@graph\":[{\"@type\":\"WebPage\",\"@id\":\"https:\/\/www.aep.it\/es\/producto\/instrumentacion-electronica\/mp2plus\/\",\"url\":\"https:\/\/www.aep.it\/es\/producto\/instrumentacion-electronica\/mp2plus\/\",\"name\":\"MP2PLUS | AEP transducers\",\"isPartOf\":{\"@id\":\"https:\/\/www.aep.it\/es\/#website\"},\"primaryImageOfPage\":{\"@id\":\"https:\/\/www.aep.it\/es\/producto\/instrumentacion-electronica\/mp2plus\/#primaryimage\"},\"image\":{\"@id\":\"https:\/\/www.aep.it\/es\/producto\/instrumentacion-electronica\/mp2plus\/#primaryimage\"},\"thumbnailUrl\":\"https:\/\/www.aep.it\/wp-content\/uploads\/2019\/12\/aep-transducers-mp2plus.jpg\",\"datePublished\":\"2019-12-20T08:14:54+00:00\",\"dateModified\":\"2025-11-03T14:48:34+00:00\",\"breadcrumb\":{\"@id\":\"https:\/\/www.aep.it\/es\/producto\/instrumentacion-electronica\/mp2plus\/#breadcrumb\"},\"inLanguage\":\"es\",\"potentialAction\":[{\"@type\":\"ReadAction\",\"target\":[\"https:\/\/www.aep.it\/es\/producto\/instrumentacion-electronica\/mp2plus\/\"]}]},{\"@type\":\"ImageObject\",\"inLanguage\":\"es\",\"@id\":\"https:\/\/www.aep.it\/es\/producto\/instrumentacion-electronica\/mp2plus\/#primaryimage\",\"url\":\"https:\/\/www.aep.it\/wp-content\/uploads\/2019\/12\/aep-transducers-mp2plus.jpg\",\"contentUrl\":\"https:\/\/www.aep.it\/wp-content\/uploads\/2019\/12\/aep-transducers-mp2plus.jpg\",\"width\":600,\"height\":600},{\"@type\":\"BreadcrumbList\",\"@id\":\"https:\/\/www.aep.it\/es\/producto\/instrumentacion-electronica\/mp2plus\/#breadcrumb\",\"itemListElement\":[{\"@type\":\"ListItem\",\"position\":1,\"name\":\"Home\",\"item\":\"https:\/\/www.aep.it\/es\/\"},{\"@type\":\"ListItem\",\"position\":2,\"name\":\"Productos\",\"item\":\"https:\/\/www.aep.it\/es\/shop\/\"},{\"@type\":\"ListItem\",\"position\":3,\"name\":\"MP2PLUS\"}]},{\"@type\":\"WebSite\",\"@id\":\"https:\/\/www.aep.it\/es\/#website\",\"url\":\"https:\/\/www.aep.it\/es\/\",\"name\":\"AEP transducers\",\"description\":\"\",\"publisher\":{\"@id\":\"https:\/\/www.aep.it\/es\/#organization\"},\"potentialAction\":[{\"@type\":\"SearchAction\",\"target\":{\"@type\":\"EntryPoint\",\"urlTemplate\":\"https:\/\/www.aep.it\/es\/?s={search_term_string}\"},\"query-input\":{\"@type\":\"PropertyValueSpecification\",\"valueRequired\":true,\"valueName\":\"search_term_string\"}}],\"inLanguage\":\"es\"},{\"@type\":\"Organization\",\"@id\":\"https:\/\/www.aep.it\/es\/#organization\",\"name\":\"AEP Transducers\",\"url\":\"https:\/\/www.aep.it\/es\/\",\"logo\":{\"@type\":\"ImageObject\",\"inLanguage\":\"es\",\"@id\":\"https:\/\/www.aep.it\/es\/#\/schema\/logo\/image\/\",\"url\":\"https:\/\/www.aep.it\/wp-content\/uploads\/2020\/03\/logo-vettoriale-def.png\",\"contentUrl\":\"https:\/\/www.aep.it\/wp-content\/uploads\/2020\/03\/logo-vettoriale-def.png\",\"width\":2000,\"height\":284,\"caption\":\"AEP Transducers\"},\"image\":{\"@id\":\"https:\/\/www.aep.it\/es\/#\/schema\/logo\/image\/\"},\"sameAs\":[\"https:\/\/www.facebook.com\/AEP-transducers-212611005540305\"]}]}<\/script>\n<!-- \/ Yoast SEO plugin. -->","yoast_head_json":{"title":"MP2PLUS | AEP transducers","robots":{"index":"index","follow":"follow","max-snippet":"max-snippet:-1","max-image-preview":"max-image-preview:large","max-video-preview":"max-video-preview:-1"},"canonical":"https:\/\/www.aep.it\/es\/producto\/instrumentacion-electronica\/mp2plus\/","og_locale":"es_ES","og_type":"article","og_title":"MP2PLUS | AEP transducers","og_description":"NUEVA PERFORMANCE \"LA EVOLUCI\u00d3N DE LA ESPECIE\"\u00a0despu\u00e9s de m\u00e1s de 30 a\u00f1os de servicio en las diferentes versiones ha llegado el nuevo\u00a0MP2Plus. Indicador digital de panel de usos m\u00faltiples con una entrada id\u00f3nea\u00a0para recibir las se\u00f1ales \u00a0de los sensores\u00a0extens\u00f3metros a puente completo o de los transductores con salida amplificada en\u00a0tensi\u00f3n o en corriente. Adecuado para aplicaciones\u00a0est\u00e1ticas y din\u00e1micas en ambientes industriales donde es necesario hacer medidas de\u00a0PESO, FUERZA, PRESI\u00d3N, PAR, DESPLAZAMIENTE, TEMPERATURA, \u00c1NGULO\u00a0y\u00a0VELOCIDAD. Para ADAPTARSE A CADA APLICACI\u00d3N el instrumento puede ser\u00a0configurado y personalizado de modo que las funciones de mayor\u00a0inter\u00e9s(como PICO, HOLD, IMPRENTA, TX DATA, DATALOG, DESCARGA) se presenten directamente en las teclas F1, F2, F3 y F4. El\u00a0canal de entrada\u00a0(CH1 y CH2) se presenta en\u00a07\u00a0diferentes\u00a0configuraciones.   \u00b12mV\/V,\u00a0\u00b13mV\/V  4-20mA, 0-20mA  \u00b110V,\u00a0\u00b15V  PT100  ENCODER  POTENZIOMETRO  LVDT  En opci\u00f3n sistema\u00a0de comunicaci\u00f3n\u00a0BUS\u00a0DE CAMPO\u00a0entre\u00a0DeviceNet,\u00a0CANopen,\u00a0EtherNet\/IP, PROFIBUS,\u00a0PROFINET\u00a0normalmente utilizada para conectar\u00a0m\u00e1s de un instrumento en red al PLC. NUEVA\u00a0Funci\u00f3n\u00a0CUENTAPIEZAS","og_url":"https:\/\/www.aep.it\/es\/producto\/instrumentacion-electronica\/mp2plus\/","og_site_name":"AEP transducers","article_publisher":"https:\/\/www.facebook.com\/AEP-transducers-212611005540305","article_modified_time":"2025-11-03T14:48:34+00:00","og_image":[{"width":600,"height":600,"url":"https:\/\/www.aep.it\/wp-content\/uploads\/2019\/12\/aep-transducers-mp2plus.jpg","type":"image\/jpeg"}],"twitter_card":"summary_large_image","twitter_misc":{"Tiempo de lectura":"4 minutos"},"schema":{"@context":"https:\/\/schema.org","@graph":[{"@type":"WebPage","@id":"https:\/\/www.aep.it\/es\/producto\/instrumentacion-electronica\/mp2plus\/","url":"https:\/\/www.aep.it\/es\/producto\/instrumentacion-electronica\/mp2plus\/","name":"MP2PLUS | AEP transducers","isPartOf":{"@id":"https:\/\/www.aep.it\/es\/#website"},"primaryImageOfPage":{"@id":"https:\/\/www.aep.it\/es\/producto\/instrumentacion-electronica\/mp2plus\/#primaryimage"},"image":{"@id":"https:\/\/www.aep.it\/es\/producto\/instrumentacion-electronica\/mp2plus\/#primaryimage"},"thumbnailUrl":"https:\/\/www.aep.it\/wp-content\/uploads\/2019\/12\/aep-transducers-mp2plus.jpg","datePublished":"2019-12-20T08:14:54+00:00","dateModified":"2025-11-03T14:48:34+00:00","breadcrumb":{"@id":"https:\/\/www.aep.it\/es\/producto\/instrumentacion-electronica\/mp2plus\/#breadcrumb"},"inLanguage":"es","potentialAction":[{"@type":"ReadAction","target":["https:\/\/www.aep.it\/es\/producto\/instrumentacion-electronica\/mp2plus\/"]}]},{"@type":"ImageObject","inLanguage":"es","@id":"https:\/\/www.aep.it\/es\/producto\/instrumentacion-electronica\/mp2plus\/#primaryimage","url":"https:\/\/www.aep.it\/wp-content\/uploads\/2019\/12\/aep-transducers-mp2plus.jpg","contentUrl":"https:\/\/www.aep.it\/wp-content\/uploads\/2019\/12\/aep-transducers-mp2plus.jpg","width":600,"height":600},{"@type":"BreadcrumbList","@id":"https:\/\/www.aep.it\/es\/producto\/instrumentacion-electronica\/mp2plus\/#breadcrumb","itemListElement":[{"@type":"ListItem","position":1,"name":"Home","item":"https:\/\/www.aep.it\/es\/"},{"@type":"ListItem","position":2,"name":"Productos","item":"https:\/\/www.aep.it\/es\/shop\/"},{"@type":"ListItem","position":3,"name":"MP2PLUS"}]},{"@type":"WebSite","@id":"https:\/\/www.aep.it\/es\/#website","url":"https:\/\/www.aep.it\/es\/","name":"AEP transducers","description":"","publisher":{"@id":"https:\/\/www.aep.it\/es\/#organization"},"potentialAction":[{"@type":"SearchAction","target":{"@type":"EntryPoint","urlTemplate":"https:\/\/www.aep.it\/es\/?s={search_term_string}"},"query-input":{"@type":"PropertyValueSpecification","valueRequired":true,"valueName":"search_term_string"}}],"inLanguage":"es"},{"@type":"Organization","@id":"https:\/\/www.aep.it\/es\/#organization","name":"AEP Transducers","url":"https:\/\/www.aep.it\/es\/","logo":{"@type":"ImageObject","inLanguage":"es","@id":"https:\/\/www.aep.it\/es\/#\/schema\/logo\/image\/","url":"https:\/\/www.aep.it\/wp-content\/uploads\/2020\/03\/logo-vettoriale-def.png","contentUrl":"https:\/\/www.aep.it\/wp-content\/uploads\/2020\/03\/logo-vettoriale-def.png","width":2000,"height":284,"caption":"AEP Transducers"},"image":{"@id":"https:\/\/www.aep.it\/es\/#\/schema\/logo\/image\/"},"sameAs":["https:\/\/www.facebook.com\/AEP-transducers-212611005540305"]}]}},"_links":{"self":[{"href":"https:\/\/www.aep.it\/es\/wp-json\/wp\/v2\/product\/3491","targetHints":{"allow":["GET"]}}],"collection":[{"href":"https:\/\/www.aep.it\/es\/wp-json\/wp\/v2\/product"}],"about":[{"href":"https:\/\/www.aep.it\/es\/wp-json\/wp\/v2\/types\/product"}],"wp:featuredmedia":[{"embeddable":true,"href":"https:\/\/www.aep.it\/es\/wp-json\/wp\/v2\/media\/3483"}],"wp:attachment":[{"href":"https:\/\/www.aep.it\/es\/wp-json\/wp\/v2\/media?parent=3491"}],"wp:term":[{"taxonomy":"product_brand","embeddable":true,"href":"https:\/\/www.aep.it\/es\/wp-json\/wp\/v2\/product_brand?post=3491"},{"taxonomy":"product_cat","embeddable":true,"href":"https:\/\/www.aep.it\/es\/wp-json\/wp\/v2\/product_cat?post=3491"},{"taxonomy":"product_tag","embeddable":true,"href":"https:\/\/www.aep.it\/es\/wp-json\/wp\/v2\/product_tag?post=3491"}],"curies":[{"name":"wp","href":"https:\/\/api.w.org\/{rel}","templated":true}]}}