{"id":3503,"date":"2019-12-20T09:23:59","date_gmt":"2019-12-20T08:23:59","guid":{"rendered":"http:\/\/www.aep.it\/prodotto\/sin%20categor\u00eda\/wimp2plus\/"},"modified":"2025-11-03T14:58:49","modified_gmt":"2025-11-03T13:58:49","slug":"wimp2plus","status":"publish","type":"product","link":"https:\/\/www.aep.it\/es\/producto\/instrumentacion-electronica\/wimp2plus\/","title":{"rendered":"WIMP2PLUS"},"content":{"rendered":"<p>[vc_row][vc_column][vc_column_text]Contenedor DIN43700.<br \/>\nLa frequencia de muestreo puede ser instalada por 2.5 muestreos al segundo hasta 4800 (4,8Hz) satisfaciendo las exigncias de aplicaci\u00f3n en las cuales es pedida una\u00a0considerable velocidad de respuestaEl instrumento presenta 4 entradas digitales\u00a0a 24Vdc, 4 SET POINT programables con salidas a\u00a0rel\u00e8 y con contacto de intercambio para realizar simples\u00a0automatizaciones y una puerta USB,\u00a0\u00fatil para conectarse a un PC o TABLET.<\/p>\n<p>otras caracter\u00edsticas y funciones :<\/p>\n<p>Display gr\u00e1fico retroiluminado de grandes dimensiones y alta\u00a0resoluci\u00f3n.<br \/>\nConversi\u00f3n en las unidades de medida\u00a0espec\u00edficas para cada\u00a0grandeza (peso, fuerza, presi\u00f3n ecc&#8230;).<br \/>\nInterfaz usuario seleccionable en ITALIANO o en\u00a0INGL\u00c9S.<br \/>\nFunci\u00f3n de\u00a0CERO, HOLD, PICO, FILTRO programable.<br \/>\nFunci\u00f3n de\u00a0\u00a0DESCARGA PARA MEDIR la cantidad de productos descargados por ejemplo por un tanque.<br \/>\nFunci\u00f3n\u00a0TOTAL efectua\u00a0la suma de los canales CH1 y CH2.<br \/>\nFunci\u00f3n de CERO\u00a0AUTOM\u00c1TICO\u00a0para anular\u00a0autom\u00e1ticamente la medida \u00a0si es inferior a un umbral programado.<br \/>\nFunci\u00f3n\u00a0BLOQUE TECLAS para protejer la configuraci\u00f3n del instrumento por parte de personas no autorizadas.<br \/>\nFunci\u00f3n\u00a0CALENDARIO\u00a0(Opci\u00f3n) con fecha y hora.<br \/>\nFunci\u00f3n de\u00a0REPETIDOR que permite configurar el instrumento para\u00a0visualizar las medidas \u00a0del canal serial\u00a0\u00a0RS232 que vienen de otro\u00a0\u00a0MP2Plus.<br \/>\nIMPRESORA a 24 columnas (opci\u00f3n) conectada a la puerta serial a\u00a0trav\u00e9s de la cual es posible imprimir los puntos de medida con relativa fecha y horas y los datos de la Empresa que ha efectuado el rilievo.<\/p>\n<p>Salida serie USB<\/p>\n<p>En OPCI\u00d3N el instrumento puede ser equipado de:<\/p>\n<p>Un ulterior canal de entrada\u00a0(CH2) con sistema de\u00a0sincronizaci\u00f3n que permite adquirir en el mismo tiempo la medida de ambos canales\u00a0(CH1 e CH2).<br \/>\nUna o dos Salidas Anal\u00f3gicas programables en\u00a0tensi\u00f3n\u00a0(\u00b110V, 0\/5V, 0\/10V, \u00b15V) o en corriente\u00a0(4-20mA, 0-20mA, 0-24mA)que pueden ser\u00a0asociadas al canal\u00a0CH1 o CH2 o al TOTAL\u00a0(CH1+CH2).<br \/>\nUna salida digital\u00a0RS232 para conectar directamente el instrumento a un PC, PLC, IMPRESORA o a un REPETIDOR.<br \/>\nUna salida digital\u00a0RS485 con protocolo\u00a0Modbas\u00a0normalmente utilizada para conectar\u00a0m\u00e1s de un instrumento en red al PLC.<br \/>\nTransmisor WIRELESS que permite transferir a distancia\u00a0\u00a0(100m) las medidas mediante radio a otros dispositivos.<br \/>\nUn poderoso DATALOGGER, con una\u00a0memoria interna no vol\u00e1til, permite\u00a0explotar la velocidad m\u00e1xima de adquisici\u00f3n,\u00a0sincronizar los registros con un calendario y RELOJ interno y\u00a0posiblemente exportar los datos en un archivo sobre\u00a0l\u00e1piz\u00a0USB en formato csv que pueden ser transferidos a\u00a0Microsoft Excel.[\/vc_column_text][vc_separator][vc_column_text]<strong>ACCESSORIOS<\/strong>[\/vc_column_text][vc_row_inner content_placement=&#8221;middle&#8221;][vc_column_inner width=&#8221;1\/2&#8243;][vc_single_image image=&#8221;3480&#8243; img_size=&#8221;full&#8221; onclick=&#8221;link_image&#8221;][\/vc_column_inner][vc_column_inner width=&#8221;1\/2&#8243;][vc_column_text]<br \/>\n<strong>MPsupervisor<\/strong><\/p>\n<p>Programa que permite una inmediata conexi\u00f3n mediante la puerta USB con MP2Plus, la visualizaci\u00f3n de los gr\u00e1ficos, la exportaci\u00f3n en Microsoft Excel y la modificaci\u00f3n con extrema sencillez de todos los principales par\u00e1metros del instrumento.<br \/>\nEl programa permite descargar los Data Logger efectuados utilizando la memoria interna y los sobre Pen Drive y visualizar las respectivas curvas de adquisici\u00f3n.[\/vc_column_text][\/vc_column_inner][\/vc_row_inner][vc_row_inner content_placement=&#8221;middle&#8221;][vc_column_inner width=&#8221;1\/2&#8243;][vc_single_image image=&#8221;3462&#8243; img_size=&#8221;full&#8221; onclick=&#8221;link_image&#8221;][\/vc_column_inner][vc_column_inner width=&#8221;1\/2&#8243;][vc_column_text]<strong>Cable serie RS232<\/strong><\/p>\n<p><strong>USB<\/strong>[\/vc_column_text][\/vc_column_inner][\/vc_row_inner][vc_row_inner content_placement=&#8221;middle&#8221;][vc_column_inner width=&#8221;1\/2&#8243;][vc_images_carousel images=&#8221;7821,7824,7830,7827&#8243; img_size=&#8221;full&#8221;][\/vc_column_inner][vc_column_inner width=&#8221;1\/2&#8243;][vc_column_text]MP2PLUS en cuadro el\u00e9ctrico<\/p>\n<p>MP2PLUS transmisi\u00f3n inal\u00e1mbrica<\/p>\n<p>WIMP2PLUS + barco<\/p>\n<p>WIMP2PLUS + WIMOD<\/p>\n<p>[\/vc_column_text][\/vc_column_inner][\/vc_row_inner][vc_row_inner content_placement=&#8221;middle&#8221;][vc_column_inner width=&#8221;1\/2&#8243;][vc_images_carousel images=&#8221;7839,7836&#8243; img_size=&#8221;full&#8221;][\/vc_column_inner][vc_column_inner width=&#8221;1\/2&#8243;][vc_column_text]<\/p>\n<p>MP2PLUS+ 4 D200WIMOD<\/p>\n<p>WIMP2PLUS+JET+D200<\/p>\n<p>[\/vc_column_text][\/vc_column_inner][\/vc_row_inner][\/vc_column][\/vc_row]<\/p>\n","protected":false},"excerpt":{"rendered":"<p>&#8220;LA EVOLUCI\u00d3N DE LA ESPECIE&#8221; despu\u00e9s de m\u00e1s de 30 a\u00f1os de servicio en las diferentes versiones ha llegado el nuevo MP2Plus. Indicador digital de panel de usos m\u00faltiples con una entrada id\u00f3nea para recibir las se\u00f1ales de los sensores extens\u00f3metros a puente completo o de los transductores con salida amplificada en\u00a0tensi\u00f3n o en corriente. Adecuado para aplicaciones est\u00e1ticas y din\u00e1micas en ambientes industriales donde es necesario hacer medidas de peso, fuerza, presi\u00f3n, par, desplazamiente y temperatura (PT100). Para ADAPTARSE A CADA APLICACI\u00d3N el instrumento puede ser configurado y personalizado de modo que las funciones de mayor inter\u00e9s(como PICO, HOLD, IMPRENTA, TX DATA, DATALOG, DESCARGA) se presenten directamente en las teclas F1, F2, F3 y F4. El instrumento trabaja con una exactitud mejor de 0.010% gracias a un convertidor AD interno Sigma-Delta a 24 bit y a un control d las medidas que se pasa mediante la conmutaci\u00f3n a una frequencia igual a la de muestreo.Este sistema asegura una mejor supresi\u00f3n de las molestias debidas al offset y a los cables de conexi\u00f3n. El canal de entrada (CH1) se presenta en 4 diferentes configuraciones.<\/p>\n<p><img decoding=\"async\" class=\"alignnone size-full wp-image-8975\" src=\"https:\/\/www.aep.it\/wp-content\/uploads\/2019\/12\/label-eac-2.jpg\" alt=\"\" width=\"150\" height=\"70\" \/><\/p>\n","protected":false},"featured_media":3495,"template":"","meta":[],"product_brand":[],"product_cat":[90],"product_tag":[],"class_list":{"0":"post-3503","1":"product","2":"type-product","3":"status-publish","4":"has-post-thumbnail","6":"product_cat-instrumentacion-electronica","8":"first","9":"instock","10":"shipping-taxable","11":"product-type-simple","12":"berocket_lgv_grid","13":"berocket_lgv_list_grid"},"yoast_head":"<!-- This site is optimized with the Yoast SEO plugin v27.2 - https:\/\/yoast.com\/product\/yoast-seo-wordpress\/ -->\n<title>WIMP2PLUS | AEP transducers<\/title>\n<meta name=\"robots\" content=\"index, follow, max-snippet:-1, max-image-preview:large, max-video-preview:-1\" \/>\n<link rel=\"canonical\" href=\"https:\/\/www.aep.it\/es\/producto\/instrumentacion-electronica\/wimp2plus\/\" \/>\n<meta property=\"og:locale\" content=\"es_ES\" \/>\n<meta property=\"og:type\" content=\"article\" \/>\n<meta property=\"og:title\" content=\"WIMP2PLUS | AEP transducers\" \/>\n<meta property=\"og:description\" content=\"&quot;LA EVOLUCI\u00d3N DE LA ESPECIE&quot; despu\u00e9s de m\u00e1s de 30 a\u00f1os de servicio en las diferentes versiones ha llegado el nuevo MP2Plus. Indicador digital de panel de usos m\u00faltiples con una entrada id\u00f3nea para recibir las se\u00f1ales de los sensores extens\u00f3metros a puente completo o de los transductores con salida amplificada en\u00a0tensi\u00f3n o en corriente. Adecuado para aplicaciones est\u00e1ticas y din\u00e1micas en ambientes industriales donde es necesario hacer medidas de peso, fuerza, presi\u00f3n, par, desplazamiente y temperatura (PT100). Para ADAPTARSE A CADA APLICACI\u00d3N el instrumento puede ser configurado y personalizado de modo que las funciones de mayor inter\u00e9s(como PICO, HOLD, IMPRENTA, TX DATA, DATALOG, DESCARGA) se presenten directamente en las teclas F1, F2, F3 y F4. El instrumento trabaja con una exactitud mejor de 0.010% gracias a un convertidor AD interno Sigma-Delta a 24 bit y a un control d las medidas que se pasa mediante la conmutaci\u00f3n a una frequencia igual a la de muestreo.Este sistema asegura una mejor supresi\u00f3n de las molestias debidas al offset y a los cables de conexi\u00f3n. El canal de entrada (CH1) se presenta en 4 diferentes configuraciones.\" \/>\n<meta property=\"og:url\" content=\"https:\/\/www.aep.it\/es\/producto\/instrumentacion-electronica\/wimp2plus\/\" \/>\n<meta property=\"og:site_name\" content=\"AEP transducers\" \/>\n<meta property=\"article:publisher\" content=\"https:\/\/www.facebook.com\/AEP-transducers-212611005540305\" \/>\n<meta property=\"article:modified_time\" content=\"2025-11-03T13:58:49+00:00\" \/>\n<meta property=\"og:image\" content=\"https:\/\/www.aep.it\/wp-content\/uploads\/2019\/12\/aep-transducers-wimp2plus.jpg\" \/>\n\t<meta property=\"og:image:width\" content=\"600\" \/>\n\t<meta property=\"og:image:height\" content=\"600\" \/>\n\t<meta property=\"og:image:type\" content=\"image\/jpeg\" \/>\n<meta name=\"twitter:card\" content=\"summary_large_image\" \/>\n<meta name=\"twitter:label1\" content=\"Tiempo de lectura\" \/>\n\t<meta name=\"twitter:data1\" content=\"3 minutos\" \/>\n<script type=\"application\/ld+json\" class=\"yoast-schema-graph\">{\"@context\":\"https:\/\/schema.org\",\"@graph\":[{\"@type\":\"WebPage\",\"@id\":\"https:\/\/www.aep.it\/es\/producto\/instrumentacion-electronica\/wimp2plus\/\",\"url\":\"https:\/\/www.aep.it\/es\/producto\/instrumentacion-electronica\/wimp2plus\/\",\"name\":\"WIMP2PLUS | AEP transducers\",\"isPartOf\":{\"@id\":\"https:\/\/www.aep.it\/es\/#website\"},\"primaryImageOfPage\":{\"@id\":\"https:\/\/www.aep.it\/es\/producto\/instrumentacion-electronica\/wimp2plus\/#primaryimage\"},\"image\":{\"@id\":\"https:\/\/www.aep.it\/es\/producto\/instrumentacion-electronica\/wimp2plus\/#primaryimage\"},\"thumbnailUrl\":\"https:\/\/www.aep.it\/wp-content\/uploads\/2019\/12\/aep-transducers-wimp2plus.jpg\",\"datePublished\":\"2019-12-20T08:23:59+00:00\",\"dateModified\":\"2025-11-03T13:58:49+00:00\",\"breadcrumb\":{\"@id\":\"https:\/\/www.aep.it\/es\/producto\/instrumentacion-electronica\/wimp2plus\/#breadcrumb\"},\"inLanguage\":\"es\",\"potentialAction\":[{\"@type\":\"ReadAction\",\"target\":[\"https:\/\/www.aep.it\/es\/producto\/instrumentacion-electronica\/wimp2plus\/\"]}]},{\"@type\":\"ImageObject\",\"inLanguage\":\"es\",\"@id\":\"https:\/\/www.aep.it\/es\/producto\/instrumentacion-electronica\/wimp2plus\/#primaryimage\",\"url\":\"https:\/\/www.aep.it\/wp-content\/uploads\/2019\/12\/aep-transducers-wimp2plus.jpg\",\"contentUrl\":\"https:\/\/www.aep.it\/wp-content\/uploads\/2019\/12\/aep-transducers-wimp2plus.jpg\",\"width\":600,\"height\":600},{\"@type\":\"BreadcrumbList\",\"@id\":\"https:\/\/www.aep.it\/es\/producto\/instrumentacion-electronica\/wimp2plus\/#breadcrumb\",\"itemListElement\":[{\"@type\":\"ListItem\",\"position\":1,\"name\":\"Home\",\"item\":\"https:\/\/www.aep.it\/es\/\"},{\"@type\":\"ListItem\",\"position\":2,\"name\":\"Productos\",\"item\":\"https:\/\/www.aep.it\/es\/shop\/\"},{\"@type\":\"ListItem\",\"position\":3,\"name\":\"WIMP2PLUS\"}]},{\"@type\":\"WebSite\",\"@id\":\"https:\/\/www.aep.it\/es\/#website\",\"url\":\"https:\/\/www.aep.it\/es\/\",\"name\":\"AEP transducers\",\"description\":\"\",\"publisher\":{\"@id\":\"https:\/\/www.aep.it\/es\/#organization\"},\"potentialAction\":[{\"@type\":\"SearchAction\",\"target\":{\"@type\":\"EntryPoint\",\"urlTemplate\":\"https:\/\/www.aep.it\/es\/?s={search_term_string}\"},\"query-input\":{\"@type\":\"PropertyValueSpecification\",\"valueRequired\":true,\"valueName\":\"search_term_string\"}}],\"inLanguage\":\"es\"},{\"@type\":\"Organization\",\"@id\":\"https:\/\/www.aep.it\/es\/#organization\",\"name\":\"AEP Transducers\",\"url\":\"https:\/\/www.aep.it\/es\/\",\"logo\":{\"@type\":\"ImageObject\",\"inLanguage\":\"es\",\"@id\":\"https:\/\/www.aep.it\/es\/#\/schema\/logo\/image\/\",\"url\":\"https:\/\/www.aep.it\/wp-content\/uploads\/2020\/03\/logo-vettoriale-def.png\",\"contentUrl\":\"https:\/\/www.aep.it\/wp-content\/uploads\/2020\/03\/logo-vettoriale-def.png\",\"width\":2000,\"height\":284,\"caption\":\"AEP Transducers\"},\"image\":{\"@id\":\"https:\/\/www.aep.it\/es\/#\/schema\/logo\/image\/\"},\"sameAs\":[\"https:\/\/www.facebook.com\/AEP-transducers-212611005540305\"]}]}<\/script>\n<!-- \/ Yoast SEO plugin. -->","yoast_head_json":{"title":"WIMP2PLUS | AEP transducers","robots":{"index":"index","follow":"follow","max-snippet":"max-snippet:-1","max-image-preview":"max-image-preview:large","max-video-preview":"max-video-preview:-1"},"canonical":"https:\/\/www.aep.it\/es\/producto\/instrumentacion-electronica\/wimp2plus\/","og_locale":"es_ES","og_type":"article","og_title":"WIMP2PLUS | AEP transducers","og_description":"\"LA EVOLUCI\u00d3N DE LA ESPECIE\" despu\u00e9s de m\u00e1s de 30 a\u00f1os de servicio en las diferentes versiones ha llegado el nuevo MP2Plus. Indicador digital de panel de usos m\u00faltiples con una entrada id\u00f3nea para recibir las se\u00f1ales de los sensores extens\u00f3metros a puente completo o de los transductores con salida amplificada en\u00a0tensi\u00f3n o en corriente. Adecuado para aplicaciones est\u00e1ticas y din\u00e1micas en ambientes industriales donde es necesario hacer medidas de peso, fuerza, presi\u00f3n, par, desplazamiente y temperatura (PT100). Para ADAPTARSE A CADA APLICACI\u00d3N el instrumento puede ser configurado y personalizado de modo que las funciones de mayor inter\u00e9s(como PICO, HOLD, IMPRENTA, TX DATA, DATALOG, DESCARGA) se presenten directamente en las teclas F1, F2, F3 y F4. El instrumento trabaja con una exactitud mejor de 0.010% gracias a un convertidor AD interno Sigma-Delta a 24 bit y a un control d las medidas que se pasa mediante la conmutaci\u00f3n a una frequencia igual a la de muestreo.Este sistema asegura una mejor supresi\u00f3n de las molestias debidas al offset y a los cables de conexi\u00f3n. El canal de entrada (CH1) se presenta en 4 diferentes configuraciones.","og_url":"https:\/\/www.aep.it\/es\/producto\/instrumentacion-electronica\/wimp2plus\/","og_site_name":"AEP transducers","article_publisher":"https:\/\/www.facebook.com\/AEP-transducers-212611005540305","article_modified_time":"2025-11-03T13:58:49+00:00","og_image":[{"width":600,"height":600,"url":"https:\/\/www.aep.it\/wp-content\/uploads\/2019\/12\/aep-transducers-wimp2plus.jpg","type":"image\/jpeg"}],"twitter_card":"summary_large_image","twitter_misc":{"Tiempo de lectura":"3 minutos"},"schema":{"@context":"https:\/\/schema.org","@graph":[{"@type":"WebPage","@id":"https:\/\/www.aep.it\/es\/producto\/instrumentacion-electronica\/wimp2plus\/","url":"https:\/\/www.aep.it\/es\/producto\/instrumentacion-electronica\/wimp2plus\/","name":"WIMP2PLUS | AEP transducers","isPartOf":{"@id":"https:\/\/www.aep.it\/es\/#website"},"primaryImageOfPage":{"@id":"https:\/\/www.aep.it\/es\/producto\/instrumentacion-electronica\/wimp2plus\/#primaryimage"},"image":{"@id":"https:\/\/www.aep.it\/es\/producto\/instrumentacion-electronica\/wimp2plus\/#primaryimage"},"thumbnailUrl":"https:\/\/www.aep.it\/wp-content\/uploads\/2019\/12\/aep-transducers-wimp2plus.jpg","datePublished":"2019-12-20T08:23:59+00:00","dateModified":"2025-11-03T13:58:49+00:00","breadcrumb":{"@id":"https:\/\/www.aep.it\/es\/producto\/instrumentacion-electronica\/wimp2plus\/#breadcrumb"},"inLanguage":"es","potentialAction":[{"@type":"ReadAction","target":["https:\/\/www.aep.it\/es\/producto\/instrumentacion-electronica\/wimp2plus\/"]}]},{"@type":"ImageObject","inLanguage":"es","@id":"https:\/\/www.aep.it\/es\/producto\/instrumentacion-electronica\/wimp2plus\/#primaryimage","url":"https:\/\/www.aep.it\/wp-content\/uploads\/2019\/12\/aep-transducers-wimp2plus.jpg","contentUrl":"https:\/\/www.aep.it\/wp-content\/uploads\/2019\/12\/aep-transducers-wimp2plus.jpg","width":600,"height":600},{"@type":"BreadcrumbList","@id":"https:\/\/www.aep.it\/es\/producto\/instrumentacion-electronica\/wimp2plus\/#breadcrumb","itemListElement":[{"@type":"ListItem","position":1,"name":"Home","item":"https:\/\/www.aep.it\/es\/"},{"@type":"ListItem","position":2,"name":"Productos","item":"https:\/\/www.aep.it\/es\/shop\/"},{"@type":"ListItem","position":3,"name":"WIMP2PLUS"}]},{"@type":"WebSite","@id":"https:\/\/www.aep.it\/es\/#website","url":"https:\/\/www.aep.it\/es\/","name":"AEP transducers","description":"","publisher":{"@id":"https:\/\/www.aep.it\/es\/#organization"},"potentialAction":[{"@type":"SearchAction","target":{"@type":"EntryPoint","urlTemplate":"https:\/\/www.aep.it\/es\/?s={search_term_string}"},"query-input":{"@type":"PropertyValueSpecification","valueRequired":true,"valueName":"search_term_string"}}],"inLanguage":"es"},{"@type":"Organization","@id":"https:\/\/www.aep.it\/es\/#organization","name":"AEP Transducers","url":"https:\/\/www.aep.it\/es\/","logo":{"@type":"ImageObject","inLanguage":"es","@id":"https:\/\/www.aep.it\/es\/#\/schema\/logo\/image\/","url":"https:\/\/www.aep.it\/wp-content\/uploads\/2020\/03\/logo-vettoriale-def.png","contentUrl":"https:\/\/www.aep.it\/wp-content\/uploads\/2020\/03\/logo-vettoriale-def.png","width":2000,"height":284,"caption":"AEP Transducers"},"image":{"@id":"https:\/\/www.aep.it\/es\/#\/schema\/logo\/image\/"},"sameAs":["https:\/\/www.facebook.com\/AEP-transducers-212611005540305"]}]}},"_links":{"self":[{"href":"https:\/\/www.aep.it\/es\/wp-json\/wp\/v2\/product\/3503","targetHints":{"allow":["GET"]}}],"collection":[{"href":"https:\/\/www.aep.it\/es\/wp-json\/wp\/v2\/product"}],"about":[{"href":"https:\/\/www.aep.it\/es\/wp-json\/wp\/v2\/types\/product"}],"wp:featuredmedia":[{"embeddable":true,"href":"https:\/\/www.aep.it\/es\/wp-json\/wp\/v2\/media\/3495"}],"wp:attachment":[{"href":"https:\/\/www.aep.it\/es\/wp-json\/wp\/v2\/media?parent=3503"}],"wp:term":[{"taxonomy":"product_brand","embeddable":true,"href":"https:\/\/www.aep.it\/es\/wp-json\/wp\/v2\/product_brand?post=3503"},{"taxonomy":"product_cat","embeddable":true,"href":"https:\/\/www.aep.it\/es\/wp-json\/wp\/v2\/product_cat?post=3503"},{"taxonomy":"product_tag","embeddable":true,"href":"https:\/\/www.aep.it\/es\/wp-json\/wp\/v2\/product_tag?post=3503"}],"curies":[{"name":"wp","href":"https:\/\/api.w.org\/{rel}","templated":true}]}}