{"id":3515,"date":"2019-12-20T09:31:42","date_gmt":"2019-12-20T08:31:42","guid":{"rendered":"http:\/\/www.aep.it\/prodotto\/sin%20categor\u00eda\/mp4plus\/"},"modified":"2022-01-11T16:01:34","modified_gmt":"2022-01-11T15:01:34","slug":"mp4plus","status":"publish","type":"product","link":"https:\/\/www.aep.it\/es\/producto\/instrumentacion-electronica\/mp4plus\/","title":{"rendered":"MP4PLUS"},"content":{"rendered":"<p>[vc_row][vc_column][vc_column_text]Llas\u00a0caracter\u00edstica principales son:<\/p>\n<p>Display\u00a0gr\u00e1fico de grandes dimensiones y de\u00a0alta resoluci\u00f3n.<br \/>\nConexi\u00f3n de 2 transductores externos de tipo:\u00a02mV\/V, \u00b110V, \u00b15V, 4-20mA, 0-20mA.<br \/>\nSelecci\u00f3n de numerosas unidades de medida para cada canal conectado.<br \/>\nData Logger interno con una memoria\u00a0no vol\u00e1til que permite memorizar hasta\u00a0130000 puntos de medidas cuando configurado con un solo canal\u00a0(65000 puntos de medida en el caso de 2 canales).<br \/>\nData Logger externo (Opci\u00f3n) en el cual es utilizada una usual\u00a0l\u00e1piz USB para una simple portabilidad sobre un PC.<br \/>\nFunci\u00f3n CERO<br \/>\nFunci\u00f3n de HOLD<br \/>\nFunci\u00f3n de\u00a0PICO<br \/>\nFunci\u00f3n DESCARGA\u00a0para medir la cantidad de producto descargado por ejemplo por un tanque.<br \/>\nFunci\u00f3n\u00a0TOTAL: efectua la suma de los dos canales.<br \/>\nFunci\u00f3n de\u00a0AUTOCERO: para anular\u00a0autom\u00e1ticamente un canal cuando la medida es inferior a\u00a0un umbral programado.<br \/>\nFunci\u00f3n\u00a0Bloque Teclas: para poder\u00a0evitar cambios a la configuraci\u00f3n por parte de personas no\u00a0habilitadas.<br \/>\nFunci\u00f3n\u00a0Calendario con\u00a0fecha y hora.<br \/>\nImpresora \u00a0a 24 columnas\u00a0(Opci\u00f3n) conectada a la puerta serial\u00a0RS232\u00a0a trav\u00e9s de la cual es posible imprimir los puntos de medida y los datos de la Empresa \u00a0que ha efectuado el relieve.<br \/>\nPuerta de comunicaci\u00f3n USB\u00a0a trav\u00e9s de la cual es posible transferir las medidas en tiempo real a un PC.<br \/>\nPuerta de comunicaci\u00f3n\u00a0serial RS232\u00a0(Opci\u00f3n).<br \/>\nPuerta de comunicaci\u00f3n\u00a0RS485 con protocolo MODBUS RTU\u00a0(Opci\u00f3n).<br \/>\n4 Entradas digitales a 24Vdc con\u00a0funcionalidad programable.<br \/>\n5 SetPoint programmabiles (cada uno con un LED sobre el panel frontal).<br \/>\n5 Salidas a rel\u00e8 con\u00a0funcionalidad programable,\u00a0todas con contactos de descarga.<br \/>\nUna o dos salidas\u00a0anal\u00f3gicas\u00a0(Opci\u00f3n): 0-20mA &#8211; 4-20mA \u2013 0-24mA, \u00b110Vdc, 0-10Vdc, 0-5Vdc,\u00b15Vdc<br \/>\nFunci\u00f3n REPETIDOR: El instrumento puede ser configurado para visualizar\u00a0(en forma pasiva- Slave) medidas procedentes del canal seral\u00a0RS232\u00a0(por ejemplo de otro MP4Plus \u2013 Master) para una\u00a0visualizaci\u00f3n remota de las medidas.En este caso todas las\u00a0funcionalidades locales abilitadas sobre\u00a0MP4Plus Slave seran activas\u00a0(Setpoint, USB, impresora, datalogger etc).La funci\u00f3n REPETIDOR es activa\u00a0para un solo canal.[\/vc_column_text][vc_separator][vc_column_text]<strong>ACCESSORIOS<\/strong>[\/vc_column_text][vc_row_inner content_placement=&#8221;middle&#8221;][vc_column_inner width=&#8221;1\/2&#8243;][vc_single_image image=&#8221;3480&#8243; img_size=&#8221;full&#8221; onclick=&#8221;link_image&#8221;][\/vc_column_inner][vc_column_inner width=&#8221;1\/2&#8243;][vc_column_text]<br \/>\n<strong>MPsupervisor<\/strong><\/p>\n<p>Programa que permite una interfaz inmediata a trav\u00e9s de la puerta USB con MP2Plus, la visualizaci\u00f3n de gr\u00e1ficos, la exportaci\u00f3n en Microsoft Excel y el cambio con extrema sencillez de todos los principales par\u00e1metros del instrumento.<br \/>\nEl programa permite descargar los Data Logger efectuados utilizando la memoria interna como los sobre Pen Drive y visualizar las respectivas curvas de adquisici\u00f3n.[\/vc_column_text][\/vc_column_inner][\/vc_row_inner][vc_row_inner content_placement=&#8221;middle&#8221;][vc_column_inner width=&#8221;1\/2&#8243;][vc_single_image image=&#8221;3462&#8243; img_size=&#8221;full&#8221; onclick=&#8221;link_image&#8221;][\/vc_column_inner][vc_column_inner width=&#8221;1\/2&#8243;][vc_column_text]<\/p>\n<p align=\"justify\"><strong>Cable serial RS232<\/strong><\/p>\n<p><strong>Adaptador RS232 &#8211; USB<\/strong>[\/vc_column_text][\/vc_column_inner][\/vc_row_inner][vc_row_inner content_placement=&#8221;middle&#8221;][vc_column_inner width=&#8221;1\/2&#8243;][vc_single_image image=&#8221;7729&#8243; img_size=&#8221;full&#8221; onclick=&#8221;link_image&#8221;][\/vc_column_inner][vc_column_inner width=&#8221;1\/2&#8243;][vc_column_text]<strong>MP4plus con 2 MCF + ENCODER<\/strong>[\/vc_column_text][\/vc_column_inner][\/vc_row_inner][vc_row_inner content_placement=&#8221;middle&#8221;][vc_column_inner width=&#8221;1\/2&#8243;][vc_single_image image=&#8221;7732&#8243; img_size=&#8221;full&#8221; onclick=&#8221;link_image&#8221;][\/vc_column_inner][vc_column_inner width=&#8221;1\/2&#8243;][vc_column_text]<strong>MP4plus con 4 botellas S<\/strong>[\/vc_column_text][\/vc_column_inner][\/vc_row_inner][vc_row_inner content_placement=&#8221;middle&#8221;][vc_column_inner width=&#8221;1\/2&#8243;][vc_single_image image=&#8221;7735&#8243; img_size=&#8221;full&#8221; onclick=&#8221;link_image&#8221;][\/vc_column_inner][vc_column_inner width=&#8221;1\/2&#8243;][vc_column_text]<strong>MP4plus con 4 prensas<\/strong>[\/vc_column_text][\/vc_column_inner][\/vc_row_inner][vc_row_inner content_placement=&#8221;middle&#8221;][vc_column_inner width=&#8221;1\/2&#8243;][vc_single_image image=&#8221;7738&#8243; img_size=&#8221;full&#8221; onclick=&#8221;link_image&#8221;][\/vc_column_inner][vc_column_inner width=&#8221;1\/2&#8243;][vc_column_text]<strong>MP4plus con bote<\/strong>[\/vc_column_text][\/vc_column_inner][\/vc_row_inner][\/vc_column][\/vc_row]<\/p>\n","protected":false},"excerpt":{"rendered":"<p>Indicador de panel con 4 entradas\u00a0anal\u00f3gicas\u00a0individualmente programables; cada entrada es capaz de\u00a0recibir se\u00f1ales transmitidos por\u00a0Strain Gauge (versi\u00f3n est\u00e1ndar) a puente entero\u00a0(a 4 o 6 hilos) o por transductores con salida amplificada en\u00a0tensi\u00f3n\u00a0(\u00b110V o \u00b15V), en corriente\u00a0(4-20mA o 0-20mA) o PT100. Es indicado para la medida de fuerza, peso y\u00a0presi\u00f3n, desplazamiento y temperatura\u00a0(PT100). Ha sido realizado para ser utilizado en sistemas de medida\u00a0est\u00e1tica y din\u00e1mica en ambientes industriales donde es necesario adquirir\u00a0m\u00e1s transductores independientes\u00a0simult\u00e1neamente y\u00a0de manera sincronizada. El instrumento tiene, para cada canal, una exactitud de 0.010% gracias a una\u00a0resoluci\u00f3n interna a\u00a024bit.<\/p>\n<p><img decoding=\"async\" class=\"alignnone size-full wp-image-8975\" src=\"https:\/\/www.aep.it\/wp-content\/uploads\/2019\/12\/label-eac-2.jpg\" alt=\"\" width=\"150\" height=\"70\" \/><\/p>\n","protected":false},"featured_media":3507,"template":"","meta":[],"product_brand":[],"product_cat":[90],"product_tag":[],"class_list":{"0":"post-3515","1":"product","2":"type-product","3":"status-publish","4":"has-post-thumbnail","6":"product_cat-instrumentacion-electronica","8":"first","9":"instock","10":"shipping-taxable","11":"product-type-simple","12":"berocket_lgv_grid","13":"berocket_lgv_list_grid"},"yoast_head":"<!-- This site is optimized with the Yoast SEO plugin v27.2 - https:\/\/yoast.com\/product\/yoast-seo-wordpress\/ -->\n<title>MP4PLUS | AEP transducers<\/title>\n<meta name=\"robots\" content=\"index, follow, max-snippet:-1, max-image-preview:large, max-video-preview:-1\" \/>\n<link rel=\"canonical\" href=\"https:\/\/www.aep.it\/es\/producto\/instrumentacion-electronica\/mp4plus\/\" \/>\n<meta property=\"og:locale\" content=\"es_ES\" \/>\n<meta property=\"og:type\" content=\"article\" \/>\n<meta property=\"og:title\" content=\"MP4PLUS | AEP transducers\" \/>\n<meta property=\"og:description\" content=\"Indicador de panel con 4 entradas\u00a0anal\u00f3gicas\u00a0individualmente programables; cada entrada es capaz de\u00a0recibir se\u00f1ales transmitidos por\u00a0Strain Gauge (versi\u00f3n est\u00e1ndar) a puente entero\u00a0(a 4 o 6 hilos) o por transductores con salida amplificada en\u00a0tensi\u00f3n\u00a0(\u00b110V o \u00b15V), en corriente\u00a0(4-20mA o 0-20mA) o PT100. Es indicado para la medida de fuerza, peso y\u00a0presi\u00f3n, desplazamiento y temperatura\u00a0(PT100). Ha sido realizado para ser utilizado en sistemas de medida\u00a0est\u00e1tica y din\u00e1mica en ambientes industriales donde es necesario adquirir\u00a0m\u00e1s transductores independientes\u00a0simult\u00e1neamente y\u00a0de manera sincronizada. El instrumento tiene, para cada canal, una exactitud de 0.010% gracias a una\u00a0resoluci\u00f3n interna a\u00a024bit.\" \/>\n<meta property=\"og:url\" content=\"https:\/\/www.aep.it\/es\/producto\/instrumentacion-electronica\/mp4plus\/\" \/>\n<meta property=\"og:site_name\" content=\"AEP transducers\" \/>\n<meta property=\"article:publisher\" content=\"https:\/\/www.facebook.com\/AEP-transducers-212611005540305\" \/>\n<meta property=\"article:modified_time\" content=\"2022-01-11T15:01:34+00:00\" \/>\n<meta property=\"og:image\" content=\"https:\/\/www.aep.it\/wp-content\/uploads\/2019\/12\/aep-transducers-mp4plus.jpg\" \/>\n\t<meta property=\"og:image:width\" content=\"600\" \/>\n\t<meta property=\"og:image:height\" content=\"600\" \/>\n\t<meta property=\"og:image:type\" content=\"image\/jpeg\" \/>\n<meta name=\"twitter:card\" content=\"summary_large_image\" \/>\n<meta name=\"twitter:label1\" content=\"Tiempo de lectura\" \/>\n\t<meta name=\"twitter:data1\" content=\"4 minutos\" \/>\n<script type=\"application\/ld+json\" class=\"yoast-schema-graph\">{\"@context\":\"https:\/\/schema.org\",\"@graph\":[{\"@type\":\"WebPage\",\"@id\":\"https:\/\/www.aep.it\/es\/producto\/instrumentacion-electronica\/mp4plus\/\",\"url\":\"https:\/\/www.aep.it\/es\/producto\/instrumentacion-electronica\/mp4plus\/\",\"name\":\"MP4PLUS | AEP transducers\",\"isPartOf\":{\"@id\":\"https:\/\/www.aep.it\/es\/#website\"},\"primaryImageOfPage\":{\"@id\":\"https:\/\/www.aep.it\/es\/producto\/instrumentacion-electronica\/mp4plus\/#primaryimage\"},\"image\":{\"@id\":\"https:\/\/www.aep.it\/es\/producto\/instrumentacion-electronica\/mp4plus\/#primaryimage\"},\"thumbnailUrl\":\"https:\/\/www.aep.it\/wp-content\/uploads\/2019\/12\/aep-transducers-mp4plus.jpg\",\"datePublished\":\"2019-12-20T08:31:42+00:00\",\"dateModified\":\"2022-01-11T15:01:34+00:00\",\"breadcrumb\":{\"@id\":\"https:\/\/www.aep.it\/es\/producto\/instrumentacion-electronica\/mp4plus\/#breadcrumb\"},\"inLanguage\":\"es\",\"potentialAction\":[{\"@type\":\"ReadAction\",\"target\":[\"https:\/\/www.aep.it\/es\/producto\/instrumentacion-electronica\/mp4plus\/\"]}]},{\"@type\":\"ImageObject\",\"inLanguage\":\"es\",\"@id\":\"https:\/\/www.aep.it\/es\/producto\/instrumentacion-electronica\/mp4plus\/#primaryimage\",\"url\":\"https:\/\/www.aep.it\/wp-content\/uploads\/2019\/12\/aep-transducers-mp4plus.jpg\",\"contentUrl\":\"https:\/\/www.aep.it\/wp-content\/uploads\/2019\/12\/aep-transducers-mp4plus.jpg\",\"width\":600,\"height\":600},{\"@type\":\"BreadcrumbList\",\"@id\":\"https:\/\/www.aep.it\/es\/producto\/instrumentacion-electronica\/mp4plus\/#breadcrumb\",\"itemListElement\":[{\"@type\":\"ListItem\",\"position\":1,\"name\":\"Home\",\"item\":\"https:\/\/www.aep.it\/es\/\"},{\"@type\":\"ListItem\",\"position\":2,\"name\":\"Productos\",\"item\":\"https:\/\/www.aep.it\/es\/shop\/\"},{\"@type\":\"ListItem\",\"position\":3,\"name\":\"MP4PLUS\"}]},{\"@type\":\"WebSite\",\"@id\":\"https:\/\/www.aep.it\/es\/#website\",\"url\":\"https:\/\/www.aep.it\/es\/\",\"name\":\"AEP transducers\",\"description\":\"\",\"publisher\":{\"@id\":\"https:\/\/www.aep.it\/es\/#organization\"},\"potentialAction\":[{\"@type\":\"SearchAction\",\"target\":{\"@type\":\"EntryPoint\",\"urlTemplate\":\"https:\/\/www.aep.it\/es\/?s={search_term_string}\"},\"query-input\":{\"@type\":\"PropertyValueSpecification\",\"valueRequired\":true,\"valueName\":\"search_term_string\"}}],\"inLanguage\":\"es\"},{\"@type\":\"Organization\",\"@id\":\"https:\/\/www.aep.it\/es\/#organization\",\"name\":\"AEP Transducers\",\"url\":\"https:\/\/www.aep.it\/es\/\",\"logo\":{\"@type\":\"ImageObject\",\"inLanguage\":\"es\",\"@id\":\"https:\/\/www.aep.it\/es\/#\/schema\/logo\/image\/\",\"url\":\"https:\/\/www.aep.it\/wp-content\/uploads\/2020\/03\/logo-vettoriale-def.png\",\"contentUrl\":\"https:\/\/www.aep.it\/wp-content\/uploads\/2020\/03\/logo-vettoriale-def.png\",\"width\":2000,\"height\":284,\"caption\":\"AEP Transducers\"},\"image\":{\"@id\":\"https:\/\/www.aep.it\/es\/#\/schema\/logo\/image\/\"},\"sameAs\":[\"https:\/\/www.facebook.com\/AEP-transducers-212611005540305\"]}]}<\/script>\n<!-- \/ Yoast SEO plugin. -->","yoast_head_json":{"title":"MP4PLUS | AEP transducers","robots":{"index":"index","follow":"follow","max-snippet":"max-snippet:-1","max-image-preview":"max-image-preview:large","max-video-preview":"max-video-preview:-1"},"canonical":"https:\/\/www.aep.it\/es\/producto\/instrumentacion-electronica\/mp4plus\/","og_locale":"es_ES","og_type":"article","og_title":"MP4PLUS | AEP transducers","og_description":"Indicador de panel con 4 entradas\u00a0anal\u00f3gicas\u00a0individualmente programables; cada entrada es capaz de\u00a0recibir se\u00f1ales transmitidos por\u00a0Strain Gauge (versi\u00f3n est\u00e1ndar) a puente entero\u00a0(a 4 o 6 hilos) o por transductores con salida amplificada en\u00a0tensi\u00f3n\u00a0(\u00b110V o \u00b15V), en corriente\u00a0(4-20mA o 0-20mA) o PT100. Es indicado para la medida de fuerza, peso y\u00a0presi\u00f3n, desplazamiento y temperatura\u00a0(PT100). Ha sido realizado para ser utilizado en sistemas de medida\u00a0est\u00e1tica y din\u00e1mica en ambientes industriales donde es necesario adquirir\u00a0m\u00e1s transductores independientes\u00a0simult\u00e1neamente y\u00a0de manera sincronizada. El instrumento tiene, para cada canal, una exactitud de 0.010% gracias a una\u00a0resoluci\u00f3n interna a\u00a024bit.","og_url":"https:\/\/www.aep.it\/es\/producto\/instrumentacion-electronica\/mp4plus\/","og_site_name":"AEP transducers","article_publisher":"https:\/\/www.facebook.com\/AEP-transducers-212611005540305","article_modified_time":"2022-01-11T15:01:34+00:00","og_image":[{"width":600,"height":600,"url":"https:\/\/www.aep.it\/wp-content\/uploads\/2019\/12\/aep-transducers-mp4plus.jpg","type":"image\/jpeg"}],"twitter_card":"summary_large_image","twitter_misc":{"Tiempo de lectura":"4 minutos"},"schema":{"@context":"https:\/\/schema.org","@graph":[{"@type":"WebPage","@id":"https:\/\/www.aep.it\/es\/producto\/instrumentacion-electronica\/mp4plus\/","url":"https:\/\/www.aep.it\/es\/producto\/instrumentacion-electronica\/mp4plus\/","name":"MP4PLUS | AEP transducers","isPartOf":{"@id":"https:\/\/www.aep.it\/es\/#website"},"primaryImageOfPage":{"@id":"https:\/\/www.aep.it\/es\/producto\/instrumentacion-electronica\/mp4plus\/#primaryimage"},"image":{"@id":"https:\/\/www.aep.it\/es\/producto\/instrumentacion-electronica\/mp4plus\/#primaryimage"},"thumbnailUrl":"https:\/\/www.aep.it\/wp-content\/uploads\/2019\/12\/aep-transducers-mp4plus.jpg","datePublished":"2019-12-20T08:31:42+00:00","dateModified":"2022-01-11T15:01:34+00:00","breadcrumb":{"@id":"https:\/\/www.aep.it\/es\/producto\/instrumentacion-electronica\/mp4plus\/#breadcrumb"},"inLanguage":"es","potentialAction":[{"@type":"ReadAction","target":["https:\/\/www.aep.it\/es\/producto\/instrumentacion-electronica\/mp4plus\/"]}]},{"@type":"ImageObject","inLanguage":"es","@id":"https:\/\/www.aep.it\/es\/producto\/instrumentacion-electronica\/mp4plus\/#primaryimage","url":"https:\/\/www.aep.it\/wp-content\/uploads\/2019\/12\/aep-transducers-mp4plus.jpg","contentUrl":"https:\/\/www.aep.it\/wp-content\/uploads\/2019\/12\/aep-transducers-mp4plus.jpg","width":600,"height":600},{"@type":"BreadcrumbList","@id":"https:\/\/www.aep.it\/es\/producto\/instrumentacion-electronica\/mp4plus\/#breadcrumb","itemListElement":[{"@type":"ListItem","position":1,"name":"Home","item":"https:\/\/www.aep.it\/es\/"},{"@type":"ListItem","position":2,"name":"Productos","item":"https:\/\/www.aep.it\/es\/shop\/"},{"@type":"ListItem","position":3,"name":"MP4PLUS"}]},{"@type":"WebSite","@id":"https:\/\/www.aep.it\/es\/#website","url":"https:\/\/www.aep.it\/es\/","name":"AEP transducers","description":"","publisher":{"@id":"https:\/\/www.aep.it\/es\/#organization"},"potentialAction":[{"@type":"SearchAction","target":{"@type":"EntryPoint","urlTemplate":"https:\/\/www.aep.it\/es\/?s={search_term_string}"},"query-input":{"@type":"PropertyValueSpecification","valueRequired":true,"valueName":"search_term_string"}}],"inLanguage":"es"},{"@type":"Organization","@id":"https:\/\/www.aep.it\/es\/#organization","name":"AEP Transducers","url":"https:\/\/www.aep.it\/es\/","logo":{"@type":"ImageObject","inLanguage":"es","@id":"https:\/\/www.aep.it\/es\/#\/schema\/logo\/image\/","url":"https:\/\/www.aep.it\/wp-content\/uploads\/2020\/03\/logo-vettoriale-def.png","contentUrl":"https:\/\/www.aep.it\/wp-content\/uploads\/2020\/03\/logo-vettoriale-def.png","width":2000,"height":284,"caption":"AEP Transducers"},"image":{"@id":"https:\/\/www.aep.it\/es\/#\/schema\/logo\/image\/"},"sameAs":["https:\/\/www.facebook.com\/AEP-transducers-212611005540305"]}]}},"_links":{"self":[{"href":"https:\/\/www.aep.it\/es\/wp-json\/wp\/v2\/product\/3515","targetHints":{"allow":["GET"]}}],"collection":[{"href":"https:\/\/www.aep.it\/es\/wp-json\/wp\/v2\/product"}],"about":[{"href":"https:\/\/www.aep.it\/es\/wp-json\/wp\/v2\/types\/product"}],"wp:featuredmedia":[{"embeddable":true,"href":"https:\/\/www.aep.it\/es\/wp-json\/wp\/v2\/media\/3507"}],"wp:attachment":[{"href":"https:\/\/www.aep.it\/es\/wp-json\/wp\/v2\/media?parent=3515"}],"wp:term":[{"taxonomy":"product_brand","embeddable":true,"href":"https:\/\/www.aep.it\/es\/wp-json\/wp\/v2\/product_brand?post=3515"},{"taxonomy":"product_cat","embeddable":true,"href":"https:\/\/www.aep.it\/es\/wp-json\/wp\/v2\/product_cat?post=3515"},{"taxonomy":"product_tag","embeddable":true,"href":"https:\/\/www.aep.it\/es\/wp-json\/wp\/v2\/product_tag?post=3515"}],"curies":[{"name":"wp","href":"https:\/\/api.w.org\/{rel}","templated":true}]}}