{"id":3542,"date":"2019-12-20T09:45:37","date_gmt":"2019-12-20T08:45:37","guid":{"rendered":"http:\/\/www.aep.it\/prodotto\/sin%20categor\u00eda\/mp10plus\/"},"modified":"2020-10-02T15:26:54","modified_gmt":"2020-10-02T13:26:54","slug":"mp10plus","status":"publish","type":"product","link":"https:\/\/www.aep.it\/es\/producto\/instrumentacion-electronica\/mp10plus\/","title":{"rendered":"MP10PLUS"},"content":{"rendered":"<p>[vc_row][vc_column][vc_column_text]Display gr\u00e1fico retroiluminado de grandes dimensiones y resoluci\u00f3n con\u00a0regulaci\u00f3n de contraste.<br \/>\nResoluci\u00f3n de medida:\u00a0\u00b1\uf0202.000.000 divisiones (versi\u00f3n\u00a0K2) o \u00b1\uf020200.000 divisiones (versi\u00f3n est\u00e1ndar).<br \/>\nFrecuencia de adquisici\u00f3n de 2.5Hz a 4800Hz.<br \/>\nCondicionamiento de transductores de\u00a0FUERZA, PESO,\u00a0PRESI\u00d3N, PAR y DESPLAZAMIENTO.<br \/>\nSelecci\u00f3n de numerosas unidades de medida para cada una de los tipos de transductor.<br \/>\nData Logger interno con\u00a0una memoria que memoriza hasta\u00a0130000 medidas con una velocidad hasta\u00a04800 Hz.<br \/>\nData Logger externo en el cual es utilizado\u00a0un l\u00e1piz USB\u00a0para una f\u00e1cil portabilidad de los datos sobre un PC.<br \/>\nTelemando (incluido en la\u00a0versi\u00f3n\u00a0K2 opcional\u00a0en la\u00a0versi\u00f3n est\u00e1ndar) para\u00a0facilitar el operador que tiene que accionar a distancia funciones de CERO, HOLD, MEMORIZACI\u00d3N<br \/>\nFunci\u00f3n\u00a0de CERO, de HOLD y de \u00a0PICO&#8230;<br \/>\nFunci\u00f3n\u00a0Calendario con fecha y hora.<br \/>\nImpresora a 24 columnas (opci\u00f3n) conectada a la puerta serie\u00a0a trav\u00e9s de la cual es posible imprimir los puntos de medida y los datos de la Empresa que ha efectuato el relieve.<br \/>\nFunci\u00f3n\u00a0de Auto Calibraci\u00f3n interna, programmabile dall\u2019utente, per minimizzare gli errori di temperatura della catena di amplificazione e del convertitore A\/D (riferimento garantito per una variazione di 1ppm\/\u00b0C).<br \/>\nCanale di Riferimento interno per la verifica e controllo della coerenza delle misurazioni.<br \/>\nPorta di Comunicazione USB attraverso la quale \u00e8 possibile trasferire le misure in tempo reale ad un PC alla massima velocit\u00e0 4800Hz.<br \/>\nPorta di comunicazione seriale RS232 per trasmissioni a distanza.[\/vc_column_text][vc_separator][vc_column_text]<strong>ACCESSORIOS<\/strong>[\/vc_column_text][vc_row_inner content_placement=&#8221;middle&#8221;][vc_column_inner width=&#8221;1\/2&#8243;][vc_single_image image=&#8221;1997&#8243; img_size=&#8221;full&#8221; onclick=&#8221;link_image&#8221;][\/vc_column_inner][vc_column_inner width=&#8221;1\/2&#8243;][vc_column_text]<strong>Informe de Calibraci\u00f3n en\u00a0mV\/V<\/strong>[\/vc_column_text][\/vc_column_inner][\/vc_row_inner][vc_row_inner content_placement=&#8221;middle&#8221;][vc_column_inner width=&#8221;1\/2&#8243;][vc_single_image image=&#8221;2829&#8243; img_size=&#8221;full&#8221; onclick=&#8221;link_image&#8221;][\/vc_column_inner][vc_column_inner width=&#8221;1\/2&#8243;][vc_column_text]<strong>Certificado ACCREDIA<\/strong><\/p>\n<p>MP10+ Transductor[\/vc_column_text][\/vc_column_inner][\/vc_row_inner][vc_row_inner content_placement=&#8221;middle&#8221;][vc_column_inner width=&#8221;1\/2&#8243;][vc_single_image image=&#8221;3519&#8243; img_size=&#8221;full&#8221; onclick=&#8221;link_image&#8221;][\/vc_column_inner][vc_column_inner width=&#8221;1\/2&#8243;][vc_column_text]<strong>TELEMANDO<br \/>\n<\/strong>Posibilidad de mandar a distancia diferentes funciones como CERO, registrar la medida sobre data logger, transmitir a comando la medida mediante comunicaci\u00f3n serial o USB ecc&#8230;[\/vc_column_text][\/vc_column_inner][\/vc_row_inner][vc_row_inner content_placement=&#8221;middle&#8221;][vc_column_inner width=&#8221;1\/2&#8243;][vc_single_image image=&#8221;3522&#8243; img_size=&#8221;full&#8221; onclick=&#8221;link_image&#8221;][\/vc_column_inner][vc_column_inner width=&#8221;1\/2&#8243;][vc_column_text]<strong>Puerta USB<\/strong>\u00a0anterior para descargar las medidas y el Data Logger directamente sobre un l\u00e1piz USB(FLASH Memory) y llevarlas f\u00e1cilmente sobre el PC[\/vc_column_text][\/vc_column_inner][\/vc_row_inner][vc_row_inner content_placement=&#8221;middle&#8221;][vc_column_inner width=&#8221;1\/2&#8243;][vc_single_image image=&#8221;3525&#8243; img_size=&#8221;full&#8221; onclick=&#8221;link_image&#8221;][\/vc_column_inner][vc_column_inner width=&#8221;1\/2&#8243;][vc_column_text]<strong>IMPRESORA<\/strong>\u00a0a 24 columnas.<br \/>\nposibilidad de imprimir a comando la medida con fecha y hora y cabecera personalizable[\/vc_column_text][\/vc_column_inner][\/vc_row_inner][vc_row_inner content_placement=&#8221;middle&#8221;][vc_column_inner width=&#8221;1\/2&#8243;][vc_single_image image=&#8221;3528&#8243; img_size=&#8221;full&#8221; onclick=&#8221;link_image&#8221;][\/vc_column_inner][vc_column_inner width=&#8221;1\/2&#8243;][vc_column_text]<strong>MALETA para el transporte<\/strong>[\/vc_column_text][\/vc_column_inner][\/vc_row_inner][vc_row_inner content_placement=&#8221;middle&#8221;][vc_column_inner width=&#8221;1\/2&#8243;][vc_single_image image=&#8221;3531&#8243; img_size=&#8221;full&#8221; onclick=&#8221;link_image&#8221;][\/vc_column_inner][vc_column_inner width=&#8221;1\/2&#8243;][vc_column_text]<strong>WinMP10<br \/>\n<\/strong>Programa que permite un interfaz mediante la puerta USB con el\u00a0MP10Plus, la visualizaci\u00f3n de\u00a0\u00a0gr\u00e1ficos, la\u00a0exportaci\u00f3n en\u00a0Microsoft Excel y la configuraci\u00f3n directamente del PC de todos los\u00a0par\u00e1metros de configuraci\u00f3n.<br \/>\nEl programa permite descargar los\u00a0Data Logger efectuados utilizando la memoria interna como los sobre\u00a0Pen Drive y visualizar\u00a0las respectivas curvas de adquisici\u00f3n.[\/vc_column_text][\/vc_column_inner][\/vc_row_inner][vc_row_inner content_placement=&#8221;middle&#8221;][vc_column_inner width=&#8221;1\/2&#8243;][vc_single_image image=&#8221;3462&#8243; img_size=&#8221;full&#8221; onclick=&#8221;link_image&#8221;][\/vc_column_inner][vc_column_inner width=&#8221;1\/2&#8243;][vc_column_text]<strong>Cable serial RS232<\/p>\n<p><\/strong><strong>Cable USB<\/strong>[\/vc_column_text][\/vc_column_inner][\/vc_row_inner][\/vc_column][\/vc_row]<\/p>\n","protected":false},"excerpt":{"rendered":"<p>Indicador digital profesional programable para el tratamiento de\u00a0se\u00f1ales transmitidos por transductores\u00a0extens\u00f3metros a puente intero para medidas de\u00a0magnitudes\u00a0mec\u00e1nicas como: FUERZA, PESO,\u00a0PRESI\u00d3N, PAR y DESPLAZAMIENTO. Realizado para ser utilizado en los\u00a0m\u00e1s modernos sistemas de medida\u00a0est\u00e1tica y din\u00e1mica de alta\u00a0precisi\u00f3n como Laboratorios metrol\u00f3gicos, Laboratorios de investigaci\u00f3n o combinado\u00a0con m\u00e1quinas de ensayo de materiales,\u00a0bancos de prueba ecc&#8230; Certificado\u00a0peri\u00f3dicamente por centros ACCREDIA o\u00a0equivalentes para efectuar calibraciones\u00a0\u00a0que son comparadas en el \u00e1mbito de la Calidad\u00a0(ISO 9001). MP10Plus tiene una exactitud de\u00a00,0010% o 0,0020% y una\u00a0resoluci\u00f3n interna de\u00a024 bit.En la\u00a0versi\u00f3n K2 asocia una resoluci\u00f3n de\u00a0<strong>\u00b12.000.000\u00a0divisiones\u00a0<\/strong>(con\u00a0se\u00f1al\u00a0\u00b1\u00a02mV\/V); mientras que en la\u00a0versi\u00f3n est\u00e1ndar asocia una\u00a0\u00a0resoluci\u00f3n de\u00a0<strong>\u00b1200.000<\/strong><strong>\u00a0divisiones.<\/strong><\/p>\n<p><img decoding=\"async\" class=\"alignnone size-full wp-image-8975\" src=\"https:\/\/www.aep.it\/wp-content\/uploads\/2019\/12\/label-eac-2.jpg\" alt=\"\" width=\"150\" height=\"70\" \/><\/p>\n","protected":false},"featured_media":3534,"template":"","meta":[],"product_brand":[],"product_cat":[90],"product_tag":[],"class_list":{"0":"post-3542","1":"product","2":"type-product","3":"status-publish","4":"has-post-thumbnail","6":"product_cat-instrumentacion-electronica","8":"first","9":"instock","10":"shipping-taxable","11":"product-type-simple","12":"berocket_lgv_grid","13":"berocket_lgv_list_grid"},"yoast_head":"<!-- This site is optimized with the Yoast SEO plugin v27.2 - https:\/\/yoast.com\/product\/yoast-seo-wordpress\/ -->\n<title>MP10PLUS | AEP transducers<\/title>\n<meta name=\"robots\" content=\"index, follow, max-snippet:-1, max-image-preview:large, max-video-preview:-1\" \/>\n<link rel=\"canonical\" href=\"https:\/\/www.aep.it\/es\/producto\/instrumentacion-electronica\/mp10plus\/\" \/>\n<meta property=\"og:locale\" content=\"es_ES\" \/>\n<meta property=\"og:type\" content=\"article\" \/>\n<meta property=\"og:title\" content=\"MP10PLUS | AEP transducers\" \/>\n<meta property=\"og:description\" content=\"Indicador digital profesional programable para el tratamiento de\u00a0se\u00f1ales transmitidos por transductores\u00a0extens\u00f3metros a puente intero para medidas de\u00a0magnitudes\u00a0mec\u00e1nicas como: FUERZA, PESO,\u00a0PRESI\u00d3N, PAR y DESPLAZAMIENTO. Realizado para ser utilizado en los\u00a0m\u00e1s modernos sistemas de medida\u00a0est\u00e1tica y din\u00e1mica de alta\u00a0precisi\u00f3n como Laboratorios metrol\u00f3gicos, Laboratorios de investigaci\u00f3n o combinado\u00a0con m\u00e1quinas de ensayo de materiales,\u00a0bancos de prueba ecc... Certificado\u00a0peri\u00f3dicamente por centros ACCREDIA o\u00a0equivalentes para efectuar calibraciones\u00a0\u00a0que son comparadas en el \u00e1mbito de la Calidad\u00a0(ISO 9001). MP10Plus tiene una exactitud de\u00a00,0010% o 0,0020% y una\u00a0resoluci\u00f3n interna de\u00a024 bit.En la\u00a0versi\u00f3n K2 asocia una resoluci\u00f3n de\u00a0\u00b12.000.000\u00a0divisiones\u00a0(con\u00a0se\u00f1al\u00a0\u00b1\u00a02mV\/V); mientras que en la\u00a0versi\u00f3n est\u00e1ndar asocia una\u00a0\u00a0resoluci\u00f3n de\u00a0\u00b1200.000\u00a0divisiones.\" \/>\n<meta property=\"og:url\" content=\"https:\/\/www.aep.it\/es\/producto\/instrumentacion-electronica\/mp10plus\/\" \/>\n<meta property=\"og:site_name\" content=\"AEP transducers\" \/>\n<meta property=\"article:publisher\" content=\"https:\/\/www.facebook.com\/AEP-transducers-212611005540305\" \/>\n<meta property=\"article:modified_time\" content=\"2020-10-02T13:26:54+00:00\" \/>\n<meta property=\"og:image\" content=\"https:\/\/www.aep.it\/wp-content\/uploads\/2019\/12\/aep-transducers-mp10plus.jpg\" \/>\n\t<meta property=\"og:image:width\" content=\"600\" \/>\n\t<meta property=\"og:image:height\" content=\"600\" \/>\n\t<meta property=\"og:image:type\" content=\"image\/jpeg\" \/>\n<meta name=\"twitter:card\" content=\"summary_large_image\" \/>\n<meta name=\"twitter:label1\" content=\"Tiempo de lectura\" \/>\n\t<meta name=\"twitter:data1\" content=\"4 minutos\" \/>\n<script type=\"application\/ld+json\" class=\"yoast-schema-graph\">{\"@context\":\"https:\/\/schema.org\",\"@graph\":[{\"@type\":\"WebPage\",\"@id\":\"https:\/\/www.aep.it\/es\/producto\/instrumentacion-electronica\/mp10plus\/\",\"url\":\"https:\/\/www.aep.it\/es\/producto\/instrumentacion-electronica\/mp10plus\/\",\"name\":\"MP10PLUS | AEP transducers\",\"isPartOf\":{\"@id\":\"https:\/\/www.aep.it\/es\/#website\"},\"primaryImageOfPage\":{\"@id\":\"https:\/\/www.aep.it\/es\/producto\/instrumentacion-electronica\/mp10plus\/#primaryimage\"},\"image\":{\"@id\":\"https:\/\/www.aep.it\/es\/producto\/instrumentacion-electronica\/mp10plus\/#primaryimage\"},\"thumbnailUrl\":\"https:\/\/www.aep.it\/wp-content\/uploads\/2019\/12\/aep-transducers-mp10plus.jpg\",\"datePublished\":\"2019-12-20T08:45:37+00:00\",\"dateModified\":\"2020-10-02T13:26:54+00:00\",\"breadcrumb\":{\"@id\":\"https:\/\/www.aep.it\/es\/producto\/instrumentacion-electronica\/mp10plus\/#breadcrumb\"},\"inLanguage\":\"es\",\"potentialAction\":[{\"@type\":\"ReadAction\",\"target\":[\"https:\/\/www.aep.it\/es\/producto\/instrumentacion-electronica\/mp10plus\/\"]}]},{\"@type\":\"ImageObject\",\"inLanguage\":\"es\",\"@id\":\"https:\/\/www.aep.it\/es\/producto\/instrumentacion-electronica\/mp10plus\/#primaryimage\",\"url\":\"https:\/\/www.aep.it\/wp-content\/uploads\/2019\/12\/aep-transducers-mp10plus.jpg\",\"contentUrl\":\"https:\/\/www.aep.it\/wp-content\/uploads\/2019\/12\/aep-transducers-mp10plus.jpg\",\"width\":600,\"height\":600},{\"@type\":\"BreadcrumbList\",\"@id\":\"https:\/\/www.aep.it\/es\/producto\/instrumentacion-electronica\/mp10plus\/#breadcrumb\",\"itemListElement\":[{\"@type\":\"ListItem\",\"position\":1,\"name\":\"Home\",\"item\":\"https:\/\/www.aep.it\/es\/\"},{\"@type\":\"ListItem\",\"position\":2,\"name\":\"Productos\",\"item\":\"https:\/\/www.aep.it\/es\/shop\/\"},{\"@type\":\"ListItem\",\"position\":3,\"name\":\"MP10PLUS\"}]},{\"@type\":\"WebSite\",\"@id\":\"https:\/\/www.aep.it\/es\/#website\",\"url\":\"https:\/\/www.aep.it\/es\/\",\"name\":\"AEP transducers\",\"description\":\"\",\"publisher\":{\"@id\":\"https:\/\/www.aep.it\/es\/#organization\"},\"potentialAction\":[{\"@type\":\"SearchAction\",\"target\":{\"@type\":\"EntryPoint\",\"urlTemplate\":\"https:\/\/www.aep.it\/es\/?s={search_term_string}\"},\"query-input\":{\"@type\":\"PropertyValueSpecification\",\"valueRequired\":true,\"valueName\":\"search_term_string\"}}],\"inLanguage\":\"es\"},{\"@type\":\"Organization\",\"@id\":\"https:\/\/www.aep.it\/es\/#organization\",\"name\":\"AEP Transducers\",\"url\":\"https:\/\/www.aep.it\/es\/\",\"logo\":{\"@type\":\"ImageObject\",\"inLanguage\":\"es\",\"@id\":\"https:\/\/www.aep.it\/es\/#\/schema\/logo\/image\/\",\"url\":\"https:\/\/www.aep.it\/wp-content\/uploads\/2020\/03\/logo-vettoriale-def.png\",\"contentUrl\":\"https:\/\/www.aep.it\/wp-content\/uploads\/2020\/03\/logo-vettoriale-def.png\",\"width\":2000,\"height\":284,\"caption\":\"AEP Transducers\"},\"image\":{\"@id\":\"https:\/\/www.aep.it\/es\/#\/schema\/logo\/image\/\"},\"sameAs\":[\"https:\/\/www.facebook.com\/AEP-transducers-212611005540305\"]}]}<\/script>\n<!-- \/ Yoast SEO plugin. -->","yoast_head_json":{"title":"MP10PLUS | AEP transducers","robots":{"index":"index","follow":"follow","max-snippet":"max-snippet:-1","max-image-preview":"max-image-preview:large","max-video-preview":"max-video-preview:-1"},"canonical":"https:\/\/www.aep.it\/es\/producto\/instrumentacion-electronica\/mp10plus\/","og_locale":"es_ES","og_type":"article","og_title":"MP10PLUS | AEP transducers","og_description":"Indicador digital profesional programable para el tratamiento de\u00a0se\u00f1ales transmitidos por transductores\u00a0extens\u00f3metros a puente intero para medidas de\u00a0magnitudes\u00a0mec\u00e1nicas como: FUERZA, PESO,\u00a0PRESI\u00d3N, PAR y DESPLAZAMIENTO. Realizado para ser utilizado en los\u00a0m\u00e1s modernos sistemas de medida\u00a0est\u00e1tica y din\u00e1mica de alta\u00a0precisi\u00f3n como Laboratorios metrol\u00f3gicos, Laboratorios de investigaci\u00f3n o combinado\u00a0con m\u00e1quinas de ensayo de materiales,\u00a0bancos de prueba ecc... Certificado\u00a0peri\u00f3dicamente por centros ACCREDIA o\u00a0equivalentes para efectuar calibraciones\u00a0\u00a0que son comparadas en el \u00e1mbito de la Calidad\u00a0(ISO 9001). MP10Plus tiene una exactitud de\u00a00,0010% o 0,0020% y una\u00a0resoluci\u00f3n interna de\u00a024 bit.En la\u00a0versi\u00f3n K2 asocia una resoluci\u00f3n de\u00a0\u00b12.000.000\u00a0divisiones\u00a0(con\u00a0se\u00f1al\u00a0\u00b1\u00a02mV\/V); mientras que en la\u00a0versi\u00f3n est\u00e1ndar asocia una\u00a0\u00a0resoluci\u00f3n de\u00a0\u00b1200.000\u00a0divisiones.","og_url":"https:\/\/www.aep.it\/es\/producto\/instrumentacion-electronica\/mp10plus\/","og_site_name":"AEP transducers","article_publisher":"https:\/\/www.facebook.com\/AEP-transducers-212611005540305","article_modified_time":"2020-10-02T13:26:54+00:00","og_image":[{"width":600,"height":600,"url":"https:\/\/www.aep.it\/wp-content\/uploads\/2019\/12\/aep-transducers-mp10plus.jpg","type":"image\/jpeg"}],"twitter_card":"summary_large_image","twitter_misc":{"Tiempo de lectura":"4 minutos"},"schema":{"@context":"https:\/\/schema.org","@graph":[{"@type":"WebPage","@id":"https:\/\/www.aep.it\/es\/producto\/instrumentacion-electronica\/mp10plus\/","url":"https:\/\/www.aep.it\/es\/producto\/instrumentacion-electronica\/mp10plus\/","name":"MP10PLUS | AEP transducers","isPartOf":{"@id":"https:\/\/www.aep.it\/es\/#website"},"primaryImageOfPage":{"@id":"https:\/\/www.aep.it\/es\/producto\/instrumentacion-electronica\/mp10plus\/#primaryimage"},"image":{"@id":"https:\/\/www.aep.it\/es\/producto\/instrumentacion-electronica\/mp10plus\/#primaryimage"},"thumbnailUrl":"https:\/\/www.aep.it\/wp-content\/uploads\/2019\/12\/aep-transducers-mp10plus.jpg","datePublished":"2019-12-20T08:45:37+00:00","dateModified":"2020-10-02T13:26:54+00:00","breadcrumb":{"@id":"https:\/\/www.aep.it\/es\/producto\/instrumentacion-electronica\/mp10plus\/#breadcrumb"},"inLanguage":"es","potentialAction":[{"@type":"ReadAction","target":["https:\/\/www.aep.it\/es\/producto\/instrumentacion-electronica\/mp10plus\/"]}]},{"@type":"ImageObject","inLanguage":"es","@id":"https:\/\/www.aep.it\/es\/producto\/instrumentacion-electronica\/mp10plus\/#primaryimage","url":"https:\/\/www.aep.it\/wp-content\/uploads\/2019\/12\/aep-transducers-mp10plus.jpg","contentUrl":"https:\/\/www.aep.it\/wp-content\/uploads\/2019\/12\/aep-transducers-mp10plus.jpg","width":600,"height":600},{"@type":"BreadcrumbList","@id":"https:\/\/www.aep.it\/es\/producto\/instrumentacion-electronica\/mp10plus\/#breadcrumb","itemListElement":[{"@type":"ListItem","position":1,"name":"Home","item":"https:\/\/www.aep.it\/es\/"},{"@type":"ListItem","position":2,"name":"Productos","item":"https:\/\/www.aep.it\/es\/shop\/"},{"@type":"ListItem","position":3,"name":"MP10PLUS"}]},{"@type":"WebSite","@id":"https:\/\/www.aep.it\/es\/#website","url":"https:\/\/www.aep.it\/es\/","name":"AEP transducers","description":"","publisher":{"@id":"https:\/\/www.aep.it\/es\/#organization"},"potentialAction":[{"@type":"SearchAction","target":{"@type":"EntryPoint","urlTemplate":"https:\/\/www.aep.it\/es\/?s={search_term_string}"},"query-input":{"@type":"PropertyValueSpecification","valueRequired":true,"valueName":"search_term_string"}}],"inLanguage":"es"},{"@type":"Organization","@id":"https:\/\/www.aep.it\/es\/#organization","name":"AEP Transducers","url":"https:\/\/www.aep.it\/es\/","logo":{"@type":"ImageObject","inLanguage":"es","@id":"https:\/\/www.aep.it\/es\/#\/schema\/logo\/image\/","url":"https:\/\/www.aep.it\/wp-content\/uploads\/2020\/03\/logo-vettoriale-def.png","contentUrl":"https:\/\/www.aep.it\/wp-content\/uploads\/2020\/03\/logo-vettoriale-def.png","width":2000,"height":284,"caption":"AEP Transducers"},"image":{"@id":"https:\/\/www.aep.it\/es\/#\/schema\/logo\/image\/"},"sameAs":["https:\/\/www.facebook.com\/AEP-transducers-212611005540305"]}]}},"_links":{"self":[{"href":"https:\/\/www.aep.it\/es\/wp-json\/wp\/v2\/product\/3542","targetHints":{"allow":["GET"]}}],"collection":[{"href":"https:\/\/www.aep.it\/es\/wp-json\/wp\/v2\/product"}],"about":[{"href":"https:\/\/www.aep.it\/es\/wp-json\/wp\/v2\/types\/product"}],"wp:featuredmedia":[{"embeddable":true,"href":"https:\/\/www.aep.it\/es\/wp-json\/wp\/v2\/media\/3534"}],"wp:attachment":[{"href":"https:\/\/www.aep.it\/es\/wp-json\/wp\/v2\/media?parent=3542"}],"wp:term":[{"taxonomy":"product_brand","embeddable":true,"href":"https:\/\/www.aep.it\/es\/wp-json\/wp\/v2\/product_brand?post=3542"},{"taxonomy":"product_cat","embeddable":true,"href":"https:\/\/www.aep.it\/es\/wp-json\/wp\/v2\/product_cat?post=3542"},{"taxonomy":"product_tag","embeddable":true,"href":"https:\/\/www.aep.it\/es\/wp-json\/wp\/v2\/product_tag?post=3542"}],"curies":[{"name":"wp","href":"https:\/\/api.w.org\/{rel}","templated":true}]}}