{"id":3602,"date":"2019-12-20T10:39:11","date_gmt":"2019-12-20T09:39:11","guid":{"rendered":"http:\/\/www.aep.it\/prodotto\/sin%20categor\u00eda\/dfx\/"},"modified":"2022-01-11T15:55:07","modified_gmt":"2022-01-11T14:55:07","slug":"dfx","status":"publish","type":"product","link":"https:\/\/www.aep.it\/es\/producto\/instrumentacion-electronica\/dfx\/","title":{"rendered":"DFX"},"content":{"rendered":"<p>[vc_row][vc_column][vc_column_text]El indicador es asistido por un\u00a0men\u00fa de programaci\u00f3n que permite de seleccionar las diferentes unidades\u00a0de ingenier\u00eda\u00a0(kN, daN, N, t, kg), la\u00a0resoluci\u00f3n y el filtro digital en funci\u00f3n \u00a0de la medida que efectuar.<br \/>\nSobre el display hay una\u00a0indicaci\u00f3n anal\u00f3gica a barra activa tambi\u00e9n al interior del men\u00f9\u00a0de programaci\u00f3n.<\/p>\n<p>Caracter\u00edsticas principales:<\/p>\n<p>CONTENEDOR MET\u00c1LICO<br \/>\nAUTONOM\u00cdA 1 A\u00d1O SIN RECARGA.<br \/>\nFILTRO DIGITAL.<br \/>\nFUNCI\u00d3N DE PICO (positivo y negativo).<br \/>\nSALIDA RS232C (opcional).<br \/>\nCALIBRACI\u00d3N\u00a0DIGITAL para el campo positivo y lo negatvo y para anular la\u00a0diferencia de medida en tracci\u00f3n\u00a0y compresi\u00f3n de los\u00a0dinam\u00f3metros.[\/vc_column_text][vc_separator][vc_column_text]<strong>ACCESSORIOS<\/strong>[\/vc_column_text][vc_row_inner content_placement=&#8221;middle&#8221;][vc_column_inner width=&#8221;1\/2&#8243;][vc_single_image image=&#8221;3579&#8243; img_size=&#8221;full&#8221; onclick=&#8221;link_image&#8221;][\/vc_column_inner][vc_column_inner width=&#8221;1\/2&#8243;][vc_column_text]<strong>DEMO1<\/strong>: Software de aplicaci\u00f3n para el an\u00e1lisis, la gesti\u00f3n y el registro de pruebas y test con\u00a0exportaci\u00f3n en Excel de las medidas[\/vc_column_text][\/vc_column_inner][\/vc_row_inner][vc_row_inner content_placement=&#8221;middle&#8221;][vc_column_inner width=&#8221;1\/2&#8243;][vc_single_image image=&#8221;3462&#8243; img_size=&#8221;full&#8221; onclick=&#8221;link_image&#8221;][vc_single_image image=&#8221;3465&#8243; img_size=&#8221;full&#8221; onclick=&#8221;link_image&#8221;][\/vc_column_inner][vc_column_inner width=&#8221;1\/2&#8243;][vc_column_text]<strong>Cable serial RS232<\/strong><\/p>\n<p><strong>Adaptador RS232 &#8211; USB<\/strong><\/p>\n<p>Cable USB[\/vc_column_text][\/vc_column_inner][\/vc_row_inner][\/vc_column][\/vc_row]<\/p>\n","protected":false},"excerpt":{"rendered":"<p>Indicador digital palmar a\u00a0microprocesador de nueva\u00a0concepci\u00f3n\u00a0completamente aut\u00f3nomo, con entrada para\u00a0dinam\u00f3metros (fuerza) y\u00a0c\u00e9lula de carga (peso)\u00a0extens\u00f3metros. Ideal para ser utilizado en los\u00a0m\u00e1s modernos sistemas de medida\u00a0est\u00e1tica y din\u00e1mica como\u00a0m\u00e1quinas de ensayo de materiales,\u00a0prensas para moldeo,\u00a0bancos de pruebas y\u00a0automatizaci\u00f3n en general. Exactitud\u00a0<strong>\u00b10,04% <\/strong><strong>VERSI\u00d3N ECON\u00d3MICA<\/strong><\/p>\n<p><img decoding=\"async\" class=\"alignnone size-full wp-image-8975\" src=\"https:\/\/www.aep.it\/wp-content\/uploads\/2019\/12\/label-eac-2.jpg\" alt=\"\" width=\"150\" height=\"70\" \/><\/p>\n","protected":false},"featured_media":3594,"template":"","meta":[],"product_brand":[],"product_cat":[90],"product_tag":[],"class_list":{"0":"post-3602","1":"product","2":"type-product","3":"status-publish","4":"has-post-thumbnail","6":"product_cat-instrumentacion-electronica","8":"first","9":"instock","10":"shipping-taxable","11":"product-type-simple","12":"berocket_lgv_grid","13":"berocket_lgv_list_grid"},"yoast_head":"<!-- This site is optimized with the Yoast SEO plugin v27.2 - https:\/\/yoast.com\/product\/yoast-seo-wordpress\/ -->\n<title>DFX | AEP transducers<\/title>\n<meta name=\"robots\" content=\"index, follow, max-snippet:-1, max-image-preview:large, max-video-preview:-1\" \/>\n<link rel=\"canonical\" href=\"https:\/\/www.aep.it\/es\/producto\/instrumentacion-electronica\/dfx\/\" \/>\n<meta property=\"og:locale\" content=\"es_ES\" \/>\n<meta property=\"og:type\" content=\"article\" \/>\n<meta property=\"og:title\" content=\"DFX | AEP transducers\" \/>\n<meta property=\"og:description\" content=\"Indicador digital palmar a\u00a0microprocesador de nueva\u00a0concepci\u00f3n\u00a0completamente aut\u00f3nomo, con entrada para\u00a0dinam\u00f3metros (fuerza) y\u00a0c\u00e9lula de carga (peso)\u00a0extens\u00f3metros. Ideal para ser utilizado en los\u00a0m\u00e1s modernos sistemas de medida\u00a0est\u00e1tica y din\u00e1mica como\u00a0m\u00e1quinas de ensayo de materiales,\u00a0prensas para moldeo,\u00a0bancos de pruebas y\u00a0automatizaci\u00f3n en general. Exactitud\u00a0\u00b10,04% VERSI\u00d3N ECON\u00d3MICA\" \/>\n<meta property=\"og:url\" content=\"https:\/\/www.aep.it\/es\/producto\/instrumentacion-electronica\/dfx\/\" \/>\n<meta property=\"og:site_name\" content=\"AEP transducers\" \/>\n<meta property=\"article:publisher\" content=\"https:\/\/www.facebook.com\/AEP-transducers-212611005540305\" \/>\n<meta property=\"article:modified_time\" content=\"2022-01-11T14:55:07+00:00\" \/>\n<meta property=\"og:image\" content=\"https:\/\/www.aep.it\/wp-content\/uploads\/2019\/12\/aep-transducers-dfx.jpg\" \/>\n\t<meta property=\"og:image:width\" content=\"600\" \/>\n\t<meta property=\"og:image:height\" content=\"600\" \/>\n\t<meta property=\"og:image:type\" content=\"image\/jpeg\" \/>\n<meta name=\"twitter:card\" content=\"summary_large_image\" \/>\n<meta name=\"twitter:label1\" content=\"Tiempo de lectura\" \/>\n\t<meta name=\"twitter:data1\" content=\"1 minuto\" \/>\n<script type=\"application\/ld+json\" class=\"yoast-schema-graph\">{\"@context\":\"https:\/\/schema.org\",\"@graph\":[{\"@type\":\"WebPage\",\"@id\":\"https:\/\/www.aep.it\/es\/producto\/instrumentacion-electronica\/dfx\/\",\"url\":\"https:\/\/www.aep.it\/es\/producto\/instrumentacion-electronica\/dfx\/\",\"name\":\"DFX | AEP transducers\",\"isPartOf\":{\"@id\":\"https:\/\/www.aep.it\/es\/#website\"},\"primaryImageOfPage\":{\"@id\":\"https:\/\/www.aep.it\/es\/producto\/instrumentacion-electronica\/dfx\/#primaryimage\"},\"image\":{\"@id\":\"https:\/\/www.aep.it\/es\/producto\/instrumentacion-electronica\/dfx\/#primaryimage\"},\"thumbnailUrl\":\"https:\/\/www.aep.it\/wp-content\/uploads\/2019\/12\/aep-transducers-dfx.jpg\",\"datePublished\":\"2019-12-20T09:39:11+00:00\",\"dateModified\":\"2022-01-11T14:55:07+00:00\",\"breadcrumb\":{\"@id\":\"https:\/\/www.aep.it\/es\/producto\/instrumentacion-electronica\/dfx\/#breadcrumb\"},\"inLanguage\":\"es\",\"potentialAction\":[{\"@type\":\"ReadAction\",\"target\":[\"https:\/\/www.aep.it\/es\/producto\/instrumentacion-electronica\/dfx\/\"]}]},{\"@type\":\"ImageObject\",\"inLanguage\":\"es\",\"@id\":\"https:\/\/www.aep.it\/es\/producto\/instrumentacion-electronica\/dfx\/#primaryimage\",\"url\":\"https:\/\/www.aep.it\/wp-content\/uploads\/2019\/12\/aep-transducers-dfx.jpg\",\"contentUrl\":\"https:\/\/www.aep.it\/wp-content\/uploads\/2019\/12\/aep-transducers-dfx.jpg\",\"width\":600,\"height\":600},{\"@type\":\"BreadcrumbList\",\"@id\":\"https:\/\/www.aep.it\/es\/producto\/instrumentacion-electronica\/dfx\/#breadcrumb\",\"itemListElement\":[{\"@type\":\"ListItem\",\"position\":1,\"name\":\"Home\",\"item\":\"https:\/\/www.aep.it\/es\/\"},{\"@type\":\"ListItem\",\"position\":2,\"name\":\"Productos\",\"item\":\"https:\/\/www.aep.it\/es\/shop\/\"},{\"@type\":\"ListItem\",\"position\":3,\"name\":\"DFX\"}]},{\"@type\":\"WebSite\",\"@id\":\"https:\/\/www.aep.it\/es\/#website\",\"url\":\"https:\/\/www.aep.it\/es\/\",\"name\":\"AEP transducers\",\"description\":\"\",\"publisher\":{\"@id\":\"https:\/\/www.aep.it\/es\/#organization\"},\"potentialAction\":[{\"@type\":\"SearchAction\",\"target\":{\"@type\":\"EntryPoint\",\"urlTemplate\":\"https:\/\/www.aep.it\/es\/?s={search_term_string}\"},\"query-input\":{\"@type\":\"PropertyValueSpecification\",\"valueRequired\":true,\"valueName\":\"search_term_string\"}}],\"inLanguage\":\"es\"},{\"@type\":\"Organization\",\"@id\":\"https:\/\/www.aep.it\/es\/#organization\",\"name\":\"AEP Transducers\",\"url\":\"https:\/\/www.aep.it\/es\/\",\"logo\":{\"@type\":\"ImageObject\",\"inLanguage\":\"es\",\"@id\":\"https:\/\/www.aep.it\/es\/#\/schema\/logo\/image\/\",\"url\":\"https:\/\/www.aep.it\/wp-content\/uploads\/2020\/03\/logo-vettoriale-def.png\",\"contentUrl\":\"https:\/\/www.aep.it\/wp-content\/uploads\/2020\/03\/logo-vettoriale-def.png\",\"width\":2000,\"height\":284,\"caption\":\"AEP Transducers\"},\"image\":{\"@id\":\"https:\/\/www.aep.it\/es\/#\/schema\/logo\/image\/\"},\"sameAs\":[\"https:\/\/www.facebook.com\/AEP-transducers-212611005540305\"]}]}<\/script>\n<!-- \/ Yoast SEO plugin. -->","yoast_head_json":{"title":"DFX | AEP transducers","robots":{"index":"index","follow":"follow","max-snippet":"max-snippet:-1","max-image-preview":"max-image-preview:large","max-video-preview":"max-video-preview:-1"},"canonical":"https:\/\/www.aep.it\/es\/producto\/instrumentacion-electronica\/dfx\/","og_locale":"es_ES","og_type":"article","og_title":"DFX | AEP transducers","og_description":"Indicador digital palmar a\u00a0microprocesador de nueva\u00a0concepci\u00f3n\u00a0completamente aut\u00f3nomo, con entrada para\u00a0dinam\u00f3metros (fuerza) y\u00a0c\u00e9lula de carga (peso)\u00a0extens\u00f3metros. Ideal para ser utilizado en los\u00a0m\u00e1s modernos sistemas de medida\u00a0est\u00e1tica y din\u00e1mica como\u00a0m\u00e1quinas de ensayo de materiales,\u00a0prensas para moldeo,\u00a0bancos de pruebas y\u00a0automatizaci\u00f3n en general. Exactitud\u00a0\u00b10,04% VERSI\u00d3N ECON\u00d3MICA","og_url":"https:\/\/www.aep.it\/es\/producto\/instrumentacion-electronica\/dfx\/","og_site_name":"AEP transducers","article_publisher":"https:\/\/www.facebook.com\/AEP-transducers-212611005540305","article_modified_time":"2022-01-11T14:55:07+00:00","og_image":[{"width":600,"height":600,"url":"https:\/\/www.aep.it\/wp-content\/uploads\/2019\/12\/aep-transducers-dfx.jpg","type":"image\/jpeg"}],"twitter_card":"summary_large_image","twitter_misc":{"Tiempo de lectura":"1 minuto"},"schema":{"@context":"https:\/\/schema.org","@graph":[{"@type":"WebPage","@id":"https:\/\/www.aep.it\/es\/producto\/instrumentacion-electronica\/dfx\/","url":"https:\/\/www.aep.it\/es\/producto\/instrumentacion-electronica\/dfx\/","name":"DFX | AEP transducers","isPartOf":{"@id":"https:\/\/www.aep.it\/es\/#website"},"primaryImageOfPage":{"@id":"https:\/\/www.aep.it\/es\/producto\/instrumentacion-electronica\/dfx\/#primaryimage"},"image":{"@id":"https:\/\/www.aep.it\/es\/producto\/instrumentacion-electronica\/dfx\/#primaryimage"},"thumbnailUrl":"https:\/\/www.aep.it\/wp-content\/uploads\/2019\/12\/aep-transducers-dfx.jpg","datePublished":"2019-12-20T09:39:11+00:00","dateModified":"2022-01-11T14:55:07+00:00","breadcrumb":{"@id":"https:\/\/www.aep.it\/es\/producto\/instrumentacion-electronica\/dfx\/#breadcrumb"},"inLanguage":"es","potentialAction":[{"@type":"ReadAction","target":["https:\/\/www.aep.it\/es\/producto\/instrumentacion-electronica\/dfx\/"]}]},{"@type":"ImageObject","inLanguage":"es","@id":"https:\/\/www.aep.it\/es\/producto\/instrumentacion-electronica\/dfx\/#primaryimage","url":"https:\/\/www.aep.it\/wp-content\/uploads\/2019\/12\/aep-transducers-dfx.jpg","contentUrl":"https:\/\/www.aep.it\/wp-content\/uploads\/2019\/12\/aep-transducers-dfx.jpg","width":600,"height":600},{"@type":"BreadcrumbList","@id":"https:\/\/www.aep.it\/es\/producto\/instrumentacion-electronica\/dfx\/#breadcrumb","itemListElement":[{"@type":"ListItem","position":1,"name":"Home","item":"https:\/\/www.aep.it\/es\/"},{"@type":"ListItem","position":2,"name":"Productos","item":"https:\/\/www.aep.it\/es\/shop\/"},{"@type":"ListItem","position":3,"name":"DFX"}]},{"@type":"WebSite","@id":"https:\/\/www.aep.it\/es\/#website","url":"https:\/\/www.aep.it\/es\/","name":"AEP transducers","description":"","publisher":{"@id":"https:\/\/www.aep.it\/es\/#organization"},"potentialAction":[{"@type":"SearchAction","target":{"@type":"EntryPoint","urlTemplate":"https:\/\/www.aep.it\/es\/?s={search_term_string}"},"query-input":{"@type":"PropertyValueSpecification","valueRequired":true,"valueName":"search_term_string"}}],"inLanguage":"es"},{"@type":"Organization","@id":"https:\/\/www.aep.it\/es\/#organization","name":"AEP Transducers","url":"https:\/\/www.aep.it\/es\/","logo":{"@type":"ImageObject","inLanguage":"es","@id":"https:\/\/www.aep.it\/es\/#\/schema\/logo\/image\/","url":"https:\/\/www.aep.it\/wp-content\/uploads\/2020\/03\/logo-vettoriale-def.png","contentUrl":"https:\/\/www.aep.it\/wp-content\/uploads\/2020\/03\/logo-vettoriale-def.png","width":2000,"height":284,"caption":"AEP Transducers"},"image":{"@id":"https:\/\/www.aep.it\/es\/#\/schema\/logo\/image\/"},"sameAs":["https:\/\/www.facebook.com\/AEP-transducers-212611005540305"]}]}},"_links":{"self":[{"href":"https:\/\/www.aep.it\/es\/wp-json\/wp\/v2\/product\/3602","targetHints":{"allow":["GET"]}}],"collection":[{"href":"https:\/\/www.aep.it\/es\/wp-json\/wp\/v2\/product"}],"about":[{"href":"https:\/\/www.aep.it\/es\/wp-json\/wp\/v2\/types\/product"}],"wp:featuredmedia":[{"embeddable":true,"href":"https:\/\/www.aep.it\/es\/wp-json\/wp\/v2\/media\/3594"}],"wp:attachment":[{"href":"https:\/\/www.aep.it\/es\/wp-json\/wp\/v2\/media?parent=3602"}],"wp:term":[{"taxonomy":"product_brand","embeddable":true,"href":"https:\/\/www.aep.it\/es\/wp-json\/wp\/v2\/product_brand?post=3602"},{"taxonomy":"product_cat","embeddable":true,"href":"https:\/\/www.aep.it\/es\/wp-json\/wp\/v2\/product_cat?post=3602"},{"taxonomy":"product_tag","embeddable":true,"href":"https:\/\/www.aep.it\/es\/wp-json\/wp\/v2\/product_tag?post=3602"}],"curies":[{"name":"wp","href":"https:\/\/api.w.org\/{rel}","templated":true}]}}