{"id":3704,"date":"2019-12-20T11:51:55","date_gmt":"2019-12-20T10:51:55","guid":{"rendered":"http:\/\/www.aep.it\/prodotto\/sin%20categor\u00eda\/quick-analyzer\/"},"modified":"2021-01-02T13:01:13","modified_gmt":"2021-01-02T12:01:13","slug":"quick-analyzer","status":"publish","type":"product","link":"https:\/\/www.aep.it\/es\/producto\/aplicaciones-software\/quick-analyzer\/","title":{"rendered":"QUICK ANALYZER"},"content":{"rendered":"<p>[vc_row][vc_column][vc_column_text]<\/p>\n<p>Quick Analyzer es un potente software que permite una conexi\u00f3n eficiente y f\u00e1cil con todos los instrumentos equipados con canales de comunicaci\u00f3n en serie RS232 o USB.<br \/>Mediante una sencilla configuraci\u00f3n de los canales y una efectiva puesta a punto de las caracter\u00edsticas de los sensores a los que se conectan los instrumentos, es posible comprobar el estado de la comunicaci\u00f3n, realizar pruebas guardando las curvas gr\u00e1ficas obtenidas, calcular los principales resultados de las pruebas e imprimir los certificados correspondientes.<br \/>Es posible conectar hasta 16 instrumentos en la l\u00ednea RS232 o USB.<br \/>Si el PC no est\u00e1 equipado con canales seriales, es suficiente con a\u00f1adir adaptadores USB con los que el programa es totalmente compatible.<br \/>Las curvas obtenidas pueden presentarse simult\u00e1neamente en un solo gr\u00e1fico con respecto a la hora o a otro canal, con colores diferentes fijados para un reconocimiento m\u00e1s f\u00e1cil del mismo, o individualmente (con respecto a la hora) para un f\u00e1cil an\u00e1lisis detallado del \u00fanico sensor.<br \/>El software funciona con toda la instrumentaci\u00f3n de AEP.<\/p>\n<p>[\/vc_column_text][vc_separator][vc_column_text]<strong>ACCESSORIOS<\/strong>[\/vc_column_text][vc_row_inner content_placement=&#8221;middle&#8221;][vc_column_inner][vc_column_text]Ver instrumentaci\u00f3n y cables de conexi\u00f3n.[\/vc_column_text][\/vc_column_inner][\/vc_row_inner][\/vc_column][\/vc_row]<\/p>\n","protected":false},"excerpt":{"rendered":"<p>Software de aplicaci\u00f3n para monitorizar,\u00a0analizar, registrar el desarrollo en el tiempo de pruebas que pueden interesar hasta\u00a0<strong>16<\/strong>\u00a0sensores\u00a0al mismo tiempo. Disonible\u00a0tambi\u00e9n la versi\u00f3n\u00a0<strong>LIGHT<\/strong>\u00a0que permite conectar\u00a0<strong>1<\/strong> s\u00f3lo instrumento \/sensor.<\/p>\n","protected":false},"featured_media":3696,"template":"","meta":[],"product_brand":[],"product_cat":[82],"product_tag":[],"class_list":{"0":"post-3704","1":"product","2":"type-product","3":"status-publish","4":"has-post-thumbnail","6":"product_cat-aplicaciones-software","8":"first","9":"instock","10":"shipping-taxable","11":"product-type-simple","12":"berocket_lgv_grid","13":"berocket_lgv_list_grid"},"yoast_head":"<!-- This site is optimized with the Yoast SEO plugin v27.2 - https:\/\/yoast.com\/product\/yoast-seo-wordpress\/ -->\n<title>QUICK ANALYZER | AEP transducers<\/title>\n<meta name=\"robots\" content=\"index, follow, max-snippet:-1, max-image-preview:large, max-video-preview:-1\" \/>\n<link rel=\"canonical\" href=\"https:\/\/www.aep.it\/es\/producto\/aplicaciones-software\/quick-analyzer\/\" \/>\n<meta property=\"og:locale\" content=\"es_ES\" \/>\n<meta property=\"og:type\" content=\"article\" \/>\n<meta property=\"og:title\" content=\"QUICK ANALYZER | AEP transducers\" \/>\n<meta property=\"og:description\" content=\"Software de aplicaci\u00f3n para monitorizar,\u00a0analizar, registrar el desarrollo en el tiempo de pruebas que pueden interesar hasta\u00a016\u00a0sensores\u00a0al mismo tiempo. Disonible\u00a0tambi\u00e9n la versi\u00f3n\u00a0LIGHT\u00a0que permite conectar\u00a01 s\u00f3lo instrumento \/sensor.\" \/>\n<meta property=\"og:url\" content=\"https:\/\/www.aep.it\/es\/producto\/aplicaciones-software\/quick-analyzer\/\" \/>\n<meta property=\"og:site_name\" content=\"AEP transducers\" \/>\n<meta property=\"article:publisher\" content=\"https:\/\/www.facebook.com\/AEP-transducers-212611005540305\" \/>\n<meta property=\"article:modified_time\" content=\"2021-01-02T12:01:13+00:00\" \/>\n<meta property=\"og:image\" content=\"https:\/\/www.aep.it\/wp-content\/uploads\/2019\/12\/aep-transducers-quickanalizer.jpg\" \/>\n\t<meta property=\"og:image:width\" content=\"600\" \/>\n\t<meta property=\"og:image:height\" content=\"600\" \/>\n\t<meta property=\"og:image:type\" content=\"image\/jpeg\" \/>\n<meta name=\"twitter:card\" content=\"summary_large_image\" \/>\n<meta name=\"twitter:label1\" content=\"Tiempo de lectura\" \/>\n\t<meta name=\"twitter:data1\" content=\"1 minuto\" \/>\n<script type=\"application\/ld+json\" class=\"yoast-schema-graph\">{\"@context\":\"https:\/\/schema.org\",\"@graph\":[{\"@type\":\"WebPage\",\"@id\":\"https:\/\/www.aep.it\/es\/producto\/aplicaciones-software\/quick-analyzer\/\",\"url\":\"https:\/\/www.aep.it\/es\/producto\/aplicaciones-software\/quick-analyzer\/\",\"name\":\"QUICK ANALYZER | AEP transducers\",\"isPartOf\":{\"@id\":\"https:\/\/www.aep.it\/es\/#website\"},\"primaryImageOfPage\":{\"@id\":\"https:\/\/www.aep.it\/es\/producto\/aplicaciones-software\/quick-analyzer\/#primaryimage\"},\"image\":{\"@id\":\"https:\/\/www.aep.it\/es\/producto\/aplicaciones-software\/quick-analyzer\/#primaryimage\"},\"thumbnailUrl\":\"https:\/\/www.aep.it\/wp-content\/uploads\/2019\/12\/aep-transducers-quickanalizer.jpg\",\"datePublished\":\"2019-12-20T10:51:55+00:00\",\"dateModified\":\"2021-01-02T12:01:13+00:00\",\"breadcrumb\":{\"@id\":\"https:\/\/www.aep.it\/es\/producto\/aplicaciones-software\/quick-analyzer\/#breadcrumb\"},\"inLanguage\":\"es\",\"potentialAction\":[{\"@type\":\"ReadAction\",\"target\":[\"https:\/\/www.aep.it\/es\/producto\/aplicaciones-software\/quick-analyzer\/\"]}]},{\"@type\":\"ImageObject\",\"inLanguage\":\"es\",\"@id\":\"https:\/\/www.aep.it\/es\/producto\/aplicaciones-software\/quick-analyzer\/#primaryimage\",\"url\":\"https:\/\/www.aep.it\/wp-content\/uploads\/2019\/12\/aep-transducers-quickanalizer.jpg\",\"contentUrl\":\"https:\/\/www.aep.it\/wp-content\/uploads\/2019\/12\/aep-transducers-quickanalizer.jpg\",\"width\":600,\"height\":600},{\"@type\":\"BreadcrumbList\",\"@id\":\"https:\/\/www.aep.it\/es\/producto\/aplicaciones-software\/quick-analyzer\/#breadcrumb\",\"itemListElement\":[{\"@type\":\"ListItem\",\"position\":1,\"name\":\"Home\",\"item\":\"https:\/\/www.aep.it\/es\/\"},{\"@type\":\"ListItem\",\"position\":2,\"name\":\"Productos\",\"item\":\"https:\/\/www.aep.it\/es\/shop\/\"},{\"@type\":\"ListItem\",\"position\":3,\"name\":\"QUICK ANALYZER\"}]},{\"@type\":\"WebSite\",\"@id\":\"https:\/\/www.aep.it\/es\/#website\",\"url\":\"https:\/\/www.aep.it\/es\/\",\"name\":\"AEP transducers\",\"description\":\"\",\"publisher\":{\"@id\":\"https:\/\/www.aep.it\/es\/#organization\"},\"potentialAction\":[{\"@type\":\"SearchAction\",\"target\":{\"@type\":\"EntryPoint\",\"urlTemplate\":\"https:\/\/www.aep.it\/es\/?s={search_term_string}\"},\"query-input\":{\"@type\":\"PropertyValueSpecification\",\"valueRequired\":true,\"valueName\":\"search_term_string\"}}],\"inLanguage\":\"es\"},{\"@type\":\"Organization\",\"@id\":\"https:\/\/www.aep.it\/es\/#organization\",\"name\":\"AEP Transducers\",\"url\":\"https:\/\/www.aep.it\/es\/\",\"logo\":{\"@type\":\"ImageObject\",\"inLanguage\":\"es\",\"@id\":\"https:\/\/www.aep.it\/es\/#\/schema\/logo\/image\/\",\"url\":\"https:\/\/www.aep.it\/wp-content\/uploads\/2020\/03\/logo-vettoriale-def.png\",\"contentUrl\":\"https:\/\/www.aep.it\/wp-content\/uploads\/2020\/03\/logo-vettoriale-def.png\",\"width\":2000,\"height\":284,\"caption\":\"AEP Transducers\"},\"image\":{\"@id\":\"https:\/\/www.aep.it\/es\/#\/schema\/logo\/image\/\"},\"sameAs\":[\"https:\/\/www.facebook.com\/AEP-transducers-212611005540305\"]}]}<\/script>\n<!-- \/ Yoast SEO plugin. -->","yoast_head_json":{"title":"QUICK ANALYZER | AEP transducers","robots":{"index":"index","follow":"follow","max-snippet":"max-snippet:-1","max-image-preview":"max-image-preview:large","max-video-preview":"max-video-preview:-1"},"canonical":"https:\/\/www.aep.it\/es\/producto\/aplicaciones-software\/quick-analyzer\/","og_locale":"es_ES","og_type":"article","og_title":"QUICK ANALYZER | AEP transducers","og_description":"Software de aplicaci\u00f3n para monitorizar,\u00a0analizar, registrar el desarrollo en el tiempo de pruebas que pueden interesar hasta\u00a016\u00a0sensores\u00a0al mismo tiempo. Disonible\u00a0tambi\u00e9n la versi\u00f3n\u00a0LIGHT\u00a0que permite conectar\u00a01 s\u00f3lo instrumento \/sensor.","og_url":"https:\/\/www.aep.it\/es\/producto\/aplicaciones-software\/quick-analyzer\/","og_site_name":"AEP transducers","article_publisher":"https:\/\/www.facebook.com\/AEP-transducers-212611005540305","article_modified_time":"2021-01-02T12:01:13+00:00","og_image":[{"width":600,"height":600,"url":"https:\/\/www.aep.it\/wp-content\/uploads\/2019\/12\/aep-transducers-quickanalizer.jpg","type":"image\/jpeg"}],"twitter_card":"summary_large_image","twitter_misc":{"Tiempo de lectura":"1 minuto"},"schema":{"@context":"https:\/\/schema.org","@graph":[{"@type":"WebPage","@id":"https:\/\/www.aep.it\/es\/producto\/aplicaciones-software\/quick-analyzer\/","url":"https:\/\/www.aep.it\/es\/producto\/aplicaciones-software\/quick-analyzer\/","name":"QUICK ANALYZER | AEP transducers","isPartOf":{"@id":"https:\/\/www.aep.it\/es\/#website"},"primaryImageOfPage":{"@id":"https:\/\/www.aep.it\/es\/producto\/aplicaciones-software\/quick-analyzer\/#primaryimage"},"image":{"@id":"https:\/\/www.aep.it\/es\/producto\/aplicaciones-software\/quick-analyzer\/#primaryimage"},"thumbnailUrl":"https:\/\/www.aep.it\/wp-content\/uploads\/2019\/12\/aep-transducers-quickanalizer.jpg","datePublished":"2019-12-20T10:51:55+00:00","dateModified":"2021-01-02T12:01:13+00:00","breadcrumb":{"@id":"https:\/\/www.aep.it\/es\/producto\/aplicaciones-software\/quick-analyzer\/#breadcrumb"},"inLanguage":"es","potentialAction":[{"@type":"ReadAction","target":["https:\/\/www.aep.it\/es\/producto\/aplicaciones-software\/quick-analyzer\/"]}]},{"@type":"ImageObject","inLanguage":"es","@id":"https:\/\/www.aep.it\/es\/producto\/aplicaciones-software\/quick-analyzer\/#primaryimage","url":"https:\/\/www.aep.it\/wp-content\/uploads\/2019\/12\/aep-transducers-quickanalizer.jpg","contentUrl":"https:\/\/www.aep.it\/wp-content\/uploads\/2019\/12\/aep-transducers-quickanalizer.jpg","width":600,"height":600},{"@type":"BreadcrumbList","@id":"https:\/\/www.aep.it\/es\/producto\/aplicaciones-software\/quick-analyzer\/#breadcrumb","itemListElement":[{"@type":"ListItem","position":1,"name":"Home","item":"https:\/\/www.aep.it\/es\/"},{"@type":"ListItem","position":2,"name":"Productos","item":"https:\/\/www.aep.it\/es\/shop\/"},{"@type":"ListItem","position":3,"name":"QUICK ANALYZER"}]},{"@type":"WebSite","@id":"https:\/\/www.aep.it\/es\/#website","url":"https:\/\/www.aep.it\/es\/","name":"AEP transducers","description":"","publisher":{"@id":"https:\/\/www.aep.it\/es\/#organization"},"potentialAction":[{"@type":"SearchAction","target":{"@type":"EntryPoint","urlTemplate":"https:\/\/www.aep.it\/es\/?s={search_term_string}"},"query-input":{"@type":"PropertyValueSpecification","valueRequired":true,"valueName":"search_term_string"}}],"inLanguage":"es"},{"@type":"Organization","@id":"https:\/\/www.aep.it\/es\/#organization","name":"AEP Transducers","url":"https:\/\/www.aep.it\/es\/","logo":{"@type":"ImageObject","inLanguage":"es","@id":"https:\/\/www.aep.it\/es\/#\/schema\/logo\/image\/","url":"https:\/\/www.aep.it\/wp-content\/uploads\/2020\/03\/logo-vettoriale-def.png","contentUrl":"https:\/\/www.aep.it\/wp-content\/uploads\/2020\/03\/logo-vettoriale-def.png","width":2000,"height":284,"caption":"AEP Transducers"},"image":{"@id":"https:\/\/www.aep.it\/es\/#\/schema\/logo\/image\/"},"sameAs":["https:\/\/www.facebook.com\/AEP-transducers-212611005540305"]}]}},"_links":{"self":[{"href":"https:\/\/www.aep.it\/es\/wp-json\/wp\/v2\/product\/3704","targetHints":{"allow":["GET"]}}],"collection":[{"href":"https:\/\/www.aep.it\/es\/wp-json\/wp\/v2\/product"}],"about":[{"href":"https:\/\/www.aep.it\/es\/wp-json\/wp\/v2\/types\/product"}],"wp:featuredmedia":[{"embeddable":true,"href":"https:\/\/www.aep.it\/es\/wp-json\/wp\/v2\/media\/3696"}],"wp:attachment":[{"href":"https:\/\/www.aep.it\/es\/wp-json\/wp\/v2\/media?parent=3704"}],"wp:term":[{"taxonomy":"product_brand","embeddable":true,"href":"https:\/\/www.aep.it\/es\/wp-json\/wp\/v2\/product_brand?post=3704"},{"taxonomy":"product_cat","embeddable":true,"href":"https:\/\/www.aep.it\/es\/wp-json\/wp\/v2\/product_cat?post=3704"},{"taxonomy":"product_tag","embeddable":true,"href":"https:\/\/www.aep.it\/es\/wp-json\/wp\/v2\/product_tag?post=3704"}],"curies":[{"name":"wp","href":"https:\/\/api.w.org\/{rel}","templated":true}]}}