{"id":3716,"date":"2019-12-20T11:59:56","date_gmt":"2019-12-20T10:59:56","guid":{"rendered":"http:\/\/www.aep.it\/prodotto\/sin%20categor\u00eda\/forcekal\/"},"modified":"2021-01-02T12:47:41","modified_gmt":"2021-01-02T11:47:41","slug":"forcekal","status":"publish","type":"product","link":"https:\/\/www.aep.it\/es\/producto\/aplicaciones-software\/forcekal\/","title":{"rendered":"FORCEKAL"},"content":{"rendered":"<p>[vc_row][vc_column][vc_column_text]<\/p>\n<p>El programa ha sido dise\u00f1ado para realizar la calibraci\u00f3n de m\u00e1quinas de prueba de materiales, m\u00e1quinas de muestreo de fuerza, bancos de prueba u otros equipos por medio de dispositivos de muestreo.<br \/>La evaluaci\u00f3n de la incertidumbre de calibraci\u00f3n se realiza de acuerdo con los requisitos de la norma UNI CEI ENV 13005 y las indicaciones del Ap\u00e9ndice D de la norma ISO\/DIS 7500-1.<br \/>Para realizar la calibraci\u00f3n es necesario generar un n\u00famero significativo de mediciones (5, 8 o 10) de fuerzas crecientes a lo largo de dos o tres ciclos de medici\u00f3n para verificar la repetibilidad de la m\u00e1quina que se est\u00e1 calibrando.<br \/>Al final de cada ciclo de mediciones crecientes, la m\u00e1quina debe ser puesta a cero antes de realizar el siguiente ciclo de mediciones.<br \/>Al final de la prueba, el programa calcula:<br \/>a) el promedio de las lecturas<br \/>b) el error de lectura %<br \/>c) el % de incertidumbre ampliada asociado a cada punto de medici\u00f3n.<\/p>\n<p>Todos los certificados se imprimen y almacenan en una base de datos que permite mantener el historial de las calibraciones realizadas.<\/p>\n<p>[\/vc_column_text][vc_separator][vc_column_text]<strong>ACCESSORIOS<\/strong>[\/vc_column_text][vc_row_inner content_placement=&#8221;middle&#8221;][vc_column_inner][vc_column_text]Ver instrumentaci\u00f3n y cables de conexi\u00f3n.[\/vc_column_text][\/vc_column_inner][\/vc_row_inner][\/vc_column][\/vc_row]<\/p>\n","protected":false},"excerpt":{"rendered":"<p>Software de aplicaci\u00f3n proyectado para efectuar la\u00a0calibraci\u00f3n de\u00a0m\u00e1quinas de ensayo de materiales,\u00a0bancos de prueba u otras instrumentaciones. La\u00a0evaluaci\u00f3n de la incertidumbre de la\u00a0calibraci\u00f3n es efectuada\u00a0seg\u00fan los requisitos de la Norma\u00a0UNI CEI ENV 13005 y las indicaciones referidas en el\u00a0ap\u00e9ndice D de la Norma\u00a0\u00a0ISO\/DIS 7500-1.<\/p>\n","protected":false},"featured_media":6722,"template":"","meta":[],"product_brand":[],"product_cat":[82],"product_tag":[],"class_list":{"0":"post-3716","1":"product","2":"type-product","3":"status-publish","4":"has-post-thumbnail","6":"product_cat-aplicaciones-software","8":"first","9":"instock","10":"shipping-taxable","11":"product-type-simple","12":"berocket_lgv_grid","13":"berocket_lgv_list_grid"},"yoast_head":"<!-- This site is optimized with the Yoast SEO plugin v27.2 - https:\/\/yoast.com\/product\/yoast-seo-wordpress\/ -->\n<title>FORCEKAL | AEP transducers<\/title>\n<meta name=\"robots\" content=\"index, follow, max-snippet:-1, max-image-preview:large, max-video-preview:-1\" \/>\n<link rel=\"canonical\" href=\"https:\/\/www.aep.it\/es\/producto\/aplicaciones-software\/forcekal\/\" \/>\n<meta property=\"og:locale\" content=\"es_ES\" \/>\n<meta property=\"og:type\" content=\"article\" \/>\n<meta property=\"og:title\" content=\"FORCEKAL | AEP transducers\" \/>\n<meta property=\"og:description\" content=\"Software de aplicaci\u00f3n proyectado para efectuar la\u00a0calibraci\u00f3n de\u00a0m\u00e1quinas de ensayo de materiales,\u00a0bancos de prueba u otras instrumentaciones. La\u00a0evaluaci\u00f3n de la incertidumbre de la\u00a0calibraci\u00f3n es efectuada\u00a0seg\u00fan los requisitos de la Norma\u00a0UNI CEI ENV 13005 y las indicaciones referidas en el\u00a0ap\u00e9ndice D de la Norma\u00a0\u00a0ISO\/DIS 7500-1.\" \/>\n<meta property=\"og:url\" content=\"https:\/\/www.aep.it\/es\/producto\/aplicaciones-software\/forcekal\/\" \/>\n<meta property=\"og:site_name\" content=\"AEP transducers\" \/>\n<meta property=\"article:publisher\" content=\"https:\/\/www.facebook.com\/AEP-transducers-212611005540305\" \/>\n<meta property=\"article:modified_time\" content=\"2021-01-02T11:47:41+00:00\" \/>\n<meta property=\"og:image\" content=\"https:\/\/www.aep.it\/wp-content\/uploads\/2019\/12\/aep-transducers-forcekal-1.jpg\" \/>\n\t<meta property=\"og:image:width\" content=\"600\" \/>\n\t<meta property=\"og:image:height\" content=\"600\" \/>\n\t<meta property=\"og:image:type\" content=\"image\/jpeg\" \/>\n<meta name=\"twitter:card\" content=\"summary_large_image\" \/>\n<meta name=\"twitter:label1\" content=\"Tiempo de lectura\" \/>\n\t<meta name=\"twitter:data1\" content=\"1 minuto\" \/>\n<script type=\"application\/ld+json\" class=\"yoast-schema-graph\">{\"@context\":\"https:\/\/schema.org\",\"@graph\":[{\"@type\":\"WebPage\",\"@id\":\"https:\/\/www.aep.it\/es\/producto\/aplicaciones-software\/forcekal\/\",\"url\":\"https:\/\/www.aep.it\/es\/producto\/aplicaciones-software\/forcekal\/\",\"name\":\"FORCEKAL | AEP transducers\",\"isPartOf\":{\"@id\":\"https:\/\/www.aep.it\/es\/#website\"},\"primaryImageOfPage\":{\"@id\":\"https:\/\/www.aep.it\/es\/producto\/aplicaciones-software\/forcekal\/#primaryimage\"},\"image\":{\"@id\":\"https:\/\/www.aep.it\/es\/producto\/aplicaciones-software\/forcekal\/#primaryimage\"},\"thumbnailUrl\":\"https:\/\/www.aep.it\/wp-content\/uploads\/2019\/12\/aep-transducers-forcekal-1.jpg\",\"datePublished\":\"2019-12-20T10:59:56+00:00\",\"dateModified\":\"2021-01-02T11:47:41+00:00\",\"breadcrumb\":{\"@id\":\"https:\/\/www.aep.it\/es\/producto\/aplicaciones-software\/forcekal\/#breadcrumb\"},\"inLanguage\":\"es\",\"potentialAction\":[{\"@type\":\"ReadAction\",\"target\":[\"https:\/\/www.aep.it\/es\/producto\/aplicaciones-software\/forcekal\/\"]}]},{\"@type\":\"ImageObject\",\"inLanguage\":\"es\",\"@id\":\"https:\/\/www.aep.it\/es\/producto\/aplicaciones-software\/forcekal\/#primaryimage\",\"url\":\"https:\/\/www.aep.it\/wp-content\/uploads\/2019\/12\/aep-transducers-forcekal-1.jpg\",\"contentUrl\":\"https:\/\/www.aep.it\/wp-content\/uploads\/2019\/12\/aep-transducers-forcekal-1.jpg\",\"width\":600,\"height\":600},{\"@type\":\"BreadcrumbList\",\"@id\":\"https:\/\/www.aep.it\/es\/producto\/aplicaciones-software\/forcekal\/#breadcrumb\",\"itemListElement\":[{\"@type\":\"ListItem\",\"position\":1,\"name\":\"Home\",\"item\":\"https:\/\/www.aep.it\/es\/\"},{\"@type\":\"ListItem\",\"position\":2,\"name\":\"Productos\",\"item\":\"https:\/\/www.aep.it\/es\/shop\/\"},{\"@type\":\"ListItem\",\"position\":3,\"name\":\"FORCEKAL\"}]},{\"@type\":\"WebSite\",\"@id\":\"https:\/\/www.aep.it\/es\/#website\",\"url\":\"https:\/\/www.aep.it\/es\/\",\"name\":\"AEP transducers\",\"description\":\"\",\"publisher\":{\"@id\":\"https:\/\/www.aep.it\/es\/#organization\"},\"potentialAction\":[{\"@type\":\"SearchAction\",\"target\":{\"@type\":\"EntryPoint\",\"urlTemplate\":\"https:\/\/www.aep.it\/es\/?s={search_term_string}\"},\"query-input\":{\"@type\":\"PropertyValueSpecification\",\"valueRequired\":true,\"valueName\":\"search_term_string\"}}],\"inLanguage\":\"es\"},{\"@type\":\"Organization\",\"@id\":\"https:\/\/www.aep.it\/es\/#organization\",\"name\":\"AEP Transducers\",\"url\":\"https:\/\/www.aep.it\/es\/\",\"logo\":{\"@type\":\"ImageObject\",\"inLanguage\":\"es\",\"@id\":\"https:\/\/www.aep.it\/es\/#\/schema\/logo\/image\/\",\"url\":\"https:\/\/www.aep.it\/wp-content\/uploads\/2020\/03\/logo-vettoriale-def.png\",\"contentUrl\":\"https:\/\/www.aep.it\/wp-content\/uploads\/2020\/03\/logo-vettoriale-def.png\",\"width\":2000,\"height\":284,\"caption\":\"AEP Transducers\"},\"image\":{\"@id\":\"https:\/\/www.aep.it\/es\/#\/schema\/logo\/image\/\"},\"sameAs\":[\"https:\/\/www.facebook.com\/AEP-transducers-212611005540305\"]}]}<\/script>\n<!-- \/ Yoast SEO plugin. -->","yoast_head_json":{"title":"FORCEKAL | AEP transducers","robots":{"index":"index","follow":"follow","max-snippet":"max-snippet:-1","max-image-preview":"max-image-preview:large","max-video-preview":"max-video-preview:-1"},"canonical":"https:\/\/www.aep.it\/es\/producto\/aplicaciones-software\/forcekal\/","og_locale":"es_ES","og_type":"article","og_title":"FORCEKAL | AEP transducers","og_description":"Software de aplicaci\u00f3n proyectado para efectuar la\u00a0calibraci\u00f3n de\u00a0m\u00e1quinas de ensayo de materiales,\u00a0bancos de prueba u otras instrumentaciones. La\u00a0evaluaci\u00f3n de la incertidumbre de la\u00a0calibraci\u00f3n es efectuada\u00a0seg\u00fan los requisitos de la Norma\u00a0UNI CEI ENV 13005 y las indicaciones referidas en el\u00a0ap\u00e9ndice D de la Norma\u00a0\u00a0ISO\/DIS 7500-1.","og_url":"https:\/\/www.aep.it\/es\/producto\/aplicaciones-software\/forcekal\/","og_site_name":"AEP transducers","article_publisher":"https:\/\/www.facebook.com\/AEP-transducers-212611005540305","article_modified_time":"2021-01-02T11:47:41+00:00","og_image":[{"width":600,"height":600,"url":"https:\/\/www.aep.it\/wp-content\/uploads\/2019\/12\/aep-transducers-forcekal-1.jpg","type":"image\/jpeg"}],"twitter_card":"summary_large_image","twitter_misc":{"Tiempo de lectura":"1 minuto"},"schema":{"@context":"https:\/\/schema.org","@graph":[{"@type":"WebPage","@id":"https:\/\/www.aep.it\/es\/producto\/aplicaciones-software\/forcekal\/","url":"https:\/\/www.aep.it\/es\/producto\/aplicaciones-software\/forcekal\/","name":"FORCEKAL | AEP transducers","isPartOf":{"@id":"https:\/\/www.aep.it\/es\/#website"},"primaryImageOfPage":{"@id":"https:\/\/www.aep.it\/es\/producto\/aplicaciones-software\/forcekal\/#primaryimage"},"image":{"@id":"https:\/\/www.aep.it\/es\/producto\/aplicaciones-software\/forcekal\/#primaryimage"},"thumbnailUrl":"https:\/\/www.aep.it\/wp-content\/uploads\/2019\/12\/aep-transducers-forcekal-1.jpg","datePublished":"2019-12-20T10:59:56+00:00","dateModified":"2021-01-02T11:47:41+00:00","breadcrumb":{"@id":"https:\/\/www.aep.it\/es\/producto\/aplicaciones-software\/forcekal\/#breadcrumb"},"inLanguage":"es","potentialAction":[{"@type":"ReadAction","target":["https:\/\/www.aep.it\/es\/producto\/aplicaciones-software\/forcekal\/"]}]},{"@type":"ImageObject","inLanguage":"es","@id":"https:\/\/www.aep.it\/es\/producto\/aplicaciones-software\/forcekal\/#primaryimage","url":"https:\/\/www.aep.it\/wp-content\/uploads\/2019\/12\/aep-transducers-forcekal-1.jpg","contentUrl":"https:\/\/www.aep.it\/wp-content\/uploads\/2019\/12\/aep-transducers-forcekal-1.jpg","width":600,"height":600},{"@type":"BreadcrumbList","@id":"https:\/\/www.aep.it\/es\/producto\/aplicaciones-software\/forcekal\/#breadcrumb","itemListElement":[{"@type":"ListItem","position":1,"name":"Home","item":"https:\/\/www.aep.it\/es\/"},{"@type":"ListItem","position":2,"name":"Productos","item":"https:\/\/www.aep.it\/es\/shop\/"},{"@type":"ListItem","position":3,"name":"FORCEKAL"}]},{"@type":"WebSite","@id":"https:\/\/www.aep.it\/es\/#website","url":"https:\/\/www.aep.it\/es\/","name":"AEP transducers","description":"","publisher":{"@id":"https:\/\/www.aep.it\/es\/#organization"},"potentialAction":[{"@type":"SearchAction","target":{"@type":"EntryPoint","urlTemplate":"https:\/\/www.aep.it\/es\/?s={search_term_string}"},"query-input":{"@type":"PropertyValueSpecification","valueRequired":true,"valueName":"search_term_string"}}],"inLanguage":"es"},{"@type":"Organization","@id":"https:\/\/www.aep.it\/es\/#organization","name":"AEP Transducers","url":"https:\/\/www.aep.it\/es\/","logo":{"@type":"ImageObject","inLanguage":"es","@id":"https:\/\/www.aep.it\/es\/#\/schema\/logo\/image\/","url":"https:\/\/www.aep.it\/wp-content\/uploads\/2020\/03\/logo-vettoriale-def.png","contentUrl":"https:\/\/www.aep.it\/wp-content\/uploads\/2020\/03\/logo-vettoriale-def.png","width":2000,"height":284,"caption":"AEP Transducers"},"image":{"@id":"https:\/\/www.aep.it\/es\/#\/schema\/logo\/image\/"},"sameAs":["https:\/\/www.facebook.com\/AEP-transducers-212611005540305"]}]}},"_links":{"self":[{"href":"https:\/\/www.aep.it\/es\/wp-json\/wp\/v2\/product\/3716","targetHints":{"allow":["GET"]}}],"collection":[{"href":"https:\/\/www.aep.it\/es\/wp-json\/wp\/v2\/product"}],"about":[{"href":"https:\/\/www.aep.it\/es\/wp-json\/wp\/v2\/types\/product"}],"wp:featuredmedia":[{"embeddable":true,"href":"https:\/\/www.aep.it\/es\/wp-json\/wp\/v2\/media\/6722"}],"wp:attachment":[{"href":"https:\/\/www.aep.it\/es\/wp-json\/wp\/v2\/media?parent=3716"}],"wp:term":[{"taxonomy":"product_brand","embeddable":true,"href":"https:\/\/www.aep.it\/es\/wp-json\/wp\/v2\/product_brand?post=3716"},{"taxonomy":"product_cat","embeddable":true,"href":"https:\/\/www.aep.it\/es\/wp-json\/wp\/v2\/product_cat?post=3716"},{"taxonomy":"product_tag","embeddable":true,"href":"https:\/\/www.aep.it\/es\/wp-json\/wp\/v2\/product_tag?post=3716"}],"curies":[{"name":"wp","href":"https:\/\/api.w.org\/{rel}","templated":true}]}}