{"id":3740,"date":"2019-12-20T12:12:54","date_gmt":"2019-12-20T11:12:54","guid":{"rendered":"http:\/\/www.aep.it\/prodotto\/sin%20categor\u00eda\/torquekal\/"},"modified":"2021-01-02T15:36:04","modified_gmt":"2021-01-02T14:36:04","slug":"torquekal","status":"publish","type":"product","link":"https:\/\/www.aep.it\/es\/producto\/aplicaciones-software\/torquekal\/","title":{"rendered":"TORQUEKAL"},"content":{"rendered":"<p>[vc_row][vc_column][vc_column_text]<\/p>\n<p>La calibraci\u00f3n consiste en realizar cinco mediciones para cada punto de torsi\u00f3n calculado normalmente al 20%, 60% y 100% del valor de torsi\u00f3n m\u00e1ximo del dispositivo bajo calibraci\u00f3n.<br \/>Al final de la prueba, el programa calcula para cada punto de medici\u00f3n<br \/>a) El promedio de las lecturas<br \/>b) el % de desviaci\u00f3n<br \/>c) el % de incertidumbre extendida.<\/p>\n<p>Todos los certificados se imprimen posteriormente y se almacenan en una base de datos que permite guardar el historial de las calibraciones realizadas.<br \/>El programa gestiona otra base de datos de los instrumentos de muestreo tipo BTR2 y MP10 conectados al PC mediante comunicaci\u00f3n USB para garantizar la adquisici\u00f3n de la medici\u00f3n.<br \/>Para cada Instrumento de Muestra es necesario introducir todos los datos de identificaci\u00f3n, los certificados ACCREDIA o equivalentes de referencia e insertar las diferentes incertidumbres subdivididas para los distintos puntos de torsi\u00f3n.<br \/>El programa gestiona autom\u00e1ticamente el vencimiento de los certificados notificando al Operador si el certificado ha expirado.<\/p>\n<p>[\/vc_column_text][vc_separator][vc_column_text]<strong>ACCESSORIOS<\/strong>[\/vc_column_text][vc_row_inner content_placement=&#8221;middle&#8221;][vc_column_inner][vc_column_text]Ver instrumentaci\u00f3n y cables de conexi\u00f3n.[\/vc_column_text][\/vc_column_inner][\/vc_row_inner][\/vc_column][\/vc_row]<\/p>\n","protected":false},"excerpt":{"rendered":"<p>El programa est\u00e1 dise\u00f1ado para realizar la calibraci\u00f3n de las herramientas de torsi\u00f3n, utilizando dispositivos de muestra.<br \/>El procedimiento de calibraci\u00f3n se realiza de acuerdo con la norma U<strong>NI EN ISO 6789-1<\/strong> y <strong>UNI EN ISO 6789-2: 2017<\/strong>.<br \/>La evaluaci\u00f3n de la incertidumbre de la calibraci\u00f3n se realiza de acuerdo con los requisitos de la Norma.<\/p>\n","protected":false},"featured_media":6725,"template":"","meta":[],"product_brand":[],"product_cat":[82],"product_tag":[],"class_list":{"0":"post-3740","1":"product","2":"type-product","3":"status-publish","4":"has-post-thumbnail","6":"product_cat-aplicaciones-software","8":"first","9":"instock","10":"shipping-taxable","11":"product-type-simple","12":"berocket_lgv_grid","13":"berocket_lgv_list_grid"},"yoast_head":"<!-- This site is optimized with the Yoast SEO plugin v27.2 - https:\/\/yoast.com\/product\/yoast-seo-wordpress\/ -->\n<title>TORQUEKAL | AEP transducers<\/title>\n<meta name=\"robots\" content=\"index, follow, max-snippet:-1, max-image-preview:large, max-video-preview:-1\" \/>\n<link rel=\"canonical\" href=\"https:\/\/www.aep.it\/es\/producto\/aplicaciones-software\/torquekal\/\" \/>\n<meta property=\"og:locale\" content=\"es_ES\" \/>\n<meta property=\"og:type\" content=\"article\" \/>\n<meta property=\"og:title\" content=\"TORQUEKAL | AEP transducers\" \/>\n<meta property=\"og:description\" content=\"El programa est\u00e1 dise\u00f1ado para realizar la calibraci\u00f3n de las herramientas de torsi\u00f3n, utilizando dispositivos de muestra.El procedimiento de calibraci\u00f3n se realiza de acuerdo con la norma UNI EN ISO 6789-1 y UNI EN ISO 6789-2: 2017.La evaluaci\u00f3n de la incertidumbre de la calibraci\u00f3n se realiza de acuerdo con los requisitos de la Norma.\" \/>\n<meta property=\"og:url\" content=\"https:\/\/www.aep.it\/es\/producto\/aplicaciones-software\/torquekal\/\" \/>\n<meta property=\"og:site_name\" content=\"AEP transducers\" \/>\n<meta property=\"article:publisher\" content=\"https:\/\/www.facebook.com\/AEP-transducers-212611005540305\" \/>\n<meta property=\"article:modified_time\" content=\"2021-01-02T14:36:04+00:00\" \/>\n<meta property=\"og:image\" content=\"https:\/\/www.aep.it\/wp-content\/uploads\/2019\/12\/aep-transducers-torquekal-1.jpg\" \/>\n\t<meta property=\"og:image:width\" content=\"600\" \/>\n\t<meta property=\"og:image:height\" content=\"600\" \/>\n\t<meta property=\"og:image:type\" content=\"image\/jpeg\" \/>\n<meta name=\"twitter:card\" content=\"summary_large_image\" \/>\n<meta name=\"twitter:label1\" content=\"Tiempo de lectura\" \/>\n\t<meta name=\"twitter:data1\" content=\"1 minuto\" \/>\n<script type=\"application\/ld+json\" class=\"yoast-schema-graph\">{\"@context\":\"https:\/\/schema.org\",\"@graph\":[{\"@type\":\"WebPage\",\"@id\":\"https:\/\/www.aep.it\/es\/producto\/aplicaciones-software\/torquekal\/\",\"url\":\"https:\/\/www.aep.it\/es\/producto\/aplicaciones-software\/torquekal\/\",\"name\":\"TORQUEKAL | AEP transducers\",\"isPartOf\":{\"@id\":\"https:\/\/www.aep.it\/es\/#website\"},\"primaryImageOfPage\":{\"@id\":\"https:\/\/www.aep.it\/es\/producto\/aplicaciones-software\/torquekal\/#primaryimage\"},\"image\":{\"@id\":\"https:\/\/www.aep.it\/es\/producto\/aplicaciones-software\/torquekal\/#primaryimage\"},\"thumbnailUrl\":\"https:\/\/www.aep.it\/wp-content\/uploads\/2019\/12\/aep-transducers-torquekal-1.jpg\",\"datePublished\":\"2019-12-20T11:12:54+00:00\",\"dateModified\":\"2021-01-02T14:36:04+00:00\",\"breadcrumb\":{\"@id\":\"https:\/\/www.aep.it\/es\/producto\/aplicaciones-software\/torquekal\/#breadcrumb\"},\"inLanguage\":\"es\",\"potentialAction\":[{\"@type\":\"ReadAction\",\"target\":[\"https:\/\/www.aep.it\/es\/producto\/aplicaciones-software\/torquekal\/\"]}]},{\"@type\":\"ImageObject\",\"inLanguage\":\"es\",\"@id\":\"https:\/\/www.aep.it\/es\/producto\/aplicaciones-software\/torquekal\/#primaryimage\",\"url\":\"https:\/\/www.aep.it\/wp-content\/uploads\/2019\/12\/aep-transducers-torquekal-1.jpg\",\"contentUrl\":\"https:\/\/www.aep.it\/wp-content\/uploads\/2019\/12\/aep-transducers-torquekal-1.jpg\",\"width\":600,\"height\":600},{\"@type\":\"BreadcrumbList\",\"@id\":\"https:\/\/www.aep.it\/es\/producto\/aplicaciones-software\/torquekal\/#breadcrumb\",\"itemListElement\":[{\"@type\":\"ListItem\",\"position\":1,\"name\":\"Home\",\"item\":\"https:\/\/www.aep.it\/es\/\"},{\"@type\":\"ListItem\",\"position\":2,\"name\":\"Productos\",\"item\":\"https:\/\/www.aep.it\/es\/shop\/\"},{\"@type\":\"ListItem\",\"position\":3,\"name\":\"TORQUEKAL\"}]},{\"@type\":\"WebSite\",\"@id\":\"https:\/\/www.aep.it\/es\/#website\",\"url\":\"https:\/\/www.aep.it\/es\/\",\"name\":\"AEP transducers\",\"description\":\"\",\"publisher\":{\"@id\":\"https:\/\/www.aep.it\/es\/#organization\"},\"potentialAction\":[{\"@type\":\"SearchAction\",\"target\":{\"@type\":\"EntryPoint\",\"urlTemplate\":\"https:\/\/www.aep.it\/es\/?s={search_term_string}\"},\"query-input\":{\"@type\":\"PropertyValueSpecification\",\"valueRequired\":true,\"valueName\":\"search_term_string\"}}],\"inLanguage\":\"es\"},{\"@type\":\"Organization\",\"@id\":\"https:\/\/www.aep.it\/es\/#organization\",\"name\":\"AEP Transducers\",\"url\":\"https:\/\/www.aep.it\/es\/\",\"logo\":{\"@type\":\"ImageObject\",\"inLanguage\":\"es\",\"@id\":\"https:\/\/www.aep.it\/es\/#\/schema\/logo\/image\/\",\"url\":\"https:\/\/www.aep.it\/wp-content\/uploads\/2020\/03\/logo-vettoriale-def.png\",\"contentUrl\":\"https:\/\/www.aep.it\/wp-content\/uploads\/2020\/03\/logo-vettoriale-def.png\",\"width\":2000,\"height\":284,\"caption\":\"AEP Transducers\"},\"image\":{\"@id\":\"https:\/\/www.aep.it\/es\/#\/schema\/logo\/image\/\"},\"sameAs\":[\"https:\/\/www.facebook.com\/AEP-transducers-212611005540305\"]}]}<\/script>\n<!-- \/ Yoast SEO plugin. -->","yoast_head_json":{"title":"TORQUEKAL | AEP transducers","robots":{"index":"index","follow":"follow","max-snippet":"max-snippet:-1","max-image-preview":"max-image-preview:large","max-video-preview":"max-video-preview:-1"},"canonical":"https:\/\/www.aep.it\/es\/producto\/aplicaciones-software\/torquekal\/","og_locale":"es_ES","og_type":"article","og_title":"TORQUEKAL | AEP transducers","og_description":"El programa est\u00e1 dise\u00f1ado para realizar la calibraci\u00f3n de las herramientas de torsi\u00f3n, utilizando dispositivos de muestra.El procedimiento de calibraci\u00f3n se realiza de acuerdo con la norma UNI EN ISO 6789-1 y UNI EN ISO 6789-2: 2017.La evaluaci\u00f3n de la incertidumbre de la calibraci\u00f3n se realiza de acuerdo con los requisitos de la Norma.","og_url":"https:\/\/www.aep.it\/es\/producto\/aplicaciones-software\/torquekal\/","og_site_name":"AEP transducers","article_publisher":"https:\/\/www.facebook.com\/AEP-transducers-212611005540305","article_modified_time":"2021-01-02T14:36:04+00:00","og_image":[{"width":600,"height":600,"url":"https:\/\/www.aep.it\/wp-content\/uploads\/2019\/12\/aep-transducers-torquekal-1.jpg","type":"image\/jpeg"}],"twitter_card":"summary_large_image","twitter_misc":{"Tiempo de lectura":"1 minuto"},"schema":{"@context":"https:\/\/schema.org","@graph":[{"@type":"WebPage","@id":"https:\/\/www.aep.it\/es\/producto\/aplicaciones-software\/torquekal\/","url":"https:\/\/www.aep.it\/es\/producto\/aplicaciones-software\/torquekal\/","name":"TORQUEKAL | AEP transducers","isPartOf":{"@id":"https:\/\/www.aep.it\/es\/#website"},"primaryImageOfPage":{"@id":"https:\/\/www.aep.it\/es\/producto\/aplicaciones-software\/torquekal\/#primaryimage"},"image":{"@id":"https:\/\/www.aep.it\/es\/producto\/aplicaciones-software\/torquekal\/#primaryimage"},"thumbnailUrl":"https:\/\/www.aep.it\/wp-content\/uploads\/2019\/12\/aep-transducers-torquekal-1.jpg","datePublished":"2019-12-20T11:12:54+00:00","dateModified":"2021-01-02T14:36:04+00:00","breadcrumb":{"@id":"https:\/\/www.aep.it\/es\/producto\/aplicaciones-software\/torquekal\/#breadcrumb"},"inLanguage":"es","potentialAction":[{"@type":"ReadAction","target":["https:\/\/www.aep.it\/es\/producto\/aplicaciones-software\/torquekal\/"]}]},{"@type":"ImageObject","inLanguage":"es","@id":"https:\/\/www.aep.it\/es\/producto\/aplicaciones-software\/torquekal\/#primaryimage","url":"https:\/\/www.aep.it\/wp-content\/uploads\/2019\/12\/aep-transducers-torquekal-1.jpg","contentUrl":"https:\/\/www.aep.it\/wp-content\/uploads\/2019\/12\/aep-transducers-torquekal-1.jpg","width":600,"height":600},{"@type":"BreadcrumbList","@id":"https:\/\/www.aep.it\/es\/producto\/aplicaciones-software\/torquekal\/#breadcrumb","itemListElement":[{"@type":"ListItem","position":1,"name":"Home","item":"https:\/\/www.aep.it\/es\/"},{"@type":"ListItem","position":2,"name":"Productos","item":"https:\/\/www.aep.it\/es\/shop\/"},{"@type":"ListItem","position":3,"name":"TORQUEKAL"}]},{"@type":"WebSite","@id":"https:\/\/www.aep.it\/es\/#website","url":"https:\/\/www.aep.it\/es\/","name":"AEP transducers","description":"","publisher":{"@id":"https:\/\/www.aep.it\/es\/#organization"},"potentialAction":[{"@type":"SearchAction","target":{"@type":"EntryPoint","urlTemplate":"https:\/\/www.aep.it\/es\/?s={search_term_string}"},"query-input":{"@type":"PropertyValueSpecification","valueRequired":true,"valueName":"search_term_string"}}],"inLanguage":"es"},{"@type":"Organization","@id":"https:\/\/www.aep.it\/es\/#organization","name":"AEP Transducers","url":"https:\/\/www.aep.it\/es\/","logo":{"@type":"ImageObject","inLanguage":"es","@id":"https:\/\/www.aep.it\/es\/#\/schema\/logo\/image\/","url":"https:\/\/www.aep.it\/wp-content\/uploads\/2020\/03\/logo-vettoriale-def.png","contentUrl":"https:\/\/www.aep.it\/wp-content\/uploads\/2020\/03\/logo-vettoriale-def.png","width":2000,"height":284,"caption":"AEP Transducers"},"image":{"@id":"https:\/\/www.aep.it\/es\/#\/schema\/logo\/image\/"},"sameAs":["https:\/\/www.facebook.com\/AEP-transducers-212611005540305"]}]}},"_links":{"self":[{"href":"https:\/\/www.aep.it\/es\/wp-json\/wp\/v2\/product\/3740","targetHints":{"allow":["GET"]}}],"collection":[{"href":"https:\/\/www.aep.it\/es\/wp-json\/wp\/v2\/product"}],"about":[{"href":"https:\/\/www.aep.it\/es\/wp-json\/wp\/v2\/types\/product"}],"wp:featuredmedia":[{"embeddable":true,"href":"https:\/\/www.aep.it\/es\/wp-json\/wp\/v2\/media\/6725"}],"wp:attachment":[{"href":"https:\/\/www.aep.it\/es\/wp-json\/wp\/v2\/media?parent=3740"}],"wp:term":[{"taxonomy":"product_brand","embeddable":true,"href":"https:\/\/www.aep.it\/es\/wp-json\/wp\/v2\/product_brand?post=3740"},{"taxonomy":"product_cat","embeddable":true,"href":"https:\/\/www.aep.it\/es\/wp-json\/wp\/v2\/product_cat?post=3740"},{"taxonomy":"product_tag","embeddable":true,"href":"https:\/\/www.aep.it\/es\/wp-json\/wp\/v2\/product_tag?post=3740"}],"curies":[{"name":"wp","href":"https:\/\/api.w.org\/{rel}","templated":true}]}}