{"id":3759,"date":"2019-12-12T17:24:05","date_gmt":"2019-12-12T16:24:05","guid":{"rendered":"http:\/\/www.aep.it\/prodotto\/sin%20categor\u00eda\/ts\/"},"modified":"2025-10-22T18:29:17","modified_gmt":"2025-10-22T16:29:17","slug":"ts","status":"publish","type":"product","link":"https:\/\/www.aep.it\/es\/producto\/celulas-de-carga\/ts\/","title":{"rendered":"TS"},"content":{"rendered":"<p>[vc_row][vc_column][vc_column_text]C\u00e9lula de carga apta para trabajar en entornos hostiles.<br \/>\nAlta resistencia mec\u00e1nica.<br \/>\nFabricado \u00edntegramente en acero inoxidable.<br \/>\nTotalmente soldado al LASER.<br \/>\nGrado de protecci\u00f3n IP67.<br \/>\nEstabilidad a largo plazo.<\/p>\n<p>Bajo pedido Versi\u00f3n homologada<\/p>\n<p><img decoding=\"async\" class=\"alignnone size-medium wp-image-2420\" src=\"https:\/\/www.aep.it\/wp-content\/uploads\/2019\/12\/OIML-TSA-300x100.jpg\" alt=\"\" width=\"300\" height=\"100\" srcset=\"https:\/\/www.aep.it\/wp-content\/uploads\/2019\/12\/OIML-TSA-300x100.jpg 300w, https:\/\/www.aep.it\/wp-content\/uploads\/2019\/12\/OIML-TSA.jpg 354w\" sizes=\"(max-width: 300px) 100vw, 300px\" \/><\/p>\n<p>Bajo pedido versi\u00f3n certificada ATEX (Zona 1 y 21) GAS y POLVO[\/vc_column_text][vc_separator][vc_column_text]<\/p>\n<p><strong>ACCESSORIOS<\/strong><\/p>\n<p>[\/vc_column_text][vc_row_inner][vc_column_inner width=&#8221;1\/2&#8243;][vc_single_image image=&#8221;1997&#8243; img_size=&#8221;full&#8221; onclick=&#8221;link_image&#8221;][\/vc_column_inner][vc_column_inner width=&#8221;1\/2&#8243;][vc_column_text]Informe de calibraci\u00f3n<br \/>\n<strong>COMPRESI\u00d3N<\/strong><\/p>\n<p>Informe de calibraci\u00f3n<br \/>\n<strong>TRACCI\u00d3N<\/strong>[\/vc_column_text][\/vc_column_inner][\/vc_row_inner][vc_row_inner][vc_column_inner width=&#8221;1\/2&#8243;][vc_single_image image=&#8221;2423&#8243; img_size=&#8221;full&#8221; onclick=&#8221;link_image&#8221;][\/vc_column_inner][vc_column_inner width=&#8221;1\/2&#8243;][vc_column_text]Para aplicaciones en\u00a0COMPRESI\u00d3N<\/p>\n<p>Cabeza de carga (TIC)<\/p>\n<p>Cabeza de carga\u00a0esf\u00e9rica[\/vc_column_text][\/vc_column_inner][\/vc_row_inner][vc_row_inner][vc_column_inner width=&#8221;1\/2&#8243;][vc_single_image image=&#8221;2401&#8243; img_size=&#8221;full&#8221; onclick=&#8221;link_image&#8221;][\/vc_column_inner][vc_column_inner width=&#8221;1\/2&#8243;][vc_column_text]Articulaciones para aplicaciones en\u00a0TRACCI\u00d3N<\/p>\n<p>Rotulas(ACCEM)[\/vc_column_text][\/vc_column_inner][\/vc_row_inner][vc_row_inner][vc_column_inner width=&#8221;1\/2&#8243;][vc_single_image image=&#8221;2000&#8243; img_size=&#8221;full&#8221; onclick=&#8221;link_image&#8221;][\/vc_column_inner][vc_column_inner width=&#8221;1\/2&#8243;][vc_column_text]<strong>SG4<\/strong>: Scatola di giunzione per eseguire il parallelo di pi\u00f9 celle di carico.<\/p>\n<p><strong>TA4<\/strong>: Trasmettitore Analogico che permette di collegare pi\u00f9 celle di carico in parallelo e di trasmettere a distanza il segnale di\u00a0misura\u00a0in tensione (+\/-10V) o corrente (4-20mA) a PLC o sistemi pi\u00f9 evoluti.[\/vc_column_text][\/vc_column_inner][\/vc_row_inner][vc_row_inner][vc_column_inner width=&#8221;1\/2&#8243;][vc_images_carousel images=&#8221;7553,7556,7559&#8243; img_size=&#8221;full&#8221;][\/vc_column_inner][vc_column_inner width=&#8221;1\/2&#8243;][vc_column_text]<strong>TS 2,5t<\/strong><\/p>\n<p><strong>TS 7,5t<\/strong><\/p>\n<p><strong>TS 25kg<\/strong>[\/vc_column_text][\/vc_column_inner][\/vc_row_inner][\/vc_column][\/vc_row]<\/p>\n","protected":false},"excerpt":{"rendered":"<p>C\u00e9lula de carga para medir cargas est\u00e1ticas y din\u00e1micas en <strong>COMPRESI\u00d3N<\/strong> y <strong>TRACCI\u00d3N<\/strong><br \/>\nCargas nominales de <strong>10kg<\/strong> a <strong>10t<\/strong><br \/>\nClases (OIML R60) C1, C2, C3 y C4<br \/>\nError combinado 0.018%<br \/>\nSalida est\u00e1ndar de 2mV\/V<\/p>\n<p>Tambi\u00e9n en versi\u00f3n<\/p>\n<p><img decoding=\"async\" class=\"\" src=\"http:\/\/www.aep.it\/wp-content\/uploads\/2019\/12\/ATEX-300x90.jpg\" width=\"200\" height=\"60\" \/><br \/>\n<img decoding=\"async\" class=\"alignnone size-full wp-image-8975\" src=\"https:\/\/www.aep.it\/wp-content\/uploads\/2019\/12\/label-eac-2.jpg\" alt=\"\" width=\"150\" height=\"70\" \/><\/p>\n","protected":false},"featured_media":2417,"template":"","meta":[],"product_brand":[],"product_cat":[84],"product_tag":[],"class_list":{"0":"post-3759","1":"product","2":"type-product","3":"status-publish","4":"has-post-thumbnail","6":"product_cat-celulas-de-carga","8":"first","9":"instock","10":"shipping-taxable","11":"product-type-simple","12":"berocket_lgv_grid","13":"berocket_lgv_list_grid"},"yoast_head":"<!-- This site is optimized with the Yoast SEO plugin v27.2 - https:\/\/yoast.com\/product\/yoast-seo-wordpress\/ -->\n<title>TS | AEP transducers<\/title>\n<meta name=\"robots\" content=\"index, follow, max-snippet:-1, max-image-preview:large, max-video-preview:-1\" \/>\n<link rel=\"canonical\" href=\"https:\/\/www.aep.it\/es\/producto\/celulas-de-carga\/ts\/\" \/>\n<meta property=\"og:locale\" content=\"es_ES\" \/>\n<meta property=\"og:type\" content=\"article\" \/>\n<meta property=\"og:title\" content=\"TS | AEP transducers\" \/>\n<meta property=\"og:description\" content=\"C\u00e9lula de carga para medir cargas est\u00e1ticas y din\u00e1micas en COMPRESI\u00d3N y TRACCI\u00d3N Cargas nominales de 10kg a 10t Clases (OIML R60) C1, C2, C3 y C4 Error combinado 0.018% Salida est\u00e1ndar de 2mV\/V  Tambi\u00e9n en versi\u00f3n\" \/>\n<meta property=\"og:url\" content=\"https:\/\/www.aep.it\/es\/producto\/celulas-de-carga\/ts\/\" \/>\n<meta property=\"og:site_name\" content=\"AEP transducers\" \/>\n<meta property=\"article:publisher\" content=\"https:\/\/www.facebook.com\/AEP-transducers-212611005540305\" \/>\n<meta property=\"article:modified_time\" content=\"2025-10-22T16:29:17+00:00\" \/>\n<meta property=\"og:image\" content=\"https:\/\/www.aep.it\/wp-content\/uploads\/2019\/12\/aep-transducers-ts.jpg\" \/>\n\t<meta property=\"og:image:width\" content=\"600\" \/>\n\t<meta property=\"og:image:height\" content=\"600\" \/>\n\t<meta property=\"og:image:type\" content=\"image\/jpeg\" \/>\n<meta name=\"twitter:card\" content=\"summary_large_image\" \/>\n<meta name=\"twitter:label1\" content=\"Tiempo de lectura\" \/>\n\t<meta name=\"twitter:data1\" content=\"2 minutos\" \/>\n<script type=\"application\/ld+json\" class=\"yoast-schema-graph\">{\"@context\":\"https:\/\/schema.org\",\"@graph\":[{\"@type\":\"WebPage\",\"@id\":\"https:\/\/www.aep.it\/es\/producto\/celulas-de-carga\/ts\/\",\"url\":\"https:\/\/www.aep.it\/es\/producto\/celulas-de-carga\/ts\/\",\"name\":\"TS | AEP transducers\",\"isPartOf\":{\"@id\":\"https:\/\/www.aep.it\/es\/#website\"},\"primaryImageOfPage\":{\"@id\":\"https:\/\/www.aep.it\/es\/producto\/celulas-de-carga\/ts\/#primaryimage\"},\"image\":{\"@id\":\"https:\/\/www.aep.it\/es\/producto\/celulas-de-carga\/ts\/#primaryimage\"},\"thumbnailUrl\":\"https:\/\/www.aep.it\/wp-content\/uploads\/2019\/12\/aep-transducers-ts.jpg\",\"datePublished\":\"2019-12-12T16:24:05+00:00\",\"dateModified\":\"2025-10-22T16:29:17+00:00\",\"breadcrumb\":{\"@id\":\"https:\/\/www.aep.it\/es\/producto\/celulas-de-carga\/ts\/#breadcrumb\"},\"inLanguage\":\"es\",\"potentialAction\":[{\"@type\":\"ReadAction\",\"target\":[\"https:\/\/www.aep.it\/es\/producto\/celulas-de-carga\/ts\/\"]}]},{\"@type\":\"ImageObject\",\"inLanguage\":\"es\",\"@id\":\"https:\/\/www.aep.it\/es\/producto\/celulas-de-carga\/ts\/#primaryimage\",\"url\":\"https:\/\/www.aep.it\/wp-content\/uploads\/2019\/12\/aep-transducers-ts.jpg\",\"contentUrl\":\"https:\/\/www.aep.it\/wp-content\/uploads\/2019\/12\/aep-transducers-ts.jpg\",\"width\":600,\"height\":600,\"caption\":\"c\u00e9lulas de carga AEP transducers\"},{\"@type\":\"BreadcrumbList\",\"@id\":\"https:\/\/www.aep.it\/es\/producto\/celulas-de-carga\/ts\/#breadcrumb\",\"itemListElement\":[{\"@type\":\"ListItem\",\"position\":1,\"name\":\"Home\",\"item\":\"https:\/\/www.aep.it\/es\/\"},{\"@type\":\"ListItem\",\"position\":2,\"name\":\"Productos\",\"item\":\"https:\/\/www.aep.it\/es\/shop\/\"},{\"@type\":\"ListItem\",\"position\":3,\"name\":\"TS\"}]},{\"@type\":\"WebSite\",\"@id\":\"https:\/\/www.aep.it\/es\/#website\",\"url\":\"https:\/\/www.aep.it\/es\/\",\"name\":\"AEP transducers\",\"description\":\"\",\"publisher\":{\"@id\":\"https:\/\/www.aep.it\/es\/#organization\"},\"potentialAction\":[{\"@type\":\"SearchAction\",\"target\":{\"@type\":\"EntryPoint\",\"urlTemplate\":\"https:\/\/www.aep.it\/es\/?s={search_term_string}\"},\"query-input\":{\"@type\":\"PropertyValueSpecification\",\"valueRequired\":true,\"valueName\":\"search_term_string\"}}],\"inLanguage\":\"es\"},{\"@type\":\"Organization\",\"@id\":\"https:\/\/www.aep.it\/es\/#organization\",\"name\":\"AEP Transducers\",\"url\":\"https:\/\/www.aep.it\/es\/\",\"logo\":{\"@type\":\"ImageObject\",\"inLanguage\":\"es\",\"@id\":\"https:\/\/www.aep.it\/es\/#\/schema\/logo\/image\/\",\"url\":\"https:\/\/www.aep.it\/wp-content\/uploads\/2020\/03\/logo-vettoriale-def.png\",\"contentUrl\":\"https:\/\/www.aep.it\/wp-content\/uploads\/2020\/03\/logo-vettoriale-def.png\",\"width\":2000,\"height\":284,\"caption\":\"AEP Transducers\"},\"image\":{\"@id\":\"https:\/\/www.aep.it\/es\/#\/schema\/logo\/image\/\"},\"sameAs\":[\"https:\/\/www.facebook.com\/AEP-transducers-212611005540305\"]}]}<\/script>\n<!-- \/ Yoast SEO plugin. -->","yoast_head_json":{"title":"TS | AEP transducers","robots":{"index":"index","follow":"follow","max-snippet":"max-snippet:-1","max-image-preview":"max-image-preview:large","max-video-preview":"max-video-preview:-1"},"canonical":"https:\/\/www.aep.it\/es\/producto\/celulas-de-carga\/ts\/","og_locale":"es_ES","og_type":"article","og_title":"TS | AEP transducers","og_description":"C\u00e9lula de carga para medir cargas est\u00e1ticas y din\u00e1micas en COMPRESI\u00d3N y TRACCI\u00d3N Cargas nominales de 10kg a 10t Clases (OIML R60) C1, C2, C3 y C4 Error combinado 0.018% Salida est\u00e1ndar de 2mV\/V  Tambi\u00e9n en versi\u00f3n","og_url":"https:\/\/www.aep.it\/es\/producto\/celulas-de-carga\/ts\/","og_site_name":"AEP transducers","article_publisher":"https:\/\/www.facebook.com\/AEP-transducers-212611005540305","article_modified_time":"2025-10-22T16:29:17+00:00","og_image":[{"width":600,"height":600,"url":"https:\/\/www.aep.it\/wp-content\/uploads\/2019\/12\/aep-transducers-ts.jpg","type":"image\/jpeg"}],"twitter_card":"summary_large_image","twitter_misc":{"Tiempo de lectura":"2 minutos"},"schema":{"@context":"https:\/\/schema.org","@graph":[{"@type":"WebPage","@id":"https:\/\/www.aep.it\/es\/producto\/celulas-de-carga\/ts\/","url":"https:\/\/www.aep.it\/es\/producto\/celulas-de-carga\/ts\/","name":"TS | AEP transducers","isPartOf":{"@id":"https:\/\/www.aep.it\/es\/#website"},"primaryImageOfPage":{"@id":"https:\/\/www.aep.it\/es\/producto\/celulas-de-carga\/ts\/#primaryimage"},"image":{"@id":"https:\/\/www.aep.it\/es\/producto\/celulas-de-carga\/ts\/#primaryimage"},"thumbnailUrl":"https:\/\/www.aep.it\/wp-content\/uploads\/2019\/12\/aep-transducers-ts.jpg","datePublished":"2019-12-12T16:24:05+00:00","dateModified":"2025-10-22T16:29:17+00:00","breadcrumb":{"@id":"https:\/\/www.aep.it\/es\/producto\/celulas-de-carga\/ts\/#breadcrumb"},"inLanguage":"es","potentialAction":[{"@type":"ReadAction","target":["https:\/\/www.aep.it\/es\/producto\/celulas-de-carga\/ts\/"]}]},{"@type":"ImageObject","inLanguage":"es","@id":"https:\/\/www.aep.it\/es\/producto\/celulas-de-carga\/ts\/#primaryimage","url":"https:\/\/www.aep.it\/wp-content\/uploads\/2019\/12\/aep-transducers-ts.jpg","contentUrl":"https:\/\/www.aep.it\/wp-content\/uploads\/2019\/12\/aep-transducers-ts.jpg","width":600,"height":600,"caption":"c\u00e9lulas de carga AEP transducers"},{"@type":"BreadcrumbList","@id":"https:\/\/www.aep.it\/es\/producto\/celulas-de-carga\/ts\/#breadcrumb","itemListElement":[{"@type":"ListItem","position":1,"name":"Home","item":"https:\/\/www.aep.it\/es\/"},{"@type":"ListItem","position":2,"name":"Productos","item":"https:\/\/www.aep.it\/es\/shop\/"},{"@type":"ListItem","position":3,"name":"TS"}]},{"@type":"WebSite","@id":"https:\/\/www.aep.it\/es\/#website","url":"https:\/\/www.aep.it\/es\/","name":"AEP transducers","description":"","publisher":{"@id":"https:\/\/www.aep.it\/es\/#organization"},"potentialAction":[{"@type":"SearchAction","target":{"@type":"EntryPoint","urlTemplate":"https:\/\/www.aep.it\/es\/?s={search_term_string}"},"query-input":{"@type":"PropertyValueSpecification","valueRequired":true,"valueName":"search_term_string"}}],"inLanguage":"es"},{"@type":"Organization","@id":"https:\/\/www.aep.it\/es\/#organization","name":"AEP Transducers","url":"https:\/\/www.aep.it\/es\/","logo":{"@type":"ImageObject","inLanguage":"es","@id":"https:\/\/www.aep.it\/es\/#\/schema\/logo\/image\/","url":"https:\/\/www.aep.it\/wp-content\/uploads\/2020\/03\/logo-vettoriale-def.png","contentUrl":"https:\/\/www.aep.it\/wp-content\/uploads\/2020\/03\/logo-vettoriale-def.png","width":2000,"height":284,"caption":"AEP Transducers"},"image":{"@id":"https:\/\/www.aep.it\/es\/#\/schema\/logo\/image\/"},"sameAs":["https:\/\/www.facebook.com\/AEP-transducers-212611005540305"]}]}},"_links":{"self":[{"href":"https:\/\/www.aep.it\/es\/wp-json\/wp\/v2\/product\/3759","targetHints":{"allow":["GET"]}}],"collection":[{"href":"https:\/\/www.aep.it\/es\/wp-json\/wp\/v2\/product"}],"about":[{"href":"https:\/\/www.aep.it\/es\/wp-json\/wp\/v2\/types\/product"}],"wp:featuredmedia":[{"embeddable":true,"href":"https:\/\/www.aep.it\/es\/wp-json\/wp\/v2\/media\/2417"}],"wp:attachment":[{"href":"https:\/\/www.aep.it\/es\/wp-json\/wp\/v2\/media?parent=3759"}],"wp:term":[{"taxonomy":"product_brand","embeddable":true,"href":"https:\/\/www.aep.it\/es\/wp-json\/wp\/v2\/product_brand?post=3759"},{"taxonomy":"product_cat","embeddable":true,"href":"https:\/\/www.aep.it\/es\/wp-json\/wp\/v2\/product_cat?post=3759"},{"taxonomy":"product_tag","embeddable":true,"href":"https:\/\/www.aep.it\/es\/wp-json\/wp\/v2\/product_tag?post=3759"}],"curies":[{"name":"wp","href":"https:\/\/api.w.org\/{rel}","templated":true}]}}