{"id":3767,"date":"2019-12-12T18:12:45","date_gmt":"2019-12-12T17:12:45","guid":{"rendered":"http:\/\/www.aep.it\/prodotto\/sin%20categor\u00eda\/t20\/"},"modified":"2025-04-07T16:59:11","modified_gmt":"2025-04-07T14:59:11","slug":"t20","status":"publish","type":"product","link":"https:\/\/www.aep.it\/es\/producto\/celulas-de-carga\/t20\/","title":{"rendered":"T20"},"content":{"rendered":"<p>[vc_row][vc_column][vc_column_text]C\u00e9lula de carga adecuada para el trabajo en ambientes hostiles<br \/>\nElevada resistencia\u00a0mec\u00e1nica<br \/>\nRealizada por entero en acero inoxidable<br \/>\nCompletamente saldada con el LASER<br \/>\nProtecci\u00f3n IP68<br \/>\nEstabilidad a largo plazo<\/p>\n<p>A petici\u00f3n versi\u00f3n certificada <strong>ATEX<\/strong> (\u00e1rea 1 y 21) GAS y POLVO[\/vc_column_text][vc_separator][vc_column_text]<strong>ACCESSORIOS<\/strong>[\/vc_column_text][vc_row_inner][vc_column_inner width=&#8221;1\/2&#8243;][vc_single_image image=&#8221;1997&#8243; img_size=&#8221;full&#8221; onclick=&#8221;link_image&#8221;][\/vc_column_inner][vc_column_inner width=&#8221;1\/2&#8243;][vc_column_text]Informe de calibraci\u00f3n<br \/>\n<strong>TRACCI\u00d3N<\/strong>[\/vc_column_text][\/vc_column_inner][\/vc_row_inner][vc_row_inner][vc_column_inner width=&#8221;1\/2&#8243;][vc_single_image image=&#8221;2471&#8243; img_size=&#8221;full&#8221; onclick=&#8221;link_image&#8221;][\/vc_column_inner][vc_column_inner width=&#8221;1\/2&#8243;][vc_column_text]Grilletes \u00a0para el levantamiento[\/vc_column_text][\/vc_column_inner][\/vc_row_inner][vc_row_inner][vc_column_inner width=&#8221;1\/2&#8243;][vc_single_image image=&#8221;2000&#8243; img_size=&#8221;full&#8221; onclick=&#8221;link_image&#8221;][\/vc_column_inner][vc_column_inner width=&#8221;1\/2&#8243;][vc_column_text]<strong>SG4<\/strong>: Caja suma para el paralelo el\u00e9ctico (conexi\u00f3n el\u00e9ctrica).<\/p>\n<p><strong>TA4<\/strong>: Transmisor anal\u00f3gico que permite la conexi\u00f3n el\u00e9ctrica de las c\u00e9lulas de carga y la transmisi\u00f3n<br \/>\na distancia de la se\u00f1al en tensi\u00f3n (+\/-10V) o corriente (4-20mA) enviada por PLC u otros sistemas m\u00e1s avanzados.[\/vc_column_text][\/vc_column_inner][\/vc_row_inner][\/vc_column][\/vc_row]<\/p>\n","protected":false},"excerpt":{"rendered":"<p>C\u00e9lula de carga de\u00a0<strong>TRACCI\u00d3N\u00a0<\/strong>para la medida de cargas est\u00e1ticas y din\u00e1mcas<br \/>\nCarga nominal de <strong>5t<\/strong> a <strong>20t<\/strong><br \/>\nClase (OIML R60) C2 o C3<br \/>\nError combinado 0.019%<br \/>\nSensibilidad nominal 2mV\/V<br \/>\nIncluso en versi\u00f3n<\/p>\n<p>Incluso en versi\u00f3n<\/p>\n<p><img decoding=\"async\" class=\"alignnone wp-image-2195\" src=\"http:\/\/www.aep.it\/wp-content\/uploads\/2019\/12\/WIRELESS-300x100.jpg\" alt=\"\" width=\"171\" height=\"57\" srcset=\"https:\/\/www.aep.it\/wp-content\/uploads\/2019\/12\/WIRELESS-300x100.jpg 300w, https:\/\/www.aep.it\/wp-content\/uploads\/2019\/12\/WIRELESS.jpg 354w\" sizes=\"(max-width: 171px) 100vw, 171px\" \/><\/p>\n<p><img decoding=\"async\" class=\"alignnone size-medium wp-image-7140\" src=\"http:\/\/www.aep.it\/wp-content\/uploads\/2019\/12\/ATEX-300x90.jpg\" alt=\"\" width=\"171\" height=\"90\" \/><\/p>\n<p><img decoding=\"async\" class=\"alignnone size-full wp-image-8975\" src=\"https:\/\/www.aep.it\/wp-content\/uploads\/2019\/12\/label-eac-2.jpg\" alt=\"\" width=\"150\" height=\"70\" \/><\/p>\n","protected":false},"featured_media":2484,"template":"","meta":[],"product_brand":[],"product_cat":[84],"product_tag":[],"class_list":{"0":"post-3767","1":"product","2":"type-product","3":"status-publish","4":"has-post-thumbnail","6":"product_cat-celulas-de-carga","8":"first","9":"instock","10":"shipping-taxable","11":"product-type-simple","12":"berocket_lgv_grid","13":"berocket_lgv_list_grid"},"yoast_head":"<!-- This site is optimized with the Yoast SEO plugin v27.2 - https:\/\/yoast.com\/product\/yoast-seo-wordpress\/ -->\n<title>T20 | AEP transducers<\/title>\n<meta name=\"robots\" content=\"index, follow, max-snippet:-1, max-image-preview:large, max-video-preview:-1\" \/>\n<link rel=\"canonical\" href=\"https:\/\/www.aep.it\/es\/producto\/celulas-de-carga\/t20\/\" \/>\n<meta property=\"og:locale\" content=\"es_ES\" \/>\n<meta property=\"og:type\" content=\"article\" \/>\n<meta property=\"og:title\" content=\"T20 | AEP transducers\" \/>\n<meta property=\"og:description\" content=\"C\u00e9lula de carga de\u00a0TRACCI\u00d3N\u00a0para la medida de cargas est\u00e1ticas y din\u00e1mcas Carga nominal de 5t a 20t Clase (OIML R60) C2 o C3 Error combinado 0.019% Sensibilidad nominal 2mV\/V Incluso en versi\u00f3n  Incluso en versi\u00f3n\" \/>\n<meta property=\"og:url\" content=\"https:\/\/www.aep.it\/es\/producto\/celulas-de-carga\/t20\/\" \/>\n<meta property=\"og:site_name\" content=\"AEP transducers\" \/>\n<meta property=\"article:publisher\" content=\"https:\/\/www.facebook.com\/AEP-transducers-212611005540305\" \/>\n<meta property=\"article:modified_time\" content=\"2025-04-07T14:59:11+00:00\" \/>\n<meta property=\"og:image\" content=\"https:\/\/www.aep.it\/wp-content\/uploads\/2019\/12\/aep-transducers-t20.jpg\" \/>\n\t<meta property=\"og:image:width\" content=\"600\" \/>\n\t<meta property=\"og:image:height\" content=\"600\" \/>\n\t<meta property=\"og:image:type\" content=\"image\/jpeg\" \/>\n<meta name=\"twitter:card\" content=\"summary_large_image\" \/>\n<meta name=\"twitter:label1\" content=\"Tiempo de lectura\" \/>\n\t<meta name=\"twitter:data1\" content=\"1 minuto\" \/>\n<script type=\"application\/ld+json\" class=\"yoast-schema-graph\">{\"@context\":\"https:\/\/schema.org\",\"@graph\":[{\"@type\":\"WebPage\",\"@id\":\"https:\/\/www.aep.it\/es\/producto\/celulas-de-carga\/t20\/\",\"url\":\"https:\/\/www.aep.it\/es\/producto\/celulas-de-carga\/t20\/\",\"name\":\"T20 | AEP transducers\",\"isPartOf\":{\"@id\":\"https:\/\/www.aep.it\/es\/#website\"},\"primaryImageOfPage\":{\"@id\":\"https:\/\/www.aep.it\/es\/producto\/celulas-de-carga\/t20\/#primaryimage\"},\"image\":{\"@id\":\"https:\/\/www.aep.it\/es\/producto\/celulas-de-carga\/t20\/#primaryimage\"},\"thumbnailUrl\":\"https:\/\/www.aep.it\/wp-content\/uploads\/2019\/12\/aep-transducers-t20.jpg\",\"datePublished\":\"2019-12-12T17:12:45+00:00\",\"dateModified\":\"2025-04-07T14:59:11+00:00\",\"breadcrumb\":{\"@id\":\"https:\/\/www.aep.it\/es\/producto\/celulas-de-carga\/t20\/#breadcrumb\"},\"inLanguage\":\"es\",\"potentialAction\":[{\"@type\":\"ReadAction\",\"target\":[\"https:\/\/www.aep.it\/es\/producto\/celulas-de-carga\/t20\/\"]}]},{\"@type\":\"ImageObject\",\"inLanguage\":\"es\",\"@id\":\"https:\/\/www.aep.it\/es\/producto\/celulas-de-carga\/t20\/#primaryimage\",\"url\":\"https:\/\/www.aep.it\/wp-content\/uploads\/2019\/12\/aep-transducers-t20.jpg\",\"contentUrl\":\"https:\/\/www.aep.it\/wp-content\/uploads\/2019\/12\/aep-transducers-t20.jpg\",\"width\":600,\"height\":600},{\"@type\":\"BreadcrumbList\",\"@id\":\"https:\/\/www.aep.it\/es\/producto\/celulas-de-carga\/t20\/#breadcrumb\",\"itemListElement\":[{\"@type\":\"ListItem\",\"position\":1,\"name\":\"Home\",\"item\":\"https:\/\/www.aep.it\/es\/\"},{\"@type\":\"ListItem\",\"position\":2,\"name\":\"Productos\",\"item\":\"https:\/\/www.aep.it\/es\/shop\/\"},{\"@type\":\"ListItem\",\"position\":3,\"name\":\"T20\"}]},{\"@type\":\"WebSite\",\"@id\":\"https:\/\/www.aep.it\/es\/#website\",\"url\":\"https:\/\/www.aep.it\/es\/\",\"name\":\"AEP transducers\",\"description\":\"\",\"publisher\":{\"@id\":\"https:\/\/www.aep.it\/es\/#organization\"},\"potentialAction\":[{\"@type\":\"SearchAction\",\"target\":{\"@type\":\"EntryPoint\",\"urlTemplate\":\"https:\/\/www.aep.it\/es\/?s={search_term_string}\"},\"query-input\":{\"@type\":\"PropertyValueSpecification\",\"valueRequired\":true,\"valueName\":\"search_term_string\"}}],\"inLanguage\":\"es\"},{\"@type\":\"Organization\",\"@id\":\"https:\/\/www.aep.it\/es\/#organization\",\"name\":\"AEP Transducers\",\"url\":\"https:\/\/www.aep.it\/es\/\",\"logo\":{\"@type\":\"ImageObject\",\"inLanguage\":\"es\",\"@id\":\"https:\/\/www.aep.it\/es\/#\/schema\/logo\/image\/\",\"url\":\"https:\/\/www.aep.it\/wp-content\/uploads\/2020\/03\/logo-vettoriale-def.png\",\"contentUrl\":\"https:\/\/www.aep.it\/wp-content\/uploads\/2020\/03\/logo-vettoriale-def.png\",\"width\":2000,\"height\":284,\"caption\":\"AEP Transducers\"},\"image\":{\"@id\":\"https:\/\/www.aep.it\/es\/#\/schema\/logo\/image\/\"},\"sameAs\":[\"https:\/\/www.facebook.com\/AEP-transducers-212611005540305\"]}]}<\/script>\n<!-- \/ Yoast SEO plugin. -->","yoast_head_json":{"title":"T20 | AEP transducers","robots":{"index":"index","follow":"follow","max-snippet":"max-snippet:-1","max-image-preview":"max-image-preview:large","max-video-preview":"max-video-preview:-1"},"canonical":"https:\/\/www.aep.it\/es\/producto\/celulas-de-carga\/t20\/","og_locale":"es_ES","og_type":"article","og_title":"T20 | AEP transducers","og_description":"C\u00e9lula de carga de\u00a0TRACCI\u00d3N\u00a0para la medida de cargas est\u00e1ticas y din\u00e1mcas Carga nominal de 5t a 20t Clase (OIML R60) C2 o C3 Error combinado 0.019% Sensibilidad nominal 2mV\/V Incluso en versi\u00f3n  Incluso en versi\u00f3n","og_url":"https:\/\/www.aep.it\/es\/producto\/celulas-de-carga\/t20\/","og_site_name":"AEP transducers","article_publisher":"https:\/\/www.facebook.com\/AEP-transducers-212611005540305","article_modified_time":"2025-04-07T14:59:11+00:00","og_image":[{"width":600,"height":600,"url":"https:\/\/www.aep.it\/wp-content\/uploads\/2019\/12\/aep-transducers-t20.jpg","type":"image\/jpeg"}],"twitter_card":"summary_large_image","twitter_misc":{"Tiempo de lectura":"1 minuto"},"schema":{"@context":"https:\/\/schema.org","@graph":[{"@type":"WebPage","@id":"https:\/\/www.aep.it\/es\/producto\/celulas-de-carga\/t20\/","url":"https:\/\/www.aep.it\/es\/producto\/celulas-de-carga\/t20\/","name":"T20 | AEP transducers","isPartOf":{"@id":"https:\/\/www.aep.it\/es\/#website"},"primaryImageOfPage":{"@id":"https:\/\/www.aep.it\/es\/producto\/celulas-de-carga\/t20\/#primaryimage"},"image":{"@id":"https:\/\/www.aep.it\/es\/producto\/celulas-de-carga\/t20\/#primaryimage"},"thumbnailUrl":"https:\/\/www.aep.it\/wp-content\/uploads\/2019\/12\/aep-transducers-t20.jpg","datePublished":"2019-12-12T17:12:45+00:00","dateModified":"2025-04-07T14:59:11+00:00","breadcrumb":{"@id":"https:\/\/www.aep.it\/es\/producto\/celulas-de-carga\/t20\/#breadcrumb"},"inLanguage":"es","potentialAction":[{"@type":"ReadAction","target":["https:\/\/www.aep.it\/es\/producto\/celulas-de-carga\/t20\/"]}]},{"@type":"ImageObject","inLanguage":"es","@id":"https:\/\/www.aep.it\/es\/producto\/celulas-de-carga\/t20\/#primaryimage","url":"https:\/\/www.aep.it\/wp-content\/uploads\/2019\/12\/aep-transducers-t20.jpg","contentUrl":"https:\/\/www.aep.it\/wp-content\/uploads\/2019\/12\/aep-transducers-t20.jpg","width":600,"height":600},{"@type":"BreadcrumbList","@id":"https:\/\/www.aep.it\/es\/producto\/celulas-de-carga\/t20\/#breadcrumb","itemListElement":[{"@type":"ListItem","position":1,"name":"Home","item":"https:\/\/www.aep.it\/es\/"},{"@type":"ListItem","position":2,"name":"Productos","item":"https:\/\/www.aep.it\/es\/shop\/"},{"@type":"ListItem","position":3,"name":"T20"}]},{"@type":"WebSite","@id":"https:\/\/www.aep.it\/es\/#website","url":"https:\/\/www.aep.it\/es\/","name":"AEP transducers","description":"","publisher":{"@id":"https:\/\/www.aep.it\/es\/#organization"},"potentialAction":[{"@type":"SearchAction","target":{"@type":"EntryPoint","urlTemplate":"https:\/\/www.aep.it\/es\/?s={search_term_string}"},"query-input":{"@type":"PropertyValueSpecification","valueRequired":true,"valueName":"search_term_string"}}],"inLanguage":"es"},{"@type":"Organization","@id":"https:\/\/www.aep.it\/es\/#organization","name":"AEP Transducers","url":"https:\/\/www.aep.it\/es\/","logo":{"@type":"ImageObject","inLanguage":"es","@id":"https:\/\/www.aep.it\/es\/#\/schema\/logo\/image\/","url":"https:\/\/www.aep.it\/wp-content\/uploads\/2020\/03\/logo-vettoriale-def.png","contentUrl":"https:\/\/www.aep.it\/wp-content\/uploads\/2020\/03\/logo-vettoriale-def.png","width":2000,"height":284,"caption":"AEP Transducers"},"image":{"@id":"https:\/\/www.aep.it\/es\/#\/schema\/logo\/image\/"},"sameAs":["https:\/\/www.facebook.com\/AEP-transducers-212611005540305"]}]}},"_links":{"self":[{"href":"https:\/\/www.aep.it\/es\/wp-json\/wp\/v2\/product\/3767","targetHints":{"allow":["GET"]}}],"collection":[{"href":"https:\/\/www.aep.it\/es\/wp-json\/wp\/v2\/product"}],"about":[{"href":"https:\/\/www.aep.it\/es\/wp-json\/wp\/v2\/types\/product"}],"wp:featuredmedia":[{"embeddable":true,"href":"https:\/\/www.aep.it\/es\/wp-json\/wp\/v2\/media\/2484"}],"wp:attachment":[{"href":"https:\/\/www.aep.it\/es\/wp-json\/wp\/v2\/media?parent=3767"}],"wp:term":[{"taxonomy":"product_brand","embeddable":true,"href":"https:\/\/www.aep.it\/es\/wp-json\/wp\/v2\/product_brand?post=3767"},{"taxonomy":"product_cat","embeddable":true,"href":"https:\/\/www.aep.it\/es\/wp-json\/wp\/v2\/product_cat?post=3767"},{"taxonomy":"product_tag","embeddable":true,"href":"https:\/\/www.aep.it\/es\/wp-json\/wp\/v2\/product_tag?post=3767"}],"curies":[{"name":"wp","href":"https:\/\/api.w.org\/{rel}","templated":true}]}}