{"id":7044,"date":"2020-03-25T10:53:42","date_gmt":"2020-03-25T09:53:42","guid":{"rendered":"http:\/\/www.aep.it\/prodotto\/sin%20categor\u00eda\/mp2f\/"},"modified":"2022-01-11T16:29:14","modified_gmt":"2022-01-11T15:29:14","slug":"mp2f","status":"publish","type":"product","link":"https:\/\/www.aep.it\/es\/producto\/instrumentacion-electronica\/mp2f\/","title":{"rendered":"MP2F"},"content":{"rendered":"<p>[vc_row][vc_column][vc_column_text]<\/p>\n<p>Contenedor DIN 43700 La tecla F1:puede ser programada para efectuar medidas en DESCARGA de peso (utilizada para extraer materiales de un silos) o para memorizar PICOS positivos o negativos(utilizada en automatizaci\u00f3n industrial). 4 SET POINT: con salida a rel\u00e8, umbral de activaci\u00f3n y desactivaci\u00f3n programable. Dos funciones de elecci\u00f3n con o sin consenso externo. FILTRO: permite atenuar las vibraciones del peso sobre todo en aplicaciones din\u00e1micas. RESOLUCI\u00d3N: permite aumentar las medidas de una cantidadpre-determinada (1, 2, 5,\u2026divisiones). BLOQUE TECLADO: permite el bloque de la tecla Cero y de la programaci\u00f3n de los par\u00e1metros mediante una password. REPETIDOR: permite la conexi\u00f3n de un segundo instrumento para la indicaci\u00f3n remota de las medidas. CERO AUTOM\u00c1TICO: anula autom\u00e1ticamente el instrumento cuando la medida es inferior a la umbral programata. SENSIBILIDAD: permite manejar se\u00f1ales anal\u00f3gicas entre 1 y 3 mV o entre 2 y 6 mV. El indicador es dotado de entradas digitales OPTOISOLATI para el control remoto de las funciones de CERO, PICO, HOLD, DESCARGA y IMPRENTA. En opci\u00f3n es posible instalar las salidas serie OPTOISOLATE RS232, RS485, USB que hacen el instrumento adecuato a la conexi\u00f3n con sistemas avanzados como PC, PLC ecc\u2026; la forma de comunicaci\u00f3n puede ser elegida entre los protocolos: AEP (caracteresASCII) o Modbus RTU.Mediante la salida RS232el instrumento puede manejar una impresora a 24 columnas para imprimir un report de medidas(hasta 255) con un membrete programable y la data\/hora. La salida anal\u00f3gica es OPTOISOLATA y programable en tensi\u00f3n o corriente.<\/p>\n<p>[\/vc_column_text][\/vc_column][\/vc_row][vc_row][vc_column width=&#8221;1\/2&#8243;][vc_single_image image=&#8221;7029&#8243; img_size=&#8221;full&#8221; onclick=&#8221;link_image&#8221;][\/vc_column][vc_column width=&#8221;1\/2&#8243;][vc_column_text]<\/p>\n<p>MP2F\u00a0 \u00a0PC<\/p>\n<p>[\/vc_column_text][\/vc_column][\/vc_row][vc_row][vc_column width=&#8221;1\/2&#8243;][vc_single_image image=&#8221;7035&#8243; img_size=&#8221;full&#8221; onclick=&#8221;link_image&#8221;][\/vc_column][vc_column width=&#8221;1\/2&#8243;][vc_column_text]<\/p>\n<p>MP2F\u00a0 SALIDA<\/p>\n<p>[\/vc_column_text][\/vc_column][\/vc_row][vc_row][vc_column width=&#8221;1\/2&#8243;][vc_single_image image=&#8221;7032&#8243; img_size=&#8221;full&#8221; onclick=&#8221;link_image&#8221;][\/vc_column][vc_column width=&#8221;1\/2&#8243;][vc_column_text]<\/p>\n<p>MP2F + I<span lang=\"es\">mpresora<\/span><\/p>\n<p>[\/vc_column_text][\/vc_column][\/vc_row][vc_row][vc_column width=&#8221;1\/2&#8243;][vc_single_image image=&#8221;7020&#8243; img_size=&#8221;full&#8221; onclick=&#8221;link_image&#8221;][\/vc_column][vc_column width=&#8221;1\/2&#8243;][vc_column_text]<\/p>\n<p>MP2F con 1 tanque<\/p>\n<p>[\/vc_column_text][\/vc_column][\/vc_row][vc_row][vc_column width=&#8221;1\/2&#8243;][vc_single_image image=&#8221;7023&#8243; img_size=&#8221;full&#8221; onclick=&#8221;link_image&#8221;][\/vc_column][vc_column width=&#8221;1\/2&#8243;][vc_column_text]<\/p>\n<p>MP2F con prensa de celdas de carga y transd<\/p>\n<p>[\/vc_column_text][\/vc_column][\/vc_row][vc_row][vc_column width=&#8221;1\/2&#8243;][vc_single_image image=&#8221;7026&#8243; img_size=&#8221;full&#8221; onclick=&#8221;link_image&#8221;][\/vc_column][vc_column width=&#8221;1\/2&#8243;][vc_column_text]<\/p>\n<p>MP2F pareja<\/p>\n<p>[\/vc_column_text][\/vc_column][\/vc_row][vc_row][vc_column width=&#8221;1\/2&#8243;][vc_single_image image=&#8221;7038&#8243; img_size=&#8221;full&#8221; onclick=&#8221;link_image&#8221;][\/vc_column][vc_column width=&#8221;1\/2&#8243;][vc_column_text]<\/p>\n<p>MP2P BUS DE CAMPO<\/p>\n<p>[\/vc_column_text][\/vc_column][\/vc_row][vc_row][vc_column width=&#8221;1\/2&#8243;][vc_single_image image=&#8221;7042&#8243; img_size=&#8221;full&#8221; onclick=&#8221;link_image&#8221;][\/vc_column][vc_column width=&#8221;1\/2&#8243;][vc_column_text]<\/p>\n<p>MP2F con prensa y prensa transd<\/p>\n<p>[\/vc_column_text][\/vc_column][\/vc_row]<\/p>\n","protected":false},"excerpt":{"rendered":"<p><img decoding=\"async\" class=\"alignnone size-medium wp-image-8140\" src=\"http:\/\/www.aep.it\/wp-content\/uploads\/2020\/03\/new-03-300x72.png\" alt=\"\" width=\"300\" height=\"72\" srcset=\"https:\/\/www.aep.it\/wp-content\/uploads\/2020\/03\/new-03-300x72.png 300w, https:\/\/www.aep.it\/wp-content\/uploads\/2020\/03\/new-03.png 500w\" sizes=\"(max-width: 300px) 100vw, 300px\" \/><br \/>\nEste indicador digital de panel, proyectado para ser utilizado en modernos sistemas de medida est\u00e1tica y din\u00e1mica en ambientes industriales. Preparado para el tratamiento de\u00a0se\u00f1ales\u00a0anal\u00f3gicas procedente de c\u00e9lulas de carga\u00a0extens\u00f3metras y de transmisores de presi\u00f3n con salida amplificada, permite efectuar medidas con una\u00a0exactitud\u00a0estable en el tiempo de 0.01% de fondo escalera y una\u00a0resoluci\u00f3n de\u00a0\u00b150.000 divisiones a 2mV\/V. Enteramente el instrumento trabaja con\u00a0\u00b1500.000 divisiones. Todas las calibraciones (Cero, Fondo Escalera, Salida Anal\u00f3gica, Sensibilidad, ecc\u2026) son digital (asistencia de trimmer), pueden ser efectuadas y repetidas sin tener que desmontar el instrumento del cuadro y sin abrirlo. para las medidas de FUERZA, PESO,\u00a0PRESI\u00d3N, PAR y DESPLAZAMIENTO.<\/p>\n<p><img decoding=\"async\" class=\"alignnone size-full wp-image-8975\" src=\"https:\/\/www.aep.it\/wp-content\/uploads\/2019\/12\/label-eac-2.jpg\" alt=\"\" width=\"150\" height=\"70\" \/><\/p>\n","protected":false},"featured_media":7017,"template":"","meta":[],"product_brand":[],"product_cat":[90],"product_tag":[],"class_list":{"0":"post-7044","1":"product","2":"type-product","3":"status-publish","4":"has-post-thumbnail","6":"product_cat-instrumentacion-electronica","8":"first","9":"instock","10":"shipping-taxable","11":"product-type-simple","12":"berocket_lgv_grid","13":"berocket_lgv_list_grid"},"yoast_head":"<!-- This site is optimized with the Yoast SEO plugin v27.2 - https:\/\/yoast.com\/product\/yoast-seo-wordpress\/ -->\n<title>MP2F | AEP transducers<\/title>\n<meta name=\"robots\" content=\"index, follow, max-snippet:-1, max-image-preview:large, max-video-preview:-1\" \/>\n<link rel=\"canonical\" href=\"https:\/\/www.aep.it\/es\/producto\/instrumentacion-electronica\/mp2f\/\" \/>\n<meta property=\"og:locale\" content=\"es_ES\" \/>\n<meta property=\"og:type\" content=\"article\" \/>\n<meta property=\"og:title\" content=\"MP2F | AEP transducers\" \/>\n<meta property=\"og:description\" content=\"Este indicador digital de panel, proyectado para ser utilizado en modernos sistemas de medida est\u00e1tica y din\u00e1mica en ambientes industriales. Preparado para el tratamiento de\u00a0se\u00f1ales\u00a0anal\u00f3gicas procedente de c\u00e9lulas de carga\u00a0extens\u00f3metras y de transmisores de presi\u00f3n con salida amplificada, permite efectuar medidas con una\u00a0exactitud\u00a0estable en el tiempo de 0.01% de fondo escalera y una\u00a0resoluci\u00f3n de\u00a0\u00b150.000 divisiones a 2mV\/V. Enteramente el instrumento trabaja con\u00a0\u00b1500.000 divisiones. Todas las calibraciones (Cero, Fondo Escalera, Salida Anal\u00f3gica, Sensibilidad, ecc\u2026) son digital (asistencia de trimmer), pueden ser efectuadas y repetidas sin tener que desmontar el instrumento del cuadro y sin abrirlo. para las medidas de FUERZA, PESO,\u00a0PRESI\u00d3N, PAR y DESPLAZAMIENTO.\" \/>\n<meta property=\"og:url\" content=\"https:\/\/www.aep.it\/es\/producto\/instrumentacion-electronica\/mp2f\/\" \/>\n<meta property=\"og:site_name\" content=\"AEP transducers\" \/>\n<meta property=\"article:publisher\" content=\"https:\/\/www.facebook.com\/AEP-transducers-212611005540305\" \/>\n<meta property=\"article:modified_time\" content=\"2022-01-11T15:29:14+00:00\" \/>\n<meta property=\"og:image\" content=\"https:\/\/www.aep.it\/wp-content\/uploads\/2020\/03\/MP2F.jpg\" \/>\n\t<meta property=\"og:image:width\" content=\"600\" \/>\n\t<meta property=\"og:image:height\" content=\"600\" \/>\n\t<meta property=\"og:image:type\" content=\"image\/jpeg\" \/>\n<meta name=\"twitter:card\" content=\"summary_large_image\" \/>\n<meta name=\"twitter:label1\" content=\"Tiempo de lectura\" \/>\n\t<meta name=\"twitter:data1\" content=\"3 minutos\" \/>\n<script type=\"application\/ld+json\" class=\"yoast-schema-graph\">{\"@context\":\"https:\/\/schema.org\",\"@graph\":[{\"@type\":\"WebPage\",\"@id\":\"https:\/\/www.aep.it\/es\/producto\/instrumentacion-electronica\/mp2f\/\",\"url\":\"https:\/\/www.aep.it\/es\/producto\/instrumentacion-electronica\/mp2f\/\",\"name\":\"MP2F | AEP transducers\",\"isPartOf\":{\"@id\":\"https:\/\/www.aep.it\/es\/#website\"},\"primaryImageOfPage\":{\"@id\":\"https:\/\/www.aep.it\/es\/producto\/instrumentacion-electronica\/mp2f\/#primaryimage\"},\"image\":{\"@id\":\"https:\/\/www.aep.it\/es\/producto\/instrumentacion-electronica\/mp2f\/#primaryimage\"},\"thumbnailUrl\":\"https:\/\/www.aep.it\/wp-content\/uploads\/2020\/03\/MP2F.jpg\",\"datePublished\":\"2020-03-25T09:53:42+00:00\",\"dateModified\":\"2022-01-11T15:29:14+00:00\",\"breadcrumb\":{\"@id\":\"https:\/\/www.aep.it\/es\/producto\/instrumentacion-electronica\/mp2f\/#breadcrumb\"},\"inLanguage\":\"es\",\"potentialAction\":[{\"@type\":\"ReadAction\",\"target\":[\"https:\/\/www.aep.it\/es\/producto\/instrumentacion-electronica\/mp2f\/\"]}]},{\"@type\":\"ImageObject\",\"inLanguage\":\"es\",\"@id\":\"https:\/\/www.aep.it\/es\/producto\/instrumentacion-electronica\/mp2f\/#primaryimage\",\"url\":\"https:\/\/www.aep.it\/wp-content\/uploads\/2020\/03\/MP2F.jpg\",\"contentUrl\":\"https:\/\/www.aep.it\/wp-content\/uploads\/2020\/03\/MP2F.jpg\",\"width\":600,\"height\":600},{\"@type\":\"BreadcrumbList\",\"@id\":\"https:\/\/www.aep.it\/es\/producto\/instrumentacion-electronica\/mp2f\/#breadcrumb\",\"itemListElement\":[{\"@type\":\"ListItem\",\"position\":1,\"name\":\"Home\",\"item\":\"https:\/\/www.aep.it\/es\/\"},{\"@type\":\"ListItem\",\"position\":2,\"name\":\"Productos\",\"item\":\"https:\/\/www.aep.it\/es\/shop\/\"},{\"@type\":\"ListItem\",\"position\":3,\"name\":\"MP2F\"}]},{\"@type\":\"WebSite\",\"@id\":\"https:\/\/www.aep.it\/es\/#website\",\"url\":\"https:\/\/www.aep.it\/es\/\",\"name\":\"AEP transducers\",\"description\":\"\",\"publisher\":{\"@id\":\"https:\/\/www.aep.it\/es\/#organization\"},\"potentialAction\":[{\"@type\":\"SearchAction\",\"target\":{\"@type\":\"EntryPoint\",\"urlTemplate\":\"https:\/\/www.aep.it\/es\/?s={search_term_string}\"},\"query-input\":{\"@type\":\"PropertyValueSpecification\",\"valueRequired\":true,\"valueName\":\"search_term_string\"}}],\"inLanguage\":\"es\"},{\"@type\":\"Organization\",\"@id\":\"https:\/\/www.aep.it\/es\/#organization\",\"name\":\"AEP Transducers\",\"url\":\"https:\/\/www.aep.it\/es\/\",\"logo\":{\"@type\":\"ImageObject\",\"inLanguage\":\"es\",\"@id\":\"https:\/\/www.aep.it\/es\/#\/schema\/logo\/image\/\",\"url\":\"https:\/\/www.aep.it\/wp-content\/uploads\/2020\/03\/logo-vettoriale-def.png\",\"contentUrl\":\"https:\/\/www.aep.it\/wp-content\/uploads\/2020\/03\/logo-vettoriale-def.png\",\"width\":2000,\"height\":284,\"caption\":\"AEP Transducers\"},\"image\":{\"@id\":\"https:\/\/www.aep.it\/es\/#\/schema\/logo\/image\/\"},\"sameAs\":[\"https:\/\/www.facebook.com\/AEP-transducers-212611005540305\"]}]}<\/script>\n<!-- \/ Yoast SEO plugin. -->","yoast_head_json":{"title":"MP2F | AEP transducers","robots":{"index":"index","follow":"follow","max-snippet":"max-snippet:-1","max-image-preview":"max-image-preview:large","max-video-preview":"max-video-preview:-1"},"canonical":"https:\/\/www.aep.it\/es\/producto\/instrumentacion-electronica\/mp2f\/","og_locale":"es_ES","og_type":"article","og_title":"MP2F | AEP transducers","og_description":"Este indicador digital de panel, proyectado para ser utilizado en modernos sistemas de medida est\u00e1tica y din\u00e1mica en ambientes industriales. Preparado para el tratamiento de\u00a0se\u00f1ales\u00a0anal\u00f3gicas procedente de c\u00e9lulas de carga\u00a0extens\u00f3metras y de transmisores de presi\u00f3n con salida amplificada, permite efectuar medidas con una\u00a0exactitud\u00a0estable en el tiempo de 0.01% de fondo escalera y una\u00a0resoluci\u00f3n de\u00a0\u00b150.000 divisiones a 2mV\/V. Enteramente el instrumento trabaja con\u00a0\u00b1500.000 divisiones. Todas las calibraciones (Cero, Fondo Escalera, Salida Anal\u00f3gica, Sensibilidad, ecc\u2026) son digital (asistencia de trimmer), pueden ser efectuadas y repetidas sin tener que desmontar el instrumento del cuadro y sin abrirlo. para las medidas de FUERZA, PESO,\u00a0PRESI\u00d3N, PAR y DESPLAZAMIENTO.","og_url":"https:\/\/www.aep.it\/es\/producto\/instrumentacion-electronica\/mp2f\/","og_site_name":"AEP transducers","article_publisher":"https:\/\/www.facebook.com\/AEP-transducers-212611005540305","article_modified_time":"2022-01-11T15:29:14+00:00","og_image":[{"width":600,"height":600,"url":"https:\/\/www.aep.it\/wp-content\/uploads\/2020\/03\/MP2F.jpg","type":"image\/jpeg"}],"twitter_card":"summary_large_image","twitter_misc":{"Tiempo de lectura":"3 minutos"},"schema":{"@context":"https:\/\/schema.org","@graph":[{"@type":"WebPage","@id":"https:\/\/www.aep.it\/es\/producto\/instrumentacion-electronica\/mp2f\/","url":"https:\/\/www.aep.it\/es\/producto\/instrumentacion-electronica\/mp2f\/","name":"MP2F | AEP transducers","isPartOf":{"@id":"https:\/\/www.aep.it\/es\/#website"},"primaryImageOfPage":{"@id":"https:\/\/www.aep.it\/es\/producto\/instrumentacion-electronica\/mp2f\/#primaryimage"},"image":{"@id":"https:\/\/www.aep.it\/es\/producto\/instrumentacion-electronica\/mp2f\/#primaryimage"},"thumbnailUrl":"https:\/\/www.aep.it\/wp-content\/uploads\/2020\/03\/MP2F.jpg","datePublished":"2020-03-25T09:53:42+00:00","dateModified":"2022-01-11T15:29:14+00:00","breadcrumb":{"@id":"https:\/\/www.aep.it\/es\/producto\/instrumentacion-electronica\/mp2f\/#breadcrumb"},"inLanguage":"es","potentialAction":[{"@type":"ReadAction","target":["https:\/\/www.aep.it\/es\/producto\/instrumentacion-electronica\/mp2f\/"]}]},{"@type":"ImageObject","inLanguage":"es","@id":"https:\/\/www.aep.it\/es\/producto\/instrumentacion-electronica\/mp2f\/#primaryimage","url":"https:\/\/www.aep.it\/wp-content\/uploads\/2020\/03\/MP2F.jpg","contentUrl":"https:\/\/www.aep.it\/wp-content\/uploads\/2020\/03\/MP2F.jpg","width":600,"height":600},{"@type":"BreadcrumbList","@id":"https:\/\/www.aep.it\/es\/producto\/instrumentacion-electronica\/mp2f\/#breadcrumb","itemListElement":[{"@type":"ListItem","position":1,"name":"Home","item":"https:\/\/www.aep.it\/es\/"},{"@type":"ListItem","position":2,"name":"Productos","item":"https:\/\/www.aep.it\/es\/shop\/"},{"@type":"ListItem","position":3,"name":"MP2F"}]},{"@type":"WebSite","@id":"https:\/\/www.aep.it\/es\/#website","url":"https:\/\/www.aep.it\/es\/","name":"AEP transducers","description":"","publisher":{"@id":"https:\/\/www.aep.it\/es\/#organization"},"potentialAction":[{"@type":"SearchAction","target":{"@type":"EntryPoint","urlTemplate":"https:\/\/www.aep.it\/es\/?s={search_term_string}"},"query-input":{"@type":"PropertyValueSpecification","valueRequired":true,"valueName":"search_term_string"}}],"inLanguage":"es"},{"@type":"Organization","@id":"https:\/\/www.aep.it\/es\/#organization","name":"AEP Transducers","url":"https:\/\/www.aep.it\/es\/","logo":{"@type":"ImageObject","inLanguage":"es","@id":"https:\/\/www.aep.it\/es\/#\/schema\/logo\/image\/","url":"https:\/\/www.aep.it\/wp-content\/uploads\/2020\/03\/logo-vettoriale-def.png","contentUrl":"https:\/\/www.aep.it\/wp-content\/uploads\/2020\/03\/logo-vettoriale-def.png","width":2000,"height":284,"caption":"AEP Transducers"},"image":{"@id":"https:\/\/www.aep.it\/es\/#\/schema\/logo\/image\/"},"sameAs":["https:\/\/www.facebook.com\/AEP-transducers-212611005540305"]}]}},"_links":{"self":[{"href":"https:\/\/www.aep.it\/es\/wp-json\/wp\/v2\/product\/7044","targetHints":{"allow":["GET"]}}],"collection":[{"href":"https:\/\/www.aep.it\/es\/wp-json\/wp\/v2\/product"}],"about":[{"href":"https:\/\/www.aep.it\/es\/wp-json\/wp\/v2\/types\/product"}],"wp:featuredmedia":[{"embeddable":true,"href":"https:\/\/www.aep.it\/es\/wp-json\/wp\/v2\/media\/7017"}],"wp:attachment":[{"href":"https:\/\/www.aep.it\/es\/wp-json\/wp\/v2\/media?parent=7044"}],"wp:term":[{"taxonomy":"product_brand","embeddable":true,"href":"https:\/\/www.aep.it\/es\/wp-json\/wp\/v2\/product_brand?post=7044"},{"taxonomy":"product_cat","embeddable":true,"href":"https:\/\/www.aep.it\/es\/wp-json\/wp\/v2\/product_cat?post=7044"},{"taxonomy":"product_tag","embeddable":true,"href":"https:\/\/www.aep.it\/es\/wp-json\/wp\/v2\/product_tag?post=7044"}],"curies":[{"name":"wp","href":"https:\/\/api.w.org\/{rel}","templated":true}]}}