{"id":7313,"date":"2020-03-26T17:49:24","date_gmt":"2020-03-26T16:49:24","guid":{"rendered":"http:\/\/www.aep.it\/?post_type=product&#038;p=7313"},"modified":"2025-11-03T11:07:31","modified_gmt":"2025-11-03T10:07:31","slug":"labdmm2","status":"publish","type":"product","link":"https:\/\/www.aep.it\/es\/producto\/manometros-digitales\/labdmm2\/","title":{"rendered":"LABDMM2"},"content":{"rendered":"<p>[vc_row][vc_column][vc_column_text]<\/p>\n<p>Cubierta de silicona resistente a los golpes<br \/>\nContenedor de metal&#8230;<br \/>\nSensor de acero inoxidable<br \/>\nConexi\u00f3n de proceso 1\/2 &#8220;macho de gas<br \/>\nProtecci\u00f3n IP40<br \/>\nBater\u00edas internas recargables con 50 horas de autonom\u00eda (funcionamiento continuo)<br \/>\nResoluci\u00f3n programable, filtro digital y unidad de medida<br \/>\nFunciones cero y pico (presi\u00f3n positiva y de vac\u00edo)<br \/>\nIndicaci\u00f3n anal\u00f3gica de la presi\u00f3n siempre activa (gr\u00e1fico de barras)<\/p>\n<p><strong>Completa con el certificado de ACREDIA<\/strong><\/p>\n<p>Fuente de alimentaci\u00f3n externa (opci\u00f3n)<br \/>\nSalida serial RS232C (opci\u00f3n)<br \/>\nContenedor incorporado (opci\u00f3n)<\/p>\n<p>[\/vc_column_text][vc_separator][vc_column_text]<\/p>\n<p><strong>ACCESSORIOS<\/strong><\/p>\n<p>[\/vc_column_text][vc_row_inner content_placement=&#8221;middle&#8221;][vc_column_inner][vc_column_text]<\/p>\n<p>Fuente de alimentaci\u00f3n externa<br \/>\nCable RS232C<br \/>\nAdaptador RS232C-USB<br \/>\nCASO DE TRANSPORTE<\/p>\n<p>[\/vc_column_text][vc_separator][\/vc_column_inner][\/vc_row_inner][vc_row_inner content_placement=&#8221;middle&#8221;][vc_column_inner][vc_column_text]<\/p>\n<p>Software<\/p>\n<p><strong>Quick analyzer<\/strong><br \/>\n<strong>Quick analyzer Light<br \/>\nPresKAL<\/strong><br \/>\nSoftware de aplicaci\u00f3n que interact\u00faa directamente con el medidor y apoya al operador en las diversas funciones de prueba, an\u00e1lisis, monitoreo a trav\u00e9s del tiempo, almacenamiento de datos, administraci\u00f3n de DATA LOGGER, transferencia de mediciones a Microsoft Excel, etc. &#8230;<\/p>\n<p>[\/vc_column_text][vc_separator][\/vc_column_inner][\/vc_row_inner][vc_row_inner content_placement=&#8221;middle&#8221;][vc_column_inner][vc_column_text]<\/p>\n<p>Software<br \/>\n<strong>PresKAL<\/strong><br \/>\nSoftware de aplicaci\u00f3n para realizar la calibraci\u00f3n de los transductores de presi\u00f3n, vac\u00edo y man\u00f3metros por medio de medidores de muestra digitales.<br \/>\nEl procedimiento de calibraci\u00f3n se lleva a cabo de acuerdo con la norma EA 10-17.<br \/>\nLa evaluaci\u00f3n de la incertidumbre de calibraci\u00f3n se realiza de acuerdo con los requisitos de la UNI CEI ENV 13005.<\/p>\n<p>[\/vc_column_text][vc_separator][\/vc_column_inner][\/vc_row_inner][vc_row_inner content_placement=&#8221;middle&#8221;][vc_column_inner][vc_column_text]<\/p>\n<p><strong>GPM<\/strong><br \/>\nGeneradores de presi\u00f3n manuales utilizados para comparar las mediciones entre el medidor de muestra y el instrumento que se est\u00e1 calibrando.<br \/>\nIdeal para realizar calibraciones y confirmaciones metrol\u00f3gicas de medidores de presi\u00f3n como man\u00f3metros, transductores y transmisores de presi\u00f3n y presostatos.<\/p>\n<p>[\/vc_column_text][\/vc_column_inner][\/vc_row_inner][\/vc_column][\/vc_row]<\/p>\n","protected":false},"excerpt":{"rendered":"<p>Presiones RELATIVAS de 100 mbar a <strong>3000 bar<br \/>\n<\/strong>Presiones ABSOLUTAS de 1 bar a 10 bar<br \/>\nMedida VAC\u00cdA relativa -1 bar<\/p>\n<p>Linealidad e Hist\u00e9resis 0.05%<\/p>\n<p><strong>ELEVADA PRECISION <\/strong><\/p>\n<p>Alta resistencia mec\u00e1nica<br \/>\nAdecuado para aplicaciones est\u00e1ticas y din\u00e1micas<\/p>\n<p>CUBIERTA DE SILICONA A prueba de golpes<\/p>\n<p><img decoding=\"async\" src=\"https:\/\/www.aep.it\/wp-content\/uploads\/2025\/10\/ACCREDIA-inclusa.jpg\" \/><\/p>\n<p><img decoding=\"async\" class=\"alignnone size-full wp-image-8975\" src=\"https:\/\/www.aep.it\/wp-content\/uploads\/2019\/12\/label-eac-2.jpg\" alt=\"\" width=\"150\" height=\"70\" \/><\/p>\n","protected":false},"featured_media":7329,"template":"","meta":[],"product_brand":[],"product_cat":[88],"product_tag":[],"class_list":{"0":"post-7313","1":"product","2":"type-product","3":"status-publish","4":"has-post-thumbnail","6":"product_cat-manometros-digitales","8":"first","9":"instock","10":"shipping-taxable","11":"product-type-simple","12":"berocket_lgv_grid","13":"berocket_lgv_list_grid"},"yoast_head":"<!-- This site is optimized with the Yoast SEO plugin v27.2 - https:\/\/yoast.com\/product\/yoast-seo-wordpress\/ -->\n<title>LABDMM2 | AEP transducers<\/title>\n<meta name=\"robots\" content=\"index, follow, max-snippet:-1, max-image-preview:large, max-video-preview:-1\" \/>\n<link rel=\"canonical\" href=\"https:\/\/www.aep.it\/es\/producto\/manometros-digitales\/labdmm2\/\" \/>\n<meta property=\"og:locale\" content=\"es_ES\" \/>\n<meta property=\"og:type\" content=\"article\" \/>\n<meta property=\"og:title\" content=\"LABDMM2 | AEP transducers\" \/>\n<meta property=\"og:description\" content=\"Presiones RELATIVAS de 100 mbar a 3000 bar Presiones ABSOLUTAS de 1 bar a 10 bar Medida VAC\u00cdA relativa -1 bar  Linealidad e Hist\u00e9resis 0.05%  ELEVADA PRECISION   Alta resistencia mec\u00e1nica Adecuado para aplicaciones est\u00e1ticas y din\u00e1micas  CUBIERTA DE SILICONA A prueba de golpes\" \/>\n<meta property=\"og:url\" content=\"https:\/\/www.aep.it\/es\/producto\/manometros-digitales\/labdmm2\/\" \/>\n<meta property=\"og:site_name\" content=\"AEP transducers\" \/>\n<meta property=\"article:publisher\" content=\"https:\/\/www.facebook.com\/AEP-transducers-212611005540305\" \/>\n<meta property=\"article:modified_time\" content=\"2025-11-03T10:07:31+00:00\" \/>\n<meta property=\"og:image\" content=\"https:\/\/www.aep.it\/wp-content\/uploads\/2020\/03\/LABDMM2.jpg\" \/>\n\t<meta property=\"og:image:width\" content=\"600\" \/>\n\t<meta property=\"og:image:height\" content=\"600\" \/>\n\t<meta property=\"og:image:type\" content=\"image\/jpeg\" \/>\n<meta name=\"twitter:card\" content=\"summary_large_image\" \/>\n<meta name=\"twitter:label1\" content=\"Tiempo de lectura\" \/>\n\t<meta name=\"twitter:data1\" content=\"2 minutos\" \/>\n<script type=\"application\/ld+json\" class=\"yoast-schema-graph\">{\"@context\":\"https:\/\/schema.org\",\"@graph\":[{\"@type\":\"WebPage\",\"@id\":\"https:\/\/www.aep.it\/es\/producto\/manometros-digitales\/labdmm2\/\",\"url\":\"https:\/\/www.aep.it\/es\/producto\/manometros-digitales\/labdmm2\/\",\"name\":\"LABDMM2 | AEP transducers\",\"isPartOf\":{\"@id\":\"https:\/\/www.aep.it\/es\/#website\"},\"primaryImageOfPage\":{\"@id\":\"https:\/\/www.aep.it\/es\/producto\/manometros-digitales\/labdmm2\/#primaryimage\"},\"image\":{\"@id\":\"https:\/\/www.aep.it\/es\/producto\/manometros-digitales\/labdmm2\/#primaryimage\"},\"thumbnailUrl\":\"https:\/\/www.aep.it\/wp-content\/uploads\/2020\/03\/LABDMM2.jpg\",\"datePublished\":\"2020-03-26T16:49:24+00:00\",\"dateModified\":\"2025-11-03T10:07:31+00:00\",\"breadcrumb\":{\"@id\":\"https:\/\/www.aep.it\/es\/producto\/manometros-digitales\/labdmm2\/#breadcrumb\"},\"inLanguage\":\"es\",\"potentialAction\":[{\"@type\":\"ReadAction\",\"target\":[\"https:\/\/www.aep.it\/es\/producto\/manometros-digitales\/labdmm2\/\"]}]},{\"@type\":\"ImageObject\",\"inLanguage\":\"es\",\"@id\":\"https:\/\/www.aep.it\/es\/producto\/manometros-digitales\/labdmm2\/#primaryimage\",\"url\":\"https:\/\/www.aep.it\/wp-content\/uploads\/2020\/03\/LABDMM2.jpg\",\"contentUrl\":\"https:\/\/www.aep.it\/wp-content\/uploads\/2020\/03\/LABDMM2.jpg\",\"width\":600,\"height\":600},{\"@type\":\"BreadcrumbList\",\"@id\":\"https:\/\/www.aep.it\/es\/producto\/manometros-digitales\/labdmm2\/#breadcrumb\",\"itemListElement\":[{\"@type\":\"ListItem\",\"position\":1,\"name\":\"Home\",\"item\":\"https:\/\/www.aep.it\/es\/\"},{\"@type\":\"ListItem\",\"position\":2,\"name\":\"Productos\",\"item\":\"https:\/\/www.aep.it\/es\/shop\/\"},{\"@type\":\"ListItem\",\"position\":3,\"name\":\"LABDMM2\"}]},{\"@type\":\"WebSite\",\"@id\":\"https:\/\/www.aep.it\/es\/#website\",\"url\":\"https:\/\/www.aep.it\/es\/\",\"name\":\"AEP transducers\",\"description\":\"\",\"publisher\":{\"@id\":\"https:\/\/www.aep.it\/es\/#organization\"},\"potentialAction\":[{\"@type\":\"SearchAction\",\"target\":{\"@type\":\"EntryPoint\",\"urlTemplate\":\"https:\/\/www.aep.it\/es\/?s={search_term_string}\"},\"query-input\":{\"@type\":\"PropertyValueSpecification\",\"valueRequired\":true,\"valueName\":\"search_term_string\"}}],\"inLanguage\":\"es\"},{\"@type\":\"Organization\",\"@id\":\"https:\/\/www.aep.it\/es\/#organization\",\"name\":\"AEP Transducers\",\"url\":\"https:\/\/www.aep.it\/es\/\",\"logo\":{\"@type\":\"ImageObject\",\"inLanguage\":\"es\",\"@id\":\"https:\/\/www.aep.it\/es\/#\/schema\/logo\/image\/\",\"url\":\"https:\/\/www.aep.it\/wp-content\/uploads\/2020\/03\/logo-vettoriale-def.png\",\"contentUrl\":\"https:\/\/www.aep.it\/wp-content\/uploads\/2020\/03\/logo-vettoriale-def.png\",\"width\":2000,\"height\":284,\"caption\":\"AEP Transducers\"},\"image\":{\"@id\":\"https:\/\/www.aep.it\/es\/#\/schema\/logo\/image\/\"},\"sameAs\":[\"https:\/\/www.facebook.com\/AEP-transducers-212611005540305\"]}]}<\/script>\n<!-- \/ Yoast SEO plugin. -->","yoast_head_json":{"title":"LABDMM2 | AEP transducers","robots":{"index":"index","follow":"follow","max-snippet":"max-snippet:-1","max-image-preview":"max-image-preview:large","max-video-preview":"max-video-preview:-1"},"canonical":"https:\/\/www.aep.it\/es\/producto\/manometros-digitales\/labdmm2\/","og_locale":"es_ES","og_type":"article","og_title":"LABDMM2 | AEP transducers","og_description":"Presiones RELATIVAS de 100 mbar a 3000 bar Presiones ABSOLUTAS de 1 bar a 10 bar Medida VAC\u00cdA relativa -1 bar  Linealidad e Hist\u00e9resis 0.05%  ELEVADA PRECISION   Alta resistencia mec\u00e1nica Adecuado para aplicaciones est\u00e1ticas y din\u00e1micas  CUBIERTA DE SILICONA A prueba de golpes","og_url":"https:\/\/www.aep.it\/es\/producto\/manometros-digitales\/labdmm2\/","og_site_name":"AEP transducers","article_publisher":"https:\/\/www.facebook.com\/AEP-transducers-212611005540305","article_modified_time":"2025-11-03T10:07:31+00:00","og_image":[{"width":600,"height":600,"url":"https:\/\/www.aep.it\/wp-content\/uploads\/2020\/03\/LABDMM2.jpg","type":"image\/jpeg"}],"twitter_card":"summary_large_image","twitter_misc":{"Tiempo de lectura":"2 minutos"},"schema":{"@context":"https:\/\/schema.org","@graph":[{"@type":"WebPage","@id":"https:\/\/www.aep.it\/es\/producto\/manometros-digitales\/labdmm2\/","url":"https:\/\/www.aep.it\/es\/producto\/manometros-digitales\/labdmm2\/","name":"LABDMM2 | AEP transducers","isPartOf":{"@id":"https:\/\/www.aep.it\/es\/#website"},"primaryImageOfPage":{"@id":"https:\/\/www.aep.it\/es\/producto\/manometros-digitales\/labdmm2\/#primaryimage"},"image":{"@id":"https:\/\/www.aep.it\/es\/producto\/manometros-digitales\/labdmm2\/#primaryimage"},"thumbnailUrl":"https:\/\/www.aep.it\/wp-content\/uploads\/2020\/03\/LABDMM2.jpg","datePublished":"2020-03-26T16:49:24+00:00","dateModified":"2025-11-03T10:07:31+00:00","breadcrumb":{"@id":"https:\/\/www.aep.it\/es\/producto\/manometros-digitales\/labdmm2\/#breadcrumb"},"inLanguage":"es","potentialAction":[{"@type":"ReadAction","target":["https:\/\/www.aep.it\/es\/producto\/manometros-digitales\/labdmm2\/"]}]},{"@type":"ImageObject","inLanguage":"es","@id":"https:\/\/www.aep.it\/es\/producto\/manometros-digitales\/labdmm2\/#primaryimage","url":"https:\/\/www.aep.it\/wp-content\/uploads\/2020\/03\/LABDMM2.jpg","contentUrl":"https:\/\/www.aep.it\/wp-content\/uploads\/2020\/03\/LABDMM2.jpg","width":600,"height":600},{"@type":"BreadcrumbList","@id":"https:\/\/www.aep.it\/es\/producto\/manometros-digitales\/labdmm2\/#breadcrumb","itemListElement":[{"@type":"ListItem","position":1,"name":"Home","item":"https:\/\/www.aep.it\/es\/"},{"@type":"ListItem","position":2,"name":"Productos","item":"https:\/\/www.aep.it\/es\/shop\/"},{"@type":"ListItem","position":3,"name":"LABDMM2"}]},{"@type":"WebSite","@id":"https:\/\/www.aep.it\/es\/#website","url":"https:\/\/www.aep.it\/es\/","name":"AEP transducers","description":"","publisher":{"@id":"https:\/\/www.aep.it\/es\/#organization"},"potentialAction":[{"@type":"SearchAction","target":{"@type":"EntryPoint","urlTemplate":"https:\/\/www.aep.it\/es\/?s={search_term_string}"},"query-input":{"@type":"PropertyValueSpecification","valueRequired":true,"valueName":"search_term_string"}}],"inLanguage":"es"},{"@type":"Organization","@id":"https:\/\/www.aep.it\/es\/#organization","name":"AEP Transducers","url":"https:\/\/www.aep.it\/es\/","logo":{"@type":"ImageObject","inLanguage":"es","@id":"https:\/\/www.aep.it\/es\/#\/schema\/logo\/image\/","url":"https:\/\/www.aep.it\/wp-content\/uploads\/2020\/03\/logo-vettoriale-def.png","contentUrl":"https:\/\/www.aep.it\/wp-content\/uploads\/2020\/03\/logo-vettoriale-def.png","width":2000,"height":284,"caption":"AEP Transducers"},"image":{"@id":"https:\/\/www.aep.it\/es\/#\/schema\/logo\/image\/"},"sameAs":["https:\/\/www.facebook.com\/AEP-transducers-212611005540305"]}]}},"_links":{"self":[{"href":"https:\/\/www.aep.it\/es\/wp-json\/wp\/v2\/product\/7313","targetHints":{"allow":["GET"]}}],"collection":[{"href":"https:\/\/www.aep.it\/es\/wp-json\/wp\/v2\/product"}],"about":[{"href":"https:\/\/www.aep.it\/es\/wp-json\/wp\/v2\/types\/product"}],"wp:featuredmedia":[{"embeddable":true,"href":"https:\/\/www.aep.it\/es\/wp-json\/wp\/v2\/media\/7329"}],"wp:attachment":[{"href":"https:\/\/www.aep.it\/es\/wp-json\/wp\/v2\/media?parent=7313"}],"wp:term":[{"taxonomy":"product_brand","embeddable":true,"href":"https:\/\/www.aep.it\/es\/wp-json\/wp\/v2\/product_brand?post=7313"},{"taxonomy":"product_cat","embeddable":true,"href":"https:\/\/www.aep.it\/es\/wp-json\/wp\/v2\/product_cat?post=7313"},{"taxonomy":"product_tag","embeddable":true,"href":"https:\/\/www.aep.it\/es\/wp-json\/wp\/v2\/product_tag?post=7313"}],"curies":[{"name":"wp","href":"https:\/\/api.w.org\/{rel}","templated":true}]}}