{"id":8003,"date":"2020-03-31T17:00:18","date_gmt":"2020-03-31T15:00:18","guid":{"rendered":"http:\/\/www.aep.it\/?post_type=product&#038;p=8003"},"modified":"2025-10-31T11:35:05","modified_gmt":"2025-10-31T10:35:05","slug":"dna-2","status":"publish","type":"product","link":"https:\/\/www.aep.it\/es\/producto\/dinamometros\/dna-2\/","title":{"rendered":"DNA2"},"content":{"rendered":"<p>[vc_row][vc_column][vc_column_text]Autonom\u00eda 50 horas.<br \/>\nBater\u00eda recargable.<br \/>\nFunciones de: CERO, PICO, FILTRO.<br \/>\nUnidades programables: kg, t, N, daN, kN.<br \/>\nApagado autom\u00e1tico.<br \/>\nSensor: acero inoxidable.<br \/>\nContenedor met\u00e1lico.[\/vc_column_text][vc_separator][vc_column_text]<strong>ACCESSORIOS<\/strong>[\/vc_column_text][vc_row_inner content_placement=&#8221;middle&#8221;][vc_column_inner width=&#8221;1\/2&#8243;][vc_single_image image=&#8221;1997&#8243; img_size=&#8221;full&#8221; onclick=&#8221;link_image&#8221;][\/vc_column_inner][vc_column_inner width=&#8221;1\/2&#8243;][vc_column_text]<strong>Reporte de Calibraci\u00f3n en COMPRESI\u00d3N<\/strong><\/p>\n<p>Reporte de calibraci\u00f3n en TRACCI\u00d3N(a petici\u00f3n)[\/vc_column_text][\/vc_column_inner][\/vc_row_inner][vc_row_inner content_placement=&#8221;middle&#8221;][vc_column_inner width=&#8221;1\/2&#8243;][vc_single_image image=&#8221;2829&#8243; img_size=&#8221;full&#8221; onclick=&#8221;link_image&#8221;][\/vc_column_inner][vc_column_inner width=&#8221;1\/2&#8243;][vc_column_text]<strong>Certificado de ACCREDIA<\/strong>[\/vc_column_text][\/vc_column_inner][\/vc_row_inner][vc_row_inner content_placement=&#8221;middle&#8221;][vc_column_inner width=&#8221;1\/2&#8243;][vc_single_image image=&#8221;3347&#8243; img_size=&#8221;full&#8221; onclick=&#8221;link_image&#8221;][\/vc_column_inner][vc_column_inner width=&#8221;1\/2&#8243;][vc_column_text]<strong>DNA2 con accesorios adaptadores para grilletes<\/strong>[\/vc_column_text][\/vc_column_inner][\/vc_row_inner][vc_row_inner content_placement=&#8221;middle&#8221;][vc_column_inner width=&#8221;1\/2&#8243;][vc_single_image image=&#8221;3350&#8243; img_size=&#8221;full&#8221; onclick=&#8221;link_image&#8221;][\/vc_column_inner][vc_column_inner width=&#8221;1\/2&#8243;][vc_column_text]<strong>DNA2 con accesorios para la fijaci\u00f3n de la cuerda<\/strong>[\/vc_column_text][\/vc_column_inner][\/vc_row_inner][\/vc_column][\/vc_row]<\/p>\n","protected":false},"excerpt":{"rendered":"<p><img decoding=\"async\" class=\"alignnone size-medium wp-image-8140\" src=\"https:\/\/www.aep.it\/wp-content\/uploads\/2020\/03\/new-03-300x72.png\" alt=\"\" width=\"300\" height=\"72\" srcset=\"https:\/\/www.aep.it\/wp-content\/uploads\/2020\/03\/new-03-300x72.png 300w, https:\/\/www.aep.it\/wp-content\/uploads\/2020\/03\/new-03.png 500w\" sizes=\"(max-width: 300px) 100vw, 300px\" \/><\/p>\n<p>Dinam\u00f3metro compacto para mediciones de COMPRESI\u00d3N y TRACCI\u00d3N. Cargas nominales de 100kg a 5t.<br \/>\nPrecisi\u00f3n: 0,05%. Clase (ISO 376) 1<\/p>\n<p><strong>Aplicaciones:<br \/>\n<\/strong>Verificaci\u00f3n de l\u00edneas de vida de detenci\u00f3n de ca\u00eddas.<br \/>\nVerificaci\u00f3n de las cuerdas de seguridad.<br \/>\nVerificaci\u00f3n de las cadenas.<br \/>\nPruebas de extracci\u00f3n de clavijas de hormig\u00f3n.<br \/>\nVerificaci\u00f3n de la fuerza de empuje y el remolque del carro.<br \/>\nVerificaci\u00f3n de la fuerza generada por las prensas o pinzas.<br \/>\nVerificaci\u00f3n de la fuerza de cierre de puertas y portones.<\/p>\n<p><img decoding=\"async\" class=\"alignnone size-full wp-image-8975\" src=\"https:\/\/www.aep.it\/wp-content\/uploads\/2019\/12\/label-eac-2.jpg\" alt=\"\" width=\"150\" height=\"70\" \/><\/p>\n","protected":false},"featured_media":8006,"template":"","meta":[],"product_brand":[],"product_cat":[86,94],"product_tag":[],"class_list":{"0":"post-8003","1":"product","2":"type-product","3":"status-publish","4":"has-post-thumbnail","6":"product_cat-dinamometros","7":"product_cat-transductores-de-fuerza","9":"first","10":"instock","11":"shipping-taxable","12":"product-type-simple","13":"berocket_lgv_grid","14":"berocket_lgv_list_grid"},"yoast_head":"<!-- This site is optimized with the Yoast SEO plugin v27.2 - https:\/\/yoast.com\/product\/yoast-seo-wordpress\/ -->\n<title>DNA2 | AEP transducers<\/title>\n<meta name=\"robots\" content=\"index, follow, max-snippet:-1, max-image-preview:large, max-video-preview:-1\" \/>\n<link rel=\"canonical\" href=\"https:\/\/www.aep.it\/es\/producto\/dinamometros\/dna-2\/\" \/>\n<meta property=\"og:locale\" content=\"es_ES\" \/>\n<meta property=\"og:type\" content=\"article\" \/>\n<meta property=\"og:title\" content=\"DNA2 | AEP transducers\" \/>\n<meta property=\"og:description\" content=\"Dinam\u00f3metro compacto para mediciones de COMPRESI\u00d3N y TRACCI\u00d3N. Cargas nominales de 100kg a 5t. Precisi\u00f3n: 0,05%. Clase (ISO 376) 1  Aplicaciones: Verificaci\u00f3n de l\u00edneas de vida de detenci\u00f3n de ca\u00eddas. Verificaci\u00f3n de las cuerdas de seguridad. Verificaci\u00f3n de las cadenas. Pruebas de extracci\u00f3n de clavijas de hormig\u00f3n. Verificaci\u00f3n de la fuerza de empuje y el remolque del carro. Verificaci\u00f3n de la fuerza generada por las prensas o pinzas. Verificaci\u00f3n de la fuerza de cierre de puertas y portones.\" \/>\n<meta property=\"og:url\" content=\"https:\/\/www.aep.it\/es\/producto\/dinamometros\/dna-2\/\" \/>\n<meta property=\"og:site_name\" content=\"AEP transducers\" \/>\n<meta property=\"article:publisher\" content=\"https:\/\/www.facebook.com\/AEP-transducers-212611005540305\" \/>\n<meta property=\"article:modified_time\" content=\"2025-10-31T10:35:05+00:00\" \/>\n<meta property=\"og:image\" content=\"https:\/\/www.aep.it\/wp-content\/uploads\/2020\/03\/DNA2mod.jpg\" \/>\n\t<meta property=\"og:image:width\" content=\"600\" \/>\n\t<meta property=\"og:image:height\" content=\"600\" \/>\n\t<meta property=\"og:image:type\" content=\"image\/jpeg\" \/>\n<meta name=\"twitter:card\" content=\"summary_large_image\" \/>\n<meta name=\"twitter:label1\" content=\"Tiempo de lectura\" \/>\n\t<meta name=\"twitter:data1\" content=\"1 minuto\" \/>\n<script type=\"application\/ld+json\" class=\"yoast-schema-graph\">{\"@context\":\"https:\/\/schema.org\",\"@graph\":[{\"@type\":\"WebPage\",\"@id\":\"https:\/\/www.aep.it\/es\/producto\/dinamometros\/dna-2\/\",\"url\":\"https:\/\/www.aep.it\/es\/producto\/dinamometros\/dna-2\/\",\"name\":\"DNA2 | AEP transducers\",\"isPartOf\":{\"@id\":\"https:\/\/www.aep.it\/es\/#website\"},\"primaryImageOfPage\":{\"@id\":\"https:\/\/www.aep.it\/es\/producto\/dinamometros\/dna-2\/#primaryimage\"},\"image\":{\"@id\":\"https:\/\/www.aep.it\/es\/producto\/dinamometros\/dna-2\/#primaryimage\"},\"thumbnailUrl\":\"https:\/\/www.aep.it\/wp-content\/uploads\/2020\/03\/DNA2mod.jpg\",\"datePublished\":\"2020-03-31T15:00:18+00:00\",\"dateModified\":\"2025-10-31T10:35:05+00:00\",\"breadcrumb\":{\"@id\":\"https:\/\/www.aep.it\/es\/producto\/dinamometros\/dna-2\/#breadcrumb\"},\"inLanguage\":\"es\",\"potentialAction\":[{\"@type\":\"ReadAction\",\"target\":[\"https:\/\/www.aep.it\/es\/producto\/dinamometros\/dna-2\/\"]}]},{\"@type\":\"ImageObject\",\"inLanguage\":\"es\",\"@id\":\"https:\/\/www.aep.it\/es\/producto\/dinamometros\/dna-2\/#primaryimage\",\"url\":\"https:\/\/www.aep.it\/wp-content\/uploads\/2020\/03\/DNA2mod.jpg\",\"contentUrl\":\"https:\/\/www.aep.it\/wp-content\/uploads\/2020\/03\/DNA2mod.jpg\",\"width\":600,\"height\":600},{\"@type\":\"BreadcrumbList\",\"@id\":\"https:\/\/www.aep.it\/es\/producto\/dinamometros\/dna-2\/#breadcrumb\",\"itemListElement\":[{\"@type\":\"ListItem\",\"position\":1,\"name\":\"Home\",\"item\":\"https:\/\/www.aep.it\/es\/\"},{\"@type\":\"ListItem\",\"position\":2,\"name\":\"Productos\",\"item\":\"https:\/\/www.aep.it\/es\/shop\/\"},{\"@type\":\"ListItem\",\"position\":3,\"name\":\"DNA2\"}]},{\"@type\":\"WebSite\",\"@id\":\"https:\/\/www.aep.it\/es\/#website\",\"url\":\"https:\/\/www.aep.it\/es\/\",\"name\":\"AEP transducers\",\"description\":\"\",\"publisher\":{\"@id\":\"https:\/\/www.aep.it\/es\/#organization\"},\"potentialAction\":[{\"@type\":\"SearchAction\",\"target\":{\"@type\":\"EntryPoint\",\"urlTemplate\":\"https:\/\/www.aep.it\/es\/?s={search_term_string}\"},\"query-input\":{\"@type\":\"PropertyValueSpecification\",\"valueRequired\":true,\"valueName\":\"search_term_string\"}}],\"inLanguage\":\"es\"},{\"@type\":\"Organization\",\"@id\":\"https:\/\/www.aep.it\/es\/#organization\",\"name\":\"AEP Transducers\",\"url\":\"https:\/\/www.aep.it\/es\/\",\"logo\":{\"@type\":\"ImageObject\",\"inLanguage\":\"es\",\"@id\":\"https:\/\/www.aep.it\/es\/#\/schema\/logo\/image\/\",\"url\":\"https:\/\/www.aep.it\/wp-content\/uploads\/2020\/03\/logo-vettoriale-def.png\",\"contentUrl\":\"https:\/\/www.aep.it\/wp-content\/uploads\/2020\/03\/logo-vettoriale-def.png\",\"width\":2000,\"height\":284,\"caption\":\"AEP Transducers\"},\"image\":{\"@id\":\"https:\/\/www.aep.it\/es\/#\/schema\/logo\/image\/\"},\"sameAs\":[\"https:\/\/www.facebook.com\/AEP-transducers-212611005540305\"]}]}<\/script>\n<!-- \/ Yoast SEO plugin. -->","yoast_head_json":{"title":"DNA2 | AEP transducers","robots":{"index":"index","follow":"follow","max-snippet":"max-snippet:-1","max-image-preview":"max-image-preview:large","max-video-preview":"max-video-preview:-1"},"canonical":"https:\/\/www.aep.it\/es\/producto\/dinamometros\/dna-2\/","og_locale":"es_ES","og_type":"article","og_title":"DNA2 | AEP transducers","og_description":"Dinam\u00f3metro compacto para mediciones de COMPRESI\u00d3N y TRACCI\u00d3N. Cargas nominales de 100kg a 5t. Precisi\u00f3n: 0,05%. Clase (ISO 376) 1  Aplicaciones: Verificaci\u00f3n de l\u00edneas de vida de detenci\u00f3n de ca\u00eddas. Verificaci\u00f3n de las cuerdas de seguridad. Verificaci\u00f3n de las cadenas. Pruebas de extracci\u00f3n de clavijas de hormig\u00f3n. Verificaci\u00f3n de la fuerza de empuje y el remolque del carro. Verificaci\u00f3n de la fuerza generada por las prensas o pinzas. Verificaci\u00f3n de la fuerza de cierre de puertas y portones.","og_url":"https:\/\/www.aep.it\/es\/producto\/dinamometros\/dna-2\/","og_site_name":"AEP transducers","article_publisher":"https:\/\/www.facebook.com\/AEP-transducers-212611005540305","article_modified_time":"2025-10-31T10:35:05+00:00","og_image":[{"width":600,"height":600,"url":"https:\/\/www.aep.it\/wp-content\/uploads\/2020\/03\/DNA2mod.jpg","type":"image\/jpeg"}],"twitter_card":"summary_large_image","twitter_misc":{"Tiempo de lectura":"1 minuto"},"schema":{"@context":"https:\/\/schema.org","@graph":[{"@type":"WebPage","@id":"https:\/\/www.aep.it\/es\/producto\/dinamometros\/dna-2\/","url":"https:\/\/www.aep.it\/es\/producto\/dinamometros\/dna-2\/","name":"DNA2 | AEP transducers","isPartOf":{"@id":"https:\/\/www.aep.it\/es\/#website"},"primaryImageOfPage":{"@id":"https:\/\/www.aep.it\/es\/producto\/dinamometros\/dna-2\/#primaryimage"},"image":{"@id":"https:\/\/www.aep.it\/es\/producto\/dinamometros\/dna-2\/#primaryimage"},"thumbnailUrl":"https:\/\/www.aep.it\/wp-content\/uploads\/2020\/03\/DNA2mod.jpg","datePublished":"2020-03-31T15:00:18+00:00","dateModified":"2025-10-31T10:35:05+00:00","breadcrumb":{"@id":"https:\/\/www.aep.it\/es\/producto\/dinamometros\/dna-2\/#breadcrumb"},"inLanguage":"es","potentialAction":[{"@type":"ReadAction","target":["https:\/\/www.aep.it\/es\/producto\/dinamometros\/dna-2\/"]}]},{"@type":"ImageObject","inLanguage":"es","@id":"https:\/\/www.aep.it\/es\/producto\/dinamometros\/dna-2\/#primaryimage","url":"https:\/\/www.aep.it\/wp-content\/uploads\/2020\/03\/DNA2mod.jpg","contentUrl":"https:\/\/www.aep.it\/wp-content\/uploads\/2020\/03\/DNA2mod.jpg","width":600,"height":600},{"@type":"BreadcrumbList","@id":"https:\/\/www.aep.it\/es\/producto\/dinamometros\/dna-2\/#breadcrumb","itemListElement":[{"@type":"ListItem","position":1,"name":"Home","item":"https:\/\/www.aep.it\/es\/"},{"@type":"ListItem","position":2,"name":"Productos","item":"https:\/\/www.aep.it\/es\/shop\/"},{"@type":"ListItem","position":3,"name":"DNA2"}]},{"@type":"WebSite","@id":"https:\/\/www.aep.it\/es\/#website","url":"https:\/\/www.aep.it\/es\/","name":"AEP transducers","description":"","publisher":{"@id":"https:\/\/www.aep.it\/es\/#organization"},"potentialAction":[{"@type":"SearchAction","target":{"@type":"EntryPoint","urlTemplate":"https:\/\/www.aep.it\/es\/?s={search_term_string}"},"query-input":{"@type":"PropertyValueSpecification","valueRequired":true,"valueName":"search_term_string"}}],"inLanguage":"es"},{"@type":"Organization","@id":"https:\/\/www.aep.it\/es\/#organization","name":"AEP Transducers","url":"https:\/\/www.aep.it\/es\/","logo":{"@type":"ImageObject","inLanguage":"es","@id":"https:\/\/www.aep.it\/es\/#\/schema\/logo\/image\/","url":"https:\/\/www.aep.it\/wp-content\/uploads\/2020\/03\/logo-vettoriale-def.png","contentUrl":"https:\/\/www.aep.it\/wp-content\/uploads\/2020\/03\/logo-vettoriale-def.png","width":2000,"height":284,"caption":"AEP Transducers"},"image":{"@id":"https:\/\/www.aep.it\/es\/#\/schema\/logo\/image\/"},"sameAs":["https:\/\/www.facebook.com\/AEP-transducers-212611005540305"]}]}},"_links":{"self":[{"href":"https:\/\/www.aep.it\/es\/wp-json\/wp\/v2\/product\/8003","targetHints":{"allow":["GET"]}}],"collection":[{"href":"https:\/\/www.aep.it\/es\/wp-json\/wp\/v2\/product"}],"about":[{"href":"https:\/\/www.aep.it\/es\/wp-json\/wp\/v2\/types\/product"}],"wp:featuredmedia":[{"embeddable":true,"href":"https:\/\/www.aep.it\/es\/wp-json\/wp\/v2\/media\/8006"}],"wp:attachment":[{"href":"https:\/\/www.aep.it\/es\/wp-json\/wp\/v2\/media?parent=8003"}],"wp:term":[{"taxonomy":"product_brand","embeddable":true,"href":"https:\/\/www.aep.it\/es\/wp-json\/wp\/v2\/product_brand?post=8003"},{"taxonomy":"product_cat","embeddable":true,"href":"https:\/\/www.aep.it\/es\/wp-json\/wp\/v2\/product_cat?post=8003"},{"taxonomy":"product_tag","embeddable":true,"href":"https:\/\/www.aep.it\/es\/wp-json\/wp\/v2\/product_tag?post=8003"}],"curies":[{"name":"wp","href":"https:\/\/api.w.org\/{rel}","templated":true}]}}