{"id":9069,"date":"2021-01-02T10:50:47","date_gmt":"2021-01-02T09:50:47","guid":{"rendered":"https:\/\/www.aep.it\/?post_type=product&#038;p=9069"},"modified":"2021-01-02T11:52:23","modified_gmt":"2021-01-02T10:52:23","slug":"mp0plus","status":"publish","type":"product","link":"https:\/\/www.aep.it\/es\/producto\/instrumentacion-electronica\/mp0plus\/","title":{"rendered":"MP0PLUS"},"content":{"rendered":"<p>[vc_row][vc_column][vc_column_text]<\/p>\n<p>Caja DIN 43750<br \/>2 PUNTOS DE AJUSTE: con salida de rel\u00e9, umbral de activaci\u00f3n y desactivaci\u00f3n programable (hist\u00e9resis).<br \/>FILTRO DIGITAL: permite atenuar las oscilaciones de medici\u00f3n en aplicaciones din\u00e1micas.<br \/>RESOLUCI\u00d3N: permite aumentar la medida en pasos fijos de 1, 2, 5, &#8230; divisiones.<br \/>PICO: programable, permite detectar picos de medici\u00f3n en rango positivo o negativo.<br \/>BLOQUEO DE TECLA CERO: permite bloquear la funci\u00f3n de la llave cero con una contrase\u00f1a.<br \/>ENTRADA REMOTABLE DIGITAL: programable desde el men\u00fa para ejecutar una funci\u00f3n a elegir entre Pico, Cero y Mantener.<\/p>\n<p><strong>Alimentaci\u00f3n\u00a0 24 Volt<\/strong><\/p>\n<p>En <strong>OPCI\u00d3N<\/strong> es posible equipar el instrumento con una SALIDA ANAL\u00d3GICA en voltaje o corriente programable desde el men\u00fa.<\/p>\n<p>[\/vc_column_text][vc_separator][vc_column_text]<\/p>\n<p><strong>ACCESORIOS<\/strong><\/p>\n<p>[\/vc_column_text][vc_row_inner content_placement=&#8221;middle&#8221;][vc_column_inner][vc_column_text]ning\u00fan accesorio disponible[\/vc_column_text][\/vc_column_inner][\/vc_row_inner][vc_row_inner][vc_column_inner width=&#8221;1\/2&#8243;][vc_single_image image=&#8221;7689&#8243; img_size=&#8221;full&#8221; onclick=&#8221;link_image&#8221;][\/vc_column_inner][vc_column_inner width=&#8221;1\/2&#8243;][vc_column_text]<\/p>\n<p>MP0PLUS con prensa y prensa transductores<\/p>\n<p>[\/vc_column_text][\/vc_column_inner][\/vc_row_inner][vc_row_inner][vc_column_inner width=&#8221;1\/2&#8243;][vc_single_image image=&#8221;7692&#8243; img_size=&#8221;full&#8221; onclick=&#8221;link_image&#8221;][\/vc_column_inner][vc_column_inner width=&#8221;1\/2&#8243;][vc_column_text]<\/p>\n<p>MP0PLUS con prensa de c\u00e9lulas de carga y transductores de desplazamiento<\/p>\n<p>[\/vc_column_text][\/vc_column_inner][\/vc_row_inner][vc_row_inner][vc_column_inner width=&#8221;1\/2&#8243;][vc_single_image image=&#8221;7695&#8243; img_size=&#8221;full&#8221; onclick=&#8221;link_image&#8221;][\/vc_column_inner][vc_column_inner width=&#8221;1\/2&#8243;][vc_column_text]<\/p>\n<p>MP0PLUS con tanque<\/p>\n<p>[\/vc_column_text][\/vc_column_inner][\/vc_row_inner][vc_row_inner][vc_column_inner width=&#8221;1\/2&#8243;][vc_single_image image=&#8221;7698&#8243; img_size=&#8221;full&#8221; onclick=&#8221;link_image&#8221;][\/vc_column_inner][vc_column_inner width=&#8221;1\/2&#8243;][vc_column_text]MP0PLUS coppia[\/vc_column_text][\/vc_column_inner][\/vc_row_inner][\/vc_column][\/vc_row]<\/p>\n","protected":false},"excerpt":{"rendered":"<p><img decoding=\"async\" class=\"alignnone size-medium wp-image-8140\" src=\"https:\/\/www.aep.it\/wp-content\/uploads\/2020\/03\/new-03-300x72.png\" alt=\"\" width=\"300\" height=\"72\" srcset=\"https:\/\/www.aep.it\/wp-content\/uploads\/2020\/03\/new-03-300x72.png 300w, https:\/\/www.aep.it\/wp-content\/uploads\/2020\/03\/new-03.png 500w\" sizes=\"(max-width: 300px) 100vw, 300px\" \/><br \/>Este indicador digital de panel, proyectado para ser utilizado en modernos sistemas de medida est\u00e1tica y din\u00e1mica en ambientes industriales, puede transmitir la se\u00f1al hasta una frequencia de 1200Hz.<br \/>Preparado para el tratamiento de se\u00f1ales anal\u00f3gicas procedente de c\u00e9lulas de carga extens\u00f3metras y de transmisores de presi\u00f3n con salida amplificada, permite efectuar medidas con una exactitud estable en el tiempo de 0.02% de fondo escalera y una resoluci\u00f3n de \u00b120.000 divisiones a 2mV\/V.<\/p>\n<p>Adecuado para medir la FUERZA, PESO, PRESI\u00d3N, DEPRESI\u00d3N (vac\u00edo), TORQUE y EXTENSI\u00d3N.<\/p>\n<p><strong>VERSI\u00d3N ECON\u00d3MICA<br \/><img decoding=\"async\" class=\"alignnone size-medium wp-image-9079\" src=\"https:\/\/www.aep.it\/wp-content\/uploads\/2021\/01\/LOW-COST-300x100.jpg\" alt=\"\" width=\"300\" height=\"100\" srcset=\"https:\/\/www.aep.it\/wp-content\/uploads\/2021\/01\/LOW-COST-300x100.jpg 300w, https:\/\/www.aep.it\/wp-content\/uploads\/2021\/01\/LOW-COST.jpg 354w\" sizes=\"(max-width: 300px) 100vw, 300px\" \/><br \/><\/strong><\/p>\n<p>&nbsp;<\/p>\n","protected":false},"featured_media":9078,"template":"","meta":[],"product_brand":[],"product_cat":[90],"product_tag":[],"class_list":{"0":"post-9069","1":"product","2":"type-product","3":"status-publish","4":"has-post-thumbnail","6":"product_cat-instrumentacion-electronica","8":"first","9":"instock","10":"shipping-taxable","11":"product-type-simple","12":"berocket_lgv_grid","13":"berocket_lgv_list_grid"},"yoast_head":"<!-- This site is optimized with the Yoast SEO plugin v27.2 - https:\/\/yoast.com\/product\/yoast-seo-wordpress\/ -->\n<title>MP0PLUS | AEP transducers<\/title>\n<meta name=\"robots\" content=\"index, follow, max-snippet:-1, max-image-preview:large, max-video-preview:-1\" \/>\n<link rel=\"canonical\" href=\"https:\/\/www.aep.it\/es\/producto\/instrumentacion-electronica\/mp0plus\/\" \/>\n<meta property=\"og:locale\" content=\"es_ES\" \/>\n<meta property=\"og:type\" content=\"article\" \/>\n<meta property=\"og:title\" content=\"MP0PLUS | AEP transducers\" \/>\n<meta property=\"og:description\" content=\"Este indicador digital de panel, proyectado para ser utilizado en modernos sistemas de medida est\u00e1tica y din\u00e1mica en ambientes industriales, puede transmitir la se\u00f1al hasta una frequencia de 1200Hz.Preparado para el tratamiento de se\u00f1ales anal\u00f3gicas procedente de c\u00e9lulas de carga extens\u00f3metras y de transmisores de presi\u00f3n con salida amplificada, permite efectuar medidas con una exactitud estable en el tiempo de 0.02% de fondo escalera y una resoluci\u00f3n de \u00b120.000 divisiones a 2mV\/V. Adecuado para medir la FUERZA, PESO, PRESI\u00d3N, DEPRESI\u00d3N (vac\u00edo), TORQUE y EXTENSI\u00d3N. VERSI\u00d3N ECON\u00d3MICA &nbsp;\" \/>\n<meta property=\"og:url\" content=\"https:\/\/www.aep.it\/es\/producto\/instrumentacion-electronica\/mp0plus\/\" \/>\n<meta property=\"og:site_name\" content=\"AEP transducers\" \/>\n<meta property=\"article:publisher\" content=\"https:\/\/www.facebook.com\/AEP-transducers-212611005540305\" \/>\n<meta property=\"article:modified_time\" content=\"2021-01-02T10:52:23+00:00\" \/>\n<meta property=\"og:image\" content=\"https:\/\/www.aep.it\/wp-content\/uploads\/2021\/01\/MP0plus-600x600-1.jpg\" \/>\n\t<meta property=\"og:image:width\" content=\"1000\" \/>\n\t<meta property=\"og:image:height\" content=\"1000\" \/>\n\t<meta property=\"og:image:type\" content=\"image\/jpeg\" \/>\n<meta name=\"twitter:card\" content=\"summary_large_image\" \/>\n<meta name=\"twitter:label1\" content=\"Tiempo de lectura\" \/>\n\t<meta name=\"twitter:data1\" content=\"2 minutos\" \/>\n<script type=\"application\/ld+json\" class=\"yoast-schema-graph\">{\"@context\":\"https:\/\/schema.org\",\"@graph\":[{\"@type\":\"WebPage\",\"@id\":\"https:\/\/www.aep.it\/es\/producto\/instrumentacion-electronica\/mp0plus\/\",\"url\":\"https:\/\/www.aep.it\/es\/producto\/instrumentacion-electronica\/mp0plus\/\",\"name\":\"MP0PLUS | AEP transducers\",\"isPartOf\":{\"@id\":\"https:\/\/www.aep.it\/es\/#website\"},\"primaryImageOfPage\":{\"@id\":\"https:\/\/www.aep.it\/es\/producto\/instrumentacion-electronica\/mp0plus\/#primaryimage\"},\"image\":{\"@id\":\"https:\/\/www.aep.it\/es\/producto\/instrumentacion-electronica\/mp0plus\/#primaryimage\"},\"thumbnailUrl\":\"https:\/\/www.aep.it\/wp-content\/uploads\/2021\/01\/MP0plus-600x600-1.jpg\",\"datePublished\":\"2021-01-02T09:50:47+00:00\",\"dateModified\":\"2021-01-02T10:52:23+00:00\",\"breadcrumb\":{\"@id\":\"https:\/\/www.aep.it\/es\/producto\/instrumentacion-electronica\/mp0plus\/#breadcrumb\"},\"inLanguage\":\"es\",\"potentialAction\":[{\"@type\":\"ReadAction\",\"target\":[\"https:\/\/www.aep.it\/es\/producto\/instrumentacion-electronica\/mp0plus\/\"]}]},{\"@type\":\"ImageObject\",\"inLanguage\":\"es\",\"@id\":\"https:\/\/www.aep.it\/es\/producto\/instrumentacion-electronica\/mp0plus\/#primaryimage\",\"url\":\"https:\/\/www.aep.it\/wp-content\/uploads\/2021\/01\/MP0plus-600x600-1.jpg\",\"contentUrl\":\"https:\/\/www.aep.it\/wp-content\/uploads\/2021\/01\/MP0plus-600x600-1.jpg\",\"width\":1000,\"height\":1000},{\"@type\":\"BreadcrumbList\",\"@id\":\"https:\/\/www.aep.it\/es\/producto\/instrumentacion-electronica\/mp0plus\/#breadcrumb\",\"itemListElement\":[{\"@type\":\"ListItem\",\"position\":1,\"name\":\"Home\",\"item\":\"https:\/\/www.aep.it\/es\/\"},{\"@type\":\"ListItem\",\"position\":2,\"name\":\"Productos\",\"item\":\"https:\/\/www.aep.it\/es\/shop\/\"},{\"@type\":\"ListItem\",\"position\":3,\"name\":\"MP0PLUS\"}]},{\"@type\":\"WebSite\",\"@id\":\"https:\/\/www.aep.it\/es\/#website\",\"url\":\"https:\/\/www.aep.it\/es\/\",\"name\":\"AEP transducers\",\"description\":\"\",\"publisher\":{\"@id\":\"https:\/\/www.aep.it\/es\/#organization\"},\"potentialAction\":[{\"@type\":\"SearchAction\",\"target\":{\"@type\":\"EntryPoint\",\"urlTemplate\":\"https:\/\/www.aep.it\/es\/?s={search_term_string}\"},\"query-input\":{\"@type\":\"PropertyValueSpecification\",\"valueRequired\":true,\"valueName\":\"search_term_string\"}}],\"inLanguage\":\"es\"},{\"@type\":\"Organization\",\"@id\":\"https:\/\/www.aep.it\/es\/#organization\",\"name\":\"AEP Transducers\",\"url\":\"https:\/\/www.aep.it\/es\/\",\"logo\":{\"@type\":\"ImageObject\",\"inLanguage\":\"es\",\"@id\":\"https:\/\/www.aep.it\/es\/#\/schema\/logo\/image\/\",\"url\":\"https:\/\/www.aep.it\/wp-content\/uploads\/2020\/03\/logo-vettoriale-def.png\",\"contentUrl\":\"https:\/\/www.aep.it\/wp-content\/uploads\/2020\/03\/logo-vettoriale-def.png\",\"width\":2000,\"height\":284,\"caption\":\"AEP Transducers\"},\"image\":{\"@id\":\"https:\/\/www.aep.it\/es\/#\/schema\/logo\/image\/\"},\"sameAs\":[\"https:\/\/www.facebook.com\/AEP-transducers-212611005540305\"]}]}<\/script>\n<!-- \/ Yoast SEO plugin. -->","yoast_head_json":{"title":"MP0PLUS | AEP transducers","robots":{"index":"index","follow":"follow","max-snippet":"max-snippet:-1","max-image-preview":"max-image-preview:large","max-video-preview":"max-video-preview:-1"},"canonical":"https:\/\/www.aep.it\/es\/producto\/instrumentacion-electronica\/mp0plus\/","og_locale":"es_ES","og_type":"article","og_title":"MP0PLUS | AEP transducers","og_description":"Este indicador digital de panel, proyectado para ser utilizado en modernos sistemas de medida est\u00e1tica y din\u00e1mica en ambientes industriales, puede transmitir la se\u00f1al hasta una frequencia de 1200Hz.Preparado para el tratamiento de se\u00f1ales anal\u00f3gicas procedente de c\u00e9lulas de carga extens\u00f3metras y de transmisores de presi\u00f3n con salida amplificada, permite efectuar medidas con una exactitud estable en el tiempo de 0.02% de fondo escalera y una resoluci\u00f3n de \u00b120.000 divisiones a 2mV\/V. Adecuado para medir la FUERZA, PESO, PRESI\u00d3N, DEPRESI\u00d3N (vac\u00edo), TORQUE y EXTENSI\u00d3N. VERSI\u00d3N ECON\u00d3MICA &nbsp;","og_url":"https:\/\/www.aep.it\/es\/producto\/instrumentacion-electronica\/mp0plus\/","og_site_name":"AEP transducers","article_publisher":"https:\/\/www.facebook.com\/AEP-transducers-212611005540305","article_modified_time":"2021-01-02T10:52:23+00:00","og_image":[{"width":1000,"height":1000,"url":"https:\/\/www.aep.it\/wp-content\/uploads\/2021\/01\/MP0plus-600x600-1.jpg","type":"image\/jpeg"}],"twitter_card":"summary_large_image","twitter_misc":{"Tiempo de lectura":"2 minutos"},"schema":{"@context":"https:\/\/schema.org","@graph":[{"@type":"WebPage","@id":"https:\/\/www.aep.it\/es\/producto\/instrumentacion-electronica\/mp0plus\/","url":"https:\/\/www.aep.it\/es\/producto\/instrumentacion-electronica\/mp0plus\/","name":"MP0PLUS | AEP transducers","isPartOf":{"@id":"https:\/\/www.aep.it\/es\/#website"},"primaryImageOfPage":{"@id":"https:\/\/www.aep.it\/es\/producto\/instrumentacion-electronica\/mp0plus\/#primaryimage"},"image":{"@id":"https:\/\/www.aep.it\/es\/producto\/instrumentacion-electronica\/mp0plus\/#primaryimage"},"thumbnailUrl":"https:\/\/www.aep.it\/wp-content\/uploads\/2021\/01\/MP0plus-600x600-1.jpg","datePublished":"2021-01-02T09:50:47+00:00","dateModified":"2021-01-02T10:52:23+00:00","breadcrumb":{"@id":"https:\/\/www.aep.it\/es\/producto\/instrumentacion-electronica\/mp0plus\/#breadcrumb"},"inLanguage":"es","potentialAction":[{"@type":"ReadAction","target":["https:\/\/www.aep.it\/es\/producto\/instrumentacion-electronica\/mp0plus\/"]}]},{"@type":"ImageObject","inLanguage":"es","@id":"https:\/\/www.aep.it\/es\/producto\/instrumentacion-electronica\/mp0plus\/#primaryimage","url":"https:\/\/www.aep.it\/wp-content\/uploads\/2021\/01\/MP0plus-600x600-1.jpg","contentUrl":"https:\/\/www.aep.it\/wp-content\/uploads\/2021\/01\/MP0plus-600x600-1.jpg","width":1000,"height":1000},{"@type":"BreadcrumbList","@id":"https:\/\/www.aep.it\/es\/producto\/instrumentacion-electronica\/mp0plus\/#breadcrumb","itemListElement":[{"@type":"ListItem","position":1,"name":"Home","item":"https:\/\/www.aep.it\/es\/"},{"@type":"ListItem","position":2,"name":"Productos","item":"https:\/\/www.aep.it\/es\/shop\/"},{"@type":"ListItem","position":3,"name":"MP0PLUS"}]},{"@type":"WebSite","@id":"https:\/\/www.aep.it\/es\/#website","url":"https:\/\/www.aep.it\/es\/","name":"AEP transducers","description":"","publisher":{"@id":"https:\/\/www.aep.it\/es\/#organization"},"potentialAction":[{"@type":"SearchAction","target":{"@type":"EntryPoint","urlTemplate":"https:\/\/www.aep.it\/es\/?s={search_term_string}"},"query-input":{"@type":"PropertyValueSpecification","valueRequired":true,"valueName":"search_term_string"}}],"inLanguage":"es"},{"@type":"Organization","@id":"https:\/\/www.aep.it\/es\/#organization","name":"AEP Transducers","url":"https:\/\/www.aep.it\/es\/","logo":{"@type":"ImageObject","inLanguage":"es","@id":"https:\/\/www.aep.it\/es\/#\/schema\/logo\/image\/","url":"https:\/\/www.aep.it\/wp-content\/uploads\/2020\/03\/logo-vettoriale-def.png","contentUrl":"https:\/\/www.aep.it\/wp-content\/uploads\/2020\/03\/logo-vettoriale-def.png","width":2000,"height":284,"caption":"AEP Transducers"},"image":{"@id":"https:\/\/www.aep.it\/es\/#\/schema\/logo\/image\/"},"sameAs":["https:\/\/www.facebook.com\/AEP-transducers-212611005540305"]}]}},"_links":{"self":[{"href":"https:\/\/www.aep.it\/es\/wp-json\/wp\/v2\/product\/9069","targetHints":{"allow":["GET"]}}],"collection":[{"href":"https:\/\/www.aep.it\/es\/wp-json\/wp\/v2\/product"}],"about":[{"href":"https:\/\/www.aep.it\/es\/wp-json\/wp\/v2\/types\/product"}],"wp:featuredmedia":[{"embeddable":true,"href":"https:\/\/www.aep.it\/es\/wp-json\/wp\/v2\/media\/9078"}],"wp:attachment":[{"href":"https:\/\/www.aep.it\/es\/wp-json\/wp\/v2\/media?parent=9069"}],"wp:term":[{"taxonomy":"product_brand","embeddable":true,"href":"https:\/\/www.aep.it\/es\/wp-json\/wp\/v2\/product_brand?post=9069"},{"taxonomy":"product_cat","embeddable":true,"href":"https:\/\/www.aep.it\/es\/wp-json\/wp\/v2\/product_cat?post=9069"},{"taxonomy":"product_tag","embeddable":true,"href":"https:\/\/www.aep.it\/es\/wp-json\/wp\/v2\/product_tag?post=9069"}],"curies":[{"name":"wp","href":"https:\/\/api.w.org\/{rel}","templated":true}]}}