{"id":9433,"date":"2022-01-13T11:06:57","date_gmt":"2022-01-13T10:06:58","guid":{"rendered":"https:\/\/www.aep.it\/?post_type=product&#038;p=9433"},"modified":"2022-01-13T11:15:47","modified_gmt":"2022-01-13T10:15:47","slug":"ldt-amp","status":"publish","type":"product","link":"https:\/\/www.aep.it\/es\/producto\/transductores-de-desplazamiento\/ldt-amp\/","title":{"rendered":"LDT-AMP"},"content":{"rendered":"<p>[vc_row][vc_column][vc_column_text]<\/p>\n<p>Utilizados en campo industrial,en Laboratorio,en campo geot\u00e9cnico para la medida del desplazamiento\u00a0y de la longitud de los componentes mec\u00e1nicos Elevada resistencia mec\u00e1nica Alta resoluci\u00f3n de medida Realizada por entero en acero inoxidable Protecci\u00f3n IP40 Salida conector M12 Estabilidad a largo plazo<\/p>\n<p>[\/vc_column_text][vc_separator][vc_column_text]<\/p>\n<p><strong>ACCESSORIOS<\/strong><\/p>\n<p>[\/vc_column_text][vc_row_inner content_placement=&#8221;middle&#8221;][vc_column_inner width=&#8221;1\/2&#8243;][vc_single_image image=&#8221;2999&#8243; img_size=&#8221;full&#8221; onclick=&#8221;link_image&#8221;][\/vc_column_inner][vc_column_inner width=&#8221;1\/2&#8243;][vc_column_text]<\/p>\n<p>Cable apantallado en PVC3m caracterizado por el conector M12 4polos<\/p>\n<p>[\/vc_column_text][\/vc_column_inner][\/vc_row_inner][vc_row_inner content_placement=&#8221;middle&#8221;][vc_column_inner width=&#8221;1\/2&#8243;][vc_single_image image=&#8221;1997&#8243; img_size=&#8221;full&#8221; onclick=&#8221;link_image&#8221;][\/vc_column_inner][vc_column_inner width=&#8221;1\/2&#8243;][vc_column_text]<\/p>\n<p><span lang=\"ES\">Informe de Calibraci\u00f3n<\/span><\/p>\n<p>[\/vc_column_text][\/vc_column_inner][\/vc_row_inner][vc_row_inner content_placement=&#8221;middle&#8221;][vc_column_inner width=&#8221;1\/2&#8243;][vc_single_image image=&#8221;7988&#8243; img_size=&#8221;full&#8221; onclick=&#8221;link_image&#8221;][\/vc_column_inner][vc_column_inner width=&#8221;1\/2&#8243;][vc_column_text]LDT + STATAORE[\/vc_column_text][\/vc_column_inner][\/vc_row_inner][vc_row_inner content_placement=&#8221;middle&#8221;][vc_column_inner width=&#8221;1\/2&#8243;][vc_single_image image=&#8221;7991&#8243; img_size=&#8221;full&#8221; onclick=&#8221;link_image&#8221;][\/vc_column_inner][vc_column_inner width=&#8221;1\/2&#8243;][vc_column_text]LDTUSB +PC[\/vc_column_text][\/vc_column_inner][\/vc_row_inner][\/vc_column][\/vc_row]<\/p>\n","protected":false},"excerpt":{"rendered":"<p>Transductor de desplazamiento extensom\u00e9trico Longitudes nominales de 5mm a\u00a0<strong>200mm<\/strong> Linealidad e histeresis 0.10% Sensibilidad nominal 0.5-5.5Volt <strong>ECON\u00d3MICO y F\u00c1CIL QUE UTILIZAR<\/strong><\/p>\n<p><img decoding=\"async\" class=\"alignnone size-full wp-image-8975\" src=\"https:\/\/www.aep.it\/wp-content\/uploads\/2019\/12\/label-eac-2.jpg\" alt=\"\" width=\"150\" height=\"70\" \/><\/p>\n","protected":false},"featured_media":2996,"template":"","meta":[],"product_brand":[],"product_cat":[98],"product_tag":[],"class_list":{"0":"post-9433","1":"product","2":"type-product","3":"status-publish","4":"has-post-thumbnail","6":"product_cat-transductores-de-desplazamiento","8":"first","9":"instock","10":"shipping-taxable","11":"product-type-simple","12":"berocket_lgv_grid","13":"berocket_lgv_list_grid"},"yoast_head":"<!-- This site is optimized with the Yoast SEO plugin v27.2 - https:\/\/yoast.com\/product\/yoast-seo-wordpress\/ -->\n<title>LDT-AMP | AEP transducers<\/title>\n<meta name=\"robots\" content=\"index, follow, max-snippet:-1, max-image-preview:large, max-video-preview:-1\" \/>\n<link rel=\"canonical\" href=\"https:\/\/www.aep.it\/es\/producto\/transductores-de-desplazamiento\/ldt-amp\/\" \/>\n<meta property=\"og:locale\" content=\"es_ES\" \/>\n<meta property=\"og:type\" content=\"article\" \/>\n<meta property=\"og:title\" content=\"LDT-AMP | AEP transducers\" \/>\n<meta property=\"og:description\" content=\"Transductor de desplazamiento extensom\u00e9trico Longitudes nominales de 5mm a\u00a0200mm Linealidad e histeresis 0.10% Sensibilidad nominal 0.5-5.5Volt ECON\u00d3MICO y F\u00c1CIL QUE UTILIZAR\" \/>\n<meta property=\"og:url\" content=\"https:\/\/www.aep.it\/es\/producto\/transductores-de-desplazamiento\/ldt-amp\/\" \/>\n<meta property=\"og:site_name\" content=\"AEP transducers\" \/>\n<meta property=\"article:publisher\" content=\"https:\/\/www.facebook.com\/AEP-transducers-212611005540305\" \/>\n<meta property=\"article:modified_time\" content=\"2022-01-13T10:15:47+00:00\" \/>\n<meta property=\"og:image\" content=\"https:\/\/www.aep.it\/wp-content\/uploads\/2019\/12\/aep-transducers-ldt.jpg\" \/>\n\t<meta property=\"og:image:width\" content=\"600\" \/>\n\t<meta property=\"og:image:height\" content=\"600\" \/>\n\t<meta property=\"og:image:type\" content=\"image\/jpeg\" \/>\n<meta name=\"twitter:card\" content=\"summary_large_image\" \/>\n<meta name=\"twitter:label1\" content=\"Tiempo de lectura\" \/>\n\t<meta name=\"twitter:data1\" content=\"1 minuto\" \/>\n<script type=\"application\/ld+json\" class=\"yoast-schema-graph\">{\"@context\":\"https:\/\/schema.org\",\"@graph\":[{\"@type\":\"WebPage\",\"@id\":\"https:\/\/www.aep.it\/es\/producto\/transductores-de-desplazamiento\/ldt-amp\/\",\"url\":\"https:\/\/www.aep.it\/es\/producto\/transductores-de-desplazamiento\/ldt-amp\/\",\"name\":\"LDT-AMP | AEP transducers\",\"isPartOf\":{\"@id\":\"https:\/\/www.aep.it\/es\/#website\"},\"primaryImageOfPage\":{\"@id\":\"https:\/\/www.aep.it\/es\/producto\/transductores-de-desplazamiento\/ldt-amp\/#primaryimage\"},\"image\":{\"@id\":\"https:\/\/www.aep.it\/es\/producto\/transductores-de-desplazamiento\/ldt-amp\/#primaryimage\"},\"thumbnailUrl\":\"https:\/\/www.aep.it\/wp-content\/uploads\/2019\/12\/aep-transducers-ldt.jpg\",\"datePublished\":\"2022-01-13T10:06:58+00:00\",\"dateModified\":\"2022-01-13T10:15:47+00:00\",\"breadcrumb\":{\"@id\":\"https:\/\/www.aep.it\/es\/producto\/transductores-de-desplazamiento\/ldt-amp\/#breadcrumb\"},\"inLanguage\":\"es\",\"potentialAction\":[{\"@type\":\"ReadAction\",\"target\":[\"https:\/\/www.aep.it\/es\/producto\/transductores-de-desplazamiento\/ldt-amp\/\"]}]},{\"@type\":\"ImageObject\",\"inLanguage\":\"es\",\"@id\":\"https:\/\/www.aep.it\/es\/producto\/transductores-de-desplazamiento\/ldt-amp\/#primaryimage\",\"url\":\"https:\/\/www.aep.it\/wp-content\/uploads\/2019\/12\/aep-transducers-ldt.jpg\",\"contentUrl\":\"https:\/\/www.aep.it\/wp-content\/uploads\/2019\/12\/aep-transducers-ldt.jpg\",\"width\":600,\"height\":600},{\"@type\":\"BreadcrumbList\",\"@id\":\"https:\/\/www.aep.it\/es\/producto\/transductores-de-desplazamiento\/ldt-amp\/#breadcrumb\",\"itemListElement\":[{\"@type\":\"ListItem\",\"position\":1,\"name\":\"Home\",\"item\":\"https:\/\/www.aep.it\/es\/\"},{\"@type\":\"ListItem\",\"position\":2,\"name\":\"Productos\",\"item\":\"https:\/\/www.aep.it\/es\/shop\/\"},{\"@type\":\"ListItem\",\"position\":3,\"name\":\"LDT-AMP\"}]},{\"@type\":\"WebSite\",\"@id\":\"https:\/\/www.aep.it\/es\/#website\",\"url\":\"https:\/\/www.aep.it\/es\/\",\"name\":\"AEP transducers\",\"description\":\"\",\"publisher\":{\"@id\":\"https:\/\/www.aep.it\/es\/#organization\"},\"potentialAction\":[{\"@type\":\"SearchAction\",\"target\":{\"@type\":\"EntryPoint\",\"urlTemplate\":\"https:\/\/www.aep.it\/es\/?s={search_term_string}\"},\"query-input\":{\"@type\":\"PropertyValueSpecification\",\"valueRequired\":true,\"valueName\":\"search_term_string\"}}],\"inLanguage\":\"es\"},{\"@type\":\"Organization\",\"@id\":\"https:\/\/www.aep.it\/es\/#organization\",\"name\":\"AEP Transducers\",\"url\":\"https:\/\/www.aep.it\/es\/\",\"logo\":{\"@type\":\"ImageObject\",\"inLanguage\":\"es\",\"@id\":\"https:\/\/www.aep.it\/es\/#\/schema\/logo\/image\/\",\"url\":\"https:\/\/www.aep.it\/wp-content\/uploads\/2020\/03\/logo-vettoriale-def.png\",\"contentUrl\":\"https:\/\/www.aep.it\/wp-content\/uploads\/2020\/03\/logo-vettoriale-def.png\",\"width\":2000,\"height\":284,\"caption\":\"AEP Transducers\"},\"image\":{\"@id\":\"https:\/\/www.aep.it\/es\/#\/schema\/logo\/image\/\"},\"sameAs\":[\"https:\/\/www.facebook.com\/AEP-transducers-212611005540305\"]}]}<\/script>\n<!-- \/ Yoast SEO plugin. -->","yoast_head_json":{"title":"LDT-AMP | AEP transducers","robots":{"index":"index","follow":"follow","max-snippet":"max-snippet:-1","max-image-preview":"max-image-preview:large","max-video-preview":"max-video-preview:-1"},"canonical":"https:\/\/www.aep.it\/es\/producto\/transductores-de-desplazamiento\/ldt-amp\/","og_locale":"es_ES","og_type":"article","og_title":"LDT-AMP | AEP transducers","og_description":"Transductor de desplazamiento extensom\u00e9trico Longitudes nominales de 5mm a\u00a0200mm Linealidad e histeresis 0.10% Sensibilidad nominal 0.5-5.5Volt ECON\u00d3MICO y F\u00c1CIL QUE UTILIZAR","og_url":"https:\/\/www.aep.it\/es\/producto\/transductores-de-desplazamiento\/ldt-amp\/","og_site_name":"AEP transducers","article_publisher":"https:\/\/www.facebook.com\/AEP-transducers-212611005540305","article_modified_time":"2022-01-13T10:15:47+00:00","og_image":[{"width":600,"height":600,"url":"https:\/\/www.aep.it\/wp-content\/uploads\/2019\/12\/aep-transducers-ldt.jpg","type":"image\/jpeg"}],"twitter_card":"summary_large_image","twitter_misc":{"Tiempo de lectura":"1 minuto"},"schema":{"@context":"https:\/\/schema.org","@graph":[{"@type":"WebPage","@id":"https:\/\/www.aep.it\/es\/producto\/transductores-de-desplazamiento\/ldt-amp\/","url":"https:\/\/www.aep.it\/es\/producto\/transductores-de-desplazamiento\/ldt-amp\/","name":"LDT-AMP | AEP transducers","isPartOf":{"@id":"https:\/\/www.aep.it\/es\/#website"},"primaryImageOfPage":{"@id":"https:\/\/www.aep.it\/es\/producto\/transductores-de-desplazamiento\/ldt-amp\/#primaryimage"},"image":{"@id":"https:\/\/www.aep.it\/es\/producto\/transductores-de-desplazamiento\/ldt-amp\/#primaryimage"},"thumbnailUrl":"https:\/\/www.aep.it\/wp-content\/uploads\/2019\/12\/aep-transducers-ldt.jpg","datePublished":"2022-01-13T10:06:58+00:00","dateModified":"2022-01-13T10:15:47+00:00","breadcrumb":{"@id":"https:\/\/www.aep.it\/es\/producto\/transductores-de-desplazamiento\/ldt-amp\/#breadcrumb"},"inLanguage":"es","potentialAction":[{"@type":"ReadAction","target":["https:\/\/www.aep.it\/es\/producto\/transductores-de-desplazamiento\/ldt-amp\/"]}]},{"@type":"ImageObject","inLanguage":"es","@id":"https:\/\/www.aep.it\/es\/producto\/transductores-de-desplazamiento\/ldt-amp\/#primaryimage","url":"https:\/\/www.aep.it\/wp-content\/uploads\/2019\/12\/aep-transducers-ldt.jpg","contentUrl":"https:\/\/www.aep.it\/wp-content\/uploads\/2019\/12\/aep-transducers-ldt.jpg","width":600,"height":600},{"@type":"BreadcrumbList","@id":"https:\/\/www.aep.it\/es\/producto\/transductores-de-desplazamiento\/ldt-amp\/#breadcrumb","itemListElement":[{"@type":"ListItem","position":1,"name":"Home","item":"https:\/\/www.aep.it\/es\/"},{"@type":"ListItem","position":2,"name":"Productos","item":"https:\/\/www.aep.it\/es\/shop\/"},{"@type":"ListItem","position":3,"name":"LDT-AMP"}]},{"@type":"WebSite","@id":"https:\/\/www.aep.it\/es\/#website","url":"https:\/\/www.aep.it\/es\/","name":"AEP transducers","description":"","publisher":{"@id":"https:\/\/www.aep.it\/es\/#organization"},"potentialAction":[{"@type":"SearchAction","target":{"@type":"EntryPoint","urlTemplate":"https:\/\/www.aep.it\/es\/?s={search_term_string}"},"query-input":{"@type":"PropertyValueSpecification","valueRequired":true,"valueName":"search_term_string"}}],"inLanguage":"es"},{"@type":"Organization","@id":"https:\/\/www.aep.it\/es\/#organization","name":"AEP Transducers","url":"https:\/\/www.aep.it\/es\/","logo":{"@type":"ImageObject","inLanguage":"es","@id":"https:\/\/www.aep.it\/es\/#\/schema\/logo\/image\/","url":"https:\/\/www.aep.it\/wp-content\/uploads\/2020\/03\/logo-vettoriale-def.png","contentUrl":"https:\/\/www.aep.it\/wp-content\/uploads\/2020\/03\/logo-vettoriale-def.png","width":2000,"height":284,"caption":"AEP Transducers"},"image":{"@id":"https:\/\/www.aep.it\/es\/#\/schema\/logo\/image\/"},"sameAs":["https:\/\/www.facebook.com\/AEP-transducers-212611005540305"]}]}},"_links":{"self":[{"href":"https:\/\/www.aep.it\/es\/wp-json\/wp\/v2\/product\/9433","targetHints":{"allow":["GET"]}}],"collection":[{"href":"https:\/\/www.aep.it\/es\/wp-json\/wp\/v2\/product"}],"about":[{"href":"https:\/\/www.aep.it\/es\/wp-json\/wp\/v2\/types\/product"}],"wp:featuredmedia":[{"embeddable":true,"href":"https:\/\/www.aep.it\/es\/wp-json\/wp\/v2\/media\/2996"}],"wp:attachment":[{"href":"https:\/\/www.aep.it\/es\/wp-json\/wp\/v2\/media?parent=9433"}],"wp:term":[{"taxonomy":"product_brand","embeddable":true,"href":"https:\/\/www.aep.it\/es\/wp-json\/wp\/v2\/product_brand?post=9433"},{"taxonomy":"product_cat","embeddable":true,"href":"https:\/\/www.aep.it\/es\/wp-json\/wp\/v2\/product_cat?post=9433"},{"taxonomy":"product_tag","embeddable":true,"href":"https:\/\/www.aep.it\/es\/wp-json\/wp\/v2\/product_tag?post=9433"}],"curies":[{"name":"wp","href":"https:\/\/api.w.org\/{rel}","templated":true}]}}